{"id":8975,"date":"2023-02-23T10:47:29","date_gmt":"2023-02-23T09:47:29","guid":{"rendered":"https:\/\/agora.xtec.cat\/iestorreroja\/?page_id=8975"},"modified":"2024-04-15T10:29:12","modified_gmt":"2024-04-15T08:29:12","slug":"cfgs-administracio-de-sistemes-informatics-en-xarxa-ciberseguretat","status":"publish","type":"page","link":"https:\/\/agora.xtec.cat\/iestorreroja\/estudis\/fp\/cicles-formatius-de-grau-superior-cfgs\/cfgs-administracio-de-sistemes-informatics-en-xarxa-ciberseguretat\/","title":{"rendered":"CFGS Administraci\u00f3 de Sistemes Inform\u00e0tics en Xarxa &#8211; Ciberseguretat"},"content":{"rendered":"<p>La compet\u00e8ncia general d\u2019aquest t\u00edtol consisteix a configurar, administrar i mantenir sistemes inform\u00e0tics, garantint la funcionalitat, la integritat dels recursos i serveis del sistema, amb la qualitat exigida i complint la reglamentaci\u00f3 vigent.<\/p>\n<p>Aquesta compet\u00e8ncia es veu complementada amb formaci\u00f3 espec\u00edfica per analitzar la seguretat i proposar solucions a ciberatacs detectats reconeixent l&#8217;origen i motius de l&#8217;atac, definir i implementar un funcionament segur per dispositius m\u00f2bils i IoT i assegurar els serveis de xarxa per garantir el funcionament segur.<\/p>\n<p><strong><u>Informaci\u00f3 general:<\/u><\/strong><\/p>\n<ul class=\"A\">\n<li>Durada del Cicle Formatiu:. Dos cursos<\/li>\n<li>Formaci\u00f3 en Centres de Treball: 383 hores. (pr\u00e0ctiques en empreses que t&#8217;ajudaran\u00a0 a accedir al m\u00f3n laboral)<\/li>\n<li>Horari: tardes de 14:45 a 21:10h i divendres de 14:45 a 17:45h<\/li>\n<li><strong>Modalitat DUAL<\/strong><\/li>\n<\/ul>\n<p style=\"font-size: 125%;\"><strong><u>Compet\u00e8ncies professionals:<\/u><\/strong><\/p>\n<ul>\n<li>Administrar sistemes operatius de servidor, instal\u00b7lant i configurant el programari, en condicions de qualitat per assegurar el funcionament del sistema.<\/li>\n<li>Administrar serveis de xarxa (web, missatgeria electr\u00f2nica i transfer\u00e8ncia d\u2019arxius, entre d\u2019altres) instal\u00b7lant i configurant el programari, en condicions de qualitat.<\/li>\n<li>Administrar aplicacions instal\u00b7lant i configurant el programari, en condicions de qualitat per respondre les necessitats de l\u2019organitzaci\u00f3.<\/li>\n<li>Implantar i gestionar bases de dades instal\u00b7lant i administrant el programari de gesti\u00f3 en condicions de qualitat, segons les caracter\u00edstiques de l\u2019explotaci\u00f3.<\/li>\n<li>Optimitzar el rendiment del sistema configurant els dispositius maquinari d\u2019acord amb els requisits de funcionament.<\/li>\n<li>Avaluar el rendiment dels dispositius maquinari identificant-ne possibilitats de millora segons les necessitats de funcionament.<\/li>\n<li>Determinar la infraestructura de xarxes telem\u00e0tiques elaborant esquemes i seleccionant equips i elements.<\/li>\n<li>Integrar equips de comunicacions a infraestructures de xarxes telem\u00e0tiques, determinant-ne la configuraci\u00f3 per assegurar-ne la connectivitat.<\/li>\n<li>Implementar solucions d\u2019alta disponibilitat, analitzant les diferents opcions del mercat, per protegir i recuperar el sistema davant de situacions imprevistes.<\/li>\n<li>Supervisar la seguretat f\u00edsica segons especificacions del fabricant i el pla de seguretat per evitar interrupcions en la prestaci\u00f3 de serveis del sistema.<\/li>\n<li>Assegurar el sistema i les dades segons les necessitats d\u2019\u00fas i les condicions de seguretat establertes per prevenir errors i atacs externs.<\/li>\n<li>Administrar usuaris d\u2019acord amb les especificacions d\u2019explotaci\u00f3 per garantir els accessos i la disponibilitat dels recursos del sistema.<\/li>\n<li>Diagnosticar les disfuncions del sistema i adoptar les mesures correctives per restablir-ne la funcionalitat.<\/li>\n<li>Gestionar i\/o realitzar el manteniment dels recursos de l\u2019\u00e0rea (programant-ne i verificant-ne el compliment), en funci\u00f3 de les c\u00e0rregues de treball i el pla de manteniment.<\/li>\n<li>Efectuar consultes, dirigint-se a la persona adequada i saber respectar l\u2019autonomia dels subordinats, informant quan sigui convenient.<\/li>\n<li>Mantenir l\u2019esperit d\u2019innovaci\u00f3 i actualitzaci\u00f3 en l\u2019\u00e0mbit del treball per adaptar-se als canvis tecnol\u00f2gics i organitzatius de l\u2019entorn professional.<\/li>\n<li>Liderar situacions col\u00b7lectives que es puguin produir, intervenint en conflictes personals i laborals, contribuint a l\u2019establiment d\u2019un ambient de treball agradable i actuant sempre de forma sincera, respectuosa i tolerant.<\/li>\n<li>Resoldre problemes i prendre decisions individuals, seguint les normes i procediments establerts, definits dins de l\u2019\u00e0mbit de la seva compet\u00e8ncia.<\/li>\n<li>Gestionar la pr\u00f2pia carrera professional, analitzant les oportunitats d\u2019ocupaci\u00f3, d\u2019autoocupaci\u00f3 i d\u2019aprenentatge.<\/li>\n<li>Participar de forma activa en la vida econ\u00f2mica, social i cultural amb actitud cr\u00edtica i responsable.<\/li>\n<li>Crear i gestionar una petita empresa, realitzant un estudi de viabilitat de productes, de planificaci\u00f3 de la producci\u00f3 i de comercialitzaci\u00f3<\/li>\n<\/ul>\n<p style=\"font-size: 125%;\"><strong><u>De qu\u00e8 treballar\u00e0s?<\/u><\/strong><\/p>\n<ul>\n<li><span dir=\"ltr\" role=\"presentation\">Personal t\u00e8cnic en administraci\u00f3 de sistemes.<\/span><\/li>\n<li><span dir=\"ltr\" role=\"presentation\">Responsable d\u2019inform\u00e0tica.<\/span><\/li>\n<li><span dir=\"ltr\" role=\"presentation\">Personal t\u00e8cnic en serveis d\u2019Internet.<\/span><\/li>\n<li><span dir=\"ltr\" role=\"presentation\">Personal t\u00e8cnic en serveis de missatgeria electr\u00f2nica.<\/span><\/li>\n<li><span dir=\"ltr\" role=\"presentation\">Personal de recolzament i suport t\u00e8cnic.<\/span><\/li>\n<li><span dir=\"ltr\" role=\"presentation\">Personal t\u00e8cnic en teleassist\u00e8ncia.<\/span><\/li>\n<li><span dir=\"ltr\" role=\"presentation\">Personal t\u00e8cnic en administraci\u00f3 de base de dades.<\/span><\/li>\n<li><span dir=\"ltr\" role=\"presentation\">Personal t\u00e8cnic de xarxes.<\/span><\/li>\n<li><span dir=\"ltr\" role=\"presentation\">Personal supervisor de sistemes.<\/span><\/li>\n<li><span dir=\"ltr\" role=\"presentation\">Personal t\u00e8cnic en serveis de comunicacions.<\/span><\/li>\n<li><span dir=\"ltr\" role=\"presentation\">Personal t\u00e8cnic en entorns web.<\/span><\/li>\n<\/ul>\n<p style=\"font-size: 125%;\"><strong><u>O continuar amb la teva formaci\u00f3 a la universitat&#8230;<\/u><\/strong><\/p>\n<ul class=\"A\">\n<li>Permet accedir a qualsevol estudi universitari oficial de grau.<\/li>\n<li>Poden obtenir la convalidaci\u00f3 de cr\u00e8dits universitaris ECTS.<\/li>\n<\/ul>\n<p style=\"font-size: 125%;\"><strong><u>Relaci\u00f3 de m\u00f2duls profession<\/u><\/strong><strong><u>als:<\/u><\/strong><\/p>\n<ul>\n<li>Implantaci\u00f3 de sistemes operatius (154 hores)<\/li>\n<li><span dir=\"ltr\" role=\"presentation\">Gesti\u00f3 de bases de dades (121 hores)<\/span><\/li>\n<li><span dir=\"ltr\" role=\"presentation\">Programaci\u00f3 b\u00e0sica (121 hores)<\/span><\/li>\n<li><span dir=\"ltr\" role=\"presentation\">Llenguatges de marques i sistemes de gesti\u00f3 d&#8217;informaci\u00f3 (88 hores)<\/span><\/li>\n<li><span dir=\"ltr\" role=\"presentation\">Fonaments de maquinari (55 hores)<\/span><\/li>\n<li><span dir=\"ltr\" role=\"presentation\">Administraci\u00f3 de sistemes operatius (88 hores)<\/span><\/li>\n<li><span dir=\"ltr\" role=\"presentation\">Planificaci\u00f3 i administraci\u00f3 de xarxes (121 hores)<\/span><\/li>\n<li><span dir=\"ltr\" role=\"presentation\">Serveis de xarxa i internet (88 hores)<\/span><\/li>\n<li><span dir=\"ltr\" role=\"presentation\">Implantaci\u00f3 d&#8217;aplicacions web (55 hores)<\/span><\/li>\n<li><span dir=\"ltr\" role=\"presentation\">Administraci\u00f3 de sistemes gestors de bases de dades (33 hores)<\/span><\/li>\n<li>Seguretat i alta disponibilitat (55 hores)<\/li>\n<li><span dir=\"ltr\" role=\"presentation\">Formaci\u00f3 i Orientaci\u00f3 Laboral (66 hores)<\/span><\/li>\n<li>Empresa i iniciativa emprenedora (66 hores)<\/li>\n<li>Ciberseguretat i hacking \u00e8tic (88 hores)<\/li>\n<li>Seguretat en sistemes, xarxes i serveis (121 hores)<\/li>\n<li><span dir=\"ltr\" role=\"presentation\">Projecte d&#8217;administraci\u00f3 de sistemes inform\u00e0tics en xarxa (366 hores)<\/span><\/li>\n<li><span dir=\"ltr\" role=\"presentation\">Formaci\u00f3 en Centres de Treball (350 hores)<\/span><\/li>\n<\/ul>\n","protected":false},"excerpt":{"rendered":"<p>La compet\u00e8ncia general d\u2019aquest t\u00edtol consisteix a configurar, administrar i mantenir sistemes inform\u00e0tics, garantint la funcionalitat, la integritat dels recursos i serveis del sistema, amb la qualitat exigida i complint la reglamentaci\u00f3 vigent. Aquesta compet\u00e8ncia es veu complementada amb formaci\u00f3 espec\u00edfica per analitzar la seguretat i proposar solucions a ciberatacs detectats reconeixent l&#8217;origen i motius [&hellip;]<\/p>\n","protected":false},"author":1,"featured_media":0,"parent":8963,"menu_order":0,"comment_status":"closed","ping_status":"closed","template":"page-templates\/side-menu.php","meta":{"_bbp_topic_count":0,"_bbp_reply_count":0,"_bbp_total_topic_count":0,"_bbp_total_reply_count":0,"_bbp_voice_count":0,"_bbp_anonymous_reply_count":0,"_bbp_topic_count_hidden":0,"_bbp_reply_count_hidden":0,"_bbp_forum_subforum_count":0,"site-sidebar-layout":"default","site-content-layout":"","ast-site-content-layout":"","site-content-style":"default","site-sidebar-style":"default","ast-global-header-display":"","ast-banner-title-visibility":"","ast-main-header-display":"","ast-hfb-above-header-display":"","ast-hfb-below-header-display":"","ast-hfb-mobile-header-display":"","site-post-title":"","ast-breadcrumbs-content":"","ast-featured-img":"","footer-sml-layout":"","theme-transparent-header-meta":"","adv-header-id-meta":"","stick-header-meta":"","header-above-stick-meta":"","header-main-stick-meta":"","header-below-stick-meta":"","astra-migrate-meta-layouts":"default","ast-page-background-enabled":"default","ast-page-background-meta":{"desktop":{"background-color":"var(--ast-global-color-4)","background-image":"","background-repeat":"repeat","background-position":"center center","background-size":"auto","background-attachment":"scroll","background-type":"","background-media":"","overlay-type":"","overlay-color":"","overlay-opacity":"","overlay-gradient":""},"tablet":{"background-color":"","background-image":"","background-repeat":"repeat","background-position":"center center","background-size":"auto","background-attachment":"scroll","background-type":"","background-media":"","overlay-type":"","overlay-color":"","overlay-opacity":"","overlay-gradient":""},"mobile":{"background-color":"","background-image":"","background-repeat":"repeat","background-position":"center center","background-size":"auto","background-attachment":"scroll","background-type":"","background-media":"","overlay-type":"","overlay-color":"","overlay-opacity":"","overlay-gradient":""}},"ast-content-background-meta":{"desktop":{"background-color":"var(--ast-global-color-5)","background-image":"","background-repeat":"repeat","background-position":"center center","background-size":"auto","background-attachment":"scroll","background-type":"","background-media":"","overlay-type":"","overlay-color":"","overlay-opacity":"","overlay-gradient":""},"tablet":{"background-color":"var(--ast-global-color-5)","background-image":"","background-repeat":"repeat","background-position":"center center","background-size":"auto","background-attachment":"scroll","background-type":"","background-media":"","overlay-type":"","overlay-color":"","overlay-opacity":"","overlay-gradient":""},"mobile":{"background-color":"var(--ast-global-color-5)","background-image":"","background-repeat":"repeat","background-position":"center center","background-size":"auto","background-attachment":"scroll","background-type":"","background-media":"","overlay-type":"","overlay-color":"","overlay-opacity":"","overlay-gradient":""}},"footnotes":""},"class_list":["post-8975","page","type-page","status-publish","hentry"],"post_mailing_queue_ids":[],"_links":{"self":[{"href":"https:\/\/agora.xtec.cat\/iestorreroja\/wp-json\/wp\/v2\/pages\/8975","targetHints":{"allow":["GET"]}}],"collection":[{"href":"https:\/\/agora.xtec.cat\/iestorreroja\/wp-json\/wp\/v2\/pages"}],"about":[{"href":"https:\/\/agora.xtec.cat\/iestorreroja\/wp-json\/wp\/v2\/types\/page"}],"author":[{"embeddable":true,"href":"https:\/\/agora.xtec.cat\/iestorreroja\/wp-json\/wp\/v2\/users\/1"}],"replies":[{"embeddable":true,"href":"https:\/\/agora.xtec.cat\/iestorreroja\/wp-json\/wp\/v2\/comments?post=8975"}],"version-history":[{"count":5,"href":"https:\/\/agora.xtec.cat\/iestorreroja\/wp-json\/wp\/v2\/pages\/8975\/revisions"}],"predecessor-version":[{"id":10496,"href":"https:\/\/agora.xtec.cat\/iestorreroja\/wp-json\/wp\/v2\/pages\/8975\/revisions\/10496"}],"up":[{"embeddable":true,"href":"https:\/\/agora.xtec.cat\/iestorreroja\/wp-json\/wp\/v2\/pages\/8963"}],"wp:attachment":[{"href":"https:\/\/agora.xtec.cat\/iestorreroja\/wp-json\/wp\/v2\/media?parent=8975"}],"curies":[{"name":"wp","href":"https:\/\/api.w.org\/{rel}","templated":true}]}}