{"id":8961,"date":"2023-02-23T10:19:48","date_gmt":"2023-02-23T09:19:48","guid":{"rendered":"https:\/\/agora.xtec.cat\/iestorreroja\/?page_id=8961"},"modified":"2024-04-24T12:27:08","modified_gmt":"2024-04-24T10:27:08","slug":"cicles-formatius-de-grau-mitja-cfgm","status":"publish","type":"page","link":"https:\/\/agora.xtec.cat\/iestorreroja\/estudis\/fp\/cicles-formatius-de-grau-mitja-cfgm\/","title":{"rendered":"Cicles Formatius de Grau Mitj\u00e0 (CFGM)"},"content":{"rendered":"<ul>\n<li>\n<h5><a class=\"menu-link sub-menu-link\" href=\"https:\/\/agora.xtec.cat\/iestorreroja\/estudis\/fp\/cicles-formatius-de-grau-mitja-cfgm\/gm-smx\/\">CFGM Sistemes microinform\u00e0tics i xarxes<\/a><\/h5>\n<\/li>\n<li>\n<h5><a class=\"menu-link sub-menu-link\" href=\"https:\/\/agora.xtec.cat\/iestorreroja\/estudis\/fp\/cicles-formatius-de-grau-mitja-cfgm\/gm-activitats-comercials\/\">CFGM Activitats comercials<\/a><\/h5>\n<\/li>\n<li>\n<h5><a class=\"menu-link sub-menu-link\" href=\"https:\/\/agora.xtec.cat\/iestorreroja\/estudis\/fp\/cicles-formatius-de-grau-mitja-cfgm\/gm-apd\/\">CFGM Atenci\u00f3 a les persones en situaci\u00f3 en depend\u00e8ncia<\/a><\/h5>\n<\/li>\n<li>\n<h5><a class=\"menu-link sub-menu-link\" href=\"https:\/\/agora.xtec.cat\/iestorreroja\/estudis\/fp\/cicles-formatius-de-grau-mitja-cfgm\/gm-gestio-administrativa\/\">CFGM Gesti\u00f3 Administrativa<\/a><\/h5>\n<\/li>\n<\/ul>\n<p>&nbsp;<\/p>\n<p>&nbsp;<\/p>\n<p>&nbsp;<\/p>\n","protected":false},"excerpt":{"rendered":"<p>CFGM Sistemes microinform\u00e0tics i xarxes CFGM Activitats comercials CFGM Atenci\u00f3 a les persones en situaci\u00f3 en depend\u00e8ncia CFGM Gesti\u00f3 Administrativa &nbsp; &nbsp; &nbsp;<\/p>\n","protected":false},"author":1,"featured_media":0,"parent":489,"menu_order":0,"comment_status":"closed","ping_status":"closed","template":"page-templates\/side-menu.php","meta":{"_bbp_topic_count":0,"_bbp_reply_count":0,"_bbp_total_topic_count":0,"_bbp_total_reply_count":0,"_bbp_voice_count":0,"_bbp_anonymous_reply_count":0,"_bbp_topic_count_hidden":0,"_bbp_reply_count_hidden":0,"_bbp_forum_subforum_count":0,"site-sidebar-layout":"default","site-content-layout":"","ast-site-content-layout":"","site-content-style":"default","site-sidebar-style":"default","ast-global-header-display":"","ast-banner-title-visibility":"","ast-main-header-display":"","ast-hfb-above-header-display":"","ast-hfb-below-header-display":"","ast-hfb-mobile-header-display":"","site-post-title":"","ast-breadcrumbs-content":"","ast-featured-img":"","footer-sml-layout":"","theme-transparent-header-meta":"","adv-header-id-meta":"","stick-header-meta":"","header-above-stick-meta":"","header-main-stick-meta":"","header-below-stick-meta":"","astra-migrate-meta-layouts":"default","ast-page-background-enabled":"default","ast-page-background-meta":{"desktop":{"background-color":"var(--ast-global-color-4)","background-image":"","background-repeat":"repeat","background-position":"center center","background-size":"auto","background-attachment":"scroll","background-type":"","background-media":"","overlay-type":"","overlay-color":"","overlay-opacity":"","overlay-gradient":""},"tablet":{"background-color":"","background-image":"","background-repeat":"repeat","background-position":"center center","background-size":"auto","background-attachment":"scroll","background-type":"","background-media":"","overlay-type":"","overlay-color":"","overlay-opacity":"","overlay-gradient":""},"mobile":{"background-color":"","background-image":"","background-repeat":"repeat","background-position":"center center","background-size":"auto","background-attachment":"scroll","background-type":"","background-media":"","overlay-type":"","overlay-color":"","overlay-opacity":"","overlay-gradient":""}},"ast-content-background-meta":{"desktop":{"background-color":"var(--ast-global-color-5)","background-image":"","background-repeat":"repeat","background-position":"center center","background-size":"auto","background-attachment":"scroll","background-type":"","background-media":"","overlay-type":"","overlay-color":"","overlay-opacity":"","overlay-gradient":""},"tablet":{"background-color":"var(--ast-global-color-5)","background-image":"","background-repeat":"repeat","background-position":"center center","background-size":"auto","background-attachment":"scroll","background-type":"","background-media":"","overlay-type":"","overlay-color":"","overlay-opacity":"","overlay-gradient":""},"mobile":{"background-color":"var(--ast-global-color-5)","background-image":"","background-repeat":"repeat","background-position":"center center","background-size":"auto","background-attachment":"scroll","background-type":"","background-media":"","overlay-type":"","overlay-color":"","overlay-opacity":"","overlay-gradient":""}},"footnotes":""},"class_list":["post-8961","page","type-page","status-publish","hentry"],"post_mailing_queue_ids":[],"_links":{"self":[{"href":"https:\/\/agora.xtec.cat\/iestorreroja\/wp-json\/wp\/v2\/pages\/8961","targetHints":{"allow":["GET"]}}],"collection":[{"href":"https:\/\/agora.xtec.cat\/iestorreroja\/wp-json\/wp\/v2\/pages"}],"about":[{"href":"https:\/\/agora.xtec.cat\/iestorreroja\/wp-json\/wp\/v2\/types\/page"}],"author":[{"embeddable":true,"href":"https:\/\/agora.xtec.cat\/iestorreroja\/wp-json\/wp\/v2\/users\/1"}],"replies":[{"embeddable":true,"href":"https:\/\/agora.xtec.cat\/iestorreroja\/wp-json\/wp\/v2\/comments?post=8961"}],"version-history":[{"count":6,"href":"https:\/\/agora.xtec.cat\/iestorreroja\/wp-json\/wp\/v2\/pages\/8961\/revisions"}],"predecessor-version":[{"id":10539,"href":"https:\/\/agora.xtec.cat\/iestorreroja\/wp-json\/wp\/v2\/pages\/8961\/revisions\/10539"}],"up":[{"embeddable":true,"href":"https:\/\/agora.xtec.cat\/iestorreroja\/wp-json\/wp\/v2\/pages\/489"}],"wp:attachment":[{"href":"https:\/\/agora.xtec.cat\/iestorreroja\/wp-json\/wp\/v2\/media?parent=8961"}],"curies":[{"name":"wp","href":"https:\/\/api.w.org\/{rel}","templated":true}]}}