{"id":8935,"date":"2023-02-23T09:30:27","date_gmt":"2023-02-23T08:30:27","guid":{"rendered":"https:\/\/agora.xtec.cat\/iestorreroja\/?page_id=8935"},"modified":"2023-02-23T10:04:22","modified_gmt":"2023-02-23T09:04:22","slug":"auxiliar-en-activitats-doficina-i-serveis-administratius-generals","status":"publish","type":"page","link":"https:\/\/agora.xtec.cat\/iestorreroja\/estudis\/programa-de-formacio-i-insercio-pfi-auxiliar-de-pintura\/pla-de-transicio-al-treball-ptt\/auxiliar-en-activitats-doficina-i-serveis-administratius-generals\/","title":{"rendered":"Auxiliar en activitats d&#8217;oficina i serveis administratius generals"},"content":{"rendered":"<p>Aquests estudis capaciten per dur a terme tasques auxiliars en l&#8217;\u00e0mbit de l&#8217;administraci\u00f3 i gesti\u00f3, aix\u00ed com l&#8217;enregistrament i la verificaci\u00f3 de dades i documents.<\/p>\n<p><b>Adre\u00e7at a:<\/b><\/p>\n<ul>\n<li aria-level=\"1\">Joves d\u2019entre 16 anys (o complir els 16 abans que acabi l\u2019any en que comen\u00e7a la formaci\u00f3) i preferentment menors de 21.<\/li>\n<li aria-level=\"1\">Sense el t\u00edtol de graduat\/ada en Educaci\u00f3 Secund\u00e0ria Obligat\u00f2ria.<\/li>\n<li aria-level=\"1\">Acc\u00e9s voluntari (ja que s\u00f3n estudis postobligatoris) i comprom\u00eds i signatura de l\u2019Acord Formatiu (assist\u00e8ncia, puntualitat, actitud, compliment de normes&#8230;).<\/li>\n<\/ul>\n<p><b>Lloc:<\/b><\/p>\n<p>Instal\u00b7lacions de Can Calderon. Carrer Andorra, 64, Viladecans<\/p>\n<p><b>Objectius:<\/b><\/p>\n<ul>\n<li aria-level=\"1\">Proporcionar formaci\u00f3 professional elemental, que faciliti la incorporaci\u00f3 en un sector professional.<\/li>\n<li aria-level=\"1\">Desenvolupar actituds i compet\u00e8ncies que contribueixin al creixement personal i facilitin una inserci\u00f3 social i laboral satisfact\u00f2ria.<\/li>\n<li aria-level=\"1\">Ampliar compet\u00e8ncies b\u00e0siques per afavorir la continu\u00eftat educativa i la formaci\u00f3 al llarg de la vida.<\/li>\n<\/ul>\n<p><b>Continguts:<\/b><\/p>\n<p><b>Formaci\u00f3 professional<\/b><b>.<\/b><\/p>\n<ul>\n<li aria-level=\"1\">T\u00e8cniques administratives b\u00e0siques d\u2019oficina<\/li>\n<li aria-level=\"1\">Operacions b\u00e0siques de comunicaci\u00f3<\/li>\n<li aria-level=\"1\">Reproducci\u00f3 i arxiu<\/li>\n<li aria-level=\"1\">Ofim\u00e0tica<\/li>\n<li aria-level=\"1\">Formaci\u00f3 b\u00e0sica en prevenci\u00f3 de riscos laborals<\/li>\n<li aria-level=\"1\">Formaci\u00f3 pr\u00e0ctica en empreses (Formaci\u00f3 en Centres de Treball-FCT<\/li>\n<li aria-level=\"1\">Projecte Integrat<\/li>\n<\/ul>\n<p><b>Formaci\u00f3 general<\/b><b>.<\/b><\/p>\n<ul>\n<li aria-level=\"1\">Estrat\u00e8gies i eines de comunicaci\u00f3<\/li>\n<li aria-level=\"1\">Entorn social i territorial<\/li>\n<li aria-level=\"1\">Estrat\u00e8gies i eines matem\u00e0tiques<\/li>\n<li aria-level=\"1\">Incorporaci\u00f3 al m\u00f3n professional<\/li>\n<\/ul>\n<p><b>Tutoria, seguiment i orientaci\u00f3 personalitzada<\/b><b>.<\/b><\/p>\n<p><b>Durada:<\/b><\/p>\n<p>La durada de 1.000 hores, des del setembre al juny. Estan incloses les 180 hores de pr\u00e0ctiques en empresa (la Formaci\u00f3 en Centres de Treball FCT).<\/p>\n<p><b>Certificaci\u00f3:<\/b><\/p>\n<p>La superaci\u00f3 d&#8217;aquest programa de formaci\u00f3 i inserci\u00f3 (PFI) comporta el seg\u00fcent:<\/p>\n<ul>\n<li aria-level=\"1\">Certificat acad\u00e8mic i professional, que cont\u00e9 la qualificaci\u00f3 final obtinguda en el PFI i acredita les compet\u00e8ncies professionals assolides.<\/li>\n<li aria-level=\"1\">Certificat del Curs d\u2019acc\u00e9s als cicles formatius de grau mitj\u00e0 (CAM) i l\u2019Acc\u00e9s als cicles formatius de grau mitj\u00e0.<\/li>\n<li aria-level=\"1\">Reconeixement dels m\u00f2duls professionals superats en el PFI per a l&#8217;obtenci\u00f3 del t\u00edtol professional b\u00e0sic associat a aquest perfil.<\/li>\n<li aria-level=\"1\">Certificat de professionalitat ADGG0408 Operacions auxiliars de serveis administratius generals, que emet l&#8217;Administraci\u00f3 laboral.<\/li>\n<\/ul>\n<p>Aquesta acreditaci\u00f3 facilita:<\/p>\n<ul>\n<li aria-level=\"1\">L\u2019acc\u00e9s als cicles formatius de grau mitj\u00e0, d\u2019acord amb la Resoluci\u00f3 EDU\/2638\/2020, de 26 d&#8217;octubre.<\/li>\n<li aria-level=\"1\">L\u2019acc\u00e9s als centres de formaci\u00f3 d&#8217;adults per obtenir el graduat en educaci\u00f3 secund\u00e0ria obligat\u00f2ria (GESO), sense complir el requisit de tenir 18 anys per accedir-hi.<\/li>\n<\/ul>\n","protected":false},"excerpt":{"rendered":"<p>Aquests estudis capaciten per dur a terme tasques auxiliars en l&#8217;\u00e0mbit de l&#8217;administraci\u00f3 i gesti\u00f3, aix\u00ed com l&#8217;enregistrament i la verificaci\u00f3 de dades i documents. Adre\u00e7at a: Joves d\u2019entre 16 anys (o complir els 16 abans que acabi l\u2019any en que comen\u00e7a la formaci\u00f3) i preferentment menors de 21. Sense el t\u00edtol de graduat\/ada en [&hellip;]<\/p>\n","protected":false},"author":1,"featured_media":0,"parent":8933,"menu_order":1,"comment_status":"closed","ping_status":"closed","template":"page-templates\/side-menu.php","meta":{"_bbp_topic_count":0,"_bbp_reply_count":0,"_bbp_total_topic_count":0,"_bbp_total_reply_count":0,"_bbp_voice_count":0,"_bbp_anonymous_reply_count":0,"_bbp_topic_count_hidden":0,"_bbp_reply_count_hidden":0,"_bbp_forum_subforum_count":0,"site-sidebar-layout":"default","site-content-layout":"","ast-site-content-layout":"","site-content-style":"default","site-sidebar-style":"default","ast-global-header-display":"","ast-banner-title-visibility":"","ast-main-header-display":"","ast-hfb-above-header-display":"","ast-hfb-below-header-display":"","ast-hfb-mobile-header-display":"","site-post-title":"","ast-breadcrumbs-content":"","ast-featured-img":"","footer-sml-layout":"","theme-transparent-header-meta":"","adv-header-id-meta":"","stick-header-meta":"","header-above-stick-meta":"","header-main-stick-meta":"","header-below-stick-meta":"","astra-migrate-meta-layouts":"default","ast-page-background-enabled":"default","ast-page-background-meta":{"desktop":{"background-color":"var(--ast-global-color-4)","background-image":"","background-repeat":"repeat","background-position":"center center","background-size":"auto","background-attachment":"scroll","background-type":"","background-media":"","overlay-type":"","overlay-color":"","overlay-opacity":"","overlay-gradient":""},"tablet":{"background-color":"","background-image":"","background-repeat":"repeat","background-position":"center center","background-size":"auto","background-attachment":"scroll","background-type":"","background-media":"","overlay-type":"","overlay-color":"","overlay-opacity":"","overlay-gradient":""},"mobile":{"background-color":"","background-image":"","background-repeat":"repeat","background-position":"center center","background-size":"auto","background-attachment":"scroll","background-type":"","background-media":"","overlay-type":"","overlay-color":"","overlay-opacity":"","overlay-gradient":""}},"ast-content-background-meta":{"desktop":{"background-color":"var(--ast-global-color-5)","background-image":"","background-repeat":"repeat","background-position":"center center","background-size":"auto","background-attachment":"scroll","background-type":"","background-media":"","overlay-type":"","overlay-color":"","overlay-opacity":"","overlay-gradient":""},"tablet":{"background-color":"var(--ast-global-color-5)","background-image":"","background-repeat":"repeat","background-position":"center center","background-size":"auto","background-attachment":"scroll","background-type":"","background-media":"","overlay-type":"","overlay-color":"","overlay-opacity":"","overlay-gradient":""},"mobile":{"background-color":"var(--ast-global-color-5)","background-image":"","background-repeat":"repeat","background-position":"center center","background-size":"auto","background-attachment":"scroll","background-type":"","background-media":"","overlay-type":"","overlay-color":"","overlay-opacity":"","overlay-gradient":""}},"footnotes":""},"class_list":["post-8935","page","type-page","status-publish","hentry"],"post_mailing_queue_ids":[],"_links":{"self":[{"href":"https:\/\/agora.xtec.cat\/iestorreroja\/wp-json\/wp\/v2\/pages\/8935","targetHints":{"allow":["GET"]}}],"collection":[{"href":"https:\/\/agora.xtec.cat\/iestorreroja\/wp-json\/wp\/v2\/pages"}],"about":[{"href":"https:\/\/agora.xtec.cat\/iestorreroja\/wp-json\/wp\/v2\/types\/page"}],"author":[{"embeddable":true,"href":"https:\/\/agora.xtec.cat\/iestorreroja\/wp-json\/wp\/v2\/users\/1"}],"replies":[{"embeddable":true,"href":"https:\/\/agora.xtec.cat\/iestorreroja\/wp-json\/wp\/v2\/comments?post=8935"}],"version-history":[{"count":2,"href":"https:\/\/agora.xtec.cat\/iestorreroja\/wp-json\/wp\/v2\/pages\/8935\/revisions"}],"predecessor-version":[{"id":8958,"href":"https:\/\/agora.xtec.cat\/iestorreroja\/wp-json\/wp\/v2\/pages\/8935\/revisions\/8958"}],"up":[{"embeddable":true,"href":"https:\/\/agora.xtec.cat\/iestorreroja\/wp-json\/wp\/v2\/pages\/8933"}],"wp:attachment":[{"href":"https:\/\/agora.xtec.cat\/iestorreroja\/wp-json\/wp\/v2\/media?parent=8935"}],"curies":[{"name":"wp","href":"https:\/\/api.w.org\/{rel}","templated":true}]}}