{"id":8933,"date":"2023-02-23T09:24:30","date_gmt":"2023-02-23T08:24:30","guid":{"rendered":"https:\/\/agora.xtec.cat\/iestorreroja\/?page_id=8933"},"modified":"2023-03-23T10:48:00","modified_gmt":"2023-03-23T09:48:00","slug":"pla-de-transicio-al-treball-ptt","status":"publish","type":"page","link":"https:\/\/agora.xtec.cat\/iestorreroja\/estudis\/programa-de-formacio-i-insercio-pfi-auxiliar-de-pintura\/pla-de-transicio-al-treball-ptt\/","title":{"rendered":"Pla de Transici\u00f3 al Treball (PTT)"},"content":{"rendered":"<ul>\n<li>\n<h5><a href=\"https:\/\/agora.xtec.cat\/iestorreroja\/estudis\/programa-de-formacio-i-insercio-pfi-auxiliar-de-pintura\/pla-de-transicio-al-treball-ptt\/auxiliar-en-activitats-doficina-i-serveis-administratius-generals\/\"><b>Auxiliar en activitats d\u2019oficina i serveis administratius generals.<\/b> <\/a><\/h5>\n<\/li>\n<li>\n<h5><a href=\"https:\/\/agora.xtec.cat\/iestorreroja\/estudis\/programa-de-formacio-i-insercio-pfi-auxiliar-de-pintura\/pla-de-transicio-al-treball-ptt\/auxiliar-de-muntatge-i-manteniment-dequips-informatics\/\"><b>Auxiliar de muntatge i manteniment d&#8217;equips inform\u00e0tics<\/b>.<\/a><\/h5>\n<\/li>\n<li>\n<h5><a href=\"https:\/\/agora.xtec.cat\/iestorreroja\/estudis\/programa-de-formacio-i-insercio-pfi-auxiliar-de-pintura\/pla-de-transicio-al-treball-ptt\/auxiliar-en-comerc-i-atencio-al-public\/\"><b>Auxiliar en comer\u00e7 i atenci\u00f3 al p\u00fablic<\/b>.<\/a><\/h5>\n<\/li>\n<li>\n<h5><a href=\"https:\/\/agora.xtec.cat\/iestorreroja\/estudis\/programa-de-formacio-i-insercio-pfi-auxiliar-de-pintura\/pla-de-transicio-al-treball-ptt\/auxiliar-de-manteniment-i-reparacio-de-vehicles-de-mobilitat-personal\/\"><b>Auxiliar de manteniment i reparaci\u00f3 de vehicles de mobilitat personal<\/b>.<\/a><\/h5>\n<\/li>\n<\/ul>\n<p><a href=\"https:\/\/agora.xtec.cat\/iestorreroja\/wp-content\/uploads\/usu1423\/2023\/03\/Triptic-PTT-4-perfils.pdf\" target=\"_blank\" rel=\"noopener\">Descarrega&#8217;t el tr\u00edptic d&#8217;informaci\u00f3 fent click aqu\u00ed.<\/a><\/p>\n<div style=\"width: 100%;\">\n<div style=\"position: relative; padding-bottom: 50.00%; padding-top: 0; height: 0;\"><iframe loading=\"lazy\" style=\"position: absolute; top: 0; left: 0; width: 100%; height: 100%;\" src=\"https:\/\/view.genial.ly\/6038c66633ecd00d924f4f84\" width=\"1600\" height=\"800\" frameborder=\"0\" scrolling=\"yes\" allowfullscreen=\"allowfullscreen\"><\/iframe><\/div>\n<\/div>\n<p>&nbsp;<\/p>\n<p><a href=\"https:\/\/triaeducativa.gencat.cat\/ca\/fp\/pfi\/\" target=\"_blank\" rel=\"noopener\">M\u00e9s informaci\u00f3 sobre els programes de Qualificaci\u00f3 Professional<\/a><\/p>\n","protected":false},"excerpt":{"rendered":"<p>Auxiliar en activitats d\u2019oficina i serveis administratius generals. Auxiliar de muntatge i manteniment d&#8217;equips inform\u00e0tics. Auxiliar en comer\u00e7 i atenci\u00f3 al p\u00fablic. Auxiliar de manteniment i reparaci\u00f3 de vehicles de mobilitat personal. Descarrega&#8217;t el tr\u00edptic d&#8217;informaci\u00f3 fent click aqu\u00ed. &nbsp; M\u00e9s informaci\u00f3 sobre els programes de Qualificaci\u00f3 Professional<\/p>\n","protected":false},"author":1,"featured_media":0,"parent":2424,"menu_order":2,"comment_status":"closed","ping_status":"closed","template":"page-templates\/side-menu.php","meta":{"_bbp_topic_count":0,"_bbp_reply_count":0,"_bbp_total_topic_count":0,"_bbp_total_reply_count":0,"_bbp_voice_count":0,"_bbp_anonymous_reply_count":0,"_bbp_topic_count_hidden":0,"_bbp_reply_count_hidden":0,"_bbp_forum_subforum_count":0,"site-sidebar-layout":"default","site-content-layout":"","ast-site-content-layout":"","site-content-style":"default","site-sidebar-style":"default","ast-global-header-display":"","ast-banner-title-visibility":"","ast-main-header-display":"","ast-hfb-above-header-display":"","ast-hfb-below-header-display":"","ast-hfb-mobile-header-display":"","site-post-title":"","ast-breadcrumbs-content":"","ast-featured-img":"","footer-sml-layout":"","theme-transparent-header-meta":"","adv-header-id-meta":"","stick-header-meta":"","header-above-stick-meta":"","header-main-stick-meta":"","header-below-stick-meta":"","astra-migrate-meta-layouts":"default","ast-page-background-enabled":"default","ast-page-background-meta":{"desktop":{"background-color":"var(--ast-global-color-4)","background-image":"","background-repeat":"repeat","background-position":"center center","background-size":"auto","background-attachment":"scroll","background-type":"","background-media":"","overlay-type":"","overlay-color":"","overlay-opacity":"","overlay-gradient":""},"tablet":{"background-color":"","background-image":"","background-repeat":"repeat","background-position":"center center","background-size":"auto","background-attachment":"scroll","background-type":"","background-media":"","overlay-type":"","overlay-color":"","overlay-opacity":"","overlay-gradient":""},"mobile":{"background-color":"","background-image":"","background-repeat":"repeat","background-position":"center center","background-size":"auto","background-attachment":"scroll","background-type":"","background-media":"","overlay-type":"","overlay-color":"","overlay-opacity":"","overlay-gradient":""}},"ast-content-background-meta":{"desktop":{"background-color":"var(--ast-global-color-5)","background-image":"","background-repeat":"repeat","background-position":"center center","background-size":"auto","background-attachment":"scroll","background-type":"","background-media":"","overlay-type":"","overlay-color":"","overlay-opacity":"","overlay-gradient":""},"tablet":{"background-color":"var(--ast-global-color-5)","background-image":"","background-repeat":"repeat","background-position":"center center","background-size":"auto","background-attachment":"scroll","background-type":"","background-media":"","overlay-type":"","overlay-color":"","overlay-opacity":"","overlay-gradient":""},"mobile":{"background-color":"var(--ast-global-color-5)","background-image":"","background-repeat":"repeat","background-position":"center center","background-size":"auto","background-attachment":"scroll","background-type":"","background-media":"","overlay-type":"","overlay-color":"","overlay-opacity":"","overlay-gradient":""}},"footnotes":""},"class_list":["post-8933","page","type-page","status-publish","hentry"],"post_mailing_queue_ids":[],"_links":{"self":[{"href":"https:\/\/agora.xtec.cat\/iestorreroja\/wp-json\/wp\/v2\/pages\/8933","targetHints":{"allow":["GET"]}}],"collection":[{"href":"https:\/\/agora.xtec.cat\/iestorreroja\/wp-json\/wp\/v2\/pages"}],"about":[{"href":"https:\/\/agora.xtec.cat\/iestorreroja\/wp-json\/wp\/v2\/types\/page"}],"author":[{"embeddable":true,"href":"https:\/\/agora.xtec.cat\/iestorreroja\/wp-json\/wp\/v2\/users\/1"}],"replies":[{"embeddable":true,"href":"https:\/\/agora.xtec.cat\/iestorreroja\/wp-json\/wp\/v2\/comments?post=8933"}],"version-history":[{"count":3,"href":"https:\/\/agora.xtec.cat\/iestorreroja\/wp-json\/wp\/v2\/pages\/8933\/revisions"}],"predecessor-version":[{"id":9211,"href":"https:\/\/agora.xtec.cat\/iestorreroja\/wp-json\/wp\/v2\/pages\/8933\/revisions\/9211"}],"up":[{"embeddable":true,"href":"https:\/\/agora.xtec.cat\/iestorreroja\/wp-json\/wp\/v2\/pages\/2424"}],"wp:attachment":[{"href":"https:\/\/agora.xtec.cat\/iestorreroja\/wp-json\/wp\/v2\/media?parent=8933"}],"curies":[{"name":"wp","href":"https:\/\/api.w.org\/{rel}","templated":true}]}}