{"id":5955,"date":"2022-04-02T18:48:53","date_gmt":"2022-04-02T16:48:53","guid":{"rendered":"http:\/\/agora.xtec.cat\/iestorreroja\/?page_id=5955"},"modified":"2025-05-08T09:51:16","modified_gmt":"2025-05-08T07:51:16","slug":"ife-itineraris-formatius-especifics","status":"publish","type":"page","link":"https:\/\/agora.xtec.cat\/iestorreroja\/estudis\/ife-itineraris-formatius-especifics\/","title":{"rendered":"IFE &#8211; Auxiliar en Manteniment d&#8217;Instal\u00b7lacions Esportives"},"content":{"rendered":"<p><strong>Documents informatius<\/strong><\/p>\n<ul>\n<li><a href=\"https:\/\/triaeducativa.gencat.cat\/ca\/estudis\/?auxiliar-manteniment-installacions-esportives&amp;p_id=4370\">Informaci\u00f3 IFE_Auxiliar en manteniment en instal\u00b7lacions esportives<\/a><\/li>\n<li><a href=\"https:\/\/agora.xtec.cat\/iestorreroja\/wp-content\/uploads\/usu1423\/2021\/07\/IFE-Auxiliar-en-Manteniment-dInstal%C2%B7lacions-Esportives.pdf\" target=\"_blank\" rel=\"noopener\">\u00a0Fitxa de l&#8217;estudi<\/a><\/li>\n<li><b><a href=\"https:\/\/agora.xtec.cat\/iestorreroja\/wp-content\/uploads\/usu1423\/2024\/04\/Triptic-IFE-AMIE-INS-TORRE-ROJA-1-1.pdf\">Tr\u00edptic IFE AMIE INS TORRE ROJA<\/a><\/b><\/li>\n<\/ul>\n<p>Clicant la imatge podeu entrar al Blog que l&#8217;alumnat de 3r IFE est\u00e0 realitzant dins del m\u00f2dul d&#8217;ofim\u00e0tica. Podreu veure moltes de les activitats que realitzem.<\/p>\n<p style=\"text-align: justify;\"><a href=\"https:\/\/ifeamietorreroja.blogspot.com\/\"><img loading=\"lazy\" decoding=\"async\" class=\"alignnone size-large wp-image-10535\" src=\"https:\/\/agora.xtec.cat\/iestorreroja\/wp-content\/uploads\/usu1423\/2024\/04\/Blog-IFE-1024x387.jpg\" alt=\"\" width=\"1024\" height=\"387\" srcset=\"https:\/\/agora.xtec.cat\/iestorreroja\/wp-content\/uploads\/usu1423\/2024\/04\/Blog-IFE-1024x387.jpg 1024w, https:\/\/agora.xtec.cat\/iestorreroja\/wp-content\/uploads\/usu1423\/2024\/04\/Blog-IFE-300x113.jpg 300w, https:\/\/agora.xtec.cat\/iestorreroja\/wp-content\/uploads\/usu1423\/2024\/04\/Blog-IFE-768x290.jpg 768w, https:\/\/agora.xtec.cat\/iestorreroja\/wp-content\/uploads\/usu1423\/2024\/04\/Blog-IFE-1536x580.jpg 1536w, https:\/\/agora.xtec.cat\/iestorreroja\/wp-content\/uploads\/usu1423\/2024\/04\/Blog-IFE.jpg 1716w\" sizes=\"auto, (max-width: 1024px) 100vw, 1024px\" \/><\/a><\/p>\n","protected":false},"excerpt":{"rendered":"<p>Documents informatius Informaci\u00f3 IFE_Auxiliar en manteniment en instal\u00b7lacions esportives \u00a0Fitxa de l&#8217;estudi Tr\u00edptic IFE AMIE INS TORRE ROJA Clicant la imatge podeu entrar al Blog que l&#8217;alumnat de 3r IFE est\u00e0 realitzant dins del m\u00f2dul d&#8217;ofim\u00e0tica. Podreu veure moltes de les activitats que realitzem.<\/p>\n","protected":false},"author":9,"featured_media":0,"parent":195,"menu_order":35,"comment_status":"closed","ping_status":"closed","template":"page-templates\/side-menu.php","meta":{"_bbp_topic_count":0,"_bbp_reply_count":0,"_bbp_total_topic_count":0,"_bbp_total_reply_count":0,"_bbp_voice_count":0,"_bbp_anonymous_reply_count":0,"_bbp_topic_count_hidden":0,"_bbp_reply_count_hidden":0,"_bbp_forum_subforum_count":0,"site-sidebar-layout":"default","site-content-layout":"","ast-site-content-layout":"","site-content-style":"default","site-sidebar-style":"default","ast-global-header-display":"","ast-banner-title-visibility":"","ast-main-header-display":"","ast-hfb-above-header-display":"","ast-hfb-below-header-display":"","ast-hfb-mobile-header-display":"","site-post-title":"","ast-breadcrumbs-content":"","ast-featured-img":"","footer-sml-layout":"","theme-transparent-header-meta":"","adv-header-id-meta":"","stick-header-meta":"","header-above-stick-meta":"","header-main-stick-meta":"","header-below-stick-meta":"","astra-migrate-meta-layouts":"default","ast-page-background-enabled":"default","ast-page-background-meta":{"desktop":{"background-color":"var(--ast-global-color-4)","background-image":"","background-repeat":"repeat","background-position":"center center","background-size":"auto","background-attachment":"scroll","background-type":"","background-media":"","overlay-type":"","overlay-color":"","overlay-opacity":"","overlay-gradient":""},"tablet":{"background-color":"","background-image":"","background-repeat":"repeat","background-position":"center center","background-size":"auto","background-attachment":"scroll","background-type":"","background-media":"","overlay-type":"","overlay-color":"","overlay-opacity":"","overlay-gradient":""},"mobile":{"background-color":"","background-image":"","background-repeat":"repeat","background-position":"center center","background-size":"auto","background-attachment":"scroll","background-type":"","background-media":"","overlay-type":"","overlay-color":"","overlay-opacity":"","overlay-gradient":""}},"ast-content-background-meta":{"desktop":{"background-color":"var(--ast-global-color-5)","background-image":"","background-repeat":"repeat","background-position":"center center","background-size":"auto","background-attachment":"scroll","background-type":"","background-media":"","overlay-type":"","overlay-color":"","overlay-opacity":"","overlay-gradient":""},"tablet":{"background-color":"var(--ast-global-color-5)","background-image":"","background-repeat":"repeat","background-position":"center center","background-size":"auto","background-attachment":"scroll","background-type":"","background-media":"","overlay-type":"","overlay-color":"","overlay-opacity":"","overlay-gradient":""},"mobile":{"background-color":"var(--ast-global-color-5)","background-image":"","background-repeat":"repeat","background-position":"center center","background-size":"auto","background-attachment":"scroll","background-type":"","background-media":"","overlay-type":"","overlay-color":"","overlay-opacity":"","overlay-gradient":""}},"footnotes":""},"class_list":["post-5955","page","type-page","status-publish","hentry"],"post_mailing_queue_ids":[],"_links":{"self":[{"href":"https:\/\/agora.xtec.cat\/iestorreroja\/wp-json\/wp\/v2\/pages\/5955","targetHints":{"allow":["GET"]}}],"collection":[{"href":"https:\/\/agora.xtec.cat\/iestorreroja\/wp-json\/wp\/v2\/pages"}],"about":[{"href":"https:\/\/agora.xtec.cat\/iestorreroja\/wp-json\/wp\/v2\/types\/page"}],"author":[{"embeddable":true,"href":"https:\/\/agora.xtec.cat\/iestorreroja\/wp-json\/wp\/v2\/users\/9"}],"replies":[{"embeddable":true,"href":"https:\/\/agora.xtec.cat\/iestorreroja\/wp-json\/wp\/v2\/comments?post=5955"}],"version-history":[{"count":8,"href":"https:\/\/agora.xtec.cat\/iestorreroja\/wp-json\/wp\/v2\/pages\/5955\/revisions"}],"predecessor-version":[{"id":11514,"href":"https:\/\/agora.xtec.cat\/iestorreroja\/wp-json\/wp\/v2\/pages\/5955\/revisions\/11514"}],"up":[{"embeddable":true,"href":"https:\/\/agora.xtec.cat\/iestorreroja\/wp-json\/wp\/v2\/pages\/195"}],"wp:attachment":[{"href":"https:\/\/agora.xtec.cat\/iestorreroja\/wp-json\/wp\/v2\/media?parent=5955"}],"curies":[{"name":"wp","href":"https:\/\/api.w.org\/{rel}","templated":true}]}}