{"id":577,"date":"2021-10-18T10:38:47","date_gmt":"2021-10-18T08:38:47","guid":{"rendered":"http:\/\/agora.xtec.cat\/iestorreroja\/?page_id=577"},"modified":"2025-03-28T14:14:11","modified_gmt":"2025-03-28T13:14:11","slug":"gm-apd","status":"publish","type":"page","link":"https:\/\/agora.xtec.cat\/iestorreroja\/estudis\/fp\/cicles-formatius-de-grau-mitja-cfgm\/gm-apd\/","title":{"rendered":"CFGM Atenci\u00f3 a les persones en situaci\u00f3 de depend\u00e8ncia"},"content":{"rendered":"<p>L\u2019objectiu d\u2019aquest cicle \u00e9s capacitar a l\u2019alumnat per atendre les persones en situaci\u00f3 de depend\u00e8ncia, en l\u2019\u00e0mbit domiciliari i institucional, per tal de mantenir i millorar la seva qualitat de vida, realitzant activitats assistencials, no sanit\u00e0ries, psicosocials i de suport a la gesti\u00f3 dom\u00e8stica, aplicant mesures i normes de prevenci\u00f3 i seguretat i derivant a altres serveis quan sigui necessari.<\/p>\n<p style=\"font-size: 125%;\"><strong><u>Informaci\u00f3 general:<\/u><\/strong><\/p>\n<p>\u25cf Durada del Cicle Formatiu: 2000\u202fh (1485\u202fh al centre educatiu)<br \/>\n\u25cf Estada a l\u2019empresa: 515 hores. (pr\u00e0ctiques en empreses que t\u2019ajudaran a accedir al m\u00f3n laboral)<br \/>\n\u25cf Horari: 1r curs (torn de mat\u00ed o tarda) mat\u00ed de 8 a 14:30 h i tardes de 14:45 a 21:10\u202fh i divendres de 14:45 a 17:45\u202fh 2n (nom\u00e9s tarda) de dilluns a dijous de 15 a 21:10\u202fh i divendres de 15 a 17:45h<br \/>\n\u25cf Modalitat DUAL INTENSIVA<\/p>\n<p style=\"font-size: 125%;\"><strong><u>Compet\u00e8ncies professionals:<\/u><\/strong><\/p>\n<ul class=\"A\">\n<li style=\"list-style-type: none;\">\n<ul class=\"A\">\n<li style=\"list-style-type: none;\">\n<ul class=\"A\">\n<li>Atenci\u00f3 sociosanit\u00e0ria a persones al domicili<\/li>\n<li>Atenci\u00f3 sociosanit\u00e0ria a persones dependents en institucions socials.<\/li>\n<li>Gesti\u00f3 de trucades de teleassist\u00e8ncia<\/li>\n<\/ul>\n<\/li>\n<\/ul>\n<\/li>\n<\/ul>\n<p><strong style=\"font-size: 20px;\"><u>Qu\u00e8 aprendr\u00e0s?<\/u><\/strong><\/p>\n<ul>\n<li style=\"font-weight: 400;\" aria-level=\"1\"><b>Realitzar les tasques d\u2019higiene personal i vestit<\/b><span style=\"font-weight: 400;\"> de les persones en situaci\u00f3 de depend\u00e8ncia, aportant l\u2019ajuda precisa, <\/span><b>afavorint al m\u00e0xim la seva autonomia<\/b><span style=\"font-weight: 400;\"> en les activitats de la vida di\u00e0ria i mantenint envers elles una actitud de respecte i professionalitat.<\/span><\/li>\n<li style=\"font-weight: 400;\" aria-level=\"1\"><b>Organitzar la intervenci\u00f3 relativa a l\u2019alimentaci\u00f3<\/b><span style=\"font-weight: 400;\"> supervisant els men\u00fas, preparant els aliments i <\/span><b>administrant-los quan sigui necessari<\/b><span style=\"font-weight: 400;\">.<\/span><\/li>\n<li style=\"font-weight: 400;\" aria-level=\"1\"><b>Realitzar les activitats de manteniment i neteja del domicili<\/b><span style=\"font-weight: 400;\">, garantint les condicions d\u2019habitabilitat, higiene i ordre, <\/span><b>amb criteris de qualitat, seguretat i cura del medi ambient<\/b><span style=\"font-weight: 400;\">, i, si escau, tramitant la documentaci\u00f3 pertinent.<\/span><span style=\"font-weight: 400;\">\n<p><\/span><\/li>\n<li style=\"font-weight: 400;\" aria-level=\"1\"><b>Realitzar les intervencions relacionades amb l\u2019estat f\u00edsic<\/b><span style=\"font-weight: 400;\"> de les persones en situaci\u00f3 de depend\u00e8ncia, <\/span><b>seguint les pautes establertes<\/b><span style=\"font-weight: 400;\"> i mostrant en tot moment respecte per la seva intimitat.<\/span><\/li>\n<li style=\"font-weight: 400;\" aria-level=\"1\"><b>Realitzar els trasllats, mobilitzacions i suport a la deambulaci\u00f3<\/b><span style=\"font-weight: 400;\"> de les persones en situaci\u00f3 de depend\u00e8ncia, emprant <\/span><b>els protocols i les ajudes t\u00e8cniques necess\u00e0ries<\/b><span style=\"font-weight: 400;\"> i adoptant mesures de prevenci\u00f3 i seguretat.<\/span><\/li>\n<\/ul>\n<p style=\"font-size: 125%;\"><strong><u>De qu\u00e8 treballar\u00e0s<\/u>?<br \/>\n<\/strong><\/p>\n<ul class=\"A\">\n<li><span style=\"font-weight: 400;\">Podr\u00e0s treballar en el sector de <\/span><b>serveis a les persones<\/b><span style=\"font-weight: 400;\">, en <\/span><b>\u00e0rees assistencials, psicosocials i de suport a la gesti\u00f3 dom\u00e8stica<\/b><span style=\"font-weight: 400;\">.<\/span>\n<ul>\n<li style=\"font-weight: 400;\" aria-level=\"1\"><span style=\"font-weight: 400;\">Cuidador\/a de persones en situaci\u00f3 de depend\u00e8ncia en diferents institucions i\/o domicilis.<\/span><span style=\"font-weight: 400;\"><br \/>\n<\/span><\/li>\n<li style=\"font-weight: 400;\" aria-level=\"1\"><span style=\"font-weight: 400;\">Governant\/a i subgovernant\/a de persones en situaci\u00f3 de depend\u00e8ncia en institucions.<\/span><span style=\"font-weight: 400;\"><br \/>\n<\/span><\/li>\n<li style=\"font-weight: 400;\" aria-level=\"1\"><span style=\"font-weight: 400;\">Auxiliar responsable de planta de resid\u00e8ncies de gent gran i persones amb discapacitat.<\/span><span style=\"font-weight: 400;\"><br \/>\n<\/span><\/li>\n<li style=\"font-weight: 400;\" aria-level=\"1\"><span style=\"font-weight: 400;\">Auxiliar d\u2019ajuda a domicili.<\/span><span style=\"font-weight: 400;\"><br \/>\n<\/span><\/li>\n<li style=\"font-weight: 400;\" aria-level=\"1\"><span style=\"font-weight: 400;\">Assistent\/a d\u2019atenci\u00f3 domicili\u00e0ria.<\/span><span style=\"font-weight: 400;\"><br \/>\n<\/span><\/li>\n<li style=\"font-weight: 400;\" aria-level=\"1\"><span style=\"font-weight: 400;\">Treballador\/a familiar.<\/span><span style=\"font-weight: 400;\"><br \/>\n<\/span><\/li>\n<li style=\"font-weight: 400;\" aria-level=\"1\"><span style=\"font-weight: 400;\">Auxiliar d\u2019educaci\u00f3 especial.<\/span><span style=\"font-weight: 400;\"><br \/>\n<\/span><\/li>\n<li style=\"font-weight: 400;\" aria-level=\"1\"><span style=\"font-weight: 400;\">Assistent\/a personal.<\/span><span style=\"font-weight: 400;\"><br \/>\n<\/span><\/li>\n<li style=\"font-weight: 400;\" aria-level=\"1\"><span style=\"font-weight: 400;\">Teleoperador\/a de teleassist\u00e8ncia.<\/span><\/li>\n<\/ul>\n<\/li>\n<\/ul>\n<p><strong style=\"font-size: 20px;\"><u><b>O continuar amb la teva formaci\u00f3<\/b><\/u><\/strong><\/p>\n<ul>\n<li style=\"font-weight: 400;\" aria-level=\"1\"><span style=\"font-weight: 400;\">Un altre cicle de Formaci\u00f3 Professional, amb la possibilitat de convalidar m\u00f2duls segons la normativa vigent.<\/span><\/li>\n<li style=\"font-weight: 400;\" aria-level=\"1\"><span style=\"font-weight: 400;\">El Batxillerat, en qualsevol de les seves modalitats.<\/span><\/li>\n<\/ul>\n<p style=\"font-size: 125%;\"><strong><u>Relaci\u00f3 de m\u00f2duls professionals:<\/u><\/strong><\/p>\n<ul>\n<li style=\"font-weight: 400;\" aria-level=\"1\"><span style=\"font-weight: 400;\">0210. Organitzaci\u00f3 de l\u2019atenci\u00f3 a les persones en situaci\u00f3 de depend\u00e8ncia<\/span><\/li>\n<li style=\"font-weight: 400;\" aria-level=\"1\"><span style=\"font-weight: 400;\">0211. Destreses socials<\/span><\/li>\n<li style=\"font-weight: 400;\" aria-level=\"1\"><span style=\"font-weight: 400;\">0212. Caracter\u00edstiques i necessitats de les persones en situaci\u00f3 de depend\u00e8ncia<\/span><\/li>\n<li style=\"font-weight: 400;\" aria-level=\"1\"><span style=\"font-weight: 400;\">0213. Atenci\u00f3 i suport psicosocial<\/span><\/li>\n<li style=\"font-weight: 400;\" aria-level=\"1\"><span style=\"font-weight: 400;\">0214. Suport en la comunicaci\u00f3<\/span><\/li>\n<li style=\"font-weight: 400;\" aria-level=\"1\"><span style=\"font-weight: 400;\">0215. Suport domiciliari<\/span><\/li>\n<li style=\"font-weight: 400;\" aria-level=\"1\"><span style=\"font-weight: 400;\">0216. Atenci\u00f3 sanit\u00e0ria<\/span><\/li>\n<li style=\"font-weight: 400;\" aria-level=\"1\"><span style=\"font-weight: 400;\">0217. Atenci\u00f3 higi\u00e8nica<\/span><\/li>\n<li style=\"font-weight: 400;\" aria-level=\"1\"><span style=\"font-weight: 400;\">0831. Teleassist\u00e8ncia<\/span><\/li>\n<li style=\"font-weight: 400;\" aria-level=\"1\"><span style=\"font-weight: 400;\">0020. Primers auxilis<\/span><\/li>\n<li style=\"font-weight: 400;\" aria-level=\"1\"><span style=\"font-weight: 400;\">C056. Catal\u00e0<\/span><\/li>\n<li style=\"font-weight: 400;\" aria-level=\"1\"><span style=\"font-weight: 400;\">0156. Angl\u00e8s professional<\/span><\/li>\n<li style=\"font-weight: 400;\" aria-level=\"1\"><span style=\"font-weight: 400;\">1664. Digitalitzaci\u00f3 aplicada als sectors productius<\/span><\/li>\n<li style=\"font-weight: 400;\" aria-level=\"1\"><span style=\"font-weight: 400;\">1708. Sostenibilitat aplicada al sistema productiu<\/span><\/li>\n<li style=\"font-weight: 400;\" aria-level=\"1\"><span style=\"font-weight: 400;\">1709. Itinerari personal per a l\u2019ocupabilitat I<\/span><\/li>\n<li style=\"font-weight: 400;\" aria-level=\"1\"><span style=\"font-weight: 400;\">1710. Itinerari personal per a l\u2019ocupabilitat II<\/span><\/li>\n<li style=\"font-weight: 400;\" aria-level=\"1\"><span style=\"font-weight: 400;\">1713. Projecte intermodular<\/span><\/li>\n<li style=\"font-weight: 400;\" aria-level=\"1\"><span style=\"font-weight: 400;\">0018. Intervenci\u00f3 amb fam\u00edlies i atenci\u00f3 als infants en risc social.<\/span><\/li>\n<\/ul>\n","protected":false},"excerpt":{"rendered":"<p>L\u2019objectiu d\u2019aquest cicle \u00e9s capacitar a l\u2019alumnat per atendre les persones en situaci\u00f3 de depend\u00e8ncia, en l\u2019\u00e0mbit domiciliari i institucional, per tal de mantenir i millorar la seva qualitat de vida, realitzant activitats assistencials, no sanit\u00e0ries, psicosocials i de suport a la gesti\u00f3 dom\u00e8stica, aplicant mesures i normes de prevenci\u00f3 i seguretat i derivant a [&hellip;]<\/p>\n","protected":false},"author":1,"featured_media":0,"parent":8961,"menu_order":0,"comment_status":"closed","ping_status":"closed","template":"","meta":{"_bbp_topic_count":0,"_bbp_reply_count":0,"_bbp_total_topic_count":0,"_bbp_total_reply_count":0,"_bbp_voice_count":0,"_bbp_anonymous_reply_count":0,"_bbp_topic_count_hidden":0,"_bbp_reply_count_hidden":0,"_bbp_forum_subforum_count":0,"site-sidebar-layout":"default","site-content-layout":"","ast-site-content-layout":"","site-content-style":"default","site-sidebar-style":"default","ast-global-header-display":"","ast-banner-title-visibility":"","ast-main-header-display":"","ast-hfb-above-header-display":"","ast-hfb-below-header-display":"","ast-hfb-mobile-header-display":"","site-post-title":"","ast-breadcrumbs-content":"","ast-featured-img":"","footer-sml-layout":"","theme-transparent-header-meta":"","adv-header-id-meta":"","stick-header-meta":"","header-above-stick-meta":"","header-main-stick-meta":"","header-below-stick-meta":"","astra-migrate-meta-layouts":"default","ast-page-background-enabled":"default","ast-page-background-meta":{"desktop":{"background-color":"var(--ast-global-color-4)","background-image":"","background-repeat":"repeat","background-position":"center center","background-size":"auto","background-attachment":"scroll","background-type":"","background-media":"","overlay-type":"","overlay-color":"","overlay-opacity":"","overlay-gradient":""},"tablet":{"background-color":"","background-image":"","background-repeat":"repeat","background-position":"center center","background-size":"auto","background-attachment":"scroll","background-type":"","background-media":"","overlay-type":"","overlay-color":"","overlay-opacity":"","overlay-gradient":""},"mobile":{"background-color":"","background-image":"","background-repeat":"repeat","background-position":"center center","background-size":"auto","background-attachment":"scroll","background-type":"","background-media":"","overlay-type":"","overlay-color":"","overlay-opacity":"","overlay-gradient":""}},"ast-content-background-meta":{"desktop":{"background-color":"var(--ast-global-color-5)","background-image":"","background-repeat":"repeat","background-position":"center center","background-size":"auto","background-attachment":"scroll","background-type":"","background-media":"","overlay-type":"","overlay-color":"","overlay-opacity":"","overlay-gradient":""},"tablet":{"background-color":"var(--ast-global-color-5)","background-image":"","background-repeat":"repeat","background-position":"center center","background-size":"auto","background-attachment":"scroll","background-type":"","background-media":"","overlay-type":"","overlay-color":"","overlay-opacity":"","overlay-gradient":""},"mobile":{"background-color":"var(--ast-global-color-5)","background-image":"","background-repeat":"repeat","background-position":"center center","background-size":"auto","background-attachment":"scroll","background-type":"","background-media":"","overlay-type":"","overlay-color":"","overlay-opacity":"","overlay-gradient":""}},"footnotes":""},"class_list":["post-577","page","type-page","status-publish","hentry"],"post_mailing_queue_ids":[],"_links":{"self":[{"href":"https:\/\/agora.xtec.cat\/iestorreroja\/wp-json\/wp\/v2\/pages\/577","targetHints":{"allow":["GET"]}}],"collection":[{"href":"https:\/\/agora.xtec.cat\/iestorreroja\/wp-json\/wp\/v2\/pages"}],"about":[{"href":"https:\/\/agora.xtec.cat\/iestorreroja\/wp-json\/wp\/v2\/types\/page"}],"author":[{"embeddable":true,"href":"https:\/\/agora.xtec.cat\/iestorreroja\/wp-json\/wp\/v2\/users\/1"}],"replies":[{"embeddable":true,"href":"https:\/\/agora.xtec.cat\/iestorreroja\/wp-json\/wp\/v2\/comments?post=577"}],"version-history":[{"count":7,"href":"https:\/\/agora.xtec.cat\/iestorreroja\/wp-json\/wp\/v2\/pages\/577\/revisions"}],"predecessor-version":[{"id":11364,"href":"https:\/\/agora.xtec.cat\/iestorreroja\/wp-json\/wp\/v2\/pages\/577\/revisions\/11364"}],"up":[{"embeddable":true,"href":"https:\/\/agora.xtec.cat\/iestorreroja\/wp-json\/wp\/v2\/pages\/8961"}],"wp:attachment":[{"href":"https:\/\/agora.xtec.cat\/iestorreroja\/wp-json\/wp\/v2\/media?parent=577"}],"curies":[{"name":"wp","href":"https:\/\/api.w.org\/{rel}","templated":true}]}}