{"id":569,"date":"2021-10-18T10:21:44","date_gmt":"2021-10-18T08:21:44","guid":{"rendered":"http:\/\/agora.xtec.cat\/iestorreroja\/?page_id=569"},"modified":"2023-02-23T10:29:42","modified_gmt":"2023-02-23T09:29:42","slug":"gm-smx","status":"publish","type":"page","link":"https:\/\/agora.xtec.cat\/iestorreroja\/estudis\/fp\/cicles-formatius-de-grau-mitja-cfgm\/gm-smx\/","title":{"rendered":"CFGM Sistemes microinform\u00e0tics i xarxes"},"content":{"rendered":"<p>L&#8217;objectiu d&#8217;aquest cicle \u00e9s capacitar a l&#8217;alumne a a instal\u00b7lar, configurar i mantenir sistemes microinform\u00e0tics, a\u00efllats o en xarxa, aix\u00ed com xarxes locals en petits entorns, assegurant la seva funcionalitat.<\/p>\n<p style=\"font-size: 125%;\"><strong><u>Informaci\u00f3 general:<\/u><\/strong><\/p>\n<ul class=\"A\">\n<li>Durada del Cicle Formatiu: 2000 hores. Dos cursos<\/li>\n<li>Formaci\u00f3 en Centres de Treball: 383 hores. (pr\u00e0ctiques en empreses que t&#8217;ajudaran\u00a0 a accedir al m\u00f3n laboral)<\/li>\n<li>Horari: Dos grups.- El 1r curs pel mat\u00ed\u00a0 (8:00 a 14:30) i el 2n curs per la tarde de dilluns a dijous de 15 a 20:55h i divendres de 15 a 17:45h<\/li>\n<\/ul>\n<p style=\"font-size: 125%;\"><strong><u>Compet\u00e8ncies professionals:<\/u><\/strong><\/p>\n<ul class=\"A\">\n<li style=\"list-style-type: none;\">\n<ul class=\"A\">\n<li style=\"list-style-type: none;\">\n<ul class=\"A\">\n<li>Muntar i configurar ordinadors i perif\u00e8rics.<\/li>\n<li>Instal\u00b7lar i configurar programari b\u00e0sic i d&#8217;aplicaci\u00f3.<\/li>\n<li>Instal\u00b7lar i configurar xarxes locals.<\/li>\n<li>Elaborar documentaci\u00f3 t\u00e8cnica i administrativa del sistema<\/li>\n<\/ul>\n<\/li>\n<\/ul>\n<\/li>\n<\/ul>\n<p style=\"font-size: 125%;\"><strong><u>De qu\u00e8 treballar\u00e0s<\/u>?<\/strong><\/p>\n<ul class=\"A\">\n<li>T\u00e8cnic de suport inform\u00e0tic.<\/li>\n<li>Operador de teleassist\u00e8ncia.<\/li>\n<li>Operador de sistemes.<\/li>\n<li>T\u00e8cnic en instal\u00b7laci\u00f3 i reparaci\u00f3 d&#8217;equips inform\u00e0tics.<\/li>\n<li>Reparador de perif\u00e8rics de sistemes microinform\u00e0tics.<\/li>\n<li>Comercial de microinform\u00e0tica.<\/li>\n<\/ul>\n<p style=\"font-size: 125%;\"><strong><u>Relaci\u00f3 de m\u00f2duls professionals:<\/u><\/strong><\/p>\n<table class=\"normal alignleft\" align=\"center\">\n<tbody>\n<tr>\n<td class=\"camp1\"><strong>M\u00f2dul professional<\/strong><\/td>\n<td class=\"camp1\"><strong>Curs <\/strong><\/td>\n<\/tr>\n<tr>\n<td class=\"normal\" colspan=\"1\"><strong>Muntatge i manteniment d&#8217;equips<\/strong><\/td>\n<td class=\"normal\" colspan=\"1\"><strong>Primer<\/strong><\/td>\n<\/tr>\n<tr>\n<td class=\"normal\" colspan=\"1\"><strong>Sistemes operatius monolloc<\/strong><\/td>\n<td class=\"normal\" colspan=\"1\"><strong>Primer<\/strong><\/td>\n<\/tr>\n<tr>\n<td class=\"normal\" colspan=\"1\"><strong>Aplicacions ofim\u00e0tiques<\/strong><\/td>\n<td class=\"normal\" colspan=\"1\"><strong>Primer<\/strong><\/td>\n<\/tr>\n<tr>\n<td class=\"normal\" colspan=\"1\"><strong>Xarxes locals<\/strong><\/td>\n<td class=\"normal\" colspan=\"1\"><strong>Primer <\/strong><\/td>\n<\/tr>\n<tr>\n<td class=\"normal\" colspan=\"1\"><strong>Angl\u00e8s<\/strong><\/td>\n<td class=\"normal\" colspan=\"1\"><strong>Primer<\/strong><\/td>\n<\/tr>\n<tr>\n<td class=\"normal\" colspan=\"1\"><strong>FOL<\/strong><\/td>\n<td class=\"normal\" colspan=\"1\"><strong>Primer<\/strong><\/td>\n<\/tr>\n<tr>\n<td class=\"normal\" colspan=\"1\"><strong>EiE<\/strong><\/td>\n<td class=\"normal\" colspan=\"1\"><strong><strong>Primer<\/strong><\/strong><\/td>\n<\/tr>\n<tr>\n<td class=\"normal\" colspan=\"1\"><strong>Sistemes operatius en xarxa<\/strong><\/td>\n<td class=\"normal\" colspan=\"1\"><strong><strong>Segon<\/strong><\/strong><\/td>\n<\/tr>\n<tr>\n<td class=\"normal\" colspan=\"1\"><strong>Seguretat inform\u00e0tica<\/strong><\/td>\n<td class=\"normal\" colspan=\"1\"><strong><strong>Segon<\/strong><\/strong><\/td>\n<\/tr>\n<tr>\n<td class=\"normal\" colspan=\"1\"><strong>Serveis en xarxa<\/strong><\/td>\n<td class=\"normal\" colspan=\"1\"><strong><strong>Segon<\/strong><\/strong><\/td>\n<\/tr>\n<tr>\n<td class=\"normal\" colspan=\"1\"><strong>Aplicacions web<\/strong><\/td>\n<td class=\"normal\" colspan=\"1\"><strong>Segon<\/strong><\/td>\n<\/tr>\n<tr>\n<td class=\"normal\" colspan=\"1\"><strong>S\u00edntesi<\/strong><\/td>\n<td class=\"normal\" colspan=\"1\"><strong>Segon<\/strong><\/td>\n<\/tr>\n<tr>\n<td class=\"normal\" colspan=\"1\"><strong>FCT<\/strong><\/td>\n<td class=\"normal\" colspan=\"1\"><strong>Segon<\/strong><\/td>\n<\/tr>\n<\/tbody>\n<\/table>\n","protected":false},"excerpt":{"rendered":"<p>L&#8217;objectiu d&#8217;aquest cicle \u00e9s capacitar a l&#8217;alumne a a instal\u00b7lar, configurar i mantenir sistemes microinform\u00e0tics, a\u00efllats o en xarxa, aix\u00ed com xarxes locals en petits entorns, assegurant la seva funcionalitat. Informaci\u00f3 general: Durada del Cicle Formatiu: 2000 hores. Dos cursos Formaci\u00f3 en Centres de Treball: 383 hores. (pr\u00e0ctiques en empreses que t&#8217;ajudaran\u00a0 a accedir al [&hellip;]<\/p>\n","protected":false},"author":1,"featured_media":0,"parent":8961,"menu_order":0,"comment_status":"closed","ping_status":"closed","template":"","meta":{"_bbp_topic_count":0,"_bbp_reply_count":0,"_bbp_total_topic_count":0,"_bbp_total_reply_count":0,"_bbp_voice_count":0,"_bbp_anonymous_reply_count":0,"_bbp_topic_count_hidden":0,"_bbp_reply_count_hidden":0,"_bbp_forum_subforum_count":0,"site-sidebar-layout":"default","site-content-layout":"","ast-site-content-layout":"","site-content-style":"default","site-sidebar-style":"default","ast-global-header-display":"","ast-banner-title-visibility":"","ast-main-header-display":"","ast-hfb-above-header-display":"","ast-hfb-below-header-display":"","ast-hfb-mobile-header-display":"","site-post-title":"","ast-breadcrumbs-content":"","ast-featured-img":"","footer-sml-layout":"","theme-transparent-header-meta":"","adv-header-id-meta":"","stick-header-meta":"","header-above-stick-meta":"","header-main-stick-meta":"","header-below-stick-meta":"","astra-migrate-meta-layouts":"default","ast-page-background-enabled":"default","ast-page-background-meta":{"desktop":{"background-color":"var(--ast-global-color-4)","background-image":"","background-repeat":"repeat","background-position":"center center","background-size":"auto","background-attachment":"scroll","background-type":"","background-media":"","overlay-type":"","overlay-color":"","overlay-opacity":"","overlay-gradient":""},"tablet":{"background-color":"","background-image":"","background-repeat":"repeat","background-position":"center center","background-size":"auto","background-attachment":"scroll","background-type":"","background-media":"","overlay-type":"","overlay-color":"","overlay-opacity":"","overlay-gradient":""},"mobile":{"background-color":"","background-image":"","background-repeat":"repeat","background-position":"center center","background-size":"auto","background-attachment":"scroll","background-type":"","background-media":"","overlay-type":"","overlay-color":"","overlay-opacity":"","overlay-gradient":""}},"ast-content-background-meta":{"desktop":{"background-color":"var(--ast-global-color-5)","background-image":"","background-repeat":"repeat","background-position":"center center","background-size":"auto","background-attachment":"scroll","background-type":"","background-media":"","overlay-type":"","overlay-color":"","overlay-opacity":"","overlay-gradient":""},"tablet":{"background-color":"var(--ast-global-color-5)","background-image":"","background-repeat":"repeat","background-position":"center center","background-size":"auto","background-attachment":"scroll","background-type":"","background-media":"","overlay-type":"","overlay-color":"","overlay-opacity":"","overlay-gradient":""},"mobile":{"background-color":"var(--ast-global-color-5)","background-image":"","background-repeat":"repeat","background-position":"center center","background-size":"auto","background-attachment":"scroll","background-type":"","background-media":"","overlay-type":"","overlay-color":"","overlay-opacity":"","overlay-gradient":""}},"footnotes":""},"class_list":["post-569","page","type-page","status-publish","hentry"],"post_mailing_queue_ids":[],"_links":{"self":[{"href":"https:\/\/agora.xtec.cat\/iestorreroja\/wp-json\/wp\/v2\/pages\/569","targetHints":{"allow":["GET"]}}],"collection":[{"href":"https:\/\/agora.xtec.cat\/iestorreroja\/wp-json\/wp\/v2\/pages"}],"about":[{"href":"https:\/\/agora.xtec.cat\/iestorreroja\/wp-json\/wp\/v2\/types\/page"}],"author":[{"embeddable":true,"href":"https:\/\/agora.xtec.cat\/iestorreroja\/wp-json\/wp\/v2\/users\/1"}],"replies":[{"embeddable":true,"href":"https:\/\/agora.xtec.cat\/iestorreroja\/wp-json\/wp\/v2\/comments?post=569"}],"version-history":[{"count":4,"href":"https:\/\/agora.xtec.cat\/iestorreroja\/wp-json\/wp\/v2\/pages\/569\/revisions"}],"predecessor-version":[{"id":8968,"href":"https:\/\/agora.xtec.cat\/iestorreroja\/wp-json\/wp\/v2\/pages\/569\/revisions\/8968"}],"up":[{"embeddable":true,"href":"https:\/\/agora.xtec.cat\/iestorreroja\/wp-json\/wp\/v2\/pages\/8961"}],"wp:attachment":[{"href":"https:\/\/agora.xtec.cat\/iestorreroja\/wp-json\/wp\/v2\/media?parent=569"}],"curies":[{"name":"wp","href":"https:\/\/api.w.org\/{rel}","templated":true}]}}