{"id":566,"date":"2021-10-18T10:16:19","date_gmt":"2021-10-18T08:16:19","guid":{"rendered":"http:\/\/agora.xtec.cat\/iestorreroja\/?page_id=566"},"modified":"2025-05-06T13:02:13","modified_gmt":"2025-05-06T11:02:13","slug":"gm-activitats-comercials","status":"publish","type":"page","link":"https:\/\/agora.xtec.cat\/iestorreroja\/estudis\/fp\/cicles-formatius-de-grau-mitja-cfgm\/gm-activitats-comercials\/","title":{"rendered":"CFGM Activitats comercials"},"content":{"rendered":"<p>L&#8217;objectiu d&#8217;aquest cicle \u00e9s capacitar a l&#8217;alumne en desenvolupar les activitats de distribuci\u00f3 i comercialitzaci\u00f3 de b\u00e9ns i\/o serveis, i en gestionar un petit establiment comercial, aplicant les normes de qualitat i seguretat establertes i respectant la legislaci\u00f3 vigent.<\/p>\n<p style=\"font-size: 125%;\"><strong><u>Informaci\u00f3 general:<\/u><\/strong><\/p>\n<ul class=\"A\">\n<li>Durada del Cicle Formatiu: 2000 hores. Dos cursos<\/li>\n<li>Formaci\u00f3 en Centres de Treball: 416 hores. (pr\u00e0ctiques en empreses que t&#8217;ajudaran\u00a0 a accedir al m\u00f3n laboral)<\/li>\n<li>Horari: 1r mat\u00ed (8:00 a 14:30)\u00a0 2n curs tarda\u00a0 (15 a 20:55h i divendres de 15 a 17:45h)<\/li>\n<li><strong>Modalitat DUAL<\/strong><\/li>\n<\/ul>\n<p style=\"font-size: 125%;\"><strong><u>Compet\u00e8ncies professionals:<\/u><\/strong><\/p>\n<ul class=\"A\">\n<li>Activitats de venda<\/li>\n<li>Activitats de gesti\u00f3 del petit comer\u00e7<\/li>\n<li>Organitzaci\u00f3 i gesti\u00f3 de magatzems<\/li>\n<li>Gesti\u00f3 comercial immobili\u00e0ria<\/li>\n<\/ul>\n<p style=\"font-size: 125%;\"><strong><u>De qu\u00e8 treballar\u00e0s?<\/u><\/strong><\/p>\n<ul class=\"A\">\n<li>Auxiliar administratiu<\/li>\n<li>Encarregat de botiga<\/li>\n<li>Depenent de botiga<\/li>\n<li>Representant comercial<\/li>\n<li>Cap de caixa<\/li>\n<li>Treballador d&#8217;atenci\u00f3 al client en la venda de productes o serveis<\/li>\n<li>Emmagatzemador\/a<\/li>\n<\/ul>\n<p style=\"font-size: 125%;\"><strong><u>Relaci\u00f3 de m\u00f2duls professionals:<\/u><\/strong><\/p>\n<p align=\"left\"><span style=\"font-family: Arial, serif;\">1226. M\u00e0rqueting en l&#8217;activitat comercial.<\/span><\/p>\n<p align=\"left\"><span style=\"font-family: Arial, serif;\">1227. Gesti\u00f3 d&#8217;un petit comer\u00e7.<\/span><\/p>\n<p align=\"left\"><span style=\"font-family: Arial, serif;\">1<\/span>228. T\u00e8cniques de magatzem.<\/p>\n<p align=\"left\"><span style=\"font-family: Arial, serif;\">1229. Gesti\u00f3 de compres.<\/span><\/p>\n<p align=\"left\"><span style=\"font-family: Arial, serif;\">1230. Venda t\u00e8cnica.<\/span><\/p>\n<p align=\"left\"><span style=\"font-family: Arial, serif;\">1231. Dinamitzaci\u00f3 del punt de venda.<\/span><\/p>\n<p align=\"left\"><span style=\"font-family: Arial, serif;\">1232. Processos de venda.<\/span><\/p>\n<p align=\"left\"><span style=\"font-family: Arial, serif;\">1233. Aplicacions inform\u00e0tiques per al comer\u00e7.<\/span><\/p>\n<p align=\"left\"><span style=\"color: #000000; font-family: Arial, serif;\">1234. Serveis d&#8217;atenci\u00f3 comercial.<\/span><\/p>\n<p align=\"left\"><span style=\"font-family: Arial, serif;\">1235. Comer\u00e7 electr\u00f2nic.<\/span><\/p>\n<p align=\"left\"><span style=\"font-family: Arial, serif;\">C056. Catal\u00e0 \/ Aran\u00e8s professional.<\/span><\/p>\n<p align=\"left\"><span style=\"font-family: Arial, serif;\">0156. Angl\u00e8s professional.<\/span><\/p>\n<p align=\"left\"><span style=\"font-family: Arial, serif;\">1664. Digitalitzaci\u00f3 aplicada als sectors productius.<\/span><\/p>\n<p align=\"left\"><span style=\"font-family: Arial, serif;\"><span style=\"color: #000000;\">1708. Sostenibilitat aplicada al sistema productiu.<\/span><\/span><\/p>\n<p align=\"left\"><span style=\"font-family: Arial, serif;\">1709. Itinerari personal per a l&#8217;ocupabilitat I.<\/span><\/p>\n<p align=\"left\"><span style=\"font-family: Arial, serif;\">1710. Itinerari personal per a l&#8217;ocupabilitat II.<\/span><\/p>\n<p align=\"justify\"><span style=\"font-family: Arial, serif;\"><span style=\"color: #000000;\">1713. Projecte intermodular.<\/span><\/span><\/p>\n<p align=\"left\"><span style=\"font-family: Arial, serif;\"><span>M\u00f2dul professional\u00a0<b>optatiu<\/b>:\u00a0<\/span><\/span>C020 Comercialitzaci\u00f3 de Moda i Complements<\/p>\n","protected":false},"excerpt":{"rendered":"<p>L&#8217;objectiu d&#8217;aquest cicle \u00e9s capacitar a l&#8217;alumne en desenvolupar les activitats de distribuci\u00f3 i comercialitzaci\u00f3 de b\u00e9ns i\/o serveis, i en gestionar un petit establiment comercial, aplicant les normes de qualitat i seguretat establertes i respectant la legislaci\u00f3 vigent. Informaci\u00f3 general: Durada del Cicle Formatiu: 2000 hores. Dos cursos Formaci\u00f3 en Centres de Treball: 416 [&hellip;]<\/p>\n","protected":false},"author":1,"featured_media":0,"parent":8961,"menu_order":0,"comment_status":"closed","ping_status":"closed","template":"","meta":{"_bbp_topic_count":0,"_bbp_reply_count":0,"_bbp_total_topic_count":0,"_bbp_total_reply_count":0,"_bbp_voice_count":0,"_bbp_anonymous_reply_count":0,"_bbp_topic_count_hidden":0,"_bbp_reply_count_hidden":0,"_bbp_forum_subforum_count":0,"site-sidebar-layout":"default","site-content-layout":"","ast-site-content-layout":"","site-content-style":"default","site-sidebar-style":"default","ast-global-header-display":"","ast-banner-title-visibility":"","ast-main-header-display":"","ast-hfb-above-header-display":"","ast-hfb-below-header-display":"","ast-hfb-mobile-header-display":"","site-post-title":"","ast-breadcrumbs-content":"","ast-featured-img":"","footer-sml-layout":"","theme-transparent-header-meta":"","adv-header-id-meta":"","stick-header-meta":"","header-above-stick-meta":"","header-main-stick-meta":"","header-below-stick-meta":"","astra-migrate-meta-layouts":"default","ast-page-background-enabled":"default","ast-page-background-meta":{"desktop":{"background-color":"var(--ast-global-color-4)","background-image":"","background-repeat":"repeat","background-position":"center center","background-size":"auto","background-attachment":"scroll","background-type":"","background-media":"","overlay-type":"","overlay-color":"","overlay-opacity":"","overlay-gradient":""},"tablet":{"background-color":"","background-image":"","background-repeat":"repeat","background-position":"center center","background-size":"auto","background-attachment":"scroll","background-type":"","background-media":"","overlay-type":"","overlay-color":"","overlay-opacity":"","overlay-gradient":""},"mobile":{"background-color":"","background-image":"","background-repeat":"repeat","background-position":"center center","background-size":"auto","background-attachment":"scroll","background-type":"","background-media":"","overlay-type":"","overlay-color":"","overlay-opacity":"","overlay-gradient":""}},"ast-content-background-meta":{"desktop":{"background-color":"var(--ast-global-color-5)","background-image":"","background-repeat":"repeat","background-position":"center center","background-size":"auto","background-attachment":"scroll","background-type":"","background-media":"","overlay-type":"","overlay-color":"","overlay-opacity":"","overlay-gradient":""},"tablet":{"background-color":"var(--ast-global-color-5)","background-image":"","background-repeat":"repeat","background-position":"center center","background-size":"auto","background-attachment":"scroll","background-type":"","background-media":"","overlay-type":"","overlay-color":"","overlay-opacity":"","overlay-gradient":""},"mobile":{"background-color":"var(--ast-global-color-5)","background-image":"","background-repeat":"repeat","background-position":"center center","background-size":"auto","background-attachment":"scroll","background-type":"","background-media":"","overlay-type":"","overlay-color":"","overlay-opacity":"","overlay-gradient":""}},"footnotes":""},"class_list":["post-566","page","type-page","status-publish","hentry"],"post_mailing_queue_ids":[],"_links":{"self":[{"href":"https:\/\/agora.xtec.cat\/iestorreroja\/wp-json\/wp\/v2\/pages\/566","targetHints":{"allow":["GET"]}}],"collection":[{"href":"https:\/\/agora.xtec.cat\/iestorreroja\/wp-json\/wp\/v2\/pages"}],"about":[{"href":"https:\/\/agora.xtec.cat\/iestorreroja\/wp-json\/wp\/v2\/types\/page"}],"author":[{"embeddable":true,"href":"https:\/\/agora.xtec.cat\/iestorreroja\/wp-json\/wp\/v2\/users\/1"}],"replies":[{"embeddable":true,"href":"https:\/\/agora.xtec.cat\/iestorreroja\/wp-json\/wp\/v2\/comments?post=566"}],"version-history":[{"count":5,"href":"https:\/\/agora.xtec.cat\/iestorreroja\/wp-json\/wp\/v2\/pages\/566\/revisions"}],"predecessor-version":[{"id":11500,"href":"https:\/\/agora.xtec.cat\/iestorreroja\/wp-json\/wp\/v2\/pages\/566\/revisions\/11500"}],"up":[{"embeddable":true,"href":"https:\/\/agora.xtec.cat\/iestorreroja\/wp-json\/wp\/v2\/pages\/8961"}],"wp:attachment":[{"href":"https:\/\/agora.xtec.cat\/iestorreroja\/wp-json\/wp\/v2\/media?parent=566"}],"curies":[{"name":"wp","href":"https:\/\/api.w.org\/{rel}","templated":true}]}}