{"id":5532,"date":"2022-04-01T19:35:20","date_gmt":"2022-04-01T17:35:20","guid":{"rendered":"http:\/\/agora.xtec.cat\/iestorreroja\/?page_id=5532"},"modified":"2026-04-09T12:55:30","modified_gmt":"2026-04-09T10:55:30","slug":"cicles-formatius-grau-superior","status":"publish","type":"page","link":"https:\/\/agora.xtec.cat\/iestorreroja\/secretaria\/preinscripcio-i-matricula\/cicles-formatius-grau-superior\/","title":{"rendered":"Cicles formatius grau superior 26-27"},"content":{"rendered":"<ul>\n<li style=\"list-style-type: none;\"><\/li>\n<\/ul>\n<h3><b>OFERTA CICLES FORMATIUS DE GRAU SUPERIOR<\/b><\/h3>\n<p><a href=\"https:\/\/agora.xtec.cat\/iestorreroja\/wp-content\/uploads\/usu1423\/2026\/03\/Captura-de-pantalla-2026-03-24-234926.jpg\"><img loading=\"lazy\" decoding=\"async\" class=\"alignnone size-full wp-image-12444\" src=\"https:\/\/agora.xtec.cat\/iestorreroja\/wp-content\/uploads\/usu1423\/2026\/03\/Captura-de-pantalla-2026-03-24-234926.jpg\" alt=\"\" width=\"787\" height=\"183\" srcset=\"https:\/\/agora.xtec.cat\/iestorreroja\/wp-content\/uploads\/usu1423\/2026\/03\/Captura-de-pantalla-2026-03-24-234926.jpg 787w, https:\/\/agora.xtec.cat\/iestorreroja\/wp-content\/uploads\/usu1423\/2026\/03\/Captura-de-pantalla-2026-03-24-234926-300x70.jpg 300w, https:\/\/agora.xtec.cat\/iestorreroja\/wp-content\/uploads\/usu1423\/2026\/03\/Captura-de-pantalla-2026-03-24-234926-768x179.jpg 768w\" sizes=\"auto, (max-width: 787px) 100vw, 787px\" \/><\/a><\/p>\n<h3><span style=\"font-weight: 400;\">PREINSCRIPCI\u00d3<\/span><\/h3>\n<p><span style=\"font-weight: 400;\">La preinscripci\u00f3 de l\u2019alumnat <\/span><b>de CF Grau Superior <\/b><span style=\"font-weight: 400;\">pel curs <\/span><b>2025-2026<\/b><span style=\"font-weight: 400;\">\u00a0es far\u00e0 del <\/span><b>26 de maig a l&#8217;1 de juny de 2026.\u00a0<\/b><\/p>\n<p><a href=\"https:\/\/agora.xtec.cat\/iestorreroja\/general\/consulta-les-notes-de-tall-dels-cicles-del-curs-25-26\/\">Aqu\u00ed podeu consultar les notes de tall del curs passat.<\/a><\/p>\n<p><span style=\"font-weight: 400;\">Una vegada publicada la llista d\u2019admesos, l\u2019alumnat adm\u00e8s rebr\u00e0 un correu electr\u00f2nic amb la documentaci\u00f3 i instruccions per fer la matr\u00edcula, <\/span><b>al correu que vau facilitar a la sol\u00b7licitud de preinscripci\u00f3.<\/b><\/p>\n<h3><b>CALENDARI DE PREINSCRIPCI\u00d3 CF GRAU SUPERIOR CURS 2026-2027<\/b><\/h3>\n<ul>\n<li aria-level=\"3\">Portes obertes: <strong>21 de maig de 2026 a les 18h<\/strong>.<\/li>\n<li style=\"font-weight: 400;\" aria-level=\"3\"><span style=\"font-weight: 400;\">Difusi\u00f3 de l\u2019oferta inicial: <\/span><b>22<\/b>\u00a0<b>de maig de 2026.\u00a0<\/b><\/li>\n<li style=\"font-weight: 400;\" aria-level=\"3\"><span style=\"font-weight: 400;\">Preinscripci\u00f3 Cicles formatius Grau Mitj\u00e0: del <\/span><b>26 de maig a l&#8217;1 de juny de 2026<\/b>\u00a0\u00a0<a href=\"https:\/\/preinscripcio.gencat.cat\/ca\/estudis\/fp-grau-superior\/inici\/\"><span style=\"font-weight: 400;\">Acc\u00e9s preinscripci\u00f3 CF Grau Superior gencat<\/span><\/a> <span style=\"font-weight: 400;\">\u00a0(\u00c9s molt important respectar-ne les dates, perqu\u00e8 a l&#8217;hora d&#8217;obtenir una pla\u00e7a en un centre).<\/span><\/li>\n<li style=\"font-weight: 400;\" aria-level=\"3\"><span style=\"font-weight: 400;\">Publicaci\u00f3 de les llistes provisionals de preinscripcions admeses i excloses:<\/span><b> 29 de juny de 2026<\/b><\/li>\n<li style=\"font-weight: 400;\" aria-level=\"3\"><span style=\"font-weight: 400;\">Presentaci\u00f3 de reclamacions (en cas que es detecti alguna errada en les dades o no s&#8217;estigui d&#8217;acord amb la puntuaci\u00f3 assignada):<\/span><b> del 29\u00a0 de juny al 2 de juliol de 2026.\u00a0<\/b><\/li>\n<li style=\"font-weight: 400;\" aria-level=\"3\"><span style=\"font-weight: 400;\">Publicaci\u00f3 de les llistes amb resoluci\u00f3 de reclamacions:<\/span><b> 7 de juliol de 2026.<\/b><\/li>\n<li style=\"font-weight: 400;\" aria-level=\"3\"><span style=\"font-weight: 400;\">Sorteig p\u00fablic:<\/span><b> 6 de juliol a les 11 hores<\/b><span style=\"font-weight: 400;\">, als serveis centrals del Departament d&#8217;Educaci\u00f3<\/span><\/li>\n<li style=\"font-weight: 400;\" aria-level=\"3\">Publicaci\u00f3 de l&#8217;oferta final:\u00a0<b>10<\/b><span style=\"font-size: 16px; font-style: normal; font-weight: 400;\">\u00a0<\/span><b>de juliol de 2026<\/b><\/li>\n<li style=\"font-weight: 400;\" aria-level=\"3\"><span style=\"font-weight: 400;\">Publicaci\u00f3 de la llista de primera assignaci\u00f3: <\/span><b>10 de juliol de 2026. Confirmar matr\u00edcula fins el 14 de juliol de 2026.<\/b><\/li>\n<li style=\"font-weight: 400;\" aria-level=\"3\"><b>Matr\u00edcula online <\/b>alumnes admesos en <span style=\"color: #ff0000;\">primera assignaci\u00f3<\/span><span style=\"font-weight: 400;\"><span style=\"color: #ff0000;\">:<\/span> del <strong>10<\/strong><\/span><b> al 16 de juliol de 2026.<\/b><\/li>\n<li style=\"font-weight: 400;\" aria-level=\"3\"><span style=\"font-weight: 400;\">Publicaci\u00f3 de la llista de segona assignaci\u00f3:<\/span><b> 24 de juliol de 2025. Confirmar matr\u00edcula fins el 28 de juliol de 2026.<\/b><\/li>\n<li style=\"font-weight: 400;\" aria-level=\"3\"><b>Matr\u00edcula online <\/b>alumnes admesos en <span style=\"color: #ff0000;\">segona assignaci\u00f3<\/span><span style=\"font-weight: 400;\"><span style=\"color: #ff0000;\">:<\/span> <strong>del 24<\/strong><\/span><b> al 29 de juliol de 2026.<\/b><\/li>\n<\/ul>\n<ul>\n<li style=\"font-weight: 400;\" aria-level=\"1\"><\/li>\n<\/ul>\n<h3><\/h3>\n<h3><b>PUNTS DE SUPORT PER A LA PREINSCRIPCI\u00d3 CURS 26-27<\/b><\/h3>\n<p><span style=\"font-weight: 400;\">Durant el per\u00edode de preinscripci\u00f3 per als cicles formatius per al curs 2026-2027, l\u2019institut refor\u00e7ar\u00e0 el suport a les fam\u00edlies a:<\/span><\/p>\n<ul>\n<li style=\"font-weight: 400;\" aria-level=\"1\"><b>Secretaria<\/b><span style=\"font-weight: 400;\"> Torre Roja cita pr\u00e8via a trav\u00e9s d&#8217;un enlla\u00e7 que es publicar\u00e0 al web, per tel\u00e8fon al 936373700 o per correu electr\u00f2nic a preinscripcio_matricula@torreroja.cat (atenci\u00f3 en horari de secretaria de l&#8217;Institut).<\/span><\/li>\n<\/ul>\n<p><b>COM POTS DIGITALITZAR ELS DOCUMENTS EN L\u00cdNIA?<\/b><a href=\"https:\/\/www.youtube.com\/watch?v=NF__CTwHy3Y\"><span style=\"font-weight: 400;\">\u00a0<\/span><\/a><\/p>\n<p><a href=\"https:\/\/www.youtube.com\/watch?v=kAm26LWm51U\"><span style=\"font-weight: 400;\" data-rich-links=\"{&quot;fple-t&quot;:&quot;Saps com digitalitzar documents per als tr\u00e0mits en l\u00ednia (2023)&quot;,&quot;fple-u&quot;:&quot;https:\/\/www.youtube.com\/watch?v=kAm26LWm51U&quot;,&quot;fple-mt&quot;:null,&quot;type&quot;:&quot;first-party-link&quot;}\">Saps com digitalitzar documents per als tr\u00e0mits en l\u00ednia (2023)<\/span><\/a><\/p>\n<p><b>COM PODEU OBTENIR L&#8217;idCAT M\u00f2bil CERTIFICAT?<\/b><span style=\"font-weight: 400;\">\u00a0<\/span><\/p>\n<p><a href=\"https:\/\/web.gencat.cat\/ca\/tramits\/com-tramitar-en-linia\/identificacio-digital\/id-cat-mobil\/\"><span style=\"font-weight: 400;\">IdCAT M\u00f2bil. gencat.cat<\/span><\/a><\/p>\n<p>&nbsp;<\/p>\n<p><span style=\"font-weight: 400;\">\u00a0<\/span><\/p>\n<p><b>TAXES I PREUS P\u00daBLICS (aquests preus s\u00f3n els estipulats pel Departament d&#8217;Educaci\u00f3 pel curs 2024-2025, estem a l&#8217;espera de l&#8217;actualitzaci\u00f3 pel curs 2025-2026):<\/b><\/p>\n<p><span style=\"font-weight: 400;\">\u2013 Matr\u00edcula dels cicles de grau superior de formaci\u00f3 professional (LOE) impartits en els centres dependents del Departament d\u2019Ensenyament:<\/span><\/p>\n<ul>\n<li style=\"font-weight: 400;\" aria-level=\"1\"><span style=\"font-weight: 400;\">per curs: 360 euros<\/span><\/li>\n<li style=\"font-weight: 400;\" aria-level=\"1\"><span style=\"font-weight: 400;\">per unitat formativa: 25 euros<\/span><\/li>\n<li style=\"font-weight: 400;\" aria-level=\"1\"><span style=\"font-weight: 400;\">m\u00f2dul de formaci\u00f3 en centres de treball (FCT): 25 euros<\/span><\/li>\n<\/ul>\n<p><span style=\"font-weight: 400;\">\u2013 Matr\u00edcula dels cicles de grau superior de formaci\u00f3 professional (LOGSE) impartits en centres dependents del Departament d\u2019Ensenyament:<\/span><\/p>\n<ul>\n<li style=\"font-weight: 400;\" aria-level=\"1\"><span style=\"font-weight: 400;\">per curs: 360 euros<\/span><\/li>\n<li style=\"font-weight: 400;\" aria-level=\"1\"><span style=\"font-weight: 400;\">per cr\u00e8dit: 65 euros<\/span><\/li>\n<li style=\"font-weight: 400;\" aria-level=\"1\"><span style=\"font-weight: 400;\">m\u00f2dul de formaci\u00f3 en centres de treball (FCT): 65 euros<\/span><\/li>\n<li style=\"font-weight: 400;\" aria-level=\"1\"><span style=\"font-weight: 400;\">compleci\u00f3, per cr\u00e8dit: 20 euros<\/span><\/li>\n<\/ul>\n<p><span style=\"font-weight: 400;\">S\u2019estableix bonificaci\u00f3 del 50% per a les persones que en el curs acad\u00e8mic actual o en l\u2019anterior han obtingut una beca o un ajut a l\u2019estudi del Ministeri d\u2019Educaci\u00f3, Cultura i Esport i l\u2019exempci\u00f3 del pagament per a les persones subjectes a mesures privatives de llibertat, les persones membres d\u2019unitats familiars que percebin la renda m\u00ednima d\u2019inserci\u00f3 i les persones v\u00edctimes de viol\u00e8ncia de g\u00e8nere.<\/span><\/p>\n<p><a href=\"https:\/\/educacio.gencat.cat\/ca\/departament\/normativa\/taxes-preus-publics\/preu-public\/\"><span style=\"font-weight: 400;\">https:\/\/educacio.gencat.cat\/ca\/departament\/normativa\/taxes-preus-publics\/preu-public\/<\/span><\/a><\/p>\n","protected":false},"excerpt":{"rendered":"<p>OFERTA CICLES FORMATIUS DE GRAU SUPERIOR PREINSCRIPCI\u00d3 La preinscripci\u00f3 de l\u2019alumnat de CF Grau Superior pel curs 2025-2026\u00a0es far\u00e0 del 26 de maig a l&#8217;1 de juny de 2026.\u00a0 Aqu\u00ed podeu consultar les notes de tall del curs passat. Una vegada publicada la llista d\u2019admesos, l\u2019alumnat adm\u00e8s rebr\u00e0 un correu electr\u00f2nic amb la documentaci\u00f3 i [&hellip;]<\/p>\n","protected":false},"author":9,"featured_media":0,"parent":5478,"menu_order":0,"comment_status":"closed","ping_status":"closed","template":"","meta":{"_bbp_topic_count":0,"_bbp_reply_count":0,"_bbp_total_topic_count":0,"_bbp_total_reply_count":0,"_bbp_voice_count":0,"_bbp_anonymous_reply_count":0,"_bbp_topic_count_hidden":0,"_bbp_reply_count_hidden":0,"_bbp_forum_subforum_count":0,"site-sidebar-layout":"default","site-content-layout":"","ast-site-content-layout":"default","site-content-style":"default","site-sidebar-style":"default","ast-global-header-display":"","ast-banner-title-visibility":"","ast-main-header-display":"","ast-hfb-above-header-display":"","ast-hfb-below-header-display":"","ast-hfb-mobile-header-display":"","site-post-title":"","ast-breadcrumbs-content":"","ast-featured-img":"","footer-sml-layout":"","theme-transparent-header-meta":"default","adv-header-id-meta":"","stick-header-meta":"","header-above-stick-meta":"","header-main-stick-meta":"","header-below-stick-meta":"","astra-migrate-meta-layouts":"set","ast-page-background-enabled":"default","ast-page-background-meta":{"desktop":{"background-color":"var(--ast-global-color-4)","background-image":"","background-repeat":"repeat","background-position":"center center","background-size":"auto","background-attachment":"scroll","background-type":"","background-media":"","overlay-type":"","overlay-color":"","overlay-opacity":"","overlay-gradient":""},"tablet":{"background-color":"","background-image":"","background-repeat":"repeat","background-position":"center center","background-size":"auto","background-attachment":"scroll","background-type":"","background-media":"","overlay-type":"","overlay-color":"","overlay-opacity":"","overlay-gradient":""},"mobile":{"background-color":"","background-image":"","background-repeat":"repeat","background-position":"center center","background-size":"auto","background-attachment":"scroll","background-type":"","background-media":"","overlay-type":"","overlay-color":"","overlay-opacity":"","overlay-gradient":""}},"ast-content-background-meta":{"desktop":{"background-color":"var(--ast-global-color-5)","background-image":"","background-repeat":"repeat","background-position":"center center","background-size":"auto","background-attachment":"scroll","background-type":"","background-media":"","overlay-type":"","overlay-color":"","overlay-opacity":"","overlay-gradient":""},"tablet":{"background-color":"var(--ast-global-color-5)","background-image":"","background-repeat":"repeat","background-position":"center center","background-size":"auto","background-attachment":"scroll","background-type":"","background-media":"","overlay-type":"","overlay-color":"","overlay-opacity":"","overlay-gradient":""},"mobile":{"background-color":"var(--ast-global-color-5)","background-image":"","background-repeat":"repeat","background-position":"center center","background-size":"auto","background-attachment":"scroll","background-type":"","background-media":"","overlay-type":"","overlay-color":"","overlay-opacity":"","overlay-gradient":""}},"footnotes":""},"class_list":["post-5532","page","type-page","status-publish","hentry"],"post_mailing_queue_ids":[],"_links":{"self":[{"href":"https:\/\/agora.xtec.cat\/iestorreroja\/wp-json\/wp\/v2\/pages\/5532","targetHints":{"allow":["GET"]}}],"collection":[{"href":"https:\/\/agora.xtec.cat\/iestorreroja\/wp-json\/wp\/v2\/pages"}],"about":[{"href":"https:\/\/agora.xtec.cat\/iestorreroja\/wp-json\/wp\/v2\/types\/page"}],"author":[{"embeddable":true,"href":"https:\/\/agora.xtec.cat\/iestorreroja\/wp-json\/wp\/v2\/users\/9"}],"replies":[{"embeddable":true,"href":"https:\/\/agora.xtec.cat\/iestorreroja\/wp-json\/wp\/v2\/comments?post=5532"}],"version-history":[{"count":9,"href":"https:\/\/agora.xtec.cat\/iestorreroja\/wp-json\/wp\/v2\/pages\/5532\/revisions"}],"predecessor-version":[{"id":12576,"href":"https:\/\/agora.xtec.cat\/iestorreroja\/wp-json\/wp\/v2\/pages\/5532\/revisions\/12576"}],"up":[{"embeddable":true,"href":"https:\/\/agora.xtec.cat\/iestorreroja\/wp-json\/wp\/v2\/pages\/5478"}],"wp:attachment":[{"href":"https:\/\/agora.xtec.cat\/iestorreroja\/wp-json\/wp\/v2\/media?parent=5532"}],"curies":[{"name":"wp","href":"https:\/\/api.w.org\/{rel}","templated":true}]}}