{"id":5530,"date":"2021-02-12T19:32:51","date_gmt":"2021-02-12T18:32:51","guid":{"rendered":"http:\/\/agora.xtec.cat\/iestorreroja\/?page_id=5530"},"modified":"2026-04-09T12:54:22","modified_gmt":"2026-04-09T10:54:22","slug":"cicles-formatius-grau-mitja","status":"publish","type":"page","link":"https:\/\/agora.xtec.cat\/iestorreroja\/secretaria\/preinscripcio-i-matricula\/cicles-formatius-grau-mitja\/","title":{"rendered":"Cicles formatius grau mitj\u00e0 26-27"},"content":{"rendered":"<h3><b>OFERTA CICLES FORMATIUS DE GRAU MITJ\u00c0<\/b><\/h3>\n<table style=\"width: 46.059%; height: 165px;\">\n<tbody>\n<tr style=\"height: 33px;\">\n<td style=\"height: 33px;\"><b>CODI<\/b><\/td>\n<td style=\"height: 33px;\"><b>DENOMINACI\u00d3 CICLE<\/b><\/td>\n<td style=\"height: 33px;\"><b>FAM\u00cdLIA PROFESSIONAL<\/b><\/td>\n<\/tr>\n<tr style=\"height: 33px;\">\n<td style=\"height: 33px;\"><b>AG10<\/b><\/td>\n<td style=\"height: 33px;\"><span style=\"font-weight: 400;\">Gesti\u00f3 Administrativa<\/span><\/td>\n<td style=\"height: 33px;\"><span style=\"font-weight: 400;\">Administraci\u00f3 i gesti\u00f3<\/span><\/td>\n<\/tr>\n<tr style=\"height: 33px;\">\n<td style=\"height: 33px;\"><b>IC10<\/b><\/td>\n<td style=\"height: 33px;\"><span style=\"font-weight: 400;\">Sistemes microinform\u00e0tics i xarxes<\/span><\/td>\n<td style=\"height: 33px;\"><span style=\"font-weight: 400;\">Inform\u00e0tica i comunicacions<\/span><\/td>\n<\/tr>\n<tr style=\"height: 33px;\">\n<td style=\"height: 33px;\"><b>CM10<\/b><\/td>\n<td style=\"height: 33px;\"><span style=\"font-weight: 400;\">Activitats comercials<\/span><\/td>\n<td style=\"height: 33px;\"><span style=\"font-weight: 400;\">Comer\u00e7 i m\u00e0rqueting<\/span><\/td>\n<\/tr>\n<tr style=\"height: 33px;\">\n<td style=\"height: 33px;\"><b>SC10<\/b><\/td>\n<td style=\"height: 33px;\"><span style=\"font-weight: 400;\">Atenci\u00f3 a persones en situaci\u00f3 de depend\u00e8ncia<\/span><\/td>\n<td style=\"height: 33px;\"><span style=\"font-weight: 400;\">Serveis socioculturals i a la comunitat<\/span><\/td>\n<\/tr>\n<\/tbody>\n<\/table>\n<h3><b>PREINSCRIPCI\u00d3<\/b><\/h3>\n<p><span style=\"font-weight: 400;\">La preinscripci\u00f3 de l\u2019alumnat <\/span><b>de CF Grau Mitj\u00e0<\/b><span style=\"font-weight: 400;\"> pel curs <\/span><b>2026-2027<\/b><span style=\"font-weight: 400;\">\u00a0es far\u00e0 del <\/span><b>26 de maig a l&#8217;1 de juny de 2026, <span style=\"font-weight: 400;\">ambd\u00f3s inclosos. Es pot presentar la documentaci\u00f3 fins al 2 de juny de 2026.<\/span>\u00a0<\/b><\/p>\n<p>&nbsp;<\/p>\n<p><a href=\"https:\/\/agora.xtec.cat\/iestorreroja\/general\/consulta-les-notes-de-tall-dels-cicles-del-curs-25-26\/\">Aqu\u00ed podeu accedir a consultar les notes de tall del curs passat.<\/a><\/p>\n<p><b>Llegiu amb atenci\u00f3 l\u2019apartat INDICACIONS PER FER LES PREINSCRIPCIONS I MATR\u00cdCULA.<\/b><\/p>\n<h3><b>CALENDARI DE PREINSCRIPCI\u00d3 CF GRAU MITJ\u00c0 CURS 2026-2027<\/b><\/h3>\n<ul>\n<li style=\"list-style-type: none;\">\n<ul>\n<li style=\"font-weight: 400;\" aria-level=\"3\"><span style=\"font-weight: 400;\">Portes obertes: 7 de maig de 2026 a les 18:00h<\/span><\/li>\n<li style=\"font-weight: 400;\" aria-level=\"3\"><span style=\"font-weight: 400;\">Difusi\u00f3 de l\u2019oferta inicial: <\/span><b>22<\/b>\u00a0<b>de maig de 2026.\u00a0<\/b><\/li>\n<li style=\"font-weight: 400;\" aria-level=\"3\"><span style=\"font-weight: 400;\">Preinscripci\u00f3 Cicles formatius Grau Mitj\u00e0: del <\/span><b>26 de maig a l&#8217;1 de juny de 2026<\/b><a href=\"https:\/\/preinscripcio.gencat.cat\/ca\/estudis\/fp-grau-mitja\/inici\/\">\u00a0<b>Acc\u00e9s preinscripci\u00f3 CF Grau Mitj\u00e0 gencat<\/b><\/a><span style=\"font-weight: 400;\"> (\u00c9s molt important respectar-ne les dates, perqu\u00e8 a l&#8217;hora d&#8217;obtenir una pla\u00e7a en un centre).<\/span><\/li>\n<li style=\"font-weight: 400;\" aria-level=\"3\"><span style=\"font-weight: 400;\">Publicaci\u00f3 de les llistes provisionals de preinscripcions admeses i excloses:<\/span><b> 29 de juny de 2026<\/b><\/li>\n<li style=\"font-weight: 400;\" aria-level=\"3\"><span style=\"font-weight: 400;\">Presentaci\u00f3 de reclamacions (en cas que es detecti alguna errada en les dades o no s&#8217;estigui d&#8217;acord amb la puntuaci\u00f3 assignada):<\/span><b> del 29\u00a0 de juny al 2 de juliol de 2026.\u00a0<\/b><\/li>\n<li style=\"font-weight: 400;\" aria-level=\"3\"><span style=\"font-weight: 400;\">Publicaci\u00f3 de les llistes amb resoluci\u00f3 de reclamacions:<\/span><b> 6 de juliol de 2026.<\/b><\/li>\n<li style=\"font-weight: 400;\" aria-level=\"3\"><span style=\"font-weight: 400;\">Sorteig p\u00fablic:<\/span><b> 6 de juliol a les 11 hores<\/b><span style=\"font-weight: 400;\">, als serveis centrals del Departament d&#8217;Educaci\u00f3<\/span><\/li>\n<li style=\"font-weight: 400;\" aria-level=\"3\"><span style=\"font-weight: 400;\">Publicaci\u00f3 de l&#8217;oferta final:\u00a0<\/span><b>10<\/b>\u00a0<b>de juliol de 2026<\/b><\/li>\n<li style=\"font-weight: 400;\" aria-level=\"3\"><span style=\"font-weight: 400;\">Publicaci\u00f3 de la llista de primera assignaci\u00f3: <\/span><b>10 de juliol de 2026. Confirmaci\u00f3 de pla\u00e7a fins el 14 de juliol de 2026.<\/b><\/li>\n<li style=\"font-weight: 400;\" aria-level=\"3\"><b>Matr\u00edcula online <\/b>alumnes admesos en <span style=\"color: #ff0000;\">primera assignaci\u00f3<\/span><span style=\"font-weight: 400;\"><span style=\"color: #ff0000;\">:<\/span> del <strong>10<\/strong><\/span><b> al 16 de juliol de 2026<\/b><\/li>\n<li style=\"font-weight: 400;\" aria-level=\"3\"><span style=\"font-weight: 400;\">Publicaci\u00f3 de la llista de segona assignaci\u00f3:<\/span><b> 24 de juliol de 2026. Confirmaci\u00f3 de pla\u00e7a fins el 28 de juliol de 2026.<\/b><\/li>\n<li style=\"font-weight: 400;\" aria-level=\"3\"><b>Matr\u00edcula online <\/b>alumnes admesos en <span style=\"color: #ff0000;\">segona assignaci\u00f3<\/span><span style=\"font-weight: 400;\"><span style=\"color: #ff0000;\">:<\/span> <strong>del 24<\/strong><\/span><b> al 29 de juliol de 2026.<\/b><\/li>\n<\/ul>\n<\/li>\n<\/ul>\n<p><i><span style=\"font-weight: 400;\">M\u00e9s informaci\u00f3 al web del <\/span><\/i><a href=\"https:\/\/preinscripcio.gencat.cat\/ca\/estudis\/eso\/inici\/\" target=\"_blank\" rel=\"noopener\"><i><span style=\"font-weight: 400;\">Departament d\u2019Educaci\u00f3<\/span><\/i><\/a><\/p>\n<p>&nbsp;<\/p>\n<p>&nbsp;<\/p>\n<p>&nbsp;<\/p>\n","protected":false},"excerpt":{"rendered":"<p>OFERTA CICLES FORMATIUS DE GRAU MITJ\u00c0 CODI DENOMINACI\u00d3 CICLE FAM\u00cdLIA PROFESSIONAL AG10 Gesti\u00f3 Administrativa Administraci\u00f3 i gesti\u00f3 IC10 Sistemes microinform\u00e0tics i xarxes Inform\u00e0tica i comunicacions CM10 Activitats comercials Comer\u00e7 i m\u00e0rqueting SC10 Atenci\u00f3 a persones en situaci\u00f3 de depend\u00e8ncia Serveis socioculturals i a la comunitat PREINSCRIPCI\u00d3 La preinscripci\u00f3 de l\u2019alumnat de CF Grau Mitj\u00e0 pel [&hellip;]<\/p>\n","protected":false},"author":9,"featured_media":0,"parent":5478,"menu_order":0,"comment_status":"closed","ping_status":"closed","template":"","meta":{"_bbp_topic_count":0,"_bbp_reply_count":0,"_bbp_total_topic_count":0,"_bbp_total_reply_count":0,"_bbp_voice_count":0,"_bbp_anonymous_reply_count":0,"_bbp_topic_count_hidden":0,"_bbp_reply_count_hidden":0,"_bbp_forum_subforum_count":0,"site-sidebar-layout":"default","site-content-layout":"","ast-site-content-layout":"default","site-content-style":"default","site-sidebar-style":"default","ast-global-header-display":"","ast-banner-title-visibility":"","ast-main-header-display":"","ast-hfb-above-header-display":"","ast-hfb-below-header-display":"","ast-hfb-mobile-header-display":"","site-post-title":"","ast-breadcrumbs-content":"","ast-featured-img":"","footer-sml-layout":"","theme-transparent-header-meta":"default","adv-header-id-meta":"","stick-header-meta":"","header-above-stick-meta":"","header-main-stick-meta":"","header-below-stick-meta":"","astra-migrate-meta-layouts":"set","ast-page-background-enabled":"default","ast-page-background-meta":{"desktop":{"background-color":"var(--ast-global-color-4)","background-image":"","background-repeat":"repeat","background-position":"center center","background-size":"auto","background-attachment":"scroll","background-type":"","background-media":"","overlay-type":"","overlay-color":"","overlay-opacity":"","overlay-gradient":""},"tablet":{"background-color":"","background-image":"","background-repeat":"repeat","background-position":"center center","background-size":"auto","background-attachment":"scroll","background-type":"","background-media":"","overlay-type":"","overlay-color":"","overlay-opacity":"","overlay-gradient":""},"mobile":{"background-color":"","background-image":"","background-repeat":"repeat","background-position":"center center","background-size":"auto","background-attachment":"scroll","background-type":"","background-media":"","overlay-type":"","overlay-color":"","overlay-opacity":"","overlay-gradient":""}},"ast-content-background-meta":{"desktop":{"background-color":"var(--ast-global-color-5)","background-image":"","background-repeat":"repeat","background-position":"center center","background-size":"auto","background-attachment":"scroll","background-type":"","background-media":"","overlay-type":"","overlay-color":"","overlay-opacity":"","overlay-gradient":""},"tablet":{"background-color":"var(--ast-global-color-5)","background-image":"","background-repeat":"repeat","background-position":"center center","background-size":"auto","background-attachment":"scroll","background-type":"","background-media":"","overlay-type":"","overlay-color":"","overlay-opacity":"","overlay-gradient":""},"mobile":{"background-color":"var(--ast-global-color-5)","background-image":"","background-repeat":"repeat","background-position":"center center","background-size":"auto","background-attachment":"scroll","background-type":"","background-media":"","overlay-type":"","overlay-color":"","overlay-opacity":"","overlay-gradient":""}},"footnotes":""},"class_list":["post-5530","page","type-page","status-publish","hentry"],"post_mailing_queue_ids":[],"_links":{"self":[{"href":"https:\/\/agora.xtec.cat\/iestorreroja\/wp-json\/wp\/v2\/pages\/5530","targetHints":{"allow":["GET"]}}],"collection":[{"href":"https:\/\/agora.xtec.cat\/iestorreroja\/wp-json\/wp\/v2\/pages"}],"about":[{"href":"https:\/\/agora.xtec.cat\/iestorreroja\/wp-json\/wp\/v2\/types\/page"}],"author":[{"embeddable":true,"href":"https:\/\/agora.xtec.cat\/iestorreroja\/wp-json\/wp\/v2\/users\/9"}],"replies":[{"embeddable":true,"href":"https:\/\/agora.xtec.cat\/iestorreroja\/wp-json\/wp\/v2\/comments?post=5530"}],"version-history":[{"count":9,"href":"https:\/\/agora.xtec.cat\/iestorreroja\/wp-json\/wp\/v2\/pages\/5530\/revisions"}],"predecessor-version":[{"id":12574,"href":"https:\/\/agora.xtec.cat\/iestorreroja\/wp-json\/wp\/v2\/pages\/5530\/revisions\/12574"}],"up":[{"embeddable":true,"href":"https:\/\/agora.xtec.cat\/iestorreroja\/wp-json\/wp\/v2\/pages\/5478"}],"wp:attachment":[{"href":"https:\/\/agora.xtec.cat\/iestorreroja\/wp-json\/wp\/v2\/media?parent=5530"}],"curies":[{"name":"wp","href":"https:\/\/api.w.org\/{rel}","templated":true}]}}