{"id":5527,"date":"2021-02-12T19:30:56","date_gmt":"2021-02-12T18:30:56","guid":{"rendered":"http:\/\/agora.xtec.cat\/iestorreroja\/?page_id=5527"},"modified":"2026-04-09T12:51:51","modified_gmt":"2026-04-09T10:51:51","slug":"batxillerat-2","status":"publish","type":"page","link":"https:\/\/agora.xtec.cat\/iestorreroja\/secretaria\/preinscripcio-i-matricula\/batxillerat-2\/","title":{"rendered":"Batxillerat 26-27"},"content":{"rendered":"<ul>\n<li><a href=\"https:\/\/drive.google.com\/file\/d\/1DlEpMek8w49J3OcUGZl57CqmqgiQ0Vd2\/view?usp=sharing\">Oferta inicial de places (8 abril de 2026)<\/a><\/li>\n<li><span style=\"font-size: large;\">Llistes provisionals amb la puntuaci\u00f3 provisional<\/span><\/li>\n<li><span style=\"font-size: large;\">Publicaci\u00f3 de les llistes, un cop resoltes les reclamacions<\/span><\/li>\n<li><span style=\"font-weight: 400;\">Oferta definitiva de places (19 de juny 2025)<\/span><\/li>\n<li><span style=\"font-size: large;\">Llista ordenada de sol\u00b7licituds<\/span><\/li>\n<li aria-level=\"2\"><span style=\"font-size: large;\">Llista d\u2019alumnat assignat al centre<\/span><\/li>\n<li style=\"font-weight: 400;\" aria-level=\"2\"><span style=\"font-weight: 400;\">Llista d\u2019espera<\/span><\/li>\n<\/ul>\n<h3><b>PREINSCRIPCI\u00d3 BATXILLERAT<\/b><\/h3>\n<p><span style=\"font-weight: 400;\">La preinscripci\u00f3 de l\u2019alumnat <\/span><b>de Batxillerat <\/b><span style=\"font-weight: 400;\">pel curs <\/span><b>2026-2027<\/b><span style=\"font-weight: 400;\"> es far\u00e0 del <\/span><b>9 al 16 d&#8217;abril de 2026.<\/b><\/p>\n<p><b>L&#8217;alumnat d&#8217;altres centres que vulgui preinscriure&#8217;s al nostre centre ha de tramitar la petici\u00f3 via gencat<\/b><span style=\"font-weight: 400;\">:<\/span><\/p>\n<p><a href=\"https:\/\/preinscripcio.gencat.cat\/ca\/estudis\/batxillerat\/preinscriute\/sollicitud\/\"><span style=\"font-weight: 400;\">\u00a0https:\/\/preinscripcio.gencat.cat\/ca\/estudis\/batxillerat\/preinscriute\/sollicitud\/<\/span><\/a><\/p>\n<p><span style=\"font-weight: 400;\">Una vegada publicada la llista d\u2019admesos (17 de juny de 2026), l\u2019alumnat adm\u00e8s rebr\u00e0 un correu electr\u00f2nic amb la documentaci\u00f3 i instruccions per fer la matr\u00edcula, <\/span><b>al correu que vau facilitar a la sol\u00b7licitud de preinscripci\u00f3.<\/b><\/p>\n<h3><b>CALENDARI DE PREINSCRIPCI\u00d3 BATXILLERAT 2026-2027<\/b><\/h3>\n<ul>\n<li style=\"font-weight: 400;\" aria-level=\"2\"><span style=\"font-weight: 400;\">Difusi\u00f3 de l\u2019oferta inicial: <strong>8<\/strong><\/span><b> d&#8217;abril de 2026.\u00a0<\/b><\/li>\n<li style=\"font-weight: 400;\" aria-level=\"2\"><span style=\"font-weight: 400;\">Presentaci\u00f3 de sol.licituds: <strong>del 9<\/strong><\/span><b> al 16 d&#8217;abril de 2026<\/b><a href=\"https:\/\/preinscripcio.gencat.cat\/ca\/estudis\/batxillerat\/inici\/\"> <b>Acc\u00e9s preinscripci\u00f3 BATXILLERAT gencat<\/b><\/a> <span style=\"font-weight: 400;\">(\u00c9s molt important respectar-ne les dates, perqu\u00e8 a l&#8217;hora d&#8217;obtenir una pla\u00e7a en un centre, les sol\u00b7licituds que es presenten fora de termini van darrere de totes les sol\u00b7licituds que s&#8217;hagin presentat dins de termini).<\/span><\/li>\n<li style=\"font-weight: 400;\" aria-level=\"2\"><span style=\"font-weight: 400;\">Publicaci\u00f3 de les llistes provisionals i per\u00edode de reclamacions<\/span>\n<ul>\n<li style=\"font-weight: 400;\" aria-level=\"2\"><span style=\"font-weight: 400;\">Publicaci\u00f3 de les llistes provisionals amb la puntuaci\u00f3 provisional:<\/span><b> 14 de maig de 2026<\/b><\/li>\n<li style=\"font-weight: 400;\" aria-level=\"2\"><span style=\"font-weight: 400;\">Presentaci\u00f3 de reclamacions (en cas que es detecti alguna errada en les dades o no s&#8217;estigui d&#8217;acord amb la puntuaci\u00f3 assignada):<\/span><b> del 14 al 20 de maig de 2026<\/b><\/li>\n<li style=\"font-weight: 400;\" aria-level=\"2\"><span style=\"font-weight: 400;\">Publicaci\u00f3 de les llistes, un cop resoltes les reclamacions: <\/span><b>26 de maig de 2026.<\/b><\/li>\n<\/ul>\n<\/li>\n<li style=\"font-weight: 400;\" aria-level=\"2\"><span style=\"font-weight: 400;\">Sorteig p\u00fablic i publicaci\u00f3 de llistes<\/span>\n<ul>\n<li style=\"font-weight: 400;\" aria-level=\"2\"><span style=\"font-weight: 400;\">Sorteig p\u00fablic:<\/span><b> 26 de maig a les 11 hores<\/b><span style=\"font-weight: 400;\">, als serveis centrals del Departament d&#8217;Educaci\u00f3<\/span><\/li>\n<li style=\"font-weight: 400;\" aria-level=\"2\"><span style=\"font-weight: 400;\">Publicaci\u00f3 de la llista ordenada de sol\u00b7licituds: <\/span><b>29 de maig de 2026.<\/b><\/li>\n<li style=\"font-weight: 400;\" aria-level=\"2\"><span style=\"font-weight: 400;\">Publicaci\u00f3 de la llista d&#8217;alumnes admesos en cada centre i de la llista d&#8217;espera:<\/span><b> 17 de juny de 2026.<\/b><\/li>\n<\/ul>\n<\/li>\n<\/ul>\n<h3><b>MATR\u00cdCULA<\/b><\/h3>\n<ul>\n<li style=\"font-weight: 400;\" aria-level=\"1\"><span style=\"font-weight: 400;\">Per a BATXILLERAT la matr\u00edcula ser\u00e0\u00a0 <\/span><b>del 18 al 30 de juny\u00a0 de 2026.<\/b><\/li>\n<\/ul>\n<h3><b>PUNTS DE SUPORT PER A LA PREINSCRIPCI\u00d3 26-27<\/b><\/h3>\n<p><span style=\"font-weight: 400;\">Durant el per\u00edode de preinscripci\u00f3 per al batxillerat per al curs 2026-2027 (del dia 9 al 16 de maig, matins i tardes) l\u2019institut refor\u00e7ar\u00e0 el suport a les fam\u00edlies a:<\/span><\/p>\n<ul>\n<li style=\"font-weight: 400;\" aria-level=\"1\"><b>Secretaria<\/b><span style=\"font-weight: 400;\"> Torre Roja cita pr\u00e8via a trav\u00e9s d&#8217;un enlla\u00e7 que es publicar\u00e0 al web, per tel\u00e8fon al 936373700 o per correu electr\u00f2nic a preinscripcio_matricula@torreroja.cat (atenci\u00f3 en horari de secretaria de l&#8217;Institut).<\/span><\/li>\n<\/ul>\n<p><b>COM EMPLENAR LA SOL\u00b7LICITUD DE PREINSCRIPCI\u00d3 ESCOLAR<\/b><span style=\"font-weight: 400;\">\u00a0\u00a0\u00a0\u00a0\u00a0\u00a0\u00a0\u00a0<\/span><\/p>\n<p><span style=\"font-weight: 400;\">\u00a0<\/span><a href=\"https:\/\/youtu.be\/xwo2A2U-g30\"><span style=\"font-weight: 400;\" data-rich-links=\"{&quot;fple-t&quot;:&quot;Com emplenar la sol\u00b7licitud de preinscripcio\u0301 escolar (2023-2024)&quot;,&quot;fple-u&quot;:&quot;https:\/\/youtu.be\/xwo2A2U-g30&quot;,&quot;fple-mt&quot;:null,&quot;type&quot;:&quot;first-party-link&quot;}\">Com emplenar la sol\u00b7licitud de preinscripcio\u0301 escolar\u00a0<\/span><\/a><\/p>\n<p><b>COM POTS DIGITALITZAR ELS DOCUMENTS EN L\u00cdNIA?<\/b><a href=\"https:\/\/www.youtube.com\/watch?v=NF__CTwHy3Y\"><span style=\"font-weight: 400;\">\u00a0<\/span><\/a><\/p>\n<p><a href=\"https:\/\/www.youtube.com\/watch?v=kAm26LWm51U\"><span style=\"font-weight: 400;\" data-rich-links=\"{&quot;fple-t&quot;:&quot;Saps com digitalitzar documents per als tr\u00e0mits en l\u00ednia (2023)&quot;,&quot;fple-u&quot;:&quot;https:\/\/www.youtube.com\/watch?v=kAm26LWm51U&quot;,&quot;fple-mt&quot;:null,&quot;type&quot;:&quot;first-party-link&quot;}\">Saps com digitalitzar documents per als tr\u00e0mits en l\u00ednia\u00a0<\/span><\/a><\/p>\n<p><b>COM PODEU OBTENIR L&#8217;idCAT M\u00f2bil CERTIFICAT?<\/b><span style=\"font-weight: 400;\">\u00a0<\/span><\/p>\n<p><a href=\"https:\/\/web.gencat.cat\/ca\/tramits\/com-tramitar-en-linia\/identificacio-digital\/id-cat-mobil\/\"><span style=\"font-weight: 400;\">IdCAT M\u00f2bil. gencat.cat<\/span><\/a><\/p>\n<div><\/div>\n<p>&nbsp;<\/p>\n<p><i><span style=\"font-weight: 400;\">M\u00e9s informaci\u00f3 al web del <\/span><\/i><a href=\"https:\/\/preinscripcio.gencat.cat\/ca\/inici\/\" target=\"_blank\" rel=\"noopener\"><i><span style=\"font-weight: 400;\">Departament d\u2019Educaci\u00f3<\/span><\/i><\/a><\/p>\n<p>&nbsp;<\/p>\n","protected":false},"excerpt":{"rendered":"<p>Oferta inicial de places (8 abril de 2026) Llistes provisionals amb la puntuaci\u00f3 provisional Publicaci\u00f3 de les llistes, un cop resoltes les reclamacions Oferta definitiva de places (19 de juny 2025) Llista ordenada de sol\u00b7licituds Llista d\u2019alumnat assignat al centre Llista d\u2019espera PREINSCRIPCI\u00d3 BATXILLERAT La preinscripci\u00f3 de l\u2019alumnat de Batxillerat pel curs 2026-2027 es far\u00e0 [&hellip;]<\/p>\n","protected":false},"author":9,"featured_media":0,"parent":5478,"menu_order":0,"comment_status":"closed","ping_status":"closed","template":"","meta":{"_bbp_topic_count":0,"_bbp_reply_count":0,"_bbp_total_topic_count":0,"_bbp_total_reply_count":0,"_bbp_voice_count":0,"_bbp_anonymous_reply_count":0,"_bbp_topic_count_hidden":0,"_bbp_reply_count_hidden":0,"_bbp_forum_subforum_count":0,"site-sidebar-layout":"default","site-content-layout":"","ast-site-content-layout":"default","site-content-style":"default","site-sidebar-style":"default","ast-global-header-display":"","ast-banner-title-visibility":"","ast-main-header-display":"","ast-hfb-above-header-display":"","ast-hfb-below-header-display":"","ast-hfb-mobile-header-display":"","site-post-title":"","ast-breadcrumbs-content":"","ast-featured-img":"","footer-sml-layout":"","theme-transparent-header-meta":"default","adv-header-id-meta":"","stick-header-meta":"","header-above-stick-meta":"","header-main-stick-meta":"","header-below-stick-meta":"","astra-migrate-meta-layouts":"set","ast-page-background-enabled":"default","ast-page-background-meta":{"desktop":{"background-color":"var(--ast-global-color-4)","background-image":"","background-repeat":"repeat","background-position":"center center","background-size":"auto","background-attachment":"scroll","background-type":"","background-media":"","overlay-type":"","overlay-color":"","overlay-opacity":"","overlay-gradient":""},"tablet":{"background-color":"","background-image":"","background-repeat":"repeat","background-position":"center center","background-size":"auto","background-attachment":"scroll","background-type":"","background-media":"","overlay-type":"","overlay-color":"","overlay-opacity":"","overlay-gradient":""},"mobile":{"background-color":"","background-image":"","background-repeat":"repeat","background-position":"center center","background-size":"auto","background-attachment":"scroll","background-type":"","background-media":"","overlay-type":"","overlay-color":"","overlay-opacity":"","overlay-gradient":""}},"ast-content-background-meta":{"desktop":{"background-color":"var(--ast-global-color-5)","background-image":"","background-repeat":"repeat","background-position":"center center","background-size":"auto","background-attachment":"scroll","background-type":"","background-media":"","overlay-type":"","overlay-color":"","overlay-opacity":"","overlay-gradient":""},"tablet":{"background-color":"var(--ast-global-color-5)","background-image":"","background-repeat":"repeat","background-position":"center center","background-size":"auto","background-attachment":"scroll","background-type":"","background-media":"","overlay-type":"","overlay-color":"","overlay-opacity":"","overlay-gradient":""},"mobile":{"background-color":"var(--ast-global-color-5)","background-image":"","background-repeat":"repeat","background-position":"center center","background-size":"auto","background-attachment":"scroll","background-type":"","background-media":"","overlay-type":"","overlay-color":"","overlay-opacity":"","overlay-gradient":""}},"footnotes":""},"class_list":["post-5527","page","type-page","status-publish","hentry"],"post_mailing_queue_ids":[],"_links":{"self":[{"href":"https:\/\/agora.xtec.cat\/iestorreroja\/wp-json\/wp\/v2\/pages\/5527","targetHints":{"allow":["GET"]}}],"collection":[{"href":"https:\/\/agora.xtec.cat\/iestorreroja\/wp-json\/wp\/v2\/pages"}],"about":[{"href":"https:\/\/agora.xtec.cat\/iestorreroja\/wp-json\/wp\/v2\/types\/page"}],"author":[{"embeddable":true,"href":"https:\/\/agora.xtec.cat\/iestorreroja\/wp-json\/wp\/v2\/users\/9"}],"replies":[{"embeddable":true,"href":"https:\/\/agora.xtec.cat\/iestorreroja\/wp-json\/wp\/v2\/comments?post=5527"}],"version-history":[{"count":8,"href":"https:\/\/agora.xtec.cat\/iestorreroja\/wp-json\/wp\/v2\/pages\/5527\/revisions"}],"predecessor-version":[{"id":12571,"href":"https:\/\/agora.xtec.cat\/iestorreroja\/wp-json\/wp\/v2\/pages\/5527\/revisions\/12571"}],"up":[{"embeddable":true,"href":"https:\/\/agora.xtec.cat\/iestorreroja\/wp-json\/wp\/v2\/pages\/5478"}],"wp:attachment":[{"href":"https:\/\/agora.xtec.cat\/iestorreroja\/wp-json\/wp\/v2\/media?parent=5527"}],"curies":[{"name":"wp","href":"https:\/\/api.w.org\/{rel}","templated":true}]}}