{"id":5515,"date":"2021-02-12T14:08:52","date_gmt":"2021-02-12T13:08:52","guid":{"rendered":"http:\/\/agora.xtec.cat\/iestorreroja\/?page_id=5515"},"modified":"2024-10-02T13:47:12","modified_gmt":"2024-10-02T11:47:12","slug":"convalidacions","status":"publish","type":"page","link":"https:\/\/agora.xtec.cat\/iestorreroja\/secretaria\/convalidacions\/","title":{"rendered":"Convalidacions"},"content":{"rendered":"<ul>\n<li style=\"font-weight: 400;\" aria-level=\"1\"><span style=\"font-weight: 400;\">Totes les convalidacions s\u2019han de sol\u00b7licitar a Secretaria de l\u20191 al 11 d\u2019octubre de 2024.<\/span><\/li>\n<li style=\"font-weight: 400;\" aria-level=\"1\"><span style=\"font-weight: 400;\">S\u2019ha de lliurar aquesta\u00a0<\/span><span style=\"font-weight: 400;\">sol\u00b7licitud<\/span><span style=\"font-weight: 400;\">\u00a0i adjuntar la documentaci\u00f3 necess\u00e0ria.<\/span><\/li>\n<li style=\"font-weight: 400;\" aria-level=\"1\"><span style=\"font-weight: 400;\">Fer una sol\u00b7licitud per a cada tipus de convalidaci\u00f3 (directa o singular).<\/span><\/li>\n<li style=\"font-weight: 400;\" aria-level=\"1\"><span style=\"font-weight: 400;\">Un cop resolta la convalidaci\u00f3, el\/la tutor\/a lliurar\u00e0 a l\u2019alumne\/a la resoluci\u00f3 que certifica que la convalidaci\u00f3 ha estat atorgada.<\/span><\/li>\n<li style=\"font-weight: 400;\" aria-level=\"1\"><span style=\"font-weight: 400;\">L\u2019alumnat ha d\u2019informar d\u2019aquesta convalidaci\u00f3 al professorat del m\u00f2dul\/UF\/cr\u00e8dit.<\/span><\/li>\n<li style=\"font-weight: 400;\" aria-level=\"1\"><span style=\"font-weight: 400;\">Es pot renunciar a la convalidaci\u00f3 sempre que aquesta no s\u2019hagi incl\u00f2s en cap acta d\u2019avaluaci\u00f3, i cal fer-ho per escrit a la Secretaria.<\/span><\/li>\n<\/ul>\n<p>&nbsp;<\/p>\n<p><b>Sol\u00b7licitud de convalidacions<\/b><\/p>\n<p><span style=\"font-weight: 400;\">La convalidaci\u00f3 de M\u00f2duls formatius o Unitats formatives per haver cursat altres estudis de formaci\u00f3 professional o ensenyaments universitaris. Cal lliurar a secretaria la <\/span><a href=\"https:\/\/agora.xtec.cat\/iestorreroja\/wp-content\/uploads\/usu1423\/2021\/02\/Sol\u00b7licitud-de-convalidaci\u00f3.docx\" target=\"_blank\" rel=\"noopener\"><span style=\"font-weight: 400;\">SOL\u00b7LICITUD DE CONVALIDACI\u00d3 <\/span><\/a><span style=\"font-weight: 400;\">juntament amb els documents que calen en cada cas.<\/span><\/p>\n<p><span style=\"font-weight: 400;\">A continuaci\u00f3 detallem les convalidacions m\u00e9s freq\u00fcents,\u00a0<\/span><\/p>\n<ul style=\"list-style-type: circle;\">\n<li>Convalidacions Formaci\u00f3 i orientaci\u00f3 laboral (FOL)<\/li>\n<li>Convalidacions Empresa i iniciativa emprenedora (EIE)<\/li>\n<li aria-level=\"1\">Convalidacions m\u00f2dul professional d\u2019angl\u00e8s de t\u00edtols LOE<\/li>\n<\/ul>\n<p><span style=\"font-weight: 400;\">per a altres convalidacions entre cicles, consulteu la Secretaria del centre.<\/span><\/p>\n<p>&nbsp;<\/p>\n<h6><span style=\"text-decoration: underline;\"><b>Convalidacions Formaci\u00f3 i orientaci\u00f3 laboral (FOL)<\/b><\/span><\/h6>\n<p><b>Alumnat que t\u00e9 aprovat FOL LOGSE i est\u00e0 matriculat en un cicle LOE<\/b><\/p>\n<ul>\n<li style=\"font-weight: 400;\" aria-level=\"1\"><span style=\"font-weight: 400;\">Permet convalidar la UF1 Incorporaci\u00f3 al treball\u00a0tant a grau superior com a grau mitj\u00e0.<\/span><\/li>\n<\/ul>\n<p><span style=\"font-weight: 400;\">L\u2019atorga la Direcci\u00f3 del centre, en les qualificacions constar\u00e0 CV i ser\u00e0 considerat com a 5 a efectes del c\u00e0lcul de la mitjana global del cicle.<\/span><\/p>\n<p><b>Alumnat que t\u00e9 aprovat FOL LOE i est\u00e0 matriculat en un cicle LOE<\/b><\/p>\n<ul>\n<li style=\"font-weight: 400;\" aria-level=\"1\"><span style=\"font-weight: 400;\">Permet convalidar tant a grau mitj\u00e0 com a grau superior independentment del que s\u2019hagi cursat.<\/span><\/li>\n<\/ul>\n<p><span style=\"font-weight: 400;\">L\u2019atorga la Direcci\u00f3 del centre, en les qualificacions constar\u00e0 CV i ser\u00e0 considerat com a 5 a efectes del c\u00e0lcul de la mitjana global del cicle.<\/span><\/p>\n<p><b>Alumnat que t\u00e9 altres titulacions o ensenyaments<\/b><\/p>\n<ul>\n<li style=\"font-weight: 400;\" aria-level=\"1\"><span style=\"font-weight: 400;\">Aquesta convalidaci\u00f3 \u00e9s singular i l\u2019ha de resoldre la Direcci\u00f3 General. En les qualificacions constar\u00e0 CV; si est\u00e0 matriculat en un cicle LOE ser\u00e0 considerat com a 5 a efectes del c\u00e0lcul de la mitjana global del cicle.<\/span><\/li>\n<\/ul>\n<p><b>Alumnat que posseeix un Certificat de formaci\u00f3 en prevenci\u00f3 de riscos<\/b><\/p>\n<p><span style=\"font-weight: 400;\">El centre convalidar\u00e0 la UF2 Prevenci\u00f3 de riscos laborals, a l\u2019alumnat que justifiqui estar en possessi\u00f3 d\u2019un Certificat de formaci\u00f3 en prevenci\u00f3 de riscos laborals, que habilita per desenvolupar les funcions de nivell b\u00e0sic, amb els requisits seg\u00fcents:<\/span><\/p>\n<ul style=\"list-style-type: square;\">\n<li style=\"font-weight: 400;\" aria-level=\"1\"><span style=\"font-weight: 400;\">Denominaci\u00f3 i segell de l\u2019entitat certificadora, i signatura de la persona responsable<\/span><\/li>\n<li style=\"font-weight: 400;\" aria-level=\"1\"><span style=\"font-weight: 400;\">Nom i cognoms de la persona que ha cursat la formaci\u00f3<\/span><\/li>\n<li style=\"font-weight: 400;\" aria-level=\"1\"><span style=\"font-weight: 400;\">Denominaci\u00f3 i durada del curs<\/span><\/li>\n<li style=\"font-weight: 400;\" aria-level=\"1\"><span style=\"font-weight: 400;\">Localitat i data d\u2019expedici\u00f3 del certificat<\/span><\/li>\n<li style=\"font-weight: 400;\" aria-level=\"1\"><span style=\"font-weight: 400;\">Text en qu\u00e8 s\u2019indica \u201ccapacita per al desenvolupament de funcions de nivell b\u00e0sic segons el\u00a0<\/span><a href=\"http:\/\/www.boe.es\/buscar\/doc.php?id=BOE-A-1997-1853\" target=\"_blank\" rel=\"noopener\"><span style=\"font-weight: 400;\">Real Decret 39\/1997<\/span><\/a><span style=\"font-weight: 400;\">.<\/span><\/li>\n<\/ul>\n<p><span style=\"font-weight: 400;\">L\u2019atorga la Direcci\u00f3 del centre, en les qualificacions constar\u00e0 CV i ser\u00e0 considerat com a 5 a efectes del c\u00e0lcul de la mitjana global del cicle.<\/span><\/p>\n<p>&nbsp;<\/p>\n<h6><span style=\"text-decoration: underline;\"><b>Convalidacions Empresa i iniciativa emprenedora (EIE)<\/b><\/span><\/h6>\n<p><span style=\"font-weight: 400;\">Alumnat que t\u00e9 aprovat &#8230;.<\/span><\/p>\n<ul>\n<li style=\"font-weight: 400;\" aria-level=\"1\"><span style=\"font-weight: 400;\">Administraci\u00f3, gesti\u00f3 i comercialitzaci\u00f3 en la petita empresa LOGSE<\/span><\/li>\n<li style=\"font-weight: 400;\" aria-level=\"1\"><span style=\"font-weight: 400;\">Organitzaci\u00f3 i gesti\u00f3 d\u2019una explotaci\u00f3 agr\u00e0ria LOGSE,<\/span><\/li>\n<li style=\"font-weight: 400;\" aria-level=\"1\"><span style=\"font-weight: 400;\">Organitzaci\u00f3 i gesti\u00f3 d\u2019una explotaci\u00f3 agr\u00e0ria familiar LOGSE<\/span><\/li>\n<li style=\"font-weight: 400;\" aria-level=\"1\"><span style=\"font-weight: 400;\">Organitzaci\u00f3 i gesti\u00f3 d\u2019una petita empresa d\u2019activitats de temps lliure i socioeducatives LOGSE<\/span><\/li>\n<li style=\"font-weight: 400;\" aria-level=\"1\"><span style=\"font-weight: 400;\">t\u00edtol de t\u00e8cnic en Gesti\u00f3 administrativa LOGSE\u00a0<\/span><\/li>\n<li style=\"font-weight: 400;\" aria-level=\"1\"><span style=\"font-weight: 400;\">t\u00edtol de t\u00e8cnic superior en Administraci\u00f3 i finances LOGSE<\/span><\/li>\n<\/ul>\n<p><span style=\"font-weight: 400;\">i est\u00e0 matriculat en un cicle LOE, permet convalidar EIE\u00a0tant a grau superior com a grau mitj\u00e0.<\/span><\/p>\n<p><span style=\"font-weight: 400;\">L\u2019atorga la Direcci\u00f3 del centre, en les qualificacions constar\u00e0 CV i ser\u00e0 considerat com a 5 a efectes del c\u00e0lcul de la mitjana global del cicle.<\/span><\/p>\n<p><b>Alumnat que t\u00e9 aprovat EIE LOE i est\u00e0 matriculat en un cicle LOE<\/b><\/p>\n<ul>\n<li style=\"font-weight: 400;\" aria-level=\"1\"><span style=\"font-weight: 400;\">Permet convalidar EIE\u00a0tant a grau superior com a grau mitj\u00e0.<\/span><\/li>\n<\/ul>\n<p><span style=\"font-weight: 400;\">L\u2019atorga la Direcci\u00f3 del centre, en les qualificacions constar\u00e0 CV i ser\u00e0 considerat com a 5 a efectes del c\u00e0lcul de la mitjana global del cicle.<\/span><\/p>\n<p><b>Alumnat que t\u00e9 altres titulacions o ensenyaments i est\u00e0 matriculat en un cicle LOE<\/b><\/p>\n<ul>\n<li style=\"font-weight: 400;\" aria-level=\"1\"><span style=\"font-weight: 400;\">Aquesta convalidaci\u00f3 \u00e9s singular i l\u2019ha de resoldre la Direcci\u00f3 General. En les qualificacions constar\u00e0 CV i ser\u00e0 considerat com a 5 a efectes del c\u00e0lcul de la mitjana global del cicle.<\/span><\/li>\n<\/ul>\n<p>&nbsp;<\/p>\n<h6><span style=\"text-decoration: underline;\"><b>Convalidacions m\u00f2dul professional d\u2019angl\u00e8s de t\u00edtols LOE<\/b><\/span><\/h6>\n<p><b>Alumnat que t\u00e9 aprovat Angl\u00e8s t\u00e8cnic i est\u00e0 matriculat en un cicle LOE<\/b><\/p>\n<ul>\n<li style=\"font-weight: 400;\" aria-level=\"1\"><span style=\"font-weight: 400;\">El m\u00f2dul professional d\u2019angl\u00e8s t\u00e8cnic d\u2019un cicle formatiu de grau mitj\u00e0 es convalida amb el m\u00f2dul professional d\u2019angl\u00e8s t\u00e8cnic de qualsevol altre cicle formatiu de grau mitj\u00e0.<\/span><\/li>\n<\/ul>\n<p><i><span style=\"font-weight: 400;\">L\u2019atorga la Direcci\u00f3 del centre, en les qualificacions constar\u00e0 CV i ser\u00e0 considerat com a 5 a efectes del c\u00e0lcul de la mitjana global del cicle.<\/span><\/i><\/p>\n<p><b>Alumnat que t\u00e9 altres certificats oficials d\u2019angl\u00e8s i est\u00e0 matriculat en un cicle LOE<\/b><\/p>\n<ul>\n<li style=\"font-weight: 400;\" aria-level=\"1\"><span style=\"font-weight: 400;\">Un certificat de nivell\u00a0<\/span><b>B1<\/b><span style=\"font-weight: 400;\">\u00a0(o superior) del Marc de Refer\u00e8ncia Europeu de Lleng\u00fces convalida el m\u00f2dul d\u2019angl\u00e8s t\u00e8cnic en qualsevol cicle formatiu de grau mitj\u00e0. En cas que posseeixi el B1.1 i B1.2, s\u2019ha de presentar el B1.2. El nivell B1 es correspon a un 3r curs d\u2019Escola Oficial d\u2019Idiomes.<\/span><\/li>\n<li style=\"font-weight: 400;\" aria-level=\"1\"><span style=\"font-weight: 400;\">Un certificat de nivell\u00a0<\/span><b>B2<\/b><span style=\"font-weight: 400;\">\u00a0(o superior) del Marc de Refer\u00e8ncia Europeu de Lleng\u00fces convalida el m\u00f2dul d\u2019angl\u00e8s t\u00e8cnic en qualsevol cicle formatiu de grau superior. En cas que posseeixi el B2.1 i B2.2, s\u2019ha de presentar el B2.2. El nivell B2 es correspon amb un 5\u00e8 curs d\u2019Escola Oficial d\u2019Idiomes.<\/span><\/li>\n<\/ul>\n<p><span style=\"font-weight: 400;\">Aquesta convalidaci\u00f3 \u00e9s singular i l\u2019ha de resoldre la Direcci\u00f3 General. En les qualificacions constar\u00e0 CV i ser\u00e0 considerat com a 5 a efectes del c\u00e0lcul de la mitjana global del cicle.<\/span><\/p>\n","protected":false},"excerpt":{"rendered":"<p>Totes les convalidacions s\u2019han de sol\u00b7licitar a Secretaria de l\u20191 al 11 d\u2019octubre de 2024. S\u2019ha de lliurar aquesta\u00a0sol\u00b7licitud\u00a0i adjuntar la documentaci\u00f3 necess\u00e0ria. Fer una sol\u00b7licitud per a cada tipus de convalidaci\u00f3 (directa o singular). Un cop resolta la convalidaci\u00f3, el\/la tutor\/a lliurar\u00e0 a l\u2019alumne\/a la resoluci\u00f3 que certifica que la convalidaci\u00f3 ha estat atorgada. [&hellip;]<\/p>\n","protected":false},"author":9,"featured_media":0,"parent":81,"menu_order":0,"comment_status":"closed","ping_status":"closed","template":"page-templates\/side-menu.php","meta":{"_bbp_topic_count":0,"_bbp_reply_count":0,"_bbp_total_topic_count":0,"_bbp_total_reply_count":0,"_bbp_voice_count":0,"_bbp_anonymous_reply_count":0,"_bbp_topic_count_hidden":0,"_bbp_reply_count_hidden":0,"_bbp_forum_subforum_count":0,"site-sidebar-layout":"default","site-content-layout":"","ast-site-content-layout":"","site-content-style":"default","site-sidebar-style":"default","ast-global-header-display":"","ast-banner-title-visibility":"","ast-main-header-display":"","ast-hfb-above-header-display":"","ast-hfb-below-header-display":"","ast-hfb-mobile-header-display":"","site-post-title":"","ast-breadcrumbs-content":"","ast-featured-img":"","footer-sml-layout":"","theme-transparent-header-meta":"","adv-header-id-meta":"","stick-header-meta":"","header-above-stick-meta":"","header-main-stick-meta":"","header-below-stick-meta":"","astra-migrate-meta-layouts":"default","ast-page-background-enabled":"default","ast-page-background-meta":{"desktop":{"background-color":"var(--ast-global-color-4)","background-image":"","background-repeat":"repeat","background-position":"center center","background-size":"auto","background-attachment":"scroll","background-type":"","background-media":"","overlay-type":"","overlay-color":"","overlay-opacity":"","overlay-gradient":""},"tablet":{"background-color":"","background-image":"","background-repeat":"repeat","background-position":"center center","background-size":"auto","background-attachment":"scroll","background-type":"","background-media":"","overlay-type":"","overlay-color":"","overlay-opacity":"","overlay-gradient":""},"mobile":{"background-color":"","background-image":"","background-repeat":"repeat","background-position":"center center","background-size":"auto","background-attachment":"scroll","background-type":"","background-media":"","overlay-type":"","overlay-color":"","overlay-opacity":"","overlay-gradient":""}},"ast-content-background-meta":{"desktop":{"background-color":"var(--ast-global-color-5)","background-image":"","background-repeat":"repeat","background-position":"center center","background-size":"auto","background-attachment":"scroll","background-type":"","background-media":"","overlay-type":"","overlay-color":"","overlay-opacity":"","overlay-gradient":""},"tablet":{"background-color":"var(--ast-global-color-5)","background-image":"","background-repeat":"repeat","background-position":"center center","background-size":"auto","background-attachment":"scroll","background-type":"","background-media":"","overlay-type":"","overlay-color":"","overlay-opacity":"","overlay-gradient":""},"mobile":{"background-color":"var(--ast-global-color-5)","background-image":"","background-repeat":"repeat","background-position":"center center","background-size":"auto","background-attachment":"scroll","background-type":"","background-media":"","overlay-type":"","overlay-color":"","overlay-opacity":"","overlay-gradient":""}},"footnotes":""},"class_list":["post-5515","page","type-page","status-publish","hentry"],"post_mailing_queue_ids":[],"_links":{"self":[{"href":"https:\/\/agora.xtec.cat\/iestorreroja\/wp-json\/wp\/v2\/pages\/5515","targetHints":{"allow":["GET"]}}],"collection":[{"href":"https:\/\/agora.xtec.cat\/iestorreroja\/wp-json\/wp\/v2\/pages"}],"about":[{"href":"https:\/\/agora.xtec.cat\/iestorreroja\/wp-json\/wp\/v2\/types\/page"}],"author":[{"embeddable":true,"href":"https:\/\/agora.xtec.cat\/iestorreroja\/wp-json\/wp\/v2\/users\/9"}],"replies":[{"embeddable":true,"href":"https:\/\/agora.xtec.cat\/iestorreroja\/wp-json\/wp\/v2\/comments?post=5515"}],"version-history":[{"count":5,"href":"https:\/\/agora.xtec.cat\/iestorreroja\/wp-json\/wp\/v2\/pages\/5515\/revisions"}],"predecessor-version":[{"id":10957,"href":"https:\/\/agora.xtec.cat\/iestorreroja\/wp-json\/wp\/v2\/pages\/5515\/revisions\/10957"}],"up":[{"embeddable":true,"href":"https:\/\/agora.xtec.cat\/iestorreroja\/wp-json\/wp\/v2\/pages\/81"}],"wp:attachment":[{"href":"https:\/\/agora.xtec.cat\/iestorreroja\/wp-json\/wp\/v2\/media?parent=5515"}],"curies":[{"name":"wp","href":"https:\/\/api.w.org\/{rel}","templated":true}]}}