{"id":5504,"date":"2021-02-12T14:04:49","date_gmt":"2021-02-12T13:04:49","guid":{"rendered":"http:\/\/agora.xtec.cat\/iestorreroja\/?page_id=5504"},"modified":"2023-04-20T11:54:14","modified_gmt":"2023-04-20T09:54:14","slug":"sollicitud-del-titol-academic","status":"publish","type":"page","link":"https:\/\/agora.xtec.cat\/iestorreroja\/secretaria\/tramits-i-gestions\/sollicitud-del-titol-academic\/","title":{"rendered":"Sol\u00b7licitud del t\u00edtol acad\u00e8mic"},"content":{"rendered":"<p><span style=\"font-weight: 400;\">Una vegada finalitzats els estudis cursats,\u00a0 l&#8217;alumnat haur\u00e0 de sol\u00b7licitar el seu t\u00edtol. Per aix\u00f2 caldr\u00e0 omplir el seg\u00fcent <\/span><span style=\"font-weight: 400;\"><a href=\"https:\/\/docs.google.com\/forms\/d\/e\/1FAIpQLScKttra0TGhqOCxHvJzyCcwh0ig__Kado3xPaenFOUQuRmR7w\/viewform?usp=sf_link\" target=\"_blank\" rel=\"noopener\">formulari<\/a>.<\/span><\/p>\n<p><span style=\"font-weight: 400;\">Despr\u00e9s d&#8217;omplir aquest formulari, l&#8217;alumnat rebr\u00e0 immediatament un correu electr\u00f2nic amb el comprovant d&#8217;iniciaci\u00f3 del proc\u00e9s de sol\u00b7licitud. Posteriorment, quan estigui preparat rebr\u00e0 de Secretaria el resguard definitiu amb el qual haur\u00e0 de:<\/span><\/p>\n<ol>\n<li style=\"font-weight: 400;\" aria-level=\"1\"><span style=\"font-weight: 400;\">Imprimir<\/span><\/li>\n<li style=\"font-weight: 400;\" aria-level=\"1\"><span style=\"font-weight: 400;\">Liquidar les taxes<\/span><\/li>\n<li style=\"font-weight: 400;\" aria-level=\"1\"><span style=\"font-weight: 400;\">Adre\u00e7ar-se personalment al centre per lliurar el comprovant d&#8217;ingr\u00e9s.<\/span><\/li>\n<\/ol>\n<p><b>Bonificacions i exempcions<\/b><\/p>\n<p><b>del 50%\u00a0de l\u2019import\u00a0per &#8230;<\/b><\/p>\n<ul>\n<li style=\"font-weight: 400;\" aria-level=\"1\"><span style=\"font-weight: 400;\">membres de fam\u00edlia nombrosa de categoria general i<\/span><\/li>\n<li style=\"font-weight: 400;\" aria-level=\"1\"><span style=\"font-weight: 400;\">membres de fam\u00edlies monoparentals.<\/span><\/li>\n<\/ul>\n<p><b>del 100%\u00a0del pagament per&#8230;<\/b><\/p>\n<ul>\n<li style=\"font-weight: 400;\" aria-level=\"1\"><span style=\"font-weight: 400;\">membres de fam\u00edlia nombrosa de categoria especial,<\/span><\/li>\n<li style=\"font-weight: 400;\" aria-level=\"1\"><span style=\"font-weight: 400;\">v\u00edctimes del terrorisme (i els seus c\u00f2njuges i els seus fills),<\/span><\/li>\n<li style=\"font-weight: 400;\" aria-level=\"1\"><span style=\"font-weight: 400;\">persones amb discapacitat igual o superior al 33% i<\/span><\/li>\n<li style=\"font-weight: 400;\" aria-level=\"1\"><span style=\"font-weight: 400;\">infants o adolescents en acolliment familiar.<\/span><\/li>\n<\/ul>\n<p><b>Lliurament del t\u00edtol acad\u00e8mic<\/b><\/p>\n<p><span style=\"font-weight: 400;\">Cal passar personalment per Secretaria de l\u2019Institut amb el DNI i el <\/span><b>resguard del t\u00edtol,<\/b><span style=\"font-weight: 400;\"> si el teniu.<\/span><\/p>\n<p><span style=\"font-weight: 400;\">Si no podeu venir personalment, heu d\u2019omplir\u00a0<\/span><span style=\"font-weight: 400;\">aquesta <\/span><a href=\"https:\/\/agora.xtec.cat\/iestorreroja\/wp-content\/uploads\/usu1423\/2021\/02\/Autoritzacio-recollida-doc.pdf\" target=\"_blank\" rel=\"noopener\"><span style=\"font-weight: 400;\">autoritzaci\u00f3<\/span><\/a><span style=\"font-weight: 400;\">, signar-la i adjuntar fotoc\u00f2pia del vostre DNI\/NIE\/passaport i el de la persona autoritzada.<\/span><\/p>\n","protected":false},"excerpt":{"rendered":"<p>Una vegada finalitzats els estudis cursats,\u00a0 l&#8217;alumnat haur\u00e0 de sol\u00b7licitar el seu t\u00edtol. Per aix\u00f2 caldr\u00e0 omplir el seg\u00fcent formulari. Despr\u00e9s d&#8217;omplir aquest formulari, l&#8217;alumnat rebr\u00e0 immediatament un correu electr\u00f2nic amb el comprovant d&#8217;iniciaci\u00f3 del proc\u00e9s de sol\u00b7licitud. Posteriorment, quan estigui preparat rebr\u00e0 de Secretaria el resguard definitiu amb el qual haur\u00e0 de: Imprimir Liquidar [&hellip;]<\/p>\n","protected":false},"author":9,"featured_media":0,"parent":5494,"menu_order":0,"comment_status":"closed","ping_status":"closed","template":"page-templates\/side-menu.php","meta":{"_bbp_topic_count":0,"_bbp_reply_count":0,"_bbp_total_topic_count":0,"_bbp_total_reply_count":0,"_bbp_voice_count":0,"_bbp_anonymous_reply_count":0,"_bbp_topic_count_hidden":0,"_bbp_reply_count_hidden":0,"_bbp_forum_subforum_count":0,"site-sidebar-layout":"default","site-content-layout":"","ast-site-content-layout":"","site-content-style":"default","site-sidebar-style":"default","ast-global-header-display":"","ast-banner-title-visibility":"","ast-main-header-display":"","ast-hfb-above-header-display":"","ast-hfb-below-header-display":"","ast-hfb-mobile-header-display":"","site-post-title":"","ast-breadcrumbs-content":"","ast-featured-img":"","footer-sml-layout":"","theme-transparent-header-meta":"","adv-header-id-meta":"","stick-header-meta":"","header-above-stick-meta":"","header-main-stick-meta":"","header-below-stick-meta":"","astra-migrate-meta-layouts":"default","ast-page-background-enabled":"default","ast-page-background-meta":{"desktop":{"background-color":"var(--ast-global-color-4)","background-image":"","background-repeat":"repeat","background-position":"center center","background-size":"auto","background-attachment":"scroll","background-type":"","background-media":"","overlay-type":"","overlay-color":"","overlay-opacity":"","overlay-gradient":""},"tablet":{"background-color":"","background-image":"","background-repeat":"repeat","background-position":"center center","background-size":"auto","background-attachment":"scroll","background-type":"","background-media":"","overlay-type":"","overlay-color":"","overlay-opacity":"","overlay-gradient":""},"mobile":{"background-color":"","background-image":"","background-repeat":"repeat","background-position":"center center","background-size":"auto","background-attachment":"scroll","background-type":"","background-media":"","overlay-type":"","overlay-color":"","overlay-opacity":"","overlay-gradient":""}},"ast-content-background-meta":{"desktop":{"background-color":"var(--ast-global-color-5)","background-image":"","background-repeat":"repeat","background-position":"center center","background-size":"auto","background-attachment":"scroll","background-type":"","background-media":"","overlay-type":"","overlay-color":"","overlay-opacity":"","overlay-gradient":""},"tablet":{"background-color":"var(--ast-global-color-5)","background-image":"","background-repeat":"repeat","background-position":"center center","background-size":"auto","background-attachment":"scroll","background-type":"","background-media":"","overlay-type":"","overlay-color":"","overlay-opacity":"","overlay-gradient":""},"mobile":{"background-color":"var(--ast-global-color-5)","background-image":"","background-repeat":"repeat","background-position":"center center","background-size":"auto","background-attachment":"scroll","background-type":"","background-media":"","overlay-type":"","overlay-color":"","overlay-opacity":"","overlay-gradient":""}},"footnotes":""},"class_list":["post-5504","page","type-page","status-publish","hentry"],"post_mailing_queue_ids":[],"_links":{"self":[{"href":"https:\/\/agora.xtec.cat\/iestorreroja\/wp-json\/wp\/v2\/pages\/5504","targetHints":{"allow":["GET"]}}],"collection":[{"href":"https:\/\/agora.xtec.cat\/iestorreroja\/wp-json\/wp\/v2\/pages"}],"about":[{"href":"https:\/\/agora.xtec.cat\/iestorreroja\/wp-json\/wp\/v2\/types\/page"}],"author":[{"embeddable":true,"href":"https:\/\/agora.xtec.cat\/iestorreroja\/wp-json\/wp\/v2\/users\/9"}],"replies":[{"embeddable":true,"href":"https:\/\/agora.xtec.cat\/iestorreroja\/wp-json\/wp\/v2\/comments?post=5504"}],"version-history":[{"count":3,"href":"https:\/\/agora.xtec.cat\/iestorreroja\/wp-json\/wp\/v2\/pages\/5504\/revisions"}],"predecessor-version":[{"id":9336,"href":"https:\/\/agora.xtec.cat\/iestorreroja\/wp-json\/wp\/v2\/pages\/5504\/revisions\/9336"}],"up":[{"embeddable":true,"href":"https:\/\/agora.xtec.cat\/iestorreroja\/wp-json\/wp\/v2\/pages\/5494"}],"wp:attachment":[{"href":"https:\/\/agora.xtec.cat\/iestorreroja\/wp-json\/wp\/v2\/media?parent=5504"}],"curies":[{"name":"wp","href":"https:\/\/api.w.org\/{rel}","templated":true}]}}