{"id":5502,"date":"2021-02-12T14:04:10","date_gmt":"2021-02-12T13:04:10","guid":{"rendered":"http:\/\/agora.xtec.cat\/iestorreroja\/?page_id=5502"},"modified":"2023-04-20T11:53:36","modified_gmt":"2023-04-20T09:53:36","slug":"sollicitud-de-certificat-nivell-de-catala","status":"publish","type":"page","link":"https:\/\/agora.xtec.cat\/iestorreroja\/secretaria\/tramits-i-gestions\/sollicitud-de-certificat-nivell-de-catala\/","title":{"rendered":"Sol\u00b7licitud de certificat nivell de catal\u00e0"},"content":{"rendered":"<p><span style=\"font-weight: 400;\">Els centres p\u00fablics d\u2019Educaci\u00f3 Secund\u00e0ria de Catalunya poden expedir certificats d\u2019equival\u00e8ncia del nivell de Catal\u00e0 a l\u2019alumnat que ho sol\u00b7liciti i acompleixi les condicions establertes per la normativa.<\/span><\/p>\n<p><span style=\"font-weight: 400;\">La persona interessada ha d\u2019emplenar\u00a0la\u00a0<\/span><a href=\"https:\/\/agora.xtec.cat\/iestorreroja\/wp-content\/uploads\/usu1423\/2021\/02\/Sol\u00b7licitud-nivell-catal\u00e0.pdf\" target=\"_blank\" rel=\"noopener\"><span style=\"font-weight: 400;\">sol\u00b7licitud<\/span><\/a><span style=\"font-weight: 400;\"> nivell catal\u00e0<\/span><span style=\"font-weight: 400;\">\u00a0i portar-la o enviar-la per e-mail a Secretaria (<\/span><a href=\"mailto:secretaria@torreroja.cat\"><span style=\"font-weight: 400;\">secretaria@torreroja.cat<\/span><\/a><span style=\"font-weight: 400;\">) amb la seg\u00fcent documentaci\u00f3 per comprovar que es compleixin els requisits.<\/span><\/p>\n<p>&nbsp;<\/p>\n<table>\n<tbody>\n<tr>\n<td colspan=\"3\"><span style=\"font-weight: 400;\">NIVELL B2<\/span><\/td>\n<\/tr>\n<tr>\n<td><span style=\"font-weight: 400;\">Si tens&#8230;..<\/span><\/td>\n<td><span style=\"font-weight: 400;\">Cal haver cursat<\/span><\/td>\n<td><span style=\"font-weight: 400;\">Documents que cal presentar<\/span><\/td>\n<\/tr>\n<tr>\n<td><span style=\"font-weight: 400;\">T\u00edtol graduat escolar (EGB)<\/span><\/td>\n<td><span style=\"font-weight: 400;\">Tota l\u2019EGB a Catalunya i s\u2019hagi cursat la mat\u00e8ria de llengua catalana en la totalitat dels estudis esmentats a partir del curs 1978\/1979<\/span><\/td>\n<td><span style=\"font-weight: 400;\">Original i fotoc\u00f2pia<\/span><\/p>\n<ul>\n<li style=\"font-weight: 400;\" aria-level=\"1\"><span style=\"font-weight: 400;\">DNI\/NIE\/Passaport<\/span><\/li>\n<li style=\"font-weight: 400;\" aria-level=\"1\"><span style=\"font-weight: 400;\">Llibre d\u2019escolaritat d\u2019EGB*<\/span><\/li>\n<li style=\"font-weight: 400;\" aria-level=\"1\"><span style=\"font-weight: 400;\">T\u00edtol de graduat escolar<\/span><\/li>\n<\/ul>\n<\/td>\n<\/tr>\n<tr>\n<td><span style=\"font-weight: 400;\">T\u00edtol FP1<\/span><\/td>\n<td><span style=\"font-weight: 400;\">Tota l\u2019EGB i l\u2019FP1 a Catalunya i s\u2019hagi cursat la mat\u00e8ria de llengua catalana en la totalitat dels estudis esmentats a partir del curs 1978\/1979<\/span><\/td>\n<td><span style=\"font-weight: 400;\">Original i fotoc\u00f2pia<\/span><\/p>\n<ul>\n<li style=\"font-weight: 400;\" aria-level=\"1\"><span style=\"font-weight: 400;\">DNI\/NIE Passaport<\/span><\/li>\n<li style=\"font-weight: 400;\" aria-level=\"1\"><span style=\"font-weight: 400;\">Llibre d\u2019escolaritat d\u2019EGB*<\/span><\/li>\n<li style=\"font-weight: 400;\" aria-level=\"1\"><span style=\"font-weight: 400;\">Qualificacions d\u2019FP1<\/span><\/li>\n<li style=\"font-weight: 400;\" aria-level=\"1\"><span style=\"font-weight: 400;\">T\u00edtol d\u2019FP1<\/span><\/li>\n<\/ul>\n<\/td>\n<\/tr>\n<\/tbody>\n<\/table>\n<p>&nbsp;<\/p>\n<table>\n<tbody>\n<tr>\n<td><span style=\"font-weight: 400;\">NIVELL C1<\/span><\/td>\n<td><\/td>\n<td><\/td>\n<\/tr>\n<tr>\n<td><span style=\"font-weight: 400;\">Si tens&#8230;<\/span><\/td>\n<td><span style=\"font-weight: 400;\">Cal haver cursat&#8230;<\/span><\/td>\n<td><span style=\"font-weight: 400;\">Documents que cal presentar<\/span><\/td>\n<\/tr>\n<tr>\n<td><span style=\"font-weight: 400;\">T\u00edtol ESO<\/span><\/td>\n<td><span style=\"font-weight: 400;\">Almenys 3 cursos de Prim\u00e0ria i tota l\u2019ESO a Catalunya i hagi cursat i aprovat la mat\u00e8ria de llengua catalana en la totalitat dels estudis m\u00ednims esmentats. El requisit d\u2019acreditaci\u00f3 d\u2019haver aprovat la mat\u00e8ria de llengua catalana \u00e9s d\u2019aplicaci\u00f3 als t\u00edtols de graduaci\u00f3 en educaci\u00f3 secund\u00e0ria obtinguts a partir del curs 2007\/2008<\/span><\/td>\n<td><span style=\"font-weight: 400;\">Original i fotoc\u00f2pia<\/span><\/p>\n<ul>\n<li style=\"font-weight: 400;\" aria-level=\"1\"><span style=\"font-weight: 400;\">DNI\/NIE\/Passaport<\/span><\/li>\n<li style=\"font-weight: 400;\" aria-level=\"1\"><span style=\"font-weight: 400;\">Llibre d\u2019ESO o historial acad\u00e8mic*<\/span><\/li>\n<li style=\"font-weight: 400;\" aria-level=\"1\"><span style=\"font-weight: 400;\">T\u00edtol d\u2019ESO<\/span><\/li>\n<\/ul>\n<\/td>\n<\/tr>\n<tr>\n<td><span style=\"font-weight: 400;\">T\u00edtol Batxillerat<\/span><\/td>\n<td><span style=\"font-weight: 400;\">Almenys 3 cursos de prim\u00e0ria i 5 entre ESO i BATX a Catalunya i s\u2019hagi cursat la mat\u00e8ria\u00a0 de llengua\u00a0 catalana en la totalitat dels estudis esmentats<\/span><\/td>\n<td><span style=\"font-weight: 400;\">Original i fotoc\u00f2pia<\/span><\/p>\n<ul>\n<li style=\"font-weight: 400;\" aria-level=\"1\"><span style=\"font-weight: 400;\">DNI\/NIE\/Passaport<\/span><\/li>\n<li style=\"font-weight: 400;\" aria-level=\"1\"><span style=\"font-weight: 400;\">Llibre d\u2019ESO o historial acad\u00e8mic*<\/span><\/li>\n<li style=\"font-weight: 400;\" aria-level=\"1\"><span style=\"font-weight: 400;\">Llibre de batxillerat o historial acad\u00e8mic<\/span><\/li>\n<li style=\"font-weight: 400;\" aria-level=\"1\"><span style=\"font-weight: 400;\">T\u00edtol de batxillerat<\/span><\/li>\n<\/ul>\n<\/td>\n<\/tr>\n<tr>\n<td><span style=\"font-weight: 400;\">T\u00edtol BUP<\/span><\/td>\n<td><span style=\"font-weight: 400;\">Tota l\u2019EGB i BUP a Catalunya i s\u2019hagi cursat de manera oficial la mat\u00e8ria de llengua catalana en la totalitat dels estudis esmentats a partir del curs 1978\/1979<\/span><\/td>\n<td><span style=\"font-weight: 400;\">Original i fotoc\u00f2pia<\/span><\/p>\n<ul>\n<li style=\"font-weight: 400;\" aria-level=\"1\"><span style=\"font-weight: 400;\">DNI\/NIE\/Passaport<\/span><\/li>\n<li style=\"font-weight: 400;\" aria-level=\"1\"><span style=\"font-weight: 400;\">Llibre d\u2019ESO o historial acad\u00e8mic*<\/span><\/li>\n<li style=\"font-weight: 400;\" aria-level=\"1\"><span style=\"font-weight: 400;\">Llibre de BUP o historial acad\u00e8mic*<\/span><\/li>\n<li style=\"font-weight: 400;\" aria-level=\"1\"><span style=\"font-weight: 400;\">T\u00edtol de BUP<\/span><\/li>\n<\/ul>\n<\/td>\n<\/tr>\n<tr>\n<td><span style=\"font-weight: 400;\">T\u00edtol FP2<\/span><\/td>\n<td><span style=\"font-weight: 400;\">Tota l\u2019EGB, FP1 i FP2 a Catalunya i s\u2019hagi cursat de manera oficial la mat\u00e8ria de llengua catalana en la totalitat dels estudis esmentats a partir del curs 1978\/1979<\/span><\/td>\n<td><span style=\"font-weight: 400;\">Original i fotoc\u00f2pia<\/span><\/p>\n<ul>\n<li style=\"font-weight: 400;\" aria-level=\"1\"><span style=\"font-weight: 400;\">DNI\/NIE\/Passaport<\/span><\/li>\n<li style=\"font-weight: 400;\" aria-level=\"1\"><span style=\"font-weight: 400;\">Llibre d\u2019EGB*<\/span><\/li>\n<li style=\"font-weight: 400;\" aria-level=\"1\"><span style=\"font-weight: 400;\">Qualificacions d\u2019FP1 i FP2<\/span><\/li>\n<li style=\"font-weight: 400;\" aria-level=\"1\"><span style=\"font-weight: 400;\">T\u00edtol d\u2019FP2<\/span><\/li>\n<\/ul>\n<\/td>\n<\/tr>\n<\/tbody>\n<\/table>\n<p>&nbsp;<\/p>\n<p><b>* <\/b><span style=\"font-weight: 400;\">Si no es disposa dels Llibres d\u2019Escolaritat tamb\u00e9 es pot presentar un\u00a0Certificat acreditatiu\u00a0d\u2019haver estat escolaritzat a Catalunya sense haver tingut exempci\u00f3 de catal\u00e0.<\/span><\/p>\n<p>&nbsp;<\/p>\n","protected":false},"excerpt":{"rendered":"<p>Els centres p\u00fablics d\u2019Educaci\u00f3 Secund\u00e0ria de Catalunya poden expedir certificats d\u2019equival\u00e8ncia del nivell de Catal\u00e0 a l\u2019alumnat que ho sol\u00b7liciti i acompleixi les condicions establertes per la normativa. La persona interessada ha d\u2019emplenar\u00a0la\u00a0sol\u00b7licitud nivell catal\u00e0\u00a0i portar-la o enviar-la per e-mail a Secretaria (secretaria@torreroja.cat) amb la seg\u00fcent documentaci\u00f3 per comprovar que es compleixin els requisits. &nbsp; [&hellip;]<\/p>\n","protected":false},"author":9,"featured_media":0,"parent":5494,"menu_order":0,"comment_status":"closed","ping_status":"closed","template":"page-templates\/side-menu.php","meta":{"_bbp_topic_count":0,"_bbp_reply_count":0,"_bbp_total_topic_count":0,"_bbp_total_reply_count":0,"_bbp_voice_count":0,"_bbp_anonymous_reply_count":0,"_bbp_topic_count_hidden":0,"_bbp_reply_count_hidden":0,"_bbp_forum_subforum_count":0,"site-sidebar-layout":"default","site-content-layout":"","ast-site-content-layout":"","site-content-style":"default","site-sidebar-style":"default","ast-global-header-display":"","ast-banner-title-visibility":"","ast-main-header-display":"","ast-hfb-above-header-display":"","ast-hfb-below-header-display":"","ast-hfb-mobile-header-display":"","site-post-title":"","ast-breadcrumbs-content":"","ast-featured-img":"","footer-sml-layout":"","theme-transparent-header-meta":"","adv-header-id-meta":"","stick-header-meta":"","header-above-stick-meta":"","header-main-stick-meta":"","header-below-stick-meta":"","astra-migrate-meta-layouts":"default","ast-page-background-enabled":"default","ast-page-background-meta":{"desktop":{"background-color":"var(--ast-global-color-4)","background-image":"","background-repeat":"repeat","background-position":"center center","background-size":"auto","background-attachment":"scroll","background-type":"","background-media":"","overlay-type":"","overlay-color":"","overlay-opacity":"","overlay-gradient":""},"tablet":{"background-color":"","background-image":"","background-repeat":"repeat","background-position":"center center","background-size":"auto","background-attachment":"scroll","background-type":"","background-media":"","overlay-type":"","overlay-color":"","overlay-opacity":"","overlay-gradient":""},"mobile":{"background-color":"","background-image":"","background-repeat":"repeat","background-position":"center center","background-size":"auto","background-attachment":"scroll","background-type":"","background-media":"","overlay-type":"","overlay-color":"","overlay-opacity":"","overlay-gradient":""}},"ast-content-background-meta":{"desktop":{"background-color":"var(--ast-global-color-5)","background-image":"","background-repeat":"repeat","background-position":"center center","background-size":"auto","background-attachment":"scroll","background-type":"","background-media":"","overlay-type":"","overlay-color":"","overlay-opacity":"","overlay-gradient":""},"tablet":{"background-color":"var(--ast-global-color-5)","background-image":"","background-repeat":"repeat","background-position":"center center","background-size":"auto","background-attachment":"scroll","background-type":"","background-media":"","overlay-type":"","overlay-color":"","overlay-opacity":"","overlay-gradient":""},"mobile":{"background-color":"var(--ast-global-color-5)","background-image":"","background-repeat":"repeat","background-position":"center center","background-size":"auto","background-attachment":"scroll","background-type":"","background-media":"","overlay-type":"","overlay-color":"","overlay-opacity":"","overlay-gradient":""}},"footnotes":""},"class_list":["post-5502","page","type-page","status-publish","hentry"],"post_mailing_queue_ids":[],"_links":{"self":[{"href":"https:\/\/agora.xtec.cat\/iestorreroja\/wp-json\/wp\/v2\/pages\/5502","targetHints":{"allow":["GET"]}}],"collection":[{"href":"https:\/\/agora.xtec.cat\/iestorreroja\/wp-json\/wp\/v2\/pages"}],"about":[{"href":"https:\/\/agora.xtec.cat\/iestorreroja\/wp-json\/wp\/v2\/types\/page"}],"author":[{"embeddable":true,"href":"https:\/\/agora.xtec.cat\/iestorreroja\/wp-json\/wp\/v2\/users\/9"}],"replies":[{"embeddable":true,"href":"https:\/\/agora.xtec.cat\/iestorreroja\/wp-json\/wp\/v2\/comments?post=5502"}],"version-history":[{"count":3,"href":"https:\/\/agora.xtec.cat\/iestorreroja\/wp-json\/wp\/v2\/pages\/5502\/revisions"}],"predecessor-version":[{"id":9335,"href":"https:\/\/agora.xtec.cat\/iestorreroja\/wp-json\/wp\/v2\/pages\/5502\/revisions\/9335"}],"up":[{"embeddable":true,"href":"https:\/\/agora.xtec.cat\/iestorreroja\/wp-json\/wp\/v2\/pages\/5494"}],"wp:attachment":[{"href":"https:\/\/agora.xtec.cat\/iestorreroja\/wp-json\/wp\/v2\/media?parent=5502"}],"curies":[{"name":"wp","href":"https:\/\/api.w.org\/{rel}","templated":true}]}}