{"id":5494,"date":"2021-02-12T14:02:48","date_gmt":"2021-02-12T13:02:48","guid":{"rendered":"http:\/\/agora.xtec.cat\/iestorreroja\/?page_id=5494"},"modified":"2026-04-16T14:04:46","modified_gmt":"2026-04-16T12:04:46","slug":"tramits-i-gestions","status":"publish","type":"page","link":"https:\/\/agora.xtec.cat\/iestorreroja\/secretaria\/tramits-i-gestions\/","title":{"rendered":"Tr\u00e0mits i gestions"},"content":{"rendered":"<h2><span style=\"text-decoration: underline;\">DOCUMENTS ADMINISTRATIUS<\/span><\/h2>\n<div class=\"entry-content\">\n<table style=\"width: 64.1408%; height: 1439px;\">\n<tbody>\n<tr style=\"height: 53px; background-color: #f2b8b8;\">\n<td style=\"height: 53px; width: 67.9762%; text-align: center;\"><strong>DOCUMENTS PER LA MATR\u00cdCULA<\/strong><\/td>\n<td style=\"height: 53px; width: 41.4368%; text-align: center;\"><strong>ESTUDIS<\/strong><\/td>\n<\/tr>\n<tr style=\"height: 59px;\">\n<td style=\"height: 59px; width: 67.9762%;\"><a href=\"https:\/\/drive.google.com\/file\/d\/1-ndz-UL6BKavd2dN3cYOVmGntUSSZE0A\/view?usp=sharing\">Carta de comprom\u00eds Educatiu<\/a><\/td>\n<td style=\"height: 59px; width: 41.4368%;\">ESO\/Batx\/FP<\/td>\n<\/tr>\n<tr style=\"height: 53px;\">\n<td style=\"height: 53px; width: 67.9762%;\"><a href=\"https:\/\/drive.google.com\/file\/d\/11i2VQOuz-n8fgSv_Osj0yroZpsV8TnuH\/view?usp=sharing\">Autoritzaci\u00f3 Drets d&#8217;imatge<\/a><\/td>\n<td style=\"height: 53px; width: 41.4368%;\">ESO\/Batx\/FP<\/td>\n<\/tr>\n<tr style=\"height: 53px;\">\n<td style=\"height: 53px; width: 67.9762%;\"><a href=\"https:\/\/drive.google.com\/file\/d\/1J3rR_CubSyD2n7k37qmuLp4_I9xaPfgm\/view?usp=sharing\">Autoritzaci\u00f3 de cessi\u00f3 de dades<\/a><\/td>\n<td style=\"height: 53px; width: 41.4368%;\">ESO\/Batx\/FP<\/td>\n<\/tr>\n<tr style=\"height: 53px;\">\n<td style=\"height: 53px; width: 67.9762%;\"><a href=\"https:\/\/drive.google.com\/file\/d\/1NamUTyX68VuzdFdEkFfOu3D5rSu7WW8K\/view?usp=sharing\">Carta Absentisme<\/a><\/td>\n<td style=\"height: 53px; width: 41.4368%;\">ESO\/Batx<\/td>\n<\/tr>\n<tr style=\"height: 53px;\">\n<td style=\"height: 53px; width: 67.9762%;\"><a href=\"https:\/\/drive.google.com\/file\/d\/1xG12qI6sGEZblVv6kf2SKeiy2_ZbcUoD\/view?usp=sharing\">Autoritzaci\u00f3 de Recursos Digitals<\/a><\/td>\n<td style=\"height: 53px; width: 41.4368%;\">ESO\/Batx<\/td>\n<\/tr>\n<tr style=\"height: 53px;\">\n<td style=\"height: 53px; width: 67.9762%;\"><a href=\"https:\/\/drive.google.com\/file\/d\/1bYIP9BoFQ8DKC7WYmjzQE-l42mViFDDI\/view?usp=sharing\">Autoritzaci\u00f3 Paracetamol<\/a><\/td>\n<td style=\"height: 53px; width: 41.4368%;\">ESO-Batx<\/td>\n<\/tr>\n<tr style=\"height: 53px;\">\n<td style=\"height: 53px; width: 67.9762%;\"><a href=\"https:\/\/drive.google.com\/file\/d\/1Vs2QDtCW9arzD7Wol11PIqj939IPu7rH\/view?usp=sharing\">Autoritzaci\u00f3 Dispositius Port\u00e0tils<\/a><\/td>\n<td style=\"height: 53px; width: 41.4368%;\">ESO<\/td>\n<\/tr>\n<tr style=\"height: 53px;\">\n<td style=\"height: 53px; width: 67.9762%;\"><a href=\"https:\/\/drive.google.com\/file\/d\/1TUAwd_TYt6kyLaMD5i9MKQwE94yEUkKq\/view?usp=sharing\">Autoritzaci\u00f3 Sortides did\u00e0ctiques<\/a><\/td>\n<td style=\"height: 53px; width: 41.4368%;\">ESO\/Batx<\/td>\n<\/tr>\n<tr style=\"height: 53px; background-color: #edb7b7;\">\n<td style=\"height: 53px; width: 67.9762%; text-align: center;\"><strong>DOCUMENTS FUNCIONAMENT CURS<\/strong><\/td>\n<td style=\"height: 53px; width: 41.4368%; text-align: center;\"><strong>ESTUDIS<\/strong><\/td>\n<\/tr>\n<tr style=\"height: 53px;\">\n<td style=\"height: 53px; width: 67.9762%;\"><a href=\"https:\/\/agora.xtec.cat\/iestorreroja\/wp-content\/uploads\/usu1423\/2025\/03\/Instancia.pdf\">Inst\u00e0ncia gen\u00e8rica<\/a><\/td>\n<td style=\"height: 53px; width: 41.4368%;\">ESO\/Batx\/FP<\/td>\n<\/tr>\n<tr style=\"height: 53px;\">\n<td style=\"height: 53px; width: 67.9762%;\"><a href=\"https:\/\/agora.xtec.cat\/iestorreroja\/wp-content\/uploads\/usu1423\/2025\/03\/Instancia-devolucio-diners.pdf\">Inst\u00e0ncia devoluci\u00f3 diners<\/a><\/td>\n<td style=\"height: 53px; width: 41.4368%;\">ESO\/Batx\/FP<\/td>\n<\/tr>\n<tr style=\"height: 55px;\">\n<td style=\"width: 67.9762%; height: 55px;\"><a href=\"https:\/\/drive.google.com\/file\/d\/109Gag5vjP7k2L7_Bj-BM47osmzu60dMy\/view?usp=sharing\">Fraccionament de pagaments<\/a><\/td>\n<td style=\"width: 41.4368%; height: 55px;\">ESO\/Batx\/FP<\/td>\n<\/tr>\n<tr style=\"height: 53px;\">\n<td style=\"height: 53px; width: 67.9762%;\"><a href=\"https:\/\/agora.xtec.cat\/iestorreroja\/wp-content\/uploads\/usu1423\/2025\/03\/Autoritzacio-Comunicacio-Majors-dedat-1.pdf\">Autoritzaci\u00f3 Comunicaci\u00f3 Majors d&#8217;edat<\/a><\/td>\n<td style=\"height: 53px; width: 41.4368%;\">Batx\/FP<\/td>\n<\/tr>\n<tr style=\"height: 53px;\">\n<td style=\"height: 53px; width: 67.9762%;\"><a href=\"https:\/\/agora.xtec.cat\/iestorreroja\/wp-content\/uploads\/usu1423\/2025\/03\/Document-de-baixa-del-centre.pdf\">Document de baixa del centre<\/a><\/td>\n<td style=\"height: 53px; width: 41.4368%;\">ESO\/Batx<\/td>\n<\/tr>\n<tr style=\"height: 53px; background-color: #f0b6b6;\">\n<td style=\"height: 53px; width: 67.9762%; text-align: center;\"><strong>DOCUMENTS CICLES FORMATIUS<\/strong><\/td>\n<td style=\"height: 53px; width: 41.4368%;\"><\/td>\n<\/tr>\n<tr style=\"height: 53px;\">\n<td style=\"height: 53px; width: 67.9762%;\">CONVALIDACIONS<\/td>\n<td style=\"height: 53px; width: 41.4368%;\">CICLES<\/td>\n<\/tr>\n<tr style=\"height: 53px;\">\n<td style=\"height: 53px; width: 67.9762%;\">EXEMPCIONS FCT<\/td>\n<td style=\"height: 53px; width: 41.4368%;\">CICLES<\/td>\n<\/tr>\n<tr style=\"height: 53px;\">\n<td style=\"height: 53px; width: 67.9762%;\">BAIXA DE CR\u00c8DITS\/MP\/UF I REN\u00daNCIA TOTAL DE MATR\u00cdCULA<\/td>\n<td style=\"height: 53px; width: 41.4368%;\">CICLES<\/td>\n<\/tr>\n<tr style=\"height: 53px;\">\n<td style=\"height: 53px; width: 67.9762%;\">SEMIPRESENCIALITAT<\/td>\n<td style=\"height: 53px; width: 41.4368%;\">CICLES<\/td>\n<\/tr>\n<tr style=\"height: 53px;\">\n<td style=\"height: 53px; width: 67.9762%;\">CANVI DE TORN<\/td>\n<td style=\"height: 53px; width: 41.4368%;\">CICLES<\/td>\n<\/tr>\n<tr style=\"height: 53px;\">\n<td style=\"height: 53px; width: 67.9762%;\">RECLAMACI\u00d3 DE QUALIFICACIONS<\/td>\n<td style=\"height: 53px; width: 41.4368%;\">CICLES<\/td>\n<\/tr>\n<\/tbody>\n<\/table>\n<\/div>\n","protected":false},"excerpt":{"rendered":"<p>DOCUMENTS ADMINISTRATIUS DOCUMENTS PER LA MATR\u00cdCULA ESTUDIS Carta de comprom\u00eds Educatiu ESO\/Batx\/FP Autoritzaci\u00f3 Drets d&#8217;imatge ESO\/Batx\/FP Autoritzaci\u00f3 de cessi\u00f3 de dades ESO\/Batx\/FP Carta Absentisme ESO\/Batx Autoritzaci\u00f3 de Recursos Digitals ESO\/Batx Autoritzaci\u00f3 Paracetamol ESO-Batx Autoritzaci\u00f3 Dispositius Port\u00e0tils ESO Autoritzaci\u00f3 Sortides did\u00e0ctiques ESO\/Batx DOCUMENTS FUNCIONAMENT CURS ESTUDIS Inst\u00e0ncia gen\u00e8rica ESO\/Batx\/FP Inst\u00e0ncia devoluci\u00f3 diners ESO\/Batx\/FP Fraccionament de pagaments [&hellip;]<\/p>\n","protected":false},"author":9,"featured_media":0,"parent":81,"menu_order":0,"comment_status":"closed","ping_status":"closed","template":"","meta":{"_bbp_topic_count":0,"_bbp_reply_count":0,"_bbp_total_topic_count":0,"_bbp_total_reply_count":0,"_bbp_voice_count":0,"_bbp_anonymous_reply_count":0,"_bbp_topic_count_hidden":0,"_bbp_reply_count_hidden":0,"_bbp_forum_subforum_count":0,"site-sidebar-layout":"default","site-content-layout":"","ast-site-content-layout":"default","site-content-style":"default","site-sidebar-style":"default","ast-global-header-display":"","ast-banner-title-visibility":"","ast-main-header-display":"","ast-hfb-above-header-display":"","ast-hfb-below-header-display":"","ast-hfb-mobile-header-display":"","site-post-title":"","ast-breadcrumbs-content":"","ast-featured-img":"","footer-sml-layout":"","theme-transparent-header-meta":"default","adv-header-id-meta":"","stick-header-meta":"","header-above-stick-meta":"","header-main-stick-meta":"","header-below-stick-meta":"","astra-migrate-meta-layouts":"set","ast-page-background-enabled":"default","ast-page-background-meta":{"desktop":{"background-color":"var(--ast-global-color-4)","background-image":"","background-repeat":"repeat","background-position":"center center","background-size":"auto","background-attachment":"scroll","background-type":"","background-media":"","overlay-type":"","overlay-color":"","overlay-opacity":"","overlay-gradient":""},"tablet":{"background-color":"","background-image":"","background-repeat":"repeat","background-position":"center center","background-size":"auto","background-attachment":"scroll","background-type":"","background-media":"","overlay-type":"","overlay-color":"","overlay-opacity":"","overlay-gradient":""},"mobile":{"background-color":"","background-image":"","background-repeat":"repeat","background-position":"center center","background-size":"auto","background-attachment":"scroll","background-type":"","background-media":"","overlay-type":"","overlay-color":"","overlay-opacity":"","overlay-gradient":""}},"ast-content-background-meta":{"desktop":{"background-color":"var(--ast-global-color-5)","background-image":"","background-repeat":"repeat","background-position":"center center","background-size":"auto","background-attachment":"scroll","background-type":"","background-media":"","overlay-type":"","overlay-color":"","overlay-opacity":"","overlay-gradient":""},"tablet":{"background-color":"var(--ast-global-color-5)","background-image":"","background-repeat":"repeat","background-position":"center center","background-size":"auto","background-attachment":"scroll","background-type":"","background-media":"","overlay-type":"","overlay-color":"","overlay-opacity":"","overlay-gradient":""},"mobile":{"background-color":"var(--ast-global-color-5)","background-image":"","background-repeat":"repeat","background-position":"center center","background-size":"auto","background-attachment":"scroll","background-type":"","background-media":"","overlay-type":"","overlay-color":"","overlay-opacity":"","overlay-gradient":""}},"footnotes":""},"class_list":["post-5494","page","type-page","status-publish","hentry"],"post_mailing_queue_ids":[],"_links":{"self":[{"href":"https:\/\/agora.xtec.cat\/iestorreroja\/wp-json\/wp\/v2\/pages\/5494","targetHints":{"allow":["GET"]}}],"collection":[{"href":"https:\/\/agora.xtec.cat\/iestorreroja\/wp-json\/wp\/v2\/pages"}],"about":[{"href":"https:\/\/agora.xtec.cat\/iestorreroja\/wp-json\/wp\/v2\/types\/page"}],"author":[{"embeddable":true,"href":"https:\/\/agora.xtec.cat\/iestorreroja\/wp-json\/wp\/v2\/users\/9"}],"replies":[{"embeddable":true,"href":"https:\/\/agora.xtec.cat\/iestorreroja\/wp-json\/wp\/v2\/comments?post=5494"}],"version-history":[{"count":6,"href":"https:\/\/agora.xtec.cat\/iestorreroja\/wp-json\/wp\/v2\/pages\/5494\/revisions"}],"predecessor-version":[{"id":12600,"href":"https:\/\/agora.xtec.cat\/iestorreroja\/wp-json\/wp\/v2\/pages\/5494\/revisions\/12600"}],"up":[{"embeddable":true,"href":"https:\/\/agora.xtec.cat\/iestorreroja\/wp-json\/wp\/v2\/pages\/81"}],"wp:attachment":[{"href":"https:\/\/agora.xtec.cat\/iestorreroja\/wp-json\/wp\/v2\/media?parent=5494"}],"curies":[{"name":"wp","href":"https:\/\/api.w.org\/{rel}","templated":true}]}}