{"id":5480,"date":"2022-03-08T06:25:03","date_gmt":"2022-03-08T05:25:03","guid":{"rendered":"http:\/\/agora.xtec.cat\/iestorreroja\/?page_id=5480"},"modified":"2026-04-29T09:28:50","modified_gmt":"2026-04-29T07:28:50","slug":"educacio-secundaria-obligatoria-eso","status":"publish","type":"page","link":"https:\/\/agora.xtec.cat\/iestorreroja\/secretaria\/preinscripcio-i-matricula\/educacio-secundaria-obligatoria-eso\/","title":{"rendered":"Educaci\u00f3 Secund\u00e0ria Obligat\u00f2ria (ESO)  26-27"},"content":{"rendered":"<ul>\n<li style=\"list-style-type: none;\">\n<ul>\n<li style=\"list-style-type: none;\">\n<ul>\n<li><span style=\"color: #993300;\"><span style=\"color: #000000;\">Presentaci\u00f3 de les <\/span><\/span><strong><span style=\"color: #993300;\"><a href=\"https:\/\/www.canva.com\/design\/DAHCvevJTXg\/yfJcHGGWLxwOy4TInNLKEg\/edit?utm_content=DAHCvevJTXg&amp;utm_campaign=designshare&amp;utm_medium=link2&amp;utm_source=sharebutton\">Portes Obertes (3 de mar\u00e7 de 2026)<\/a>.<\/span><\/strong><\/li>\n<li><strong><a href=\"https:\/\/drive.google.com\/file\/d\/1xj5JeH4PY2TXxCJCGarVsz1_8Hy9hXez\/view?usp=sharing\">Oferta inicial de places (3 de mar\u00e7 de 2026)<\/a><\/strong><\/li>\n<li><strong><a href=\"https:\/\/drive.google.com\/file\/d\/1ZhpEmUEhTlbE1zt43U9Xo29e6ESqN2wl\/view?usp=sharing\">Barem provisional a l&#8217;ESO (15 abril de 2026)<\/a><\/strong><\/li>\n<li><strong><a href=\"https:\/\/drive.google.com\/file\/d\/1GKxA8sCc6aAzmpcSKwETIJL7iQaURFu_\/view?usp=sharing\">Barem ESO resoltes les reclamacions (23 d&#8217;abril de 2026)<\/a><\/strong><\/li>\n<li>\n<div><strong>N\u00famero de desempat preinscripci\u00f3 escolar 2026: el 42129<\/strong><\/div>\n<\/li>\n<li>\n<div><strong><a href=\"https:\/\/drive.google.com\/file\/d\/1-3z3h9Yf8tpNSqiO5qjQb0myWXIK3MYM\/view?usp=sharing\"><span style=\"font-size: 16px; font-style: normal;\">Llista ordenada definitiva (29 d&#8217;abril de 2026)<\/span><\/a><\/strong><\/div>\n<\/li>\n<li style=\"font-size: 16px;\"><span style=\"font-weight: 400;\">Oferta definitiva de places (10 de juny de 2026)<\/span><\/li>\n<li><span style=\"font-weight: 400;\">Llista d\u2019alumnat assignat al centre (10 de juny de 2026)<\/span><\/li>\n<li><span style=\"font-weight: 400;\">Llista d\u2019espera<\/span><\/li>\n<\/ul>\n<\/li>\n<\/ul>\n<\/li>\n<\/ul>\n<h3><\/h3>\n<h3><b>PREINSCRIPCI\u00d3 ESO<\/b><\/h3>\n<p><span style=\"font-weight: 400;\">La preinscripci\u00f3 de l\u2019alumnat <\/span><b>d\u2019ESO<\/b><span style=\"font-weight: 400;\"> pel curs <\/span><b>2026-2027<\/b><span style=\"font-weight: 400;\"> es far\u00e0 del <strong>6<\/strong><\/span><b> al 18 de mar\u00e7 de 2026. Llegiu amb atenci\u00f3 l\u2019apartat INDICACIONS PER FER LES PREINSCRIPCIONS<\/b><\/p>\n<p><span style=\"font-weight: 400;\">Una vegada publicada la llista d\u2019admesos (10 de juny de 2026), l\u2019alumnat adm\u00e8s rebr\u00e0 un correu electr\u00f2nic amb la documentaci\u00f3 i instruccions per fer la matr\u00edcula, <\/span><b>al correu que vau facilitar a la sol\u00b7licitud de preinscripci\u00f3.<\/b><\/p>\n<p>&nbsp;<\/p>\n<h3><b>CALENDARI DE PREINSCRIPCI\u00d3 ESO CURS 2026-2027<\/b><\/h3>\n<ul>\n<li style=\"font-weight: 400;\" aria-level=\"2\"><span style=\"font-weight: 400;\">Difusi\u00f3 de l\u2019oferta inicial: 3<\/span><b> de mar\u00e7 de 2026.<\/b><\/li>\n<li style=\"font-weight: 400;\" aria-level=\"2\"><span style=\"font-weight: 400;\">Educaci\u00f3 secund\u00e0ria obligat\u00f2ria: del <strong>6<\/strong><\/span><b> al 18 de mar\u00e7 de 2026<\/b><a href=\"https:\/\/preinscripcio.gencat.cat\/ca\/estudis\/eso\/inici\/\">\u00a0<b>Acc\u00e9s preinscripci\u00f3 ESO gencat<\/b><\/a> <span style=\"font-weight: 400;\">(\u00c9s molt important respectar-ne les dates, perqu\u00e8 a l&#8217;hora d&#8217;obtenir una pla\u00e7a en un centre, les sol\u00b7licituds que es presenten fora de termini van darrere de totes les sol\u00b7licituds que s&#8217;hagin presentat dins de termini).<\/span><\/li>\n<\/ul>\n<ul>\n<li style=\"font-weight: 400;\" aria-level=\"1\"><span style=\"font-weight: 400;\">Publicaci\u00f3 de les llistes provisionals i per\u00edode de reclamacions<\/span>\n<ul>\n<li style=\"font-weight: 400;\" aria-level=\"2\"><span style=\"font-weight: 400;\">Publicaci\u00f3 de les llistes provisionals amb la puntuaci\u00f3 provisional:<\/span><b> 15 d&#8217;abril de 2026<\/b>\n<ul>\n<li style=\"font-weight: 400;\" aria-level=\"3\"><span style=\"font-weight: 400;\">Llista de sol\u00b7licituds que han demanat el centre i l&#8217;ensenyament en primera petici\u00f3 amb la puntuaci\u00f3 provisional<\/span><\/li>\n<\/ul>\n<\/li>\n<li style=\"font-weight: 400;\" aria-level=\"2\"><span style=\"font-weight: 400;\">Presentaci\u00f3 de reclamacions (en cas que es detecti alguna errada en les dades o no s&#8217;estigui d&#8217;acord amb la puntuaci\u00f3 assignada):<\/span><b> del 15 al 20 d&#8217;abril de 2026<\/b><\/li>\n<li style=\"font-weight: 400;\" aria-level=\"2\"><span style=\"font-weight: 400;\">Publicaci\u00f3 de les llistes, un cop resoltes les reclamacions: <\/span><b>23 d&#8217;abril de 2026<\/b><\/li>\n<\/ul>\n<\/li>\n<li style=\"font-weight: 400;\" aria-level=\"1\"><span style=\"font-weight: 400;\">Sorteig p\u00fablic i publicaci\u00f3 de llistes<\/span>\n<ul>\n<li style=\"font-weight: 400;\" aria-level=\"2\"><span style=\"font-weight: 400;\">Sorteig p\u00fablic:<\/span><b> 28 d&#8217;abril de 2026 a les 11 hores<\/b><span style=\"font-weight: 400;\">, als serveis centrals del Departament d&#8217;Educaci\u00f3<\/span><\/li>\n<li style=\"font-weight: 400;\" aria-level=\"2\"><span style=\"font-weight: 400;\">Publicaci\u00f3 de la llista ordenada de sol\u00b7licituds: <strong>29<\/strong><\/span><b> d&#8217;abril de 2026<\/b><\/li>\n<li style=\"font-weight: 400;\" aria-level=\"2\"><span style=\"font-weight: 400;\">N\u00famero per determinar l&#8217;ordre de les sol\u00b7licituds en cas d&#8217;empat.<\/span><\/li>\n<li aria-level=\"2\">Publicaci\u00f3 de l&#8217;oferta final: <strong>10 de juny de 2026<\/strong><\/li>\n<li style=\"font-weight: 400;\" aria-level=\"2\"><span style=\"font-weight: 400;\">Publicaci\u00f3 de la llista d&#8217;alumnes admesos en cada centre i de la llista d&#8217;espera:<\/span><b> 10 de juny de 2026<\/b><\/li>\n<\/ul>\n<\/li>\n<\/ul>\n<h3><b>MATR\u00cdCULA<\/b><\/h3>\n<ul>\n<li style=\"font-weight: 400;\" aria-level=\"1\"><span style=\"font-weight: 400;\">Per a l&#8217;ESO la matr\u00edcula ser\u00e0\u00a0 <\/span><b>del 22 al 30 de juny de 2026.<\/b><\/li>\n<\/ul>\n<p><span style=\"font-weight: 400;\">\u00a0<\/span><\/p>\n<h3><b>PUNTS DE SUPORT PER A LA PREINSCRIPCI\u00d3 26-27<\/b><\/h3>\n<p><span style=\"font-weight: 400;\">Durant el per\u00edode de preinscripci\u00f3 per al segon cicle d\u2019educaci\u00f3 infantil, prim\u00e0ria i secund\u00e0ria obligat\u00f2ria per al curs 2025-2025 (del 14 al 26 de mar\u00e7, matins i tardes) l\u2019ajuntament refor\u00e7ar\u00e0 el suport a les fam\u00edlies a:<\/span><\/p>\n<div><b>1. Oficina Municipal d\u2019Escolaritzaci\u00f3 (OME)<\/b><br \/>\nUbicaci\u00f3: Pla\u00e7a Europa<br \/>\nCita pr\u00e8via:\u00a0<a href=\"http:\/\/cita.viladecans.cat\/\" target=\"_blank\" rel=\"noopener\" data-saferedirecturl=\"https:\/\/www.google.com\/url?q=http:\/\/cita.viladecans.cat&amp;source=gmail&amp;ust=1772577112532000&amp;usg=AOvVaw11gf4PYyA3M9C4IlAmBT0R\">cita.viladecans.cat<\/a><br \/>\nHorari d\u2019atenci\u00f3:<\/div>\n<ul>\n<li>\n<div role=\"presentation\">De dilluns a divendres,\u00a0 de 9 a 14h<\/div>\n<\/li>\n<li>\n<div role=\"presentation\">Tardes de dimarts i dijous de 16.30 a 18.30h<\/div>\n<\/li>\n<\/ul>\n<div><b>2. Punt de suport temporal<\/b><br \/>\nUbicaci\u00f3: Ateneu Pablo Picasso<br \/>\nCita pr\u00e8via a trav\u00e9s de:<\/div>\n<ul>\n<li>\n<div role=\"presentation\">WhatsApp: 670 051 661<\/div>\n<\/li>\n<li>\n<div role=\"presentation\">Tel\u00e8fon: 93 635 18 02<\/div>\n<\/li>\n<\/ul>\n<div>Horari d\u2019atenci\u00f3:<\/div>\n<ul>\n<li>\n<div role=\"presentation\">De dilluns a divendres, de 10 a 13h<\/div>\n<\/li>\n<li>\n<div role=\"presentation\">Tardes de dilluns, dimecres i divendres de 16 a 18.30h<\/div>\n<\/li>\n<\/ul>\n<p><b>3. Institut Torre Roja<\/b><\/p>\n<p>Podeu demanar cita pr\u00e8via per a que a Secretaria us ajudem en la sol\u00b7licitud en aquest enlla\u00e7: <a href=\"https:\/\/aplicacions.gestioeducativa.gencat.cat\/ords\/pls\/apex\/f?p=CITA_PREVIA:4::::4:P4_TIPUS_CALENDARI,P4_DOMINI:01_Oblig,08031228\">CITA PR\u00c8VIA<\/a><\/p>\n<p><b>COM EMPLENAR LA SOL\u00b7LICITUD DE PREINSCRIPCI\u00d3 ESCOLAR<\/b><span style=\"font-weight: 400;\"> \u00a0 <\/span><span style=\"font-weight: 400;\" data-rich-links=\"{&quot;fple-t&quot;:&quot;Com emplenar la sol\u00b7licitud de preinscripcio\u0301 escolar (2023-2024)&quot;,&quot;fple-u&quot;:&quot;https:\/\/youtu.be\/xwo2A2U-g30&quot;,&quot;fple-mt&quot;:null,&quot;type&quot;:&quot;first-party-link&quot;}\">Com emplenar la sol\u00b7licitud de preinscripcio\u0301 escolar <\/span><\/p>\n<p><b>COM POTS DIGITALITZAR ELS DOCUMENTS EN L\u00cdNIA?<\/b> <a href=\"https:\/\/www.youtube.com\/watch?v=kAm26LWm51U\"><span style=\"font-weight: 400;\" data-rich-links=\"{&quot;fple-t&quot;:&quot;Saps com digitalitzar documents per als tr\u00e0mits en l\u00ednia (2023)&quot;,&quot;fple-u&quot;:&quot;https:\/\/www.youtube.com\/watch?v=kAm26LWm51U&quot;,&quot;fple-mt&quot;:null,&quot;type&quot;:&quot;first-party-link&quot;}\">Saps com digitalitzar documents per als tr\u00e0mits en l\u00ednia <\/span><\/a><\/p>\n<p><b>COM PODEU OBTENIR L&#8217;idCAT M\u00f2bil CERTIFICAT?<\/b><span style=\"font-weight: 400;\">\u00a0<\/span><a href=\"https:\/\/idcat.aoc.cat\/\"><span style=\"font-weight: 400;\">IdCAT M\u00f2bil. gencat.cat<\/span><\/a><\/p>\n<p><span style=\"color: #888888;\">\u00a0<\/span><\/p>\n<div><\/div>\n<p>&nbsp;<\/p>\n<p><i><span style=\"font-weight: 400;\">M\u00e9s informaci\u00f3 al web del <\/span><\/i><a href=\"https:\/\/preinscripcio.gencat.cat\/ca\/estudis\/eso\/inici\/\" target=\"_blank\" rel=\"noopener\"><i><span style=\"font-weight: 400;\">Departament d\u2019Educaci\u00f3<\/span><\/i><\/a><\/p>\n<p>&nbsp;<\/p>\n","protected":false},"excerpt":{"rendered":"<p>Presentaci\u00f3 de les Portes Obertes (3 de mar\u00e7 de 2026). Oferta inicial de places (3 de mar\u00e7 de 2026) Barem provisional a l&#8217;ESO (15 abril de 2026) Barem ESO resoltes les reclamacions (23 d&#8217;abril de 2026) N\u00famero de desempat preinscripci\u00f3 escolar 2026: el 42129 Llista ordenada definitiva (29 d&#8217;abril de 2026) Oferta definitiva de places [&hellip;]<\/p>\n","protected":false},"author":9,"featured_media":0,"parent":5478,"menu_order":0,"comment_status":"closed","ping_status":"closed","template":"","meta":{"_bbp_topic_count":0,"_bbp_reply_count":0,"_bbp_total_topic_count":0,"_bbp_total_reply_count":0,"_bbp_voice_count":0,"_bbp_anonymous_reply_count":0,"_bbp_topic_count_hidden":0,"_bbp_reply_count_hidden":0,"_bbp_forum_subforum_count":0,"site-sidebar-layout":"default","site-content-layout":"","ast-site-content-layout":"default","site-content-style":"default","site-sidebar-style":"default","ast-global-header-display":"","ast-banner-title-visibility":"","ast-main-header-display":"","ast-hfb-above-header-display":"","ast-hfb-below-header-display":"","ast-hfb-mobile-header-display":"","site-post-title":"","ast-breadcrumbs-content":"","ast-featured-img":"","footer-sml-layout":"","theme-transparent-header-meta":"default","adv-header-id-meta":"","stick-header-meta":"","header-above-stick-meta":"","header-main-stick-meta":"","header-below-stick-meta":"","astra-migrate-meta-layouts":"set","ast-page-background-enabled":"default","ast-page-background-meta":{"desktop":{"background-color":"var(--ast-global-color-4)","background-image":"","background-repeat":"repeat","background-position":"center center","background-size":"auto","background-attachment":"scroll","background-type":"","background-media":"","overlay-type":"","overlay-color":"","overlay-opacity":"","overlay-gradient":""},"tablet":{"background-color":"","background-image":"","background-repeat":"repeat","background-position":"center center","background-size":"auto","background-attachment":"scroll","background-type":"","background-media":"","overlay-type":"","overlay-color":"","overlay-opacity":"","overlay-gradient":""},"mobile":{"background-color":"","background-image":"","background-repeat":"repeat","background-position":"center center","background-size":"auto","background-attachment":"scroll","background-type":"","background-media":"","overlay-type":"","overlay-color":"","overlay-opacity":"","overlay-gradient":""}},"ast-content-background-meta":{"desktop":{"background-color":"var(--ast-global-color-5)","background-image":"","background-repeat":"repeat","background-position":"center center","background-size":"auto","background-attachment":"scroll","background-type":"","background-media":"","overlay-type":"","overlay-color":"","overlay-opacity":"","overlay-gradient":""},"tablet":{"background-color":"var(--ast-global-color-5)","background-image":"","background-repeat":"repeat","background-position":"center center","background-size":"auto","background-attachment":"scroll","background-type":"","background-media":"","overlay-type":"","overlay-color":"","overlay-opacity":"","overlay-gradient":""},"mobile":{"background-color":"var(--ast-global-color-5)","background-image":"","background-repeat":"repeat","background-position":"center center","background-size":"auto","background-attachment":"scroll","background-type":"","background-media":"","overlay-type":"","overlay-color":"","overlay-opacity":"","overlay-gradient":""}},"footnotes":""},"class_list":["post-5480","page","type-page","status-publish","hentry"],"post_mailing_queue_ids":[],"_links":{"self":[{"href":"https:\/\/agora.xtec.cat\/iestorreroja\/wp-json\/wp\/v2\/pages\/5480","targetHints":{"allow":["GET"]}}],"collection":[{"href":"https:\/\/agora.xtec.cat\/iestorreroja\/wp-json\/wp\/v2\/pages"}],"about":[{"href":"https:\/\/agora.xtec.cat\/iestorreroja\/wp-json\/wp\/v2\/types\/page"}],"author":[{"embeddable":true,"href":"https:\/\/agora.xtec.cat\/iestorreroja\/wp-json\/wp\/v2\/users\/9"}],"replies":[{"embeddable":true,"href":"https:\/\/agora.xtec.cat\/iestorreroja\/wp-json\/wp\/v2\/comments?post=5480"}],"version-history":[{"count":9,"href":"https:\/\/agora.xtec.cat\/iestorreroja\/wp-json\/wp\/v2\/pages\/5480\/revisions"}],"predecessor-version":[{"id":12655,"href":"https:\/\/agora.xtec.cat\/iestorreroja\/wp-json\/wp\/v2\/pages\/5480\/revisions\/12655"}],"up":[{"embeddable":true,"href":"https:\/\/agora.xtec.cat\/iestorreroja\/wp-json\/wp\/v2\/pages\/5478"}],"wp:attachment":[{"href":"https:\/\/agora.xtec.cat\/iestorreroja\/wp-json\/wp\/v2\/media?parent=5480"}],"curies":[{"name":"wp","href":"https:\/\/api.w.org\/{rel}","templated":true}]}}