{"id":5474,"date":"2021-02-12T11:16:22","date_gmt":"2021-02-12T10:16:22","guid":{"rendered":"http:\/\/agora.xtec.cat\/iestorreroja\/?page_id=5474"},"modified":"2026-04-17T13:13:46","modified_gmt":"2026-04-17T11:13:46","slug":"atencio-al-public","status":"publish","type":"page","link":"https:\/\/agora.xtec.cat\/iestorreroja\/secretaria\/atencio-al-public\/","title":{"rendered":"Atenci\u00f3 al p\u00fablic"},"content":{"rendered":"<p><strong>ATENCI\u00d3 AL P\u00daBLIC<\/strong><\/p>\n<p>A continuaci\u00f3 hi ha l\u2019horari d\u2019atenci\u00f3 al p\u00fablic de secretaria. Tot i aix\u00f2, \u00e9s convenient concertar una visita abans de venir a l\u2019Institut, per tel\u00e8fon <strong>936373700<\/strong> o per correu electr\u00f2nic <a href=\"mailto:secretaria@torreroja.cat\">secretaria<span class=\"\"><span class=\"\">@torreroja.cat<\/span><\/span><\/a><\/p>\n<p>Durant la setmana de Sant Jordi (del 20 al 24 d&#8217;abril) la Secretaria estar\u00e0 tancada en horari de tarda.<\/p>\n<p><a href=\"https:\/\/agora.xtec.cat\/iestorreroja\/wp-content\/uploads\/usu1423\/2026\/04\/Red-White-and-Pink-Modern-Event-Schedule-Instagram-Post-3.jpg\"><img loading=\"lazy\" decoding=\"async\" class=\"alignnone wp-image-12577\" src=\"https:\/\/agora.xtec.cat\/iestorreroja\/wp-content\/uploads\/usu1423\/2026\/04\/Red-White-and-Pink-Modern-Event-Schedule-Instagram-Post-3-819x1024.jpg\" alt=\"\" width=\"536\" height=\"670\" srcset=\"https:\/\/agora.xtec.cat\/iestorreroja\/wp-content\/uploads\/usu1423\/2026\/04\/Red-White-and-Pink-Modern-Event-Schedule-Instagram-Post-3-819x1024.jpg 819w, https:\/\/agora.xtec.cat\/iestorreroja\/wp-content\/uploads\/usu1423\/2026\/04\/Red-White-and-Pink-Modern-Event-Schedule-Instagram-Post-3-240x300.jpg 240w, https:\/\/agora.xtec.cat\/iestorreroja\/wp-content\/uploads\/usu1423\/2026\/04\/Red-White-and-Pink-Modern-Event-Schedule-Instagram-Post-3-768x960.jpg 768w, https:\/\/agora.xtec.cat\/iestorreroja\/wp-content\/uploads\/usu1423\/2026\/04\/Red-White-and-Pink-Modern-Event-Schedule-Instagram-Post-3.jpg 1080w\" sizes=\"auto, (max-width: 536px) 100vw, 536px\" \/><\/a><\/p>\n<p>&nbsp;<\/p>\n<p>&nbsp;<\/p>\n<p>&nbsp;<\/p>\n<p>&nbsp;<\/p>\n<p>&nbsp;<\/p>\n","protected":false},"excerpt":{"rendered":"<p>ATENCI\u00d3 AL P\u00daBLIC A continuaci\u00f3 hi ha l\u2019horari d\u2019atenci\u00f3 al p\u00fablic de secretaria. Tot i aix\u00f2, \u00e9s convenient concertar una visita abans de venir a l\u2019Institut, per tel\u00e8fon 936373700 o per correu electr\u00f2nic secretaria@torreroja.cat Durant la setmana de Sant Jordi (del 20 al 24 d&#8217;abril) la Secretaria estar\u00e0 tancada en horari de tarda. &nbsp; &nbsp; [&hellip;]<\/p>\n","protected":false},"author":9,"featured_media":0,"parent":81,"menu_order":0,"comment_status":"closed","ping_status":"closed","template":"","meta":{"_bbp_topic_count":0,"_bbp_reply_count":0,"_bbp_total_topic_count":0,"_bbp_total_reply_count":0,"_bbp_voice_count":0,"_bbp_anonymous_reply_count":0,"_bbp_topic_count_hidden":0,"_bbp_reply_count_hidden":0,"_bbp_forum_subforum_count":0,"site-sidebar-layout":"default","site-content-layout":"","ast-site-content-layout":"default","site-content-style":"default","site-sidebar-style":"default","ast-global-header-display":"","ast-banner-title-visibility":"","ast-main-header-display":"","ast-hfb-above-header-display":"","ast-hfb-below-header-display":"","ast-hfb-mobile-header-display":"","site-post-title":"","ast-breadcrumbs-content":"","ast-featured-img":"","footer-sml-layout":"","theme-transparent-header-meta":"default","adv-header-id-meta":"","stick-header-meta":"","header-above-stick-meta":"","header-main-stick-meta":"","header-below-stick-meta":"","astra-migrate-meta-layouts":"set","ast-page-background-enabled":"default","ast-page-background-meta":{"desktop":{"background-color":"var(--ast-global-color-4)","background-image":"","background-repeat":"repeat","background-position":"center center","background-size":"auto","background-attachment":"scroll","background-type":"","background-media":"","overlay-type":"","overlay-color":"","overlay-opacity":"","overlay-gradient":""},"tablet":{"background-color":"","background-image":"","background-repeat":"repeat","background-position":"center center","background-size":"auto","background-attachment":"scroll","background-type":"","background-media":"","overlay-type":"","overlay-color":"","overlay-opacity":"","overlay-gradient":""},"mobile":{"background-color":"","background-image":"","background-repeat":"repeat","background-position":"center center","background-size":"auto","background-attachment":"scroll","background-type":"","background-media":"","overlay-type":"","overlay-color":"","overlay-opacity":"","overlay-gradient":""}},"ast-content-background-meta":{"desktop":{"background-color":"var(--ast-global-color-5)","background-image":"","background-repeat":"repeat","background-position":"center center","background-size":"auto","background-attachment":"scroll","background-type":"","background-media":"","overlay-type":"","overlay-color":"","overlay-opacity":"","overlay-gradient":""},"tablet":{"background-color":"var(--ast-global-color-5)","background-image":"","background-repeat":"repeat","background-position":"center center","background-size":"auto","background-attachment":"scroll","background-type":"","background-media":"","overlay-type":"","overlay-color":"","overlay-opacity":"","overlay-gradient":""},"mobile":{"background-color":"var(--ast-global-color-5)","background-image":"","background-repeat":"repeat","background-position":"center center","background-size":"auto","background-attachment":"scroll","background-type":"","background-media":"","overlay-type":"","overlay-color":"","overlay-opacity":"","overlay-gradient":""}},"footnotes":""},"class_list":["post-5474","page","type-page","status-publish","hentry"],"post_mailing_queue_ids":[],"_links":{"self":[{"href":"https:\/\/agora.xtec.cat\/iestorreroja\/wp-json\/wp\/v2\/pages\/5474","targetHints":{"allow":["GET"]}}],"collection":[{"href":"https:\/\/agora.xtec.cat\/iestorreroja\/wp-json\/wp\/v2\/pages"}],"about":[{"href":"https:\/\/agora.xtec.cat\/iestorreroja\/wp-json\/wp\/v2\/types\/page"}],"author":[{"embeddable":true,"href":"https:\/\/agora.xtec.cat\/iestorreroja\/wp-json\/wp\/v2\/users\/9"}],"replies":[{"embeddable":true,"href":"https:\/\/agora.xtec.cat\/iestorreroja\/wp-json\/wp\/v2\/comments?post=5474"}],"version-history":[{"count":8,"href":"https:\/\/agora.xtec.cat\/iestorreroja\/wp-json\/wp\/v2\/pages\/5474\/revisions"}],"predecessor-version":[{"id":12604,"href":"https:\/\/agora.xtec.cat\/iestorreroja\/wp-json\/wp\/v2\/pages\/5474\/revisions\/12604"}],"up":[{"embeddable":true,"href":"https:\/\/agora.xtec.cat\/iestorreroja\/wp-json\/wp\/v2\/pages\/81"}],"wp:attachment":[{"href":"https:\/\/agora.xtec.cat\/iestorreroja\/wp-json\/wp\/v2\/media?parent=5474"}],"curies":[{"name":"wp","href":"https:\/\/api.w.org\/{rel}","templated":true}]}}