{"id":545,"date":"2021-10-18T09:21:05","date_gmt":"2021-10-18T07:21:05","guid":{"rendered":"http:\/\/agora.xtec.cat\/iestorreroja\/?page_id=545"},"modified":"2025-05-07T15:32:25","modified_gmt":"2025-05-07T13:32:25","slug":"gm-gestio-administrativa","status":"publish","type":"page","link":"https:\/\/agora.xtec.cat\/iestorreroja\/estudis\/fp\/cicles-formatius-de-grau-mitja-cfgm\/gm-gestio-administrativa\/","title":{"rendered":"CFGM Gesti\u00f3 Administrativa"},"content":{"rendered":"<p><span style=\"font-weight: 400;\">L\u2019objectiu d\u2019aquest cicle \u00e9s capacitar a l\u2019alumne per poder exercir les funcions de suport administratiu en l&#8217;\u00e0mbit laboral, comptable, comercial, financer i fiscal, aix\u00ed com d&#8217;atenci\u00f3 al client\/usuari, tant en empreses p\u00fabliques com en empreses privades, aplicant la normativa vigent i protocols de qualitat, assegurant la satisfacci\u00f3 del client i actuant segons les normes de prevenci\u00f3 de riscos laborals i de protecci\u00f3 ambiental.<\/span><\/p>\n<p><b>Informaci\u00f3 general:<\/b><\/p>\n<ul>\n<li style=\"font-weight: 400;\" aria-level=\"1\"><span style=\"font-weight: 400;\">Durada del Cicle Formatiu: 2000\u202fh (1485\u202fh al centre educatiu)\u00a0<\/span><\/li>\n<li style=\"font-weight: 400;\" aria-level=\"1\"><span style=\"font-weight: 400;\">Estada a l\u2019empresa: 515 hores. (pr\u00e0ctiques en empreses que t\u2019ajudaran a accedir al m\u00f3n laboral)<\/span><\/li>\n<li style=\"font-weight: 400;\" aria-level=\"1\"><span style=\"font-weight: 400;\">Horari:<\/span><\/li>\n<\/ul>\n<p><b>\u00a0\u00a0\u00a0\u00a0\u00a0\u00a0\u00a0\u00a0\u00a0\u00a0\u00a0<\/b><span style=\"font-weight: 400;\">1r curs mat\u00ed de 8 a 14:30<\/span><\/p>\n<p><span style=\"font-weight: 400;\">\u00a0\u00a0\u00a0\u00a0\u00a0\u00a0\u00a0\u00a0\u00a0\u00a0\u00a02n curs tardes de 14:45 a 21:10 h i divendres de 14:45 a 17:45h<\/span><\/p>\n<ul>\n<li style=\"font-weight: 400;\" aria-level=\"1\"><b>Modalitat DUAL INTENSIVA<\/b><\/li>\n<\/ul>\n<p><b>Compet\u00e8ncies professionals:<\/b><\/p>\n<ul>\n<li style=\"font-weight: 400;\" aria-level=\"1\"><span style=\"font-weight: 400;\">Activitats administratives de recepci\u00f3 i relaci\u00f3 amb el client<\/span><\/li>\n<li style=\"font-weight: 400;\" aria-level=\"1\"><span style=\"font-weight: 400;\">Activitats de gesti\u00f3 administrativa<\/span><\/li>\n<\/ul>\n<p><b>Qu\u00e8 aprendr\u00e0s?<\/b><\/p>\n<p><b>Tramitar documents o comunicacions <\/b><span style=\"font-weight: 400;\">internes o externes en els circuits d\u2019informaci\u00f3 de l\u2019empresa o<\/span><b> elaborar-les <\/b><span style=\"font-weight: 400;\">a partir d\u2019ordres rebudes, informaci\u00f3 obtinguda i\/o necessitats detectades.<\/span><\/p>\n<p><b>Classificar, registrar i arxivar comunicacions i documents<\/b><span style=\"font-weight: 400;\"> segons les t\u00e8cniques apropiades i els par\u00e0metres establerts en l\u2019empresa.<\/span><\/p>\n<p><b>Registrar comptablement la documentaci\u00f3 supor<\/b><span style=\"font-weight: 400;\">t corresponent a l\u2019operativa de l\u2019empresa.<\/span><\/p>\n<p><b>Realitzar gestions administratives de tresoreria<\/b><span style=\"font-weight: 400;\">, seguint les normes i protocols establerts per la ger\u00e8ncia a fi de mantenir la liquiditat de l\u2019organitzaci\u00f3.<\/span><\/p>\n<p><span style=\"font-weight: 400;\"><br \/>\n<\/span><b>Dur a terme gestions administratives de les \u00e0rees de selecci\u00f3 i formaci\u00f3 dels recursos humans<\/b><span style=\"font-weight: 400;\"> de l\u2019empresa, ajustant-se a la normativa vigent i a la pol\u00edtica empresarial, s<\/span><b>ota la supervisi\u00f3 del responsable superior del departament.<\/b><\/p>\n<p><b>Donar suport administratiu en l\u2019\u00e0rea de gesti\u00f3 laboral de l\u2019empresa <\/b> <span style=\"font-weight: 400;\">ajustant-se a la normativa vigent<\/span><b> i sota la supervisi\u00f3 del responsable superior del departament.<\/b><\/p>\n<p><b>Realitzar\u00a0 les gestions administratives de l\u2019activitat comercial <\/b><span style=\"font-weight: 400;\">registrant la documentaci\u00f3 suport corresponent a determinades obligacions fiscals derivades.<\/span><\/p>\n<p><b>Desenvolupar\u00a0 activitats d\u2019atenci\u00f3 al client\/usuari en l\u2019\u00e0mbit administratiu i comercial <\/b><span style=\"font-weight: 400;\">assegurant els nivells de qualitat establerts i relacionats amb la imatge de l\u2019empresa\/instituci\u00f3.<\/span><span style=\"font-weight: 400;\"><\/p>\n<p><\/span><\/p>\n<p><b>De qu\u00e8 treballar\u00e0s<\/b><b>?<\/b><\/p>\n<ul>\n<li style=\"font-weight: 400;\" aria-level=\"1\"><span style=\"font-weight: 400;\">Auxiliar administratiu\/va\u00a0<\/span><\/li>\n<li style=\"font-weight: 400;\" aria-level=\"1\"><span style=\"font-weight: 400;\">Ajudant d\u2019oficina<\/span><\/li>\n<li style=\"font-weight: 400;\" aria-level=\"1\"><span style=\"font-weight: 400;\">Administratiu\/va comercial<\/span><\/li>\n<li style=\"font-weight: 400;\" aria-level=\"1\"><span style=\"font-weight: 400;\">Personal auxiliar administratiu de cobraments i pagaments<\/span><\/li>\n<li style=\"font-weight: 400;\" aria-level=\"1\"><span style=\"font-weight: 400;\">Personal auxiliar administratiu de gesti\u00f3 de personal.<\/span><\/li>\n<li style=\"font-weight: 400;\" aria-level=\"1\"><span style=\"font-weight: 400;\">Recepcionista.<\/span><\/li>\n<li style=\"font-weight: 400;\" aria-level=\"1\"><span style=\"font-weight: 400;\">Personal empleat d\u2019atenci\u00f3 al client.<\/span><\/li>\n<li style=\"font-weight: 400;\" aria-level=\"1\"><span style=\"font-weight: 400;\">Personal empleat de tresoreria.<\/span><\/li>\n<li style=\"font-weight: 400;\" aria-level=\"1\"><span style=\"font-weight: 400;\">Personal empleat de mitjans de pagament.<\/span><\/li>\n<\/ul>\n<p><b>O continuar amb la teva formaci\u00f3 a la universitat\u2026<\/b><\/p>\n<ul>\n<li style=\"font-weight: 400;\" aria-level=\"1\"><span style=\"font-weight: 400;\">Permet accedir a qualsevol estudi universitari oficial de grau.<\/span><\/li>\n<li style=\"font-weight: 400;\" aria-level=\"1\"><span style=\"font-weight: 400;\">Poden obtenir la convalidaci\u00f3 de cr\u00e8dits universitaris ECTS.<\/span><\/li>\n<\/ul>\n<p>&nbsp;<\/p>\n<p><b>Relaci\u00f3 de m\u00f2duls professionals:<\/b><\/p>\n<ul>\n<li style=\"font-weight: 400;\" aria-level=\"1\"><span style=\"font-weight: 400;\">0437. Comunicaci\u00f3 empresarial i atenci\u00f3 al client.<\/span><\/li>\n<li style=\"font-weight: 400;\" aria-level=\"1\"><span style=\"font-weight: 400;\">0438. Operacions administratives de compravenda.<\/span><\/li>\n<li style=\"font-weight: 400;\" aria-level=\"1\"><span style=\"font-weight: 400;\">0439. Empresa i administraci\u00f3.<\/span><\/li>\n<li style=\"font-weight: 400;\" aria-level=\"1\"><span style=\"font-weight: 400;\">0440. Tractament inform\u00e0tic de la informaci\u00f3.<\/span><\/li>\n<li style=\"font-weight: 400;\" aria-level=\"1\"><span style=\"font-weight: 400;\">0441. T\u00e8cnica comptable.<\/span><\/li>\n<li style=\"font-weight: 400;\" aria-level=\"1\"><span style=\"font-weight: 400;\">0442. Operacions administratives de recursos humans.<\/span><\/li>\n<li style=\"font-weight: 400;\" aria-level=\"1\"><span style=\"font-weight: 400;\">0443. Tractament de la documentaci\u00f3 comptable.<\/span><\/li>\n<li style=\"font-weight: 400;\" aria-level=\"1\"><span style=\"font-weight: 400;\">0446. Empresa a l\u2019 aula.<\/span><\/li>\n<li style=\"font-weight: 400;\" aria-level=\"1\"><span style=\"font-weight: 400;\">0448. Operacions auxiliars de gesti\u00f3 de tresoreria.<\/span><\/li>\n<li style=\"font-weight: 400;\" aria-level=\"1\"><span style=\"font-weight: 400;\">C056. Catal\u00e0 \/ Aran\u00e8s professional.<\/span><\/li>\n<li style=\"font-weight: 400;\" aria-level=\"1\"><span style=\"font-weight: 400;\">0156. Angl\u00e8s professional.<\/span><\/li>\n<li style=\"font-weight: 400;\" aria-level=\"1\"><span style=\"font-weight: 400;\">1665. Digitalitzaci\u00f3 aplicada als sectors productius.<\/span><\/li>\n<li style=\"font-weight: 400;\" aria-level=\"1\"><span style=\"font-weight: 400;\">1708. Sostenibilitat aplicada al sistema productiu.<\/span><\/li>\n<li style=\"font-weight: 400;\" aria-level=\"1\"><span style=\"font-weight: 400;\">1709. Itinerari personal per a l\u2019ocupabilitat I.<\/span><\/li>\n<li style=\"font-weight: 400;\" aria-level=\"1\"><span style=\"font-weight: 400;\">1710. Itinerari personal per a l&#8217;ocupabilitat II.<\/span><\/li>\n<li style=\"font-weight: 400;\" aria-level=\"1\"><span style=\"font-weight: 400;\">1713. Projecte intermodular.<\/span><\/li>\n<li style=\"font-weight: 400;\" aria-level=\"1\"><span style=\"font-weight: 400;\">M\u00f2dul professional optatiu.<\/span><\/li>\n<\/ul>\n","protected":false},"excerpt":{"rendered":"<p>L\u2019objectiu d\u2019aquest cicle \u00e9s capacitar a l\u2019alumne per poder exercir les funcions de suport administratiu en l&#8217;\u00e0mbit laboral, comptable, comercial, financer i fiscal, aix\u00ed com d&#8217;atenci\u00f3 al client\/usuari, tant en empreses p\u00fabliques com en empreses privades, aplicant la normativa vigent i protocols de qualitat, assegurant la satisfacci\u00f3 del client i actuant segons les normes de [&hellip;]<\/p>\n","protected":false},"author":1,"featured_media":0,"parent":8961,"menu_order":0,"comment_status":"closed","ping_status":"closed","template":"","meta":{"_bbp_topic_count":0,"_bbp_reply_count":0,"_bbp_total_topic_count":0,"_bbp_total_reply_count":0,"_bbp_voice_count":0,"_bbp_anonymous_reply_count":0,"_bbp_topic_count_hidden":0,"_bbp_reply_count_hidden":0,"_bbp_forum_subforum_count":0,"site-sidebar-layout":"default","site-content-layout":"","ast-site-content-layout":"","site-content-style":"default","site-sidebar-style":"default","ast-global-header-display":"","ast-banner-title-visibility":"","ast-main-header-display":"","ast-hfb-above-header-display":"","ast-hfb-below-header-display":"","ast-hfb-mobile-header-display":"","site-post-title":"","ast-breadcrumbs-content":"","ast-featured-img":"","footer-sml-layout":"","theme-transparent-header-meta":"","adv-header-id-meta":"","stick-header-meta":"","header-above-stick-meta":"","header-main-stick-meta":"","header-below-stick-meta":"","astra-migrate-meta-layouts":"default","ast-page-background-enabled":"default","ast-page-background-meta":{"desktop":{"background-color":"var(--ast-global-color-4)","background-image":"","background-repeat":"repeat","background-position":"center center","background-size":"auto","background-attachment":"scroll","background-type":"","background-media":"","overlay-type":"","overlay-color":"","overlay-opacity":"","overlay-gradient":""},"tablet":{"background-color":"","background-image":"","background-repeat":"repeat","background-position":"center center","background-size":"auto","background-attachment":"scroll","background-type":"","background-media":"","overlay-type":"","overlay-color":"","overlay-opacity":"","overlay-gradient":""},"mobile":{"background-color":"","background-image":"","background-repeat":"repeat","background-position":"center center","background-size":"auto","background-attachment":"scroll","background-type":"","background-media":"","overlay-type":"","overlay-color":"","overlay-opacity":"","overlay-gradient":""}},"ast-content-background-meta":{"desktop":{"background-color":"var(--ast-global-color-5)","background-image":"","background-repeat":"repeat","background-position":"center center","background-size":"auto","background-attachment":"scroll","background-type":"","background-media":"","overlay-type":"","overlay-color":"","overlay-opacity":"","overlay-gradient":""},"tablet":{"background-color":"var(--ast-global-color-5)","background-image":"","background-repeat":"repeat","background-position":"center center","background-size":"auto","background-attachment":"scroll","background-type":"","background-media":"","overlay-type":"","overlay-color":"","overlay-opacity":"","overlay-gradient":""},"mobile":{"background-color":"var(--ast-global-color-5)","background-image":"","background-repeat":"repeat","background-position":"center center","background-size":"auto","background-attachment":"scroll","background-type":"","background-media":"","overlay-type":"","overlay-color":"","overlay-opacity":"","overlay-gradient":""}},"footnotes":""},"class_list":["post-545","page","type-page","status-publish","hentry"],"post_mailing_queue_ids":[],"_links":{"self":[{"href":"https:\/\/agora.xtec.cat\/iestorreroja\/wp-json\/wp\/v2\/pages\/545","targetHints":{"allow":["GET"]}}],"collection":[{"href":"https:\/\/agora.xtec.cat\/iestorreroja\/wp-json\/wp\/v2\/pages"}],"about":[{"href":"https:\/\/agora.xtec.cat\/iestorreroja\/wp-json\/wp\/v2\/types\/page"}],"author":[{"embeddable":true,"href":"https:\/\/agora.xtec.cat\/iestorreroja\/wp-json\/wp\/v2\/users\/1"}],"replies":[{"embeddable":true,"href":"https:\/\/agora.xtec.cat\/iestorreroja\/wp-json\/wp\/v2\/comments?post=545"}],"version-history":[{"count":5,"href":"https:\/\/agora.xtec.cat\/iestorreroja\/wp-json\/wp\/v2\/pages\/545\/revisions"}],"predecessor-version":[{"id":11504,"href":"https:\/\/agora.xtec.cat\/iestorreroja\/wp-json\/wp\/v2\/pages\/545\/revisions\/11504"}],"up":[{"embeddable":true,"href":"https:\/\/agora.xtec.cat\/iestorreroja\/wp-json\/wp\/v2\/pages\/8961"}],"wp:attachment":[{"href":"https:\/\/agora.xtec.cat\/iestorreroja\/wp-json\/wp\/v2\/media?parent=545"}],"curies":[{"name":"wp","href":"https:\/\/api.w.org\/{rel}","templated":true}]}}