{"id":489,"date":"2016-12-20T19:51:19","date_gmt":"2016-12-20T18:51:19","guid":{"rendered":"http:\/\/agora.xtec.cat\/iestorreroja\/?page_id=489"},"modified":"2025-11-07T16:53:51","modified_gmt":"2025-11-07T15:53:51","slug":"fp","status":"publish","type":"page","link":"https:\/\/agora.xtec.cat\/iestorreroja\/estudis\/fp\/","title":{"rendered":"Formaci\u00f3 professional"},"content":{"rendered":"<p>El nostre institut \u00e9s per tradici\u00f3 un centre referencial de Formaci\u00f3 Professional de la zona formada per Castelldefels, Gav\u00e0, Begues, Viladecans, Sant Climent i el Prat de Llobregat.<\/p>\n<p>S&#8217;hi poden realitzar \u00a0estudis oferint una continu\u00eftat al nostre alumnat a partir dels 16 anys.<\/p>\n<p>Als ensenyaments no reglats tenim una oferta canviant dependent dels cursos ofertats pel Departament d&#8217;Ensenyament; actualment disposem d&#8217;un programa de Formaci\u00f3 i Inserci\u00f3 d&#8217; Auxiliar de pintura<\/p>\n<p>Dins de l&#8217;ensenyament reglat oferim Cicles Formatius de Grau Mitj\u00e0 i de Grau Superior. El nostre centre t\u00e9 atorgades quatre fam\u00edlies professionals: Administraci\u00f3, Comer\u00e7 i M\u00e0rqueting, \u00a0Inform\u00e0tica i Serveis socioculturals i a la comunitat.<\/p>\n<p>Actualment es poden cursar els seg\u00fcents cicles:<\/p>\n<hr \/>\n<p class=\"rtecenter\"><strong>Programa de Formaci\u00f3 i inserci\u00f3<\/strong><\/p>\n<hr \/>\n<ul>\n<li class=\"llistesC\"><a href=\"https:\/\/agora.xtec.cat\/iestorreroja\/estudis\/programa-de-formacio-i-insercio-pfi-auxiliar-de-pintura\/formacio-i-aprenentatge-professional-fiap-auxiliar-de-pintura\/\">Auxiliar de pintura.<\/a><\/li>\n<\/ul>\n<hr \/>\n<p class=\"rtecenter\"><strong>CICLES DE GRAU MITJ\u00c0<\/strong><\/p>\n<hr \/>\n<p><strong>Fam\u00edlia d&#8217;administraci\u00f3 i gesti\u00f3:<\/strong><\/p>\n<ul>\n<li class=\"llistesC\"><a href=\"https:\/\/agora.xtec.cat\/iestorreroja\/estudis\/fp\/cicles-formatius-de-grau-mitja-cfgm\/gm-gestio-administrativa\/\">Gesti\u00f3 administrativa.<\/a><\/li>\n<\/ul>\n<p><strong>Fam\u00edlia de comer\u00e7 i m\u00e0rqueting:<\/strong><\/p>\n<ul>\n<li class=\"llistesC\"><a href=\"https:\/\/agora.xtec.cat\/iestorreroja\/estudis\/fp\/cicles-formatius-de-grau-mitja-cfgm\/gm-activitats-comercials\/\">Activitats comercials<\/a><\/li>\n<\/ul>\n<p><strong>Fam\u00edlia inform\u00e0tica i comunicacions:<\/strong><\/p>\n<ul>\n<li class=\"llistesC\"><a href=\"https:\/\/agora.xtec.cat\/iestorreroja\/estudis\/fp\/cicles-formatius-de-grau-mitja-cfgm\/gm-smx\/\">Sistemes Microinform\u00e0tics i Xarxes.<\/a><\/li>\n<\/ul>\n<p><strong>Fam\u00edlia serveis socioculturals i a la comunitat:<\/strong><\/p>\n<ul>\n<li class=\"llistesC\"><a href=\"https:\/\/agora.xtec.cat\/iestorreroja\/estudis\/fp\/cicles-formatius-de-grau-mitja-cfgm\/gm-apd\/\">Atenci\u00f3 a les persones en situaci\u00f3 de depend\u00e8ncia.<\/a><\/li>\n<\/ul>\n<p>&nbsp;<\/p>\n<hr \/>\n<p class=\"rtecenter\"><strong>CICLES DE GRAU SUPERIOR<\/strong><\/p>\n<hr \/>\n<p><strong>Fam\u00edlia d&#8217;administraci\u00f3 i gesti\u00f3:<\/strong><\/p>\n<ul>\n<li class=\"llistesC\"><a href=\"https:\/\/agora.xtec.cat\/iestorreroja\/cfgs-administracio-i-finances\/\">Administraci\u00f3 i Finances.<\/a><\/li>\n<\/ul>\n<p><strong>Fam\u00edlia inform\u00e0tica i comunicacions:<\/strong><\/p>\n<ul>\n<li><a href=\"https:\/\/agora.xtec.cat\/iestorreroja\/estudis\/fp\/cicles-formatius-de-grau-superior-cfgs\/cfgs-administracio-de-sistemes-informatics-en-xarxa-ciberseguretat\/\">Administraci\u00f3 de Sistemes Informatics en Xarxa &#8211; perfil professional en Ciberseguretat (ICA1)<\/a><\/li>\n<\/ul>\n<p><strong>Fam\u00edlia de comer\u00e7 i m\u00e0rqueting:<\/strong><\/p>\n<ul>\n<li class=\"llistesC\">\u00a0<a href=\"https:\/\/agora.xtec.cat\/iestorreroja\/estudis\/fp\/cicles-formatius-de-grau-superior-cfgs\/cfgs-marqueting-i-publicitat\/\">M\u00e0rqueting i publicitat<\/a><\/li>\n<\/ul>\n<p><strong>Fam\u00edlia serveis socioculturals i a la comunitat:<\/strong><\/p>\n<ul>\n<li class=\"llistesC\"><a href=\"https:\/\/agora.xtec.cat\/iestorreroja\/estudis\/fp\/cicles-formatius-de-grau-superior-cfgs\/gs-tis\/\">Integraci\u00f3 Social<\/a><\/li>\n<li><a href=\"https:\/\/agora.xtec.cat\/iestorreroja\/cfgs-tecnic-a-en-educacio-infantil\/\">Educaci\u00f3 Infantil<\/a><\/li>\n<\/ul>\n","protected":false},"excerpt":{"rendered":"<p>El nostre institut \u00e9s per tradici\u00f3 un centre referencial de Formaci\u00f3 Professional de la zona formada per Castelldefels, Gav\u00e0, Begues, Viladecans, Sant Climent i el Prat de Llobregat. S&#8217;hi poden realitzar \u00a0estudis oferint una continu\u00eftat al nostre alumnat a partir dels 16 anys. Als ensenyaments no reglats tenim una oferta canviant dependent dels cursos ofertats [&hellip;]<\/p>\n","protected":false},"author":1,"featured_media":0,"parent":195,"menu_order":20,"comment_status":"closed","ping_status":"closed","template":"page-templates\/side-menu.php","meta":{"_bbp_topic_count":0,"_bbp_reply_count":0,"_bbp_total_topic_count":0,"_bbp_total_reply_count":0,"_bbp_voice_count":0,"_bbp_anonymous_reply_count":0,"_bbp_topic_count_hidden":0,"_bbp_reply_count_hidden":0,"_bbp_forum_subforum_count":0,"site-sidebar-layout":"default","site-content-layout":"","ast-site-content-layout":"","site-content-style":"default","site-sidebar-style":"default","ast-global-header-display":"","ast-banner-title-visibility":"","ast-main-header-display":"","ast-hfb-above-header-display":"","ast-hfb-below-header-display":"","ast-hfb-mobile-header-display":"","site-post-title":"","ast-breadcrumbs-content":"","ast-featured-img":"","footer-sml-layout":"","theme-transparent-header-meta":"","adv-header-id-meta":"","stick-header-meta":"","header-above-stick-meta":"","header-main-stick-meta":"","header-below-stick-meta":"","astra-migrate-meta-layouts":"default","ast-page-background-enabled":"default","ast-page-background-meta":{"desktop":{"background-color":"var(--ast-global-color-4)","background-image":"","background-repeat":"repeat","background-position":"center center","background-size":"auto","background-attachment":"scroll","background-type":"","background-media":"","overlay-type":"","overlay-color":"","overlay-opacity":"","overlay-gradient":""},"tablet":{"background-color":"","background-image":"","background-repeat":"repeat","background-position":"center center","background-size":"auto","background-attachment":"scroll","background-type":"","background-media":"","overlay-type":"","overlay-color":"","overlay-opacity":"","overlay-gradient":""},"mobile":{"background-color":"","background-image":"","background-repeat":"repeat","background-position":"center center","background-size":"auto","background-attachment":"scroll","background-type":"","background-media":"","overlay-type":"","overlay-color":"","overlay-opacity":"","overlay-gradient":""}},"ast-content-background-meta":{"desktop":{"background-color":"var(--ast-global-color-5)","background-image":"","background-repeat":"repeat","background-position":"center center","background-size":"auto","background-attachment":"scroll","background-type":"","background-media":"","overlay-type":"","overlay-color":"","overlay-opacity":"","overlay-gradient":""},"tablet":{"background-color":"var(--ast-global-color-5)","background-image":"","background-repeat":"repeat","background-position":"center center","background-size":"auto","background-attachment":"scroll","background-type":"","background-media":"","overlay-type":"","overlay-color":"","overlay-opacity":"","overlay-gradient":""},"mobile":{"background-color":"var(--ast-global-color-5)","background-image":"","background-repeat":"repeat","background-position":"center center","background-size":"auto","background-attachment":"scroll","background-type":"","background-media":"","overlay-type":"","overlay-color":"","overlay-opacity":"","overlay-gradient":""}},"footnotes":""},"class_list":["post-489","page","type-page","status-publish","hentry"],"post_mailing_queue_ids":[],"_links":{"self":[{"href":"https:\/\/agora.xtec.cat\/iestorreroja\/wp-json\/wp\/v2\/pages\/489","targetHints":{"allow":["GET"]}}],"collection":[{"href":"https:\/\/agora.xtec.cat\/iestorreroja\/wp-json\/wp\/v2\/pages"}],"about":[{"href":"https:\/\/agora.xtec.cat\/iestorreroja\/wp-json\/wp\/v2\/types\/page"}],"author":[{"embeddable":true,"href":"https:\/\/agora.xtec.cat\/iestorreroja\/wp-json\/wp\/v2\/users\/1"}],"replies":[{"embeddable":true,"href":"https:\/\/agora.xtec.cat\/iestorreroja\/wp-json\/wp\/v2\/comments?post=489"}],"version-history":[{"count":7,"href":"https:\/\/agora.xtec.cat\/iestorreroja\/wp-json\/wp\/v2\/pages\/489\/revisions"}],"predecessor-version":[{"id":11924,"href":"https:\/\/agora.xtec.cat\/iestorreroja\/wp-json\/wp\/v2\/pages\/489\/revisions\/11924"}],"up":[{"embeddable":true,"href":"https:\/\/agora.xtec.cat\/iestorreroja\/wp-json\/wp\/v2\/pages\/195"}],"wp:attachment":[{"href":"https:\/\/agora.xtec.cat\/iestorreroja\/wp-json\/wp\/v2\/media?parent=489"}],"curies":[{"name":"wp","href":"https:\/\/api.w.org\/{rel}","templated":true}]}}