{"id":3432,"date":"2020-03-19T17:29:50","date_gmt":"2020-03-19T16:29:50","guid":{"rendered":"http:\/\/agora.xtec.cat\/iestorreroja\/?page_id=3432"},"modified":"2025-03-28T14:15:17","modified_gmt":"2025-03-28T13:15:17","slug":"gs-tis","status":"publish","type":"page","link":"https:\/\/agora.xtec.cat\/iestorreroja\/estudis\/fp\/cicles-formatius-de-grau-superior-cfgs\/gs-tis\/","title":{"rendered":"CFGS T\u00e8cnic\/a en Integraci\u00f3 Social"},"content":{"rendered":"<p><span style=\"font-weight: 400;\">L\u2019objectiu d\u2019aquest cicle \u00e9s capacitar a l\u2019alumnat\u00a0 per programar, organitzar i avaluar les intervencions d\u201fintegraci\u00f3 social aplicant estrat\u00e8gies i t\u00e8cniques espec\u00edfiques, promovent l\u201fequitat, igualtat d\u201foportunitats i inclusi\u00f3, actuant en tot moment amb una actitud de respecte envers les persones destinat\u00e0ries i garantint la creaci\u00f3 d\u201fentorns segurs tant per a les persones destinat\u00e0ries com per al professional per tal de millorar la seva situaci\u00f3 personal, familiar.<\/span><\/p>\n<p><b>Informaci\u00f3 general:<\/b><\/p>\n<ul>\n<li style=\"font-weight: 400;\" aria-level=\"1\"><span style=\"font-weight: 400;\">Durada del Cicle Formatiu: 2000\u202fh (1485\u202fh al centre educatiu)\u00a0<\/span><\/li>\n<li style=\"font-weight: 400;\" aria-level=\"1\"><span style=\"font-weight: 400;\">Estada a l\u2019empresa: 515 hores. (pr\u00e0ctiques en empreses que t\u2019ajudaran a accedir al m\u00f3n laboral)<\/span><\/li>\n<li style=\"font-weight: 400;\" aria-level=\"1\"><span style=\"font-weight: 400;\">Horari: tardes de 14:45 a 21:10\u202fh i divendres de 14:45 a 17:45\u202fh<\/span><\/li>\n<li style=\"font-weight: 400;\" aria-level=\"1\"><b>Modalitat DUAL INTENSIVA<\/b><\/li>\n<\/ul>\n<p><b>Qu\u00e8 aprendr\u00e0s?<\/b><\/p>\n<ul>\n<li style=\"font-weight: 400;\" aria-level=\"1\"><b>Programar i organitzar activitats d\u2019integraci\u00f3 social<\/b><span style=\"font-weight: 400;\"> utilitzant les estrat\u00e8gies metodol\u00f2giques m\u00e9s adequades per atendre les necessitats f\u00edsiques i psicosocials de les persones.<\/span><\/li>\n<li style=\"font-weight: 400;\" aria-level=\"1\"><b>Dissenyar i implementar actuacions<\/b><span style=\"font-weight: 400;\"> per prevenir la viol\u00e8ncia dom\u00e8stica, avaluant-ne els resultats i l\u2019impacte.<\/span><\/li>\n<li style=\"font-weight: 400;\" aria-level=\"1\"><b>Gestionar activitats de suport psicosocial<\/b><span style=\"font-weight: 400;\">, mantenint una actitud respectuosa amb la intimitat de les persones, i controlant l\u2019evoluci\u00f3 de les mateixes.<\/span><\/li>\n<li style=\"font-weight: 400;\" aria-level=\"1\"><b>Desenvolupar actuacions en diferents contextos i amb diversos col\u00b7lectius<\/b><span style=\"font-weight: 400;\">, millorant la capacitat de mediaci\u00f3 i suport en situacions de conviv\u00e8ncia i inserci\u00f3 social.<\/span><\/li>\n<\/ul>\n<p><span style=\"font-weight: 400;\">\u00a0<\/span><b>De qu\u00e8 treballar\u00e0s?<\/b><\/p>\n<p><span style=\"font-weight: 400;\">Podr\u00e0s treballar en el sector dels <\/span><b>serveis a les persones<\/b><span style=\"font-weight: 400;\">, en <\/span><b>\u00e0rees assistencials, educatives, de suport en la gesti\u00f3 dom\u00e8stica i psicosocial<\/b><span style=\"font-weight: 400;\">, aix\u00ed com en el sector dels <\/span><b>serveis a la comunitat<\/b><span style=\"font-weight: 400;\">, oferint <\/span><b>atenci\u00f3 psicosocial a col\u00b7lectius i persones en risc d\u2019exclusi\u00f3 social, mediaci\u00f3 comunit\u00e0ria, inserci\u00f3 ocupacional i laboral, i promoci\u00f3 de la igualtat d\u2019oportunitats<\/b><span style=\"font-weight: 400;\">.<\/span><\/p>\n<ul>\n<li style=\"font-weight: 400;\" aria-level=\"1\"><span style=\"font-weight: 400;\">T\u00e8cnic\/a de programes de prevenci\u00f3 i inserci\u00f3 social.<\/span><\/li>\n<li style=\"font-weight: 400;\" aria-level=\"1\"><span style=\"font-weight: 400;\">Educador\/a d\u2019equipaments residencials de diversos tipus.<\/span><\/li>\n<li style=\"font-weight: 400;\" aria-level=\"1\"><span style=\"font-weight: 400;\">Treballador\/a familiar.<\/span><\/li>\n<li style=\"font-weight: 400;\" aria-level=\"1\"><span style=\"font-weight: 400;\">Auxiliar de tutela.<\/span><\/li>\n<li style=\"font-weight: 400;\" aria-level=\"1\"><span style=\"font-weight: 400;\">T\u00e8cnic\/a d\u2019integraci\u00f3 social.<\/span><\/li>\n<li style=\"font-weight: 400;\" aria-level=\"1\"><span style=\"font-weight: 400;\">Educador\/a d\u2019educaci\u00f3 especial.<\/span><\/li>\n<li style=\"font-weight: 400;\" aria-level=\"1\"><span style=\"font-weight: 400;\">Monitor\/a de persones amb discapacitat.<\/span><\/li>\n<li style=\"font-weight: 400;\" aria-level=\"1\"><span style=\"font-weight: 400;\">T\u00e8cnic\/a de mobilitat b\u00e0sica.<\/span><\/li>\n<li style=\"font-weight: 400;\" aria-level=\"1\"><span style=\"font-weight: 400;\">Mediador\/a ocupacional i\/o laboral.<\/span><\/li>\n<li style=\"font-weight: 400;\" aria-level=\"1\"><span style=\"font-weight: 400;\">Mediador\/a comunitari\/\u00e0ria i\/o intercultural.<\/span><\/li>\n<li style=\"font-weight: 400;\" aria-level=\"1\"><span style=\"font-weight: 400;\">T\u00e8cnic\/a en ocupaci\u00f3 amb suport.<\/span><\/li>\n<li style=\"font-weight: 400;\" aria-level=\"1\"><span style=\"font-weight: 400;\">T\u00e8cnic\/a d\u2019acompanyament laboral.<\/span><\/li>\n<li style=\"font-weight: 400;\" aria-level=\"1\"><span style=\"font-weight: 400;\">Monitor\/a de rehabilitaci\u00f3 psicosocial.<\/span><span style=\"font-weight: 400;\">\n<p><\/span><span style=\"font-weight: 400;\"><br \/>\n<\/span><\/li>\n<\/ul>\n<p><b>O continuar amb la teva formaci\u00f3 a la universitat\u2026<\/b><\/p>\n<ul>\n<li style=\"font-weight: 400;\" aria-level=\"1\"><span style=\"font-weight: 400;\">Permet accedir a qualsevol estudi universitari oficial de grau.<\/span><\/li>\n<li style=\"font-weight: 400;\" aria-level=\"1\"><span style=\"font-weight: 400;\">Poden obtenir la convalidaci\u00f3 de cr\u00e8dits universitaris ECTS.<\/span><\/li>\n<\/ul>\n<p><b>Relaci\u00f3 de m\u00f2duls professionals:<\/b><\/p>\n<ul>\n<li style=\"font-weight: 400;\" aria-level=\"1\"><span style=\"font-weight: 400;\">0337. Context de la intervenci\u00f3 social<\/span><\/li>\n<li style=\"font-weight: 400;\" aria-level=\"1\"><span style=\"font-weight: 400;\">0338. Intervenci\u00f3 sociolaboral<\/span><\/li>\n<li style=\"font-weight: 400;\" aria-level=\"1\"><span style=\"font-weight: 400;\">0339. Atenci\u00f3 a ales unitats de conviv\u00e8ncia<\/span><\/li>\n<li style=\"font-weight: 400;\" aria-level=\"1\"><span style=\"font-weight: 400;\">0340. Mediaci\u00f3 comunit\u00e0ria<\/span><\/li>\n<li style=\"font-weight: 400;\" aria-level=\"1\"><span style=\"font-weight: 400;\">0341. Suport a la intervenci\u00f3 educativa<\/span><\/li>\n<li style=\"font-weight: 400;\" aria-level=\"1\"><span style=\"font-weight: 400;\">0342. Promoci\u00f3 de l\u2019autonomia personal<\/span><\/li>\n<li style=\"font-weight: 400;\" aria-level=\"1\"><span style=\"font-weight: 400;\">0343. Sistemes augmentatius i alternatius de comunicaci\u00f3<\/span><\/li>\n<li style=\"font-weight: 400;\" aria-level=\"1\"><span style=\"font-weight: 400;\">0344. Metodologia de la intervenci\u00f3 social<\/span><\/li>\n<li style=\"font-weight: 400;\" aria-level=\"1\"><span style=\"font-weight: 400;\">0017. Habilitats socials<\/span><\/li>\n<li style=\"font-weight: 400;\" aria-level=\"1\"><span style=\"font-weight: 400;\">0020. Primers auxilis<\/span><\/li>\n<li style=\"font-weight: 400;\" aria-level=\"1\"><span style=\"font-weight: 400;\">0179. Angl\u00e8s professional<\/span><\/li>\n<li style=\"font-weight: 400;\" aria-level=\"1\"><span style=\"font-weight: 400;\">1665. Digitalitzaci\u00f3 aplicada als sectors productius<\/span><\/li>\n<li style=\"font-weight: 400;\" aria-level=\"1\"><span style=\"font-weight: 400;\">1708. Sostenibilitat aplicada al sistema productiu<\/span><\/li>\n<li style=\"font-weight: 400;\" aria-level=\"1\"><span style=\"font-weight: 400;\">1709. Itinerari personal per a l\u2019ocupabilitat I<\/span><\/li>\n<li style=\"font-weight: 400;\" aria-level=\"1\"><span style=\"font-weight: 400;\">1710. Itinerari personal per a l\u2019ocupabilitat II<\/span><\/li>\n<li style=\"font-weight: 400;\" aria-level=\"1\"><span style=\"font-weight: 400;\">0345. Projecte intermodular<\/span><\/li>\n<li style=\"font-weight: 400;\" aria-level=\"1\"><span style=\"font-weight: 400;\">1128. Desenvolupament comunitari<\/span><\/li>\n<\/ul>\n","protected":false},"excerpt":{"rendered":"<p>L\u2019objectiu d\u2019aquest cicle \u00e9s capacitar a l\u2019alumnat\u00a0 per programar, organitzar i avaluar les intervencions d\u201fintegraci\u00f3 social aplicant estrat\u00e8gies i t\u00e8cniques espec\u00edfiques, promovent l\u201fequitat, igualtat d\u201foportunitats i inclusi\u00f3, actuant en tot moment amb una actitud de respecte envers les persones destinat\u00e0ries i garantint la creaci\u00f3 d\u201fentorns segurs tant per a les persones destinat\u00e0ries com per al [&hellip;]<\/p>\n","protected":false},"author":1,"featured_media":0,"parent":8963,"menu_order":0,"comment_status":"closed","ping_status":"closed","template":"page-templates\/side-menu.php","meta":{"_bbp_topic_count":0,"_bbp_reply_count":0,"_bbp_total_topic_count":0,"_bbp_total_reply_count":0,"_bbp_voice_count":0,"_bbp_anonymous_reply_count":0,"_bbp_topic_count_hidden":0,"_bbp_reply_count_hidden":0,"_bbp_forum_subforum_count":0,"site-sidebar-layout":"default","site-content-layout":"","ast-site-content-layout":"","site-content-style":"default","site-sidebar-style":"default","ast-global-header-display":"","ast-banner-title-visibility":"","ast-main-header-display":"","ast-hfb-above-header-display":"","ast-hfb-below-header-display":"","ast-hfb-mobile-header-display":"","site-post-title":"","ast-breadcrumbs-content":"","ast-featured-img":"","footer-sml-layout":"","theme-transparent-header-meta":"","adv-header-id-meta":"","stick-header-meta":"","header-above-stick-meta":"","header-main-stick-meta":"","header-below-stick-meta":"","astra-migrate-meta-layouts":"default","ast-page-background-enabled":"default","ast-page-background-meta":{"desktop":{"background-color":"var(--ast-global-color-4)","background-image":"","background-repeat":"repeat","background-position":"center center","background-size":"auto","background-attachment":"scroll","background-type":"","background-media":"","overlay-type":"","overlay-color":"","overlay-opacity":"","overlay-gradient":""},"tablet":{"background-color":"","background-image":"","background-repeat":"repeat","background-position":"center center","background-size":"auto","background-attachment":"scroll","background-type":"","background-media":"","overlay-type":"","overlay-color":"","overlay-opacity":"","overlay-gradient":""},"mobile":{"background-color":"","background-image":"","background-repeat":"repeat","background-position":"center center","background-size":"auto","background-attachment":"scroll","background-type":"","background-media":"","overlay-type":"","overlay-color":"","overlay-opacity":"","overlay-gradient":""}},"ast-content-background-meta":{"desktop":{"background-color":"var(--ast-global-color-5)","background-image":"","background-repeat":"repeat","background-position":"center center","background-size":"auto","background-attachment":"scroll","background-type":"","background-media":"","overlay-type":"","overlay-color":"","overlay-opacity":"","overlay-gradient":""},"tablet":{"background-color":"var(--ast-global-color-5)","background-image":"","background-repeat":"repeat","background-position":"center center","background-size":"auto","background-attachment":"scroll","background-type":"","background-media":"","overlay-type":"","overlay-color":"","overlay-opacity":"","overlay-gradient":""},"mobile":{"background-color":"var(--ast-global-color-5)","background-image":"","background-repeat":"repeat","background-position":"center center","background-size":"auto","background-attachment":"scroll","background-type":"","background-media":"","overlay-type":"","overlay-color":"","overlay-opacity":"","overlay-gradient":""}},"footnotes":""},"class_list":["post-3432","page","type-page","status-publish","hentry"],"post_mailing_queue_ids":[],"_links":{"self":[{"href":"https:\/\/agora.xtec.cat\/iestorreroja\/wp-json\/wp\/v2\/pages\/3432","targetHints":{"allow":["GET"]}}],"collection":[{"href":"https:\/\/agora.xtec.cat\/iestorreroja\/wp-json\/wp\/v2\/pages"}],"about":[{"href":"https:\/\/agora.xtec.cat\/iestorreroja\/wp-json\/wp\/v2\/types\/page"}],"author":[{"embeddable":true,"href":"https:\/\/agora.xtec.cat\/iestorreroja\/wp-json\/wp\/v2\/users\/1"}],"replies":[{"embeddable":true,"href":"https:\/\/agora.xtec.cat\/iestorreroja\/wp-json\/wp\/v2\/comments?post=3432"}],"version-history":[{"count":5,"href":"https:\/\/agora.xtec.cat\/iestorreroja\/wp-json\/wp\/v2\/pages\/3432\/revisions"}],"predecessor-version":[{"id":11365,"href":"https:\/\/agora.xtec.cat\/iestorreroja\/wp-json\/wp\/v2\/pages\/3432\/revisions\/11365"}],"up":[{"embeddable":true,"href":"https:\/\/agora.xtec.cat\/iestorreroja\/wp-json\/wp\/v2\/pages\/8963"}],"wp:attachment":[{"href":"https:\/\/agora.xtec.cat\/iestorreroja\/wp-json\/wp\/v2\/media?parent=3432"}],"curies":[{"name":"wp","href":"https:\/\/api.w.org\/{rel}","templated":true}]}}