{"id":2424,"date":"2021-10-10T18:04:10","date_gmt":"2021-10-10T16:04:10","guid":{"rendered":"http:\/\/agora.xtec.cat\/iestorreroja\/?page_id=2424"},"modified":"2023-03-23T10:26:53","modified_gmt":"2023-03-23T09:26:53","slug":"programa-de-formacio-i-insercio-pfi-auxiliar-de-pintura","status":"publish","type":"page","link":"https:\/\/agora.xtec.cat\/iestorreroja\/estudis\/programa-de-formacio-i-insercio-pfi-auxiliar-de-pintura\/","title":{"rendered":"Programes de formaci\u00f3 i inserci\u00f3 (PFI)"},"content":{"rendered":"<div id=\"viewlet-below-content-title\"><strong>Adre\u00e7at a:<\/strong><\/div>\n<div id=\"content-core\">\n<div id=\"parent-fieldname-text-829dcb28f70c49bf9a35719768d7aa95\" class=\"\">\n<ul>\n<li>Joves majors de 16 anys i preferentment menors de 21.<\/li>\n<li>Sense el t\u00edtol de graduat\/ada en Educaci\u00f3 Secund\u00e0ria Obligat\u00f2ria.<\/li>\n<li>Acc\u00e9s voluntari i signatura de comprom\u00eds ( assist\u00e8ncia, puntualitat i actitud).<\/li>\n<\/ul>\n<p><strong>Objectius:<\/strong><\/p>\n<ul>\n<li>Proporcionar formaci\u00f3 professional elemental, que faciliti la incorporaci\u00f3 en un sector professional.<\/li>\n<li>Desenvolupar actituds i compet\u00e8ncies que contribueixin al creixement personal i facilitin una inserci\u00f3 social i laboral satisfact\u00f2ria.<\/li>\n<li>Ampliar compet\u00e8ncies b\u00e0siques per afavorir la continu\u00eftat educativa i la formaci\u00f3 al llarg de la vida.<\/li>\n<\/ul>\n<p><strong>Continguts:<\/strong><\/p>\n<ul style=\"list-style-type: disc;\">\n<li><strong>Formaci\u00f3 professional <\/strong>.\n<ul style=\"list-style-type: circle;\">\n<li style=\"list-style-type: none;\">\n<ul style=\"list-style-type: circle;\">\n<li>Acabats de la fusta:\n<ul style=\"list-style-type: circle;\">\n<li>Preparaci\u00f3 de materials per al tractament de la fusta i el moble.<\/li>\n<li>Efectuar l\u2019aplicaci\u00f3 de productes i acabats en fusteria i moble, tant mec\u00e0nics com manuals.<\/li>\n<li>Condicionar les superf\u00edcies en fusta i mobles, per l\u2019aplicaci\u00f3 del producte final.<\/li>\n<\/ul>\n<\/li>\n<\/ul>\n<\/li>\n<\/ul>\n<ul style=\"list-style-type: circle;\">\n<li style=\"list-style-type: none;\">\n<ul style=\"list-style-type: circle;\">\n<li>Pintura i empaperat:\n<ul style=\"list-style-type: circle;\">\n<li>Aplicar imprimacions i pintures protectores en construcci\u00f3.<\/li>\n<li>Tractaments de suports en la construcci\u00f3.<\/li>\n<\/ul>\n<\/li>\n<\/ul>\n<\/li>\n<\/ul>\n<\/li>\n<\/ul>\n<ul style=\"list-style-type: disc;\">\n<li><strong>Formaci\u00f3 general<\/strong>.\n<ul style=\"list-style-type: circle;\">\n<li>Estrat\u00e8gies i eines de comunicaci\u00f3.<\/li>\n<li>Entorn social i territorial.<\/li>\n<li>Estrat\u00e8gies i eines matem\u00e0tiques.<\/li>\n<li>Incorporaci\u00f3 al m\u00f3n professional.<\/li>\n<li>Tutories individuals i grupals.<\/li>\n<\/ul>\n<\/li>\n<\/ul>\n<p><strong>Durada:<\/strong><\/p>\n<p>La durada de 1.000 hores de setembre a juny, incloses les 180 hores de pr\u00e0ctiques en empresa.<\/p>\n<p><strong>Certificaci\u00f3:<\/strong><\/p>\n<p>Els alumnes obtenen un certificat acad\u00e8mic en el qual consta la qualificaci\u00f3 final i les unitats de compet\u00e8ncia del cat\u00e0leg de qualificacions professionals que ha acreditat.<\/p>\n<p><strong>Aquesta acreditaci\u00f3 tindr\u00e0 efectes:<\/strong><\/p>\n<ul>\n<li>Acad\u00e8mics, facilitant la superaci\u00f3 de les proves d\u2019acc\u00e9s a la formaci\u00f3 professional de grau mig.<\/li>\n<li>Per a l\u2019obtenci\u00f3 del certificat de professionalitat que expedeix el Departament de Treball.<\/li>\n<\/ul>\n<p><strong><a href=\"https:\/\/triaeducativa.gencat.cat\/ca\/fp\/pfi\/\" target=\"_blank\" rel=\"noopener noreferrer\"><span class=\"external-link\">M\u00e9s informaci\u00f3 sobre els programes de Qualificaci\u00f3 Professional<\/span><\/a><\/strong><\/p>\n<\/div>\n<\/div>\n","protected":false},"excerpt":{"rendered":"<p>Adre\u00e7at a: Joves majors de 16 anys i preferentment menors de 21. Sense el t\u00edtol de graduat\/ada en Educaci\u00f3 Secund\u00e0ria Obligat\u00f2ria. Acc\u00e9s voluntari i signatura de comprom\u00eds ( assist\u00e8ncia, puntualitat i actitud). Objectius: Proporcionar formaci\u00f3 professional elemental, que faciliti la incorporaci\u00f3 en un sector professional. Desenvolupar actituds i compet\u00e8ncies que contribueixin al creixement personal i [&hellip;]<\/p>\n","protected":false},"author":1,"featured_media":0,"parent":195,"menu_order":25,"comment_status":"closed","ping_status":"closed","template":"page-templates\/side-menu.php","meta":{"_bbp_topic_count":0,"_bbp_reply_count":0,"_bbp_total_topic_count":0,"_bbp_total_reply_count":0,"_bbp_voice_count":0,"_bbp_anonymous_reply_count":0,"_bbp_topic_count_hidden":0,"_bbp_reply_count_hidden":0,"_bbp_forum_subforum_count":0,"site-sidebar-layout":"default","site-content-layout":"","ast-site-content-layout":"","site-content-style":"default","site-sidebar-style":"default","ast-global-header-display":"","ast-banner-title-visibility":"","ast-main-header-display":"","ast-hfb-above-header-display":"","ast-hfb-below-header-display":"","ast-hfb-mobile-header-display":"","site-post-title":"","ast-breadcrumbs-content":"","ast-featured-img":"","footer-sml-layout":"","theme-transparent-header-meta":"","adv-header-id-meta":"","stick-header-meta":"","header-above-stick-meta":"","header-main-stick-meta":"","header-below-stick-meta":"","astra-migrate-meta-layouts":"default","ast-page-background-enabled":"default","ast-page-background-meta":{"desktop":{"background-color":"var(--ast-global-color-4)","background-image":"","background-repeat":"repeat","background-position":"center center","background-size":"auto","background-attachment":"scroll","background-type":"","background-media":"","overlay-type":"","overlay-color":"","overlay-opacity":"","overlay-gradient":""},"tablet":{"background-color":"","background-image":"","background-repeat":"repeat","background-position":"center center","background-size":"auto","background-attachment":"scroll","background-type":"","background-media":"","overlay-type":"","overlay-color":"","overlay-opacity":"","overlay-gradient":""},"mobile":{"background-color":"","background-image":"","background-repeat":"repeat","background-position":"center center","background-size":"auto","background-attachment":"scroll","background-type":"","background-media":"","overlay-type":"","overlay-color":"","overlay-opacity":"","overlay-gradient":""}},"ast-content-background-meta":{"desktop":{"background-color":"var(--ast-global-color-5)","background-image":"","background-repeat":"repeat","background-position":"center center","background-size":"auto","background-attachment":"scroll","background-type":"","background-media":"","overlay-type":"","overlay-color":"","overlay-opacity":"","overlay-gradient":""},"tablet":{"background-color":"var(--ast-global-color-5)","background-image":"","background-repeat":"repeat","background-position":"center center","background-size":"auto","background-attachment":"scroll","background-type":"","background-media":"","overlay-type":"","overlay-color":"","overlay-opacity":"","overlay-gradient":""},"mobile":{"background-color":"var(--ast-global-color-5)","background-image":"","background-repeat":"repeat","background-position":"center center","background-size":"auto","background-attachment":"scroll","background-type":"","background-media":"","overlay-type":"","overlay-color":"","overlay-opacity":"","overlay-gradient":""}},"footnotes":""},"class_list":["post-2424","page","type-page","status-publish","hentry"],"post_mailing_queue_ids":[],"_links":{"self":[{"href":"https:\/\/agora.xtec.cat\/iestorreroja\/wp-json\/wp\/v2\/pages\/2424","targetHints":{"allow":["GET"]}}],"collection":[{"href":"https:\/\/agora.xtec.cat\/iestorreroja\/wp-json\/wp\/v2\/pages"}],"about":[{"href":"https:\/\/agora.xtec.cat\/iestorreroja\/wp-json\/wp\/v2\/types\/page"}],"author":[{"embeddable":true,"href":"https:\/\/agora.xtec.cat\/iestorreroja\/wp-json\/wp\/v2\/users\/1"}],"replies":[{"embeddable":true,"href":"https:\/\/agora.xtec.cat\/iestorreroja\/wp-json\/wp\/v2\/comments?post=2424"}],"version-history":[{"count":4,"href":"https:\/\/agora.xtec.cat\/iestorreroja\/wp-json\/wp\/v2\/pages\/2424\/revisions"}],"predecessor-version":[{"id":9202,"href":"https:\/\/agora.xtec.cat\/iestorreroja\/wp-json\/wp\/v2\/pages\/2424\/revisions\/9202"}],"up":[{"embeddable":true,"href":"https:\/\/agora.xtec.cat\/iestorreroja\/wp-json\/wp\/v2\/pages\/195"}],"wp:attachment":[{"href":"https:\/\/agora.xtec.cat\/iestorreroja\/wp-json\/wp\/v2\/media?parent=2424"}],"curies":[{"name":"wp","href":"https:\/\/api.w.org\/{rel}","templated":true}]}}