{"id":21,"date":"2014-09-17T16:14:14","date_gmt":"2014-09-17T16:14:14","guid":{"rendered":"http:\/\/agora.xtec.cat\/iestorreroja\/?page_id=21"},"modified":"2023-03-11T17:04:01","modified_gmt":"2023-03-11T16:04:01","slug":"on-som","status":"publish","type":"page","link":"https:\/\/agora.xtec.cat\/iestorreroja\/linstitut\/on-som\/","title":{"rendered":"On som"},"content":{"rendered":"<p style=\"color: #666666;\"><strong>Institut Torre Roja<\/strong><br \/>\nL&#8217;IES Torre Roja est\u00e0 situat al Parc de la Torre Roja de <span id=\"linknou2\"> <a href=\"http:\/\/www.viladecans.cat\" target=\"_blank\" rel=\"noopener\">Viladecans<\/a><\/span>. Podeu veure la seva situaci\u00f3 al mapa:<\/p>\n<p style=\"text-align: center;\"><iframe loading=\"lazy\" style=\"border: 0;\" src=\"https:\/\/www.google.com\/maps\/embed?pb=!1m18!1m12!1m3!1d2996.342473393542!2d2.0156033147508916!3d41.32316570793812!2m3!1f0!2f0!3f0!3m2!1i1024!2i768!4f13.1!3m3!1m2!1s0x12a49cf2aaf19807%3A0x2736ab5b46fbd471!2sIES%20Torre%20Roja!5e0!3m2!1sca!2ses!4v1677226133147!5m2!1sca!2ses\" width=\"600\" height=\"450\" allowfullscreen=\"allowfullscreen\"><\/iframe><\/p>\n<p><strong>Com arribar-hi?<\/strong><\/p>\n<p>\u00c9s molt f\u00e0cil arribar-hi, tant amb transport p\u00fablic com amb transport privat.<\/p>\n<ul>\n<li>Si viatgeu amb transport p\u00fablic, podeu fer servir l&#8217;autob\u00fas o el tren de rodalia:<\/li>\n<li><span class=\"negreta\">RENFE<\/span>. Si veniu amb RENFE, heu de d&#8217;agafar la l\u00ednea R<span class=\"linea\">2<\/span> o R2 sud i parar a l&#8217;estaci\u00f3 de Viladecans. Teniu en compte que no tots els trens tenen parada a Viladecans. Veieu els <span id=\"linknou2\"><a href=\"https:\/\/agora.xtec.cat\/iestorreroja\/wp-content\/uploads\/usu1423\/2023\/02\/R2.pdf\" target=\"_blank\" rel=\"noopener\">horaris<\/a><\/span>. Un cop arribeu a l&#8217;estaci\u00f3 de Viladecans, disposeu de tres l\u00ednies d&#8217;autob\u00fas que us aproparan a la ciutat, el <span id=\"linknou2\"><a href=\"https:\/\/www.ambmobilitat.cat\/Principales\/TiraLinea.aspx?linea=264\" target=\"_blank\" rel=\"noopener\">Vilab\u00fas 1<\/a><\/span> (VB1), el <span id=\"linknou2\"><a href=\"https:\/\/www.ambmobilitat.cat\/Principales\/TiraLinea.aspx?linea=265\" target=\"_blank\" rel=\"noopener\">Vilab\u00fas 2<\/a><\/span> (VB2) i el L88, que uneix Viladecans amb Sant Climent de Llobregat.\n<ul>\n<li>Tant si agafeu el <span class=\"negreta\">VB1<\/span> o com el <span class=\"negreta\">VB2<\/span>, podeu parar a la parada &#8220;Calaceit &#8211; Mari\u00e0 Sanjuan&#8221; o &#8220;Pompeu Fabra &#8211; Mari\u00e0 Sanjuan&#8221;. Des de qualsevol d&#8217;aquestes parades al nostre institut hi ha 5 minuts caminant. Podeu consultar la situaci\u00f3 de l&#8217;IES al seg\u00fcent <span id=\"linknou2\"><a href=\"https:\/\/goo.gl\/maps\/nDzw7ZEfrE3pvvp99\" target=\"_blank\" rel=\"noopener\">mapa<\/a><\/span> (l&#8217;IES Torre Roja es troba a la intersecci\u00f3 entre el carrer Mari\u00e0 Sanjuan Cuchi i l&#8217;avinguda Jocs Ol\u00edmpics).<\/li>\n<li>Si agafeu el <span class=\"negreta\">L88<\/span>, disposeu d&#8217;una parada a la mateixa porta de l&#8217;institut. El nom de la parada \u00e9s &#8220;Mari\u00e0 Sanjuan Cuchi &#8211; Av. Jocs Ol\u00edmpics&#8221;.<\/li>\n<\/ul>\n<\/li>\n<\/ul>\n<p><img loading=\"lazy\" decoding=\"async\" class=\"aligncenter wp-image-9014 size-large\" src=\"https:\/\/agora.xtec.cat\/iestorreroja\/wp-content\/uploads\/usu1423\/2023\/02\/Renfe_onsom-1024x475.png\" alt=\"\" width=\"1024\" height=\"475\" srcset=\"https:\/\/agora.xtec.cat\/iestorreroja\/wp-content\/uploads\/usu1423\/2023\/02\/Renfe_onsom-1024x475.png 1024w, https:\/\/agora.xtec.cat\/iestorreroja\/wp-content\/uploads\/usu1423\/2023\/02\/Renfe_onsom-300x139.png 300w, https:\/\/agora.xtec.cat\/iestorreroja\/wp-content\/uploads\/usu1423\/2023\/02\/Renfe_onsom-768x356.png 768w, https:\/\/agora.xtec.cat\/iestorreroja\/wp-content\/uploads\/usu1423\/2023\/02\/Renfe_onsom.png 1178w\" sizes=\"auto, (max-width: 1024px) 100vw, 1024px\" \/><\/p>\n<ul>\n<li><span class=\"negreta\">BUS<\/span>. Depenent d&#8217;on veniu, teniu la possibilitat d&#8217;agafar una d&#8217;aquestes l\u00ednies d&#8217;autob\u00fas.\n<ul>\n<li><span class=\"negreta\">L80<\/span>. Gav\u00e0 (Rambla Pompeu Fabra) &#8211; Barcelona (Pla\u00e7a d&#8217;Espanya)<\/li>\n<li><span class=\"negreta\">L81<\/span>. Gav\u00e0 (Rambla Pompeu Fabra) &#8211; Barcelona (Pla\u00e7a d&#8217;Espanya)<\/li>\n<li><span class=\"negreta\">L82<\/span>. Gav\u00e0 (Rambla Pompeu Fabra) &#8211; L&#8217;Hospitalet de Llobregat (Santa Eul\u00e0lia)<\/li>\n<li><span class=\"negreta\">L85<\/span>. Gav\u00e0 (Av. Joan Carles I \/ Av. Erampruny\u00e0) &#8211; L&#8217;Hospitalet de Llobregat (Santa Eul\u00e0lia)<\/li>\n<li><span class=\"negreta\">L86<\/span>. Viladecans (Av. Can Palmer) &#8211; Barcelona (Av. Paral\u00b7lel \/ Pla\u00e7a d&#8217;Espanya)<\/li>\n<li><span class=\"negreta\">L87<\/span>. Viladecans (Av. Can Palmer) &#8211; Barcelona (Av. Paral\u00b7lel \/ Pla\u00e7a d&#8217;Espanya)<\/li>\n<li><span class=\"negreta\">L96<\/span>. Sant Boi de Llobregat (J. Torras i Bages &#8211; &#8220;Estaci\u00f3 FGC Sant Boi&#8221;) &#8211; Castelldefels (&#8220;Bellamar&#8221; &#8211; Av. Eucaliptus)<\/li>\n<li><span class=\"negreta\">L97<\/span>. Barcelona (Pla\u00e7a Reina M. Cristina) &#8211; Castelldefels (&#8220;Bellamar&#8221; &#8211; Av. Eucaliptus)<\/li>\n<\/ul>\n<\/li>\n<\/ul>\n<p>Si veniu des de Barcelona amb transport privat (cotxe, moto&#8230;), agafeu la\u00a0<span class=\"negreta\">C-32<\/span>\u00a0direcci\u00f3 Castelldefels &#8211; Tarragona. Preneu la\u00a0<span class=\"negreta\">Sortida 51<\/span>\u00a0(Viladecans Nord). Continueu fins que arribeu al primer sem\u00e0for (Av. Generalitat) i gireu a la dreta. Continueu per Av. Generalitat fins que arribeu a una rodona. Preneu la tercera sortida (\u00e9s a dir, gireu a l&#8217;esquerra) i continueu per l&#8217;Avinguda Francesc Maci\u00e0 i el Carrer Mari\u00e0 Sanjuan. Quan arribeu a la rodona, veureu l&#8217;institut a la vostra dreta.<\/p>\n<p><img loading=\"lazy\" decoding=\"async\" class=\"aligncenter size-large wp-image-9024\" src=\"https:\/\/agora.xtec.cat\/iestorreroja\/wp-content\/uploads\/usu1423\/2023\/02\/barcelona_iestorreroja-1024x543.png\" alt=\"\" width=\"1024\" height=\"543\" srcset=\"https:\/\/agora.xtec.cat\/iestorreroja\/wp-content\/uploads\/usu1423\/2023\/02\/barcelona_iestorreroja-1024x543.png 1024w, https:\/\/agora.xtec.cat\/iestorreroja\/wp-content\/uploads\/usu1423\/2023\/02\/barcelona_iestorreroja-300x159.png 300w, https:\/\/agora.xtec.cat\/iestorreroja\/wp-content\/uploads\/usu1423\/2023\/02\/barcelona_iestorreroja-768x407.png 768w, https:\/\/agora.xtec.cat\/iestorreroja\/wp-content\/uploads\/usu1423\/2023\/02\/barcelona_iestorreroja-1536x814.png 1536w, https:\/\/agora.xtec.cat\/iestorreroja\/wp-content\/uploads\/usu1423\/2023\/02\/barcelona_iestorreroja.png 1634w\" sizes=\"auto, (max-width: 1024px) 100vw, 1024px\" \/><\/p>\n<p>&nbsp;<\/p>\n","protected":false},"excerpt":{"rendered":"<p>Institut Torre Roja L&#8217;IES Torre Roja est\u00e0 situat al Parc de la Torre Roja de Viladecans. Podeu veure la seva situaci\u00f3 al mapa: Com arribar-hi? \u00c9s molt f\u00e0cil arribar-hi, tant amb transport p\u00fablic com amb transport privat. Si viatgeu amb transport p\u00fablic, podeu fer servir l&#8217;autob\u00fas o el tren de rodalia: RENFE. Si veniu amb [&hellip;]<\/p>\n","protected":false},"author":1,"featured_media":0,"parent":19,"menu_order":10,"comment_status":"closed","ping_status":"closed","template":"page-templates\/side-menu.php","meta":{"_bbp_topic_count":0,"_bbp_reply_count":0,"_bbp_total_topic_count":0,"_bbp_total_reply_count":0,"_bbp_voice_count":0,"_bbp_anonymous_reply_count":0,"_bbp_topic_count_hidden":0,"_bbp_reply_count_hidden":0,"_bbp_forum_subforum_count":0,"site-sidebar-layout":"default","site-content-layout":"","ast-site-content-layout":"","site-content-style":"default","site-sidebar-style":"default","ast-global-header-display":"","ast-banner-title-visibility":"","ast-main-header-display":"","ast-hfb-above-header-display":"","ast-hfb-below-header-display":"","ast-hfb-mobile-header-display":"","site-post-title":"","ast-breadcrumbs-content":"","ast-featured-img":"","footer-sml-layout":"","theme-transparent-header-meta":"","adv-header-id-meta":"","stick-header-meta":"","header-above-stick-meta":"","header-main-stick-meta":"","header-below-stick-meta":"","astra-migrate-meta-layouts":"default","ast-page-background-enabled":"default","ast-page-background-meta":{"desktop":{"background-color":"var(--ast-global-color-4)","background-image":"","background-repeat":"repeat","background-position":"center center","background-size":"auto","background-attachment":"scroll","background-type":"","background-media":"","overlay-type":"","overlay-color":"","overlay-opacity":"","overlay-gradient":""},"tablet":{"background-color":"","background-image":"","background-repeat":"repeat","background-position":"center center","background-size":"auto","background-attachment":"scroll","background-type":"","background-media":"","overlay-type":"","overlay-color":"","overlay-opacity":"","overlay-gradient":""},"mobile":{"background-color":"","background-image":"","background-repeat":"repeat","background-position":"center center","background-size":"auto","background-attachment":"scroll","background-type":"","background-media":"","overlay-type":"","overlay-color":"","overlay-opacity":"","overlay-gradient":""}},"ast-content-background-meta":{"desktop":{"background-color":"var(--ast-global-color-5)","background-image":"","background-repeat":"repeat","background-position":"center center","background-size":"auto","background-attachment":"scroll","background-type":"","background-media":"","overlay-type":"","overlay-color":"","overlay-opacity":"","overlay-gradient":""},"tablet":{"background-color":"var(--ast-global-color-5)","background-image":"","background-repeat":"repeat","background-position":"center center","background-size":"auto","background-attachment":"scroll","background-type":"","background-media":"","overlay-type":"","overlay-color":"","overlay-opacity":"","overlay-gradient":""},"mobile":{"background-color":"var(--ast-global-color-5)","background-image":"","background-repeat":"repeat","background-position":"center center","background-size":"auto","background-attachment":"scroll","background-type":"","background-media":"","overlay-type":"","overlay-color":"","overlay-opacity":"","overlay-gradient":""}},"footnotes":""},"class_list":["post-21","page","type-page","status-publish","hentry"],"post_mailing_queue_ids":[],"_links":{"self":[{"href":"https:\/\/agora.xtec.cat\/iestorreroja\/wp-json\/wp\/v2\/pages\/21","targetHints":{"allow":["GET"]}}],"collection":[{"href":"https:\/\/agora.xtec.cat\/iestorreroja\/wp-json\/wp\/v2\/pages"}],"about":[{"href":"https:\/\/agora.xtec.cat\/iestorreroja\/wp-json\/wp\/v2\/types\/page"}],"author":[{"embeddable":true,"href":"https:\/\/agora.xtec.cat\/iestorreroja\/wp-json\/wp\/v2\/users\/1"}],"replies":[{"embeddable":true,"href":"https:\/\/agora.xtec.cat\/iestorreroja\/wp-json\/wp\/v2\/comments?post=21"}],"version-history":[{"count":4,"href":"https:\/\/agora.xtec.cat\/iestorreroja\/wp-json\/wp\/v2\/pages\/21\/revisions"}],"predecessor-version":[{"id":9157,"href":"https:\/\/agora.xtec.cat\/iestorreroja\/wp-json\/wp\/v2\/pages\/21\/revisions\/9157"}],"up":[{"embeddable":true,"href":"https:\/\/agora.xtec.cat\/iestorreroja\/wp-json\/wp\/v2\/pages\/19"}],"wp:attachment":[{"href":"https:\/\/agora.xtec.cat\/iestorreroja\/wp-json\/wp\/v2\/media?parent=21"}],"curies":[{"name":"wp","href":"https:\/\/api.w.org\/{rel}","templated":true}]}}