{"id":19,"date":"2014-09-17T14:56:56","date_gmt":"2014-09-17T14:56:56","guid":{"rendered":"http:\/\/agora.xtec.cat\/iestorreroja\/?page_id=19"},"modified":"2023-04-06T15:16:45","modified_gmt":"2023-04-06T13:16:45","slug":"linstitut","status":"publish","type":"page","link":"https:\/\/agora.xtec.cat\/iestorreroja\/linstitut\/","title":{"rendered":"L&#8217;institut"},"content":{"rendered":"<p><a href=\"https:\/\/www.youtube.com\/watch?v=pW3H26VvlJc\">https:\/\/www.youtube.com\/watch?v=pW3H26VvlJc<\/a><\/p>\n<h4><strong>Or\u00edgens<\/strong><\/h4>\n<p>L&#8217;Institut Torre Roja <span dir=\"ltr\" role=\"presentation\">\u00e9s <\/span><span dir=\"ltr\" role=\"presentation\">un centre p\u00fablic de secund\u00e0ria que est\u00e0 situat a la <\/span><span dir=\"ltr\" role=\"presentation\">localitat de Viladecans i que ofereix els seus serveis educatius als barris de la Torre-roja i Campreci\u00f3s.<\/span> El seu nom \u00e9s originari d&#8217;una fortificaci\u00f3 medieval situada a Viladecans, el nom de la qual era <b>Torre Burguesa,<\/b> perqu\u00e8 era des d&#8217;on es controlava la Cuadra Burguesa, controlada per jurisdicci\u00f3 del territori del Castell Erampruny\u00e0. Se li va donar el sobrenom de Roja pel color vermell caracter\u00edstic de les roques del territori de l&#8217;Erampruny\u00e0 amb les quals est\u00e0 constru\u00efda.<\/p>\n<p><img loading=\"lazy\" decoding=\"async\" class=\"alignleft wp-image-9094\" src=\"https:\/\/agora.xtec.cat\/iestorreroja\/wp-content\/uploads\/usu1423\/2023\/03\/TorreRoja.jpg\" alt=\"\" width=\"438\" height=\"292\" srcset=\"https:\/\/agora.xtec.cat\/iestorreroja\/wp-content\/uploads\/usu1423\/2023\/03\/TorreRoja.jpg 670w, https:\/\/agora.xtec.cat\/iestorreroja\/wp-content\/uploads\/usu1423\/2023\/03\/TorreRoja-300x200.jpg 300w\" sizes=\"auto, (max-width: 438px) 100vw, 438px\" \/>Inicialment, aquesta construcci\u00f3 era una torre de planta quadrada amb quatre plantes d&#8217;al\u00e7ada constru\u00efda al segle XIII. Les edificacions annexes laterals s\u00f3n d&#8217;inicis del segle XIX, realitzades per l&#8217;arquitecte Francisco de Paula Nebot per enc\u00e0rrec de Merc\u00e8 Pratmars\u00f3 propiet\u00e0ria de l&#8217;edifici a l&#8217;\u00e8poca.<\/p>\n<p>A finals de la d\u00e8cada de 1970 <strong>es va utilitzar com a institut p\u00fablic de forma provisional mentre es constru\u00efa l&#8217;actual Institut Torre Roja<\/strong>. Actualment, presideix una pla\u00e7a a la qual dona nom i en el seu interior, a la planta baixa, est\u00e0 ubicada la seu del Servei d&#8217;Ocupaci\u00f3 de Catalunya (SOC) i la resta de l&#8217;edifici est\u00e0 destinada a l&#8217;\u00c0rea de planificaci\u00f3 Territorial i Promoci\u00f3 de l&#8217;Ajuntament de Viladecans.<\/p>\n<p>&nbsp;<\/p>\n<h4><strong>Situaci\u00f3<\/strong><\/h4>\n<p><span dir=\"ltr\" role=\"presentation\">L&#8217;Institut Torre Roja acull actualment al voltant de 1.000 alumnes d&#8217;ESO, Batxillerat, PFI i FP. Aquest alumnat es distribueix en 4 l\u00ednies pels nivells de 1r, 2n i 3r de l\u2019ESO i 6 l\u00ednies de 4t d\u2019ESO. Tamb\u00e9 compta amb 3 grups de 1r de batxillerat i 2 grups de 2n de batxillerat. A m\u00e9s s\u2019hi imparteixen cicles formatius de grau mig d\u2019atenci\u00f3 a les persones amb situaci\u00f3 de depend\u00e8ncia, sistemes microinform\u00e0tics i xarxes, gesti\u00f3 administrativa i activitats comercials. Aquest \u00faltim cicle de comer\u00e7 ofereix la continu\u00eftat amb un grau superior de gesti\u00f3 de vendes i espais comercials. Per a l&#8217;alumnat que no ha graduat a l&#8217;ESO, l\u2019institut disposa d&#8217;un programa de formaci\u00f3 inicial (PFI) d\u2019auxiliar de pintura. Igualment, el centre compta amb un grup de suport intensiu per a l\u2019escolaritzaci\u00f3 inclusiva (SIEI[1], antigues USEE) i una aula d\u2019acollida (AA) per a acompanyar l&#8217;alumnat nouvingut.<\/span><\/p>\n<div><\/div>\n<p><img loading=\"lazy\" decoding=\"async\" class=\"size-large wp-image-9097 aligncenter\" src=\"https:\/\/agora.xtec.cat\/iestorreroja\/wp-content\/uploads\/usu1423\/2023\/03\/TR2-1024x301.png\" alt=\"\" width=\"1024\" height=\"301\" srcset=\"https:\/\/agora.xtec.cat\/iestorreroja\/wp-content\/uploads\/usu1423\/2023\/03\/TR2-1024x301.png 1024w, https:\/\/agora.xtec.cat\/iestorreroja\/wp-content\/uploads\/usu1423\/2023\/03\/TR2-300x88.png 300w, https:\/\/agora.xtec.cat\/iestorreroja\/wp-content\/uploads\/usu1423\/2023\/03\/TR2-768x226.png 768w, https:\/\/agora.xtec.cat\/iestorreroja\/wp-content\/uploads\/usu1423\/2023\/03\/TR2.png 1248w\" sizes=\"auto, (max-width: 1024px) 100vw, 1024px\" \/><\/p>\n<p>El nostre centre fa m\u00e9s de 15 anys que treballa en un model propi d\u2019atenci\u00f3 a la diversitat en qu\u00e8 l\u2019orientaci\u00f3 educativa (abans psicopedagogia) \u00e9s un dels eixos vertebradors del projecte educatiu de centre (PEC). Aquest model aposta per estrat\u00e8gies psicol\u00f2giques, pedag\u00f2giques, organitzatives i de gesti\u00f3 que treballen de forma entrella\u00e7ada per oferir un servei educatiu centrat en la diversitat i la inclusi\u00f3.<\/p>\n<p>En ple segle XXI el nostre centre aposta per un treball en xarxa i multidisciplinar. L\u2019institut treballa coordinadament amb serveis externs com el Centre de Salut Mental Infantil i Juvenil (CSMIJ), l\u2019Hospital de Dia d\u2019Adolescents (HDA), la Unitat de Crisi d\u2019Adolescents (UCA), la Unitat d\u2019Escolaritzaci\u00f3 Compartida (UEC), les escoles de prim\u00e0ria, l&#8217;Ajuntament (departaments d\u2019educaci\u00f3, promoci\u00f3 econ\u00f2mica, serveis socials, policia local, etc.), les ONG, el Centre d\u2019Atenci\u00f3 Prim\u00e0ria o ambulatori pedi\u00e0tric (CAP), l&#8217;Equip d\u2019Atenci\u00f3 a la Inf\u00e0ncia i l\u2019Adolesc\u00e8ncia (EAIA), l&#8217;ONCE, les fundacions, les empreses i comer\u00e7os, els Mossos d\u2019Esquadra, etc.<\/p>\n<p>L\u2019institut Torre Roja \u00e9s des de fa anys un centre formador que acull futurs docents que fan el m\u00e0ster de professorat. Entenem que tot all\u00f2 que fem per a la millora de la formaci\u00f3 inicial dels docents a les universitats revertir\u00e0 tard o d\u2019hora en els centres educatius de Catalunya. Actualment comptem amb un 12% del nostre professorat que participa del programa d\u2019innovaci\u00f3 de centres formadors de pr\u00e0ctiques del M\u00e0ster Universitari de Formaci\u00f3 del Professorat de Secund\u00e0ria (MUFPS).<\/p>\n<div>.<\/div>\n<p>&nbsp;<\/p>\n","protected":false},"excerpt":{"rendered":"<p>Or\u00edgens L&#8217;Institut Torre Roja \u00e9s un centre p\u00fablic de secund\u00e0ria que est\u00e0 situat a la localitat de Viladecans i que ofereix els seus serveis educatius als barris de la Torre-roja i Campreci\u00f3s. El seu nom \u00e9s originari d&#8217;una fortificaci\u00f3 medieval situada a Viladecans, el nom de la qual era Torre Burguesa, perqu\u00e8 era des d&#8217;on [&hellip;]<\/p>\n","protected":false},"author":1,"featured_media":0,"parent":0,"menu_order":0,"comment_status":"closed","ping_status":"closed","template":"page-templates\/side-menu.php","meta":{"_bbp_topic_count":0,"_bbp_reply_count":0,"_bbp_total_topic_count":0,"_bbp_total_reply_count":0,"_bbp_voice_count":0,"_bbp_anonymous_reply_count":0,"_bbp_topic_count_hidden":0,"_bbp_reply_count_hidden":0,"_bbp_forum_subforum_count":0,"site-sidebar-layout":"default","site-content-layout":"","ast-site-content-layout":"","site-content-style":"default","site-sidebar-style":"default","ast-global-header-display":"","ast-banner-title-visibility":"","ast-main-header-display":"","ast-hfb-above-header-display":"","ast-hfb-below-header-display":"","ast-hfb-mobile-header-display":"","site-post-title":"","ast-breadcrumbs-content":"","ast-featured-img":"","footer-sml-layout":"","theme-transparent-header-meta":"","adv-header-id-meta":"","stick-header-meta":"","header-above-stick-meta":"","header-main-stick-meta":"","header-below-stick-meta":"","astra-migrate-meta-layouts":"default","ast-page-background-enabled":"default","ast-page-background-meta":{"desktop":{"background-color":"var(--ast-global-color-4)","background-image":"","background-repeat":"repeat","background-position":"center center","background-size":"auto","background-attachment":"scroll","background-type":"","background-media":"","overlay-type":"","overlay-color":"","overlay-opacity":"","overlay-gradient":""},"tablet":{"background-color":"","background-image":"","background-repeat":"repeat","background-position":"center center","background-size":"auto","background-attachment":"scroll","background-type":"","background-media":"","overlay-type":"","overlay-color":"","overlay-opacity":"","overlay-gradient":""},"mobile":{"background-color":"","background-image":"","background-repeat":"repeat","background-position":"center center","background-size":"auto","background-attachment":"scroll","background-type":"","background-media":"","overlay-type":"","overlay-color":"","overlay-opacity":"","overlay-gradient":""}},"ast-content-background-meta":{"desktop":{"background-color":"var(--ast-global-color-5)","background-image":"","background-repeat":"repeat","background-position":"center center","background-size":"auto","background-attachment":"scroll","background-type":"","background-media":"","overlay-type":"","overlay-color":"","overlay-opacity":"","overlay-gradient":""},"tablet":{"background-color":"var(--ast-global-color-5)","background-image":"","background-repeat":"repeat","background-position":"center center","background-size":"auto","background-attachment":"scroll","background-type":"","background-media":"","overlay-type":"","overlay-color":"","overlay-opacity":"","overlay-gradient":""},"mobile":{"background-color":"var(--ast-global-color-5)","background-image":"","background-repeat":"repeat","background-position":"center center","background-size":"auto","background-attachment":"scroll","background-type":"","background-media":"","overlay-type":"","overlay-color":"","overlay-opacity":"","overlay-gradient":""}},"footnotes":""},"class_list":["post-19","page","type-page","status-publish","hentry"],"post_mailing_queue_ids":[],"_links":{"self":[{"href":"https:\/\/agora.xtec.cat\/iestorreroja\/wp-json\/wp\/v2\/pages\/19","targetHints":{"allow":["GET"]}}],"collection":[{"href":"https:\/\/agora.xtec.cat\/iestorreroja\/wp-json\/wp\/v2\/pages"}],"about":[{"href":"https:\/\/agora.xtec.cat\/iestorreroja\/wp-json\/wp\/v2\/types\/page"}],"author":[{"embeddable":true,"href":"https:\/\/agora.xtec.cat\/iestorreroja\/wp-json\/wp\/v2\/users\/1"}],"replies":[{"embeddable":true,"href":"https:\/\/agora.xtec.cat\/iestorreroja\/wp-json\/wp\/v2\/comments?post=19"}],"version-history":[{"count":4,"href":"https:\/\/agora.xtec.cat\/iestorreroja\/wp-json\/wp\/v2\/pages\/19\/revisions"}],"predecessor-version":[{"id":9284,"href":"https:\/\/agora.xtec.cat\/iestorreroja\/wp-json\/wp\/v2\/pages\/19\/revisions\/9284"}],"wp:attachment":[{"href":"https:\/\/agora.xtec.cat\/iestorreroja\/wp-json\/wp\/v2\/media?parent=19"}],"curies":[{"name":"wp","href":"https:\/\/api.w.org\/{rel}","templated":true}]}}