{"id":11433,"date":"2025-04-09T18:31:12","date_gmt":"2025-04-09T16:31:12","guid":{"rendered":"https:\/\/agora.xtec.cat\/iestorreroja\/?page_id=11433"},"modified":"2025-04-11T11:20:52","modified_gmt":"2025-04-11T09:20:52","slug":"cfgs-administracio-i-finances","status":"publish","type":"page","link":"https:\/\/agora.xtec.cat\/iestorreroja\/cfgs-administracio-i-finances\/","title":{"rendered":"CFGS Administraci\u00f3 i finances"},"content":{"rendered":"<p><b>CFGS T\u00e8cnic\/a superior en Administraci\u00f3 i Finances<\/b><\/p>\n<p><span style=\"font-weight: 400;\">L\u2019objectiu d\u2019aquest cicle \u00e9s capacitar l\u2019alumnat per organitzar o executar les operacions de gesti\u00f3 i administraci\u00f3 en els processos comercials, laborals, comptables, fiscals i financers d\u2019una empresa p\u00fablica o privada, aplicant la normativa vigent i els protocols de gesti\u00f3 de la qualitat, gestionant la informaci\u00f3, assegurant la satisfacci\u00f3 del client i\/o usuari i actuant segons les normes de prevenci\u00f3 de riscos laboral i de protecci\u00f3 mediambiental<\/span><span style=\"font-weight: 400;\">.\u00a0<\/span><\/p>\n<p>&nbsp;<\/p>\n<p><b>Informaci\u00f3 general:<\/b><\/p>\n<ul>\n<li style=\"font-weight: 400;\" aria-level=\"1\"><span style=\"font-weight: 400;\">Durada del Cicle Formatiu: 2000\u202fh (1485\u202fh al centre educatiu)\u00a0<\/span><\/li>\n<li style=\"font-weight: 400;\" aria-level=\"1\"><span style=\"font-weight: 400;\">Estada a l\u2019empresa: 515 hores. (pr\u00e0ctiques en empreses que t\u2019ajudaran a accedir al m\u00f3n laboral)<\/span><\/li>\n<li style=\"font-weight: 400;\" aria-level=\"1\"><span style=\"font-weight: 400;\">Horari: tardes de 14:45 a 21:10\u202fh i divendres de 14:45 a 17:45\u202fh<\/span><\/li>\n<li style=\"font-weight: 400;\" aria-level=\"1\"><b>Modalitat DUAL INTENSIVA<\/b><\/li>\n<\/ul>\n<p><b>Qu\u00e8 aprendr\u00e0s?<\/b><\/p>\n<p><b>Tramitar documents o comunicacions <\/b><span style=\"font-weight: 400;\">internes o externes en els circuits d\u2019informaci\u00f3 de l\u2019empresa o<\/span><b> elaborar-les <\/b><span style=\"font-weight: 400;\">a partir d\u2019ordres rebudes, informaci\u00f3 obtinguda i\/o necessitats detectades.<\/span><\/p>\n<p><b>Detectar necessitats administratives o de gesti\u00f3 de l\u2019empresa <\/b><span style=\"font-weight: 400;\">de diversos tipus, a partir de l\u2019an\u00e0lisi de la informaci\u00f3 disponible i de l\u2019entorn i proposar l\u00ednies d\u2019actuaci\u00f3 encaminades a millorar efici\u00e8ncia dels processos administratius.<\/span><\/p>\n<p><b>Classificar, registrar i arxivar comunicacions i documents<\/b><span style=\"font-weight: 400;\"> segons les t\u00e8cniques apropiades i els par\u00e0metres establerts en l\u2019empresa.<\/span><\/p>\n<p><b>Gestionar els processos de tramitaci\u00f3 administrativa empresarial<\/b><span style=\"font-weight: 400;\"> en relaci\u00f3 amb <\/span><b>les \u00e0rees comercial, financera, comptable i fiscal<\/b><span style=\"font-weight: 400;\">, amb una visi\u00f3 integradora d\u2019aquestes.<\/span><\/p>\n<p><b>Realitzar la gesti\u00f3 comptable i fiscal de l\u2019empresa<\/b><span style=\"font-weight: 400;\">, segons els processos i procediments administratius, aplicant la normativa vigent i en condicions de seguretat i qualitat.<\/span><\/p>\n<p><b>Supervisar la gesti\u00f3 de tresoreria, la captaci\u00f3 de recursos financers i l\u2019estudi de viabilitat de projectes d\u2019inversi\u00f3<\/b><span style=\"font-weight: 400;\">, seguint les normes i protocols establerts.<\/span><\/p>\n<p><b>Aplicar els processos administratius <\/b><span style=\"font-weight: 400;\">establerts en la selecci\u00f3, contractaci\u00f3, formaci\u00f3 i desenvolupament dels<\/span><b> Recursos Humans <\/b><span style=\"font-weight: 400;\">, ajustant-se a la normativa vigent i a la pol\u00edtica empresarial.<\/span><\/p>\n<p><b>Organitzar i supervisar la gesti\u00f3 administrativa de personal de l\u2019empresa<\/b><span style=\"font-weight: 400;\">, ajustant-se a la normativa laboral vigent i als protocols establerts.<\/span><\/p>\n<p><b>Realitzar la gesti\u00f3 administrativa dels processos comercials<\/b><span style=\"font-weight: 400;\">, duent a terme les tasques de documentaci\u00f3 i les activitats de negociaci\u00f3 amb prove\u00efdors, i d\u2019assessorament i relaci\u00f3 amb el client.<\/span><\/p>\n<p><b>Atendre els clients\/usuaris en l\u2019\u00e0mbit administratiu i comercial <\/b><span style=\"font-weight: 400;\">assegurant els nivells de qualitat establerts i ajustant-se a criteris \u00e8tics i d\u2019imatge de l\u2019empresa\/instituci\u00f3.<\/span><\/p>\n<p><b>Tramitar i realitzar la gesti\u00f3 administrativa <\/b><span style=\"font-weight: 400;\">en la presentaci\u00f3 de documents en diferents <\/span><b>organismes i administracions p\u00fabliques<\/b><span style=\"font-weight: 400;\">, en termini i forma requerits.<\/span><\/p>\n<p><b>Mantenir actualitzats els coneixements cient\u00edfics i t\u00e8cnics<\/b><span style=\"font-weight: 400;\"> relatius a la seva activitat professional, utilitzant els recursos existents per a l\u2019aprenentatge al llarg de la vida.<\/span><\/p>\n<p><b>Realitzar la gesti\u00f3 b\u00e0sica per a la creaci\u00f3 i funcionament d\u2019una petita empresa<\/b><span style=\"font-weight: 400;\"> i tenir iniciativa en la seva activitat professional amb sentit de la responsabilitat social.<\/span><\/p>\n<p>&nbsp;<\/p>\n<p><b>De qu\u00e8 treballar\u00e0s?<\/b><\/p>\n<p><span style=\"font-weight: 400;\">-Administratiu\/a d&#8217;oficina.<\/span><\/p>\n<p><span style=\"font-weight: 400;\">-Administratiu\/a comercial.<\/span><\/p>\n<p><span style=\"font-weight: 400;\">-Administratiu\/ financer.<\/span><\/p>\n<p><span style=\"font-weight: 400;\">-Administratiu\/a comptable.<\/span><\/p>\n<p><span style=\"font-weight: 400;\">-Administratiu\/a de log\u00edstica<\/span><\/p>\n<p><span style=\"font-weight: 400;\">-Administratiu\/a de banca i d&#8217;assegurances.<\/span><\/p>\n<p><span style=\"font-weight: 400;\">-Administratiu\/a de recursos humans.\u00a0<\/span><\/p>\n<p><span style=\"font-weight: 400;\">-Administratiu\/a de l&#8217;Administraci\u00f3 p\u00fablica.<\/span><\/p>\n<p><span style=\"font-weight: 400;\">-Administratiu\/a assessories jur\u00eddiques, comptables, laborals, fiscals o gestories.<\/span><\/p>\n<p><span style=\"font-weight: 400;\">-T\u00e8cnic\/a en gesti\u00f3 de cobraments.<\/span><\/p>\n<p><span style=\"font-weight: 400;\">-Responsable d&#8217;atenci\u00f3 al client.<\/span><\/p>\n<p>&nbsp;<\/p>\n<p><b>O continuar amb la teva formaci\u00f3 a la universitat\u2026<\/b><\/p>\n<ul>\n<li style=\"font-weight: 400;\" aria-level=\"1\"><span style=\"font-weight: 400;\">Permet accedir a qualsevol estudi universitari oficial de grau.<\/span><\/li>\n<li style=\"font-weight: 400;\" aria-level=\"1\"><span style=\"font-weight: 400;\">Poden obtenir la convalidaci\u00f3 de cr\u00e8dits universitaris ECTS.<\/span><\/li>\n<\/ul>\n<p>&nbsp;<\/p>\n<p><b>Relaci\u00f3 de m\u00f2duls professionals:<\/b><\/p>\n<ul>\n<li style=\"font-weight: 400;\" aria-level=\"1\"><span style=\"font-weight: 400;\">0647. Gesti\u00f3 de la documentaci\u00f3 jur\u00eddica i empresarial.<\/span><\/li>\n<li style=\"font-weight: 400;\" aria-level=\"1\"><span style=\"font-weight: 400;\">0648. Recursos humans i responsabilitat social corporativa.<\/span><\/li>\n<li style=\"font-weight: 400;\" aria-level=\"1\"><span style=\"font-weight: 400;\">0649. Ofim\u00e0tica i proc\u00e9s de la informaci\u00f3.<\/span><\/li>\n<li style=\"font-weight: 400;\" aria-level=\"1\"><span style=\"font-weight: 400;\">0650. Proc\u00e9s integral de l\u2019activitat comercial.<\/span><\/li>\n<li style=\"font-weight: 400;\" aria-level=\"1\"><span style=\"font-weight: 400;\">0651. Comunicaci\u00f3 i atenci\u00f3 al client.<\/span><\/li>\n<li style=\"font-weight: 400;\" aria-level=\"1\"><span style=\"font-weight: 400;\">0652. Gesti\u00f3 de recursos humans.<\/span><\/li>\n<li style=\"font-weight: 400;\" aria-level=\"1\"><span style=\"font-weight: 400;\">0653. Gesti\u00f3 financera.<\/span><\/li>\n<li style=\"font-weight: 400;\" aria-level=\"1\"><span style=\"font-weight: 400;\">0654. Comptabilitat i fiscalitat.<\/span><\/li>\n<li style=\"font-weight: 400;\" aria-level=\"1\"><span style=\"font-weight: 400;\">0655. Gesti\u00f3 log\u00edstica i comercial .<\/span><\/li>\n<li style=\"font-weight: 400;\" aria-level=\"1\"><span style=\"font-weight: 400;\">0656. Simulaci\u00f3 empresarial.<\/span><\/li>\n<li style=\"font-weight: 400;\" aria-level=\"1\"><span style=\"font-weight: 400;\">0657. Projecte intermodular d\u2019administraci\u00f3 i finances.<\/span><\/li>\n<li style=\"font-weight: 400;\" aria-level=\"1\"><span style=\"font-weight: 400;\">C076. Catal\u00e0 \/ Aran\u00e8s professional.<\/span><\/li>\n<li style=\"font-weight: 400;\" aria-level=\"1\"><span style=\"font-weight: 400;\">0179. Angl\u00e8s professional.<\/span><\/li>\n<li style=\"font-weight: 400;\" aria-level=\"1\"><span style=\"font-weight: 400;\">1665. Digitalitzaci\u00f3 aplicada als sectors productius.<\/span><\/li>\n<li style=\"font-weight: 400;\" aria-level=\"1\"><span style=\"font-weight: 400;\">1708. Sostenibilitat aplicada al sistema productiu.<\/span><\/li>\n<li style=\"font-weight: 400;\" aria-level=\"1\"><span style=\"font-weight: 400;\">1709. Itinerari personal per a l\u2019ocupabilitat I.<\/span><\/li>\n<li style=\"font-weight: 400;\" aria-level=\"1\"><span style=\"font-weight: 400;\">1710. Itinerari personal per a l&#8217;ocupabilitat II.<\/span><\/li>\n<li style=\"font-weight: 400;\" aria-level=\"1\"><span style=\"font-weight: 400;\">M\u00f2dul professional optatiu.<\/span><\/li>\n<\/ul>\n","protected":false},"excerpt":{"rendered":"<p>CFGS T\u00e8cnic\/a superior en Administraci\u00f3 i Finances L\u2019objectiu d\u2019aquest cicle \u00e9s capacitar l\u2019alumnat per organitzar o executar les operacions de gesti\u00f3 i administraci\u00f3 en els processos comercials, laborals, comptables, fiscals i financers d\u2019una empresa p\u00fablica o privada, aplicant la normativa vigent i els protocols de gesti\u00f3 de la qualitat, gestionant la informaci\u00f3, assegurant la satisfacci\u00f3 [&hellip;]<\/p>\n","protected":false},"author":9,"featured_media":0,"parent":0,"menu_order":0,"comment_status":"closed","ping_status":"closed","template":"","meta":{"_bbp_topic_count":0,"_bbp_reply_count":0,"_bbp_total_topic_count":0,"_bbp_total_reply_count":0,"_bbp_voice_count":0,"_bbp_anonymous_reply_count":0,"_bbp_topic_count_hidden":0,"_bbp_reply_count_hidden":0,"_bbp_forum_subforum_count":0,"site-sidebar-layout":"default","site-content-layout":"","ast-site-content-layout":"","site-content-style":"default","site-sidebar-style":"default","ast-global-header-display":"","ast-banner-title-visibility":"","ast-main-header-display":"","ast-hfb-above-header-display":"","ast-hfb-below-header-display":"","ast-hfb-mobile-header-display":"","site-post-title":"","ast-breadcrumbs-content":"","ast-featured-img":"","footer-sml-layout":"","theme-transparent-header-meta":"","adv-header-id-meta":"","stick-header-meta":"","header-above-stick-meta":"","header-main-stick-meta":"","header-below-stick-meta":"","astra-migrate-meta-layouts":"default","ast-page-background-enabled":"default","ast-page-background-meta":{"desktop":{"background-color":"var(--ast-global-color-4)","background-image":"","background-repeat":"repeat","background-position":"center center","background-size":"auto","background-attachment":"scroll","background-type":"","background-media":"","overlay-type":"","overlay-color":"","overlay-opacity":"","overlay-gradient":""},"tablet":{"background-color":"","background-image":"","background-repeat":"repeat","background-position":"center center","background-size":"auto","background-attachment":"scroll","background-type":"","background-media":"","overlay-type":"","overlay-color":"","overlay-opacity":"","overlay-gradient":""},"mobile":{"background-color":"","background-image":"","background-repeat":"repeat","background-position":"center center","background-size":"auto","background-attachment":"scroll","background-type":"","background-media":"","overlay-type":"","overlay-color":"","overlay-opacity":"","overlay-gradient":""}},"ast-content-background-meta":{"desktop":{"background-color":"var(--ast-global-color-5)","background-image":"","background-repeat":"repeat","background-position":"center center","background-size":"auto","background-attachment":"scroll","background-type":"","background-media":"","overlay-type":"","overlay-color":"","overlay-opacity":"","overlay-gradient":""},"tablet":{"background-color":"var(--ast-global-color-5)","background-image":"","background-repeat":"repeat","background-position":"center center","background-size":"auto","background-attachment":"scroll","background-type":"","background-media":"","overlay-type":"","overlay-color":"","overlay-opacity":"","overlay-gradient":""},"mobile":{"background-color":"var(--ast-global-color-5)","background-image":"","background-repeat":"repeat","background-position":"center center","background-size":"auto","background-attachment":"scroll","background-type":"","background-media":"","overlay-type":"","overlay-color":"","overlay-opacity":"","overlay-gradient":""}},"footnotes":""},"class_list":["post-11433","page","type-page","status-publish","hentry"],"post_mailing_queue_ids":[],"_links":{"self":[{"href":"https:\/\/agora.xtec.cat\/iestorreroja\/wp-json\/wp\/v2\/pages\/11433","targetHints":{"allow":["GET"]}}],"collection":[{"href":"https:\/\/agora.xtec.cat\/iestorreroja\/wp-json\/wp\/v2\/pages"}],"about":[{"href":"https:\/\/agora.xtec.cat\/iestorreroja\/wp-json\/wp\/v2\/types\/page"}],"author":[{"embeddable":true,"href":"https:\/\/agora.xtec.cat\/iestorreroja\/wp-json\/wp\/v2\/users\/9"}],"replies":[{"embeddable":true,"href":"https:\/\/agora.xtec.cat\/iestorreroja\/wp-json\/wp\/v2\/comments?post=11433"}],"version-history":[{"count":3,"href":"https:\/\/agora.xtec.cat\/iestorreroja\/wp-json\/wp\/v2\/pages\/11433\/revisions"}],"predecessor-version":[{"id":11442,"href":"https:\/\/agora.xtec.cat\/iestorreroja\/wp-json\/wp\/v2\/pages\/11433\/revisions\/11442"}],"wp:attachment":[{"href":"https:\/\/agora.xtec.cat\/iestorreroja\/wp-json\/wp\/v2\/media?parent=11433"}],"curies":[{"name":"wp","href":"https:\/\/api.w.org\/{rel}","templated":true}]}}