{"id":11366,"date":"2025-03-28T14:16:13","date_gmt":"2025-03-28T13:16:13","guid":{"rendered":"https:\/\/agora.xtec.cat\/iestorreroja\/?page_id=11366"},"modified":"2025-03-28T14:28:12","modified_gmt":"2025-03-28T13:28:12","slug":"cfgs-tecnic-a-en-educacio-infantil","status":"publish","type":"page","link":"https:\/\/agora.xtec.cat\/iestorreroja\/cfgs-tecnic-a-en-educacio-infantil\/","title":{"rendered":"CFGS T\u00e8cnic\/a en Educaci\u00f3 Infantil"},"content":{"rendered":"<p><span style=\"font-weight: 400;\">L\u2019objectiu d\u2019aquest cicle \u00e9s capacitar l\u2019alumnat per <\/span><span style=\"font-weight: 400;\">\u00a0<\/span><span style=\"font-weight: 400;\">dissenyar, posar en marxa i avaluar projectes i programes educatius d&#8217;atenci\u00f3 a la inf\u00e0ncia en el primer cicle d&#8217;educaci\u00f3 infantil en l&#8217;\u00e0mbit formal, d&#8217;acord amb la proposta pedag\u00f2gica elaborada per un mestre o mestra<\/span><\/p>\n<p><b>Informaci\u00f3 general:<\/b><\/p>\n<ul>\n<li style=\"font-weight: 400;\" aria-level=\"1\"><span style=\"font-weight: 400;\">Durada del Cicle Formatiu: 2000\u202fh (1485\u202fh al centre educatiu)\u00a0<\/span><\/li>\n<li style=\"font-weight: 400;\" aria-level=\"1\"><span style=\"font-weight: 400;\">Estada a l\u2019empresa: 515 hores. (pr\u00e0ctiques en empreses que t\u2019ajudaran a accedir al m\u00f3n laboral)<\/span><\/li>\n<li style=\"font-weight: 400;\" aria-level=\"1\"><span style=\"font-weight: 400;\">Horari: tardes de 14:45 a 21:10\u202fh i divendres de 14:45 a 17:45\u202fh<\/span><\/li>\n<li style=\"font-weight: 400;\" aria-level=\"1\"><b>Modalitat DUAL INTENSIVA<\/b><\/li>\n<\/ul>\n<p>&nbsp;<\/p>\n<p><b>Qu\u00e8 aprendr\u00e0s?<\/b><\/p>\n<p><b>Programar, dissenyar i dur a terme activitats d\u2019intervenci\u00f3 educativa i d\u2019atenci\u00f3 social<\/b><span style=\"font-weight: 400;\"> amb la inf\u00e0ncia i les seves fam\u00edlies.<\/span><\/p>\n<p><b>Utilitzar recursos i procediments<\/b><span style=\"font-weight: 400;\"> per donar resposta a les necessitats dels infants i fam\u00edlies que requereixin la participaci\u00f3 d\u2019altres professionals o serveis.<\/span><\/p>\n<p><b>Actuar davant de conting\u00e8ncies<\/b><span style=\"font-weight: 400;\">, transmetent seguretat i confian\u00e7a.<\/span><\/p>\n<p><b>Avaluar el proc\u00e9s d\u2019intervenci\u00f3 i els resultats obtinguts<\/b><span style=\"font-weight: 400;\">, gestionant la documentaci\u00f3 associada i transmetent la informaci\u00f3.<\/span><\/p>\n<p><b>Mantenir actualitzats els coneixements cient\u00edfics i t\u00e8cnics<\/b><span style=\"font-weight: 400;\"> relatius a la seva activitat professional, utilitzant els recursos existents per a l\u2019aprenentatge al llarg de la vida.<\/span><\/p>\n<p>&nbsp;<\/p>\n<p><span style=\"font-weight: 400;\">\u00a0<\/span><b>De qu\u00e8 treballar\u00e0s?<\/b><\/p>\n<p><span style=\"font-weight: 400;\">Podr\u00e0s treballar en el sector de <\/span><b>l\u2019educaci\u00f3 formal i no formal<\/b><span style=\"font-weight: 400;\">, aix\u00ed com en el sector dels <\/span><b>serveis socials d\u2019atenci\u00f3 a la inf\u00e0ncia<\/b><span style=\"font-weight: 400;\">.<\/span><\/p>\n<ul>\n<li style=\"font-weight: 400;\" aria-level=\"1\"><b>Educador\/a infantil<\/b><span style=\"font-weight: 400;\"> en el primer cicle d\u2019educaci\u00f3 infantil.<\/span><\/li>\n<li style=\"font-weight: 400;\" aria-level=\"1\"><b>Educador\/a en institucions i\/o en programes espec\u00edfics<\/b><span style=\"font-weight: 400;\"> de treball amb menors (0-6 anys) en situaci\u00f3 de risc social o en serveis de suport familiar.<\/span><\/li>\n<li style=\"font-weight: 400;\" aria-level=\"1\"><b>Educador\/a en programes o activitats de lleure infantil<\/b><span style=\"font-weight: 400;\"> amb infants de 0 a 6 anys: ludoteques, cases de cultura, biblioteques, centres educatius, centres de lleure, granges escola, etc.<\/span><\/li>\n<\/ul>\n<p>&nbsp;<\/p>\n<p><b>O continuar amb la teva formaci\u00f3 a la universitat\u2026<\/b><\/p>\n<ul>\n<li style=\"font-weight: 400;\" aria-level=\"1\"><span style=\"font-weight: 400;\">Permet accedir a qualsevol estudi universitari oficial de grau.<\/span><\/li>\n<li style=\"font-weight: 400;\" aria-level=\"1\"><span style=\"font-weight: 400;\">Poden obtenir la convalidaci\u00f3 de cr\u00e8dits universitaris ECTS.<\/span><\/li>\n<\/ul>\n<p><b>Relaci\u00f3 de m\u00f2duls professionals:<\/b><\/p>\n<ul>\n<li style=\"font-weight: 400;\" aria-level=\"1\"><span style=\"font-weight: 400;\">0011 Did\u00e0ctica de l&#8217;educaci\u00f3 infantil<\/span><\/li>\n<li style=\"font-weight: 400;\" aria-level=\"1\"><span style=\"font-weight: 400;\">0012 Autonomia personal i salut infantil<\/span><\/li>\n<li style=\"font-weight: 400;\" aria-level=\"1\"><span style=\"font-weight: 400;\">0013 El joc infantil i la seva metodologia<\/span><\/li>\n<li style=\"font-weight: 400;\" aria-level=\"1\"><span style=\"font-weight: 400;\">0014 Expressi\u00f3 i comunicaci\u00f3<\/span><\/li>\n<li style=\"font-weight: 400;\" aria-level=\"1\"><span style=\"font-weight: 400;\">0015 Desenvolupament cognitiu i motriu<\/span><\/li>\n<li style=\"font-weight: 400;\" aria-level=\"1\"><span style=\"font-weight: 400;\">0016 Desenvolupament socioafectiu<\/span><\/li>\n<li style=\"font-weight: 400;\" aria-level=\"1\"><span style=\"font-weight: 400;\">0017 Habilitats socials<\/span><\/li>\n<li style=\"font-weight: 400;\" aria-level=\"1\"><span style=\"font-weight: 400;\">0018 Intervenci\u00f3 amb fam\u00edlies i atenci\u00f3 als infants en risc social<\/span><\/li>\n<li style=\"font-weight: 400;\" aria-level=\"1\"><span style=\"font-weight: 400;\">0020 Primers auxilis<\/span><\/li>\n<li style=\"font-weight: 400;\" aria-level=\"1\"><span style=\"font-weight: 400;\">C076 Catal\u00e0 professional<\/span><\/li>\n<li style=\"font-weight: 400;\" aria-level=\"1\"><span style=\"font-weight: 400;\">0179 Angl\u00e8s professional<\/span><\/li>\n<li style=\"font-weight: 400;\" aria-level=\"1\"><span style=\"font-weight: 400;\">1665 Digitalitzaci\u00f3 aplicada als sectors productius<\/span><\/li>\n<li style=\"font-weight: 400;\" aria-level=\"1\"><span style=\"font-weight: 400;\">1708 Sostenibilitat aplicada al sistema productiu<\/span><\/li>\n<li style=\"font-weight: 400;\" aria-level=\"1\"><span style=\"font-weight: 400;\">1709 Itinerari personal per a l&#8217;ocupabilitat I<\/span><\/li>\n<li style=\"font-weight: 400;\" aria-level=\"1\"><span style=\"font-weight: 400;\">1710 Itinerari personal per a l&#8217;ocupabilitat II<\/span><\/li>\n<li style=\"font-weight: 400;\" aria-level=\"1\"><span style=\"font-weight: 400;\">0019 Projecte intermodular d&#8217;Atenci\u00f3 a la infantesa<\/span><\/li>\n<li aria-level=\"1\">M\u00f2dul professional optatiu<\/li>\n<\/ul>\n","protected":false},"excerpt":{"rendered":"<p>L\u2019objectiu d\u2019aquest cicle \u00e9s capacitar l\u2019alumnat per \u00a0dissenyar, posar en marxa i avaluar projectes i programes educatius d&#8217;atenci\u00f3 a la inf\u00e0ncia en el primer cicle d&#8217;educaci\u00f3 infantil en l&#8217;\u00e0mbit formal, d&#8217;acord amb la proposta pedag\u00f2gica elaborada per un mestre o mestra Informaci\u00f3 general: Durada del Cicle Formatiu: 2000\u202fh (1485\u202fh al centre educatiu)\u00a0 Estada a l\u2019empresa: [&hellip;]<\/p>\n","protected":false},"author":9,"featured_media":0,"parent":0,"menu_order":0,"comment_status":"closed","ping_status":"closed","template":"","meta":{"_bbp_topic_count":0,"_bbp_reply_count":0,"_bbp_total_topic_count":0,"_bbp_total_reply_count":0,"_bbp_voice_count":0,"_bbp_anonymous_reply_count":0,"_bbp_topic_count_hidden":0,"_bbp_reply_count_hidden":0,"_bbp_forum_subforum_count":0,"site-sidebar-layout":"default","site-content-layout":"","ast-site-content-layout":"","site-content-style":"default","site-sidebar-style":"default","ast-global-header-display":"","ast-banner-title-visibility":"","ast-main-header-display":"","ast-hfb-above-header-display":"","ast-hfb-below-header-display":"","ast-hfb-mobile-header-display":"","site-post-title":"","ast-breadcrumbs-content":"","ast-featured-img":"","footer-sml-layout":"","theme-transparent-header-meta":"","adv-header-id-meta":"","stick-header-meta":"","header-above-stick-meta":"","header-main-stick-meta":"","header-below-stick-meta":"","astra-migrate-meta-layouts":"default","ast-page-background-enabled":"default","ast-page-background-meta":{"desktop":{"background-color":"var(--ast-global-color-4)","background-image":"","background-repeat":"repeat","background-position":"center center","background-size":"auto","background-attachment":"scroll","background-type":"","background-media":"","overlay-type":"","overlay-color":"","overlay-opacity":"","overlay-gradient":""},"tablet":{"background-color":"","background-image":"","background-repeat":"repeat","background-position":"center center","background-size":"auto","background-attachment":"scroll","background-type":"","background-media":"","overlay-type":"","overlay-color":"","overlay-opacity":"","overlay-gradient":""},"mobile":{"background-color":"","background-image":"","background-repeat":"repeat","background-position":"center center","background-size":"auto","background-attachment":"scroll","background-type":"","background-media":"","overlay-type":"","overlay-color":"","overlay-opacity":"","overlay-gradient":""}},"ast-content-background-meta":{"desktop":{"background-color":"var(--ast-global-color-5)","background-image":"","background-repeat":"repeat","background-position":"center center","background-size":"auto","background-attachment":"scroll","background-type":"","background-media":"","overlay-type":"","overlay-color":"","overlay-opacity":"","overlay-gradient":""},"tablet":{"background-color":"var(--ast-global-color-5)","background-image":"","background-repeat":"repeat","background-position":"center center","background-size":"auto","background-attachment":"scroll","background-type":"","background-media":"","overlay-type":"","overlay-color":"","overlay-opacity":"","overlay-gradient":""},"mobile":{"background-color":"var(--ast-global-color-5)","background-image":"","background-repeat":"repeat","background-position":"center center","background-size":"auto","background-attachment":"scroll","background-type":"","background-media":"","overlay-type":"","overlay-color":"","overlay-opacity":"","overlay-gradient":""}},"footnotes":""},"class_list":["post-11366","page","type-page","status-publish","hentry"],"post_mailing_queue_ids":[],"_links":{"self":[{"href":"https:\/\/agora.xtec.cat\/iestorreroja\/wp-json\/wp\/v2\/pages\/11366","targetHints":{"allow":["GET"]}}],"collection":[{"href":"https:\/\/agora.xtec.cat\/iestorreroja\/wp-json\/wp\/v2\/pages"}],"about":[{"href":"https:\/\/agora.xtec.cat\/iestorreroja\/wp-json\/wp\/v2\/types\/page"}],"author":[{"embeddable":true,"href":"https:\/\/agora.xtec.cat\/iestorreroja\/wp-json\/wp\/v2\/users\/9"}],"replies":[{"embeddable":true,"href":"https:\/\/agora.xtec.cat\/iestorreroja\/wp-json\/wp\/v2\/comments?post=11366"}],"version-history":[{"count":2,"href":"https:\/\/agora.xtec.cat\/iestorreroja\/wp-json\/wp\/v2\/pages\/11366\/revisions"}],"predecessor-version":[{"id":11371,"href":"https:\/\/agora.xtec.cat\/iestorreroja\/wp-json\/wp\/v2\/pages\/11366\/revisions\/11371"}],"wp:attachment":[{"href":"https:\/\/agora.xtec.cat\/iestorreroja\/wp-json\/wp\/v2\/media?parent=11366"}],"curies":[{"name":"wp","href":"https:\/\/api.w.org\/{rel}","templated":true}]}}