{"id":10478,"date":"2024-04-12T10:50:20","date_gmt":"2024-04-12T08:50:20","guid":{"rendered":"https:\/\/agora.xtec.cat\/iestorreroja\/?page_id=10478"},"modified":"2026-03-25T10:18:15","modified_gmt":"2026-03-25T09:18:15","slug":"ife","status":"publish","type":"page","link":"https:\/\/agora.xtec.cat\/iestorreroja\/secretaria\/preinscripcio-i-matricula\/ife\/","title":{"rendered":"IFE 26-27"},"content":{"rendered":"<p><strong>Documents informatius<\/strong><\/p>\n<ul>\n<li><a href=\"https:\/\/triaeducativa.gencat.cat\/ca\/estudis\/?auxiliar-manteniment-installacions-esportives&amp;p_id=4370\">Informaci\u00f3 IFE_Auxiliar en manteniment en instal\u00b7lacions esportives<\/a><\/li>\n<li><a href=\"https:\/\/agora.xtec.cat\/iestorreroja\/wp-content\/uploads\/usu1423\/2021\/07\/IFE-Auxiliar-en-Manteniment-dInstal%C2%B7lacions-Esportives.pdf\" target=\"_blank\" rel=\"noopener\">\u00a0Fitxa de l&#8217;estudi<\/a><\/li>\n<li><b><a href=\"https:\/\/agora.xtec.cat\/iestorreroja\/wp-content\/uploads\/usu1423\/2024\/04\/Triptic-IFE-AMIE-INS-TORRE-ROJA-1-1.pdf\">Tr\u00edptic IFE AMIE INS TORRE ROJA<\/a><\/b><\/li>\n<\/ul>\n<p><b>CALENDARI I INFORMACIONS SOBRE LA PREINSCRIPCI\u00d3 I MATR\u00cdCULA D\u2019IFE 2025-2026<\/b><\/p>\n<p><a href=\"https:\/\/preinscripcio.gencat.cat\/ca\/estudis\/ife\/preinscriute\/sollicitud\/\">Informaci\u00f3 i sol\u00b7licitud de preinscripci\u00f3<\/a><\/p>\n<p><a href=\"https:\/\/preinscripcio.gencat.cat\/ca\/estudis\/ife\/inici\/\">Dates clau:<\/a><\/p>\n<p><b>Portes obertes 29 d&#8217;abril de 2026 a les 17:30h<\/b><\/p>\n<p><b>Calendari de preinscripci\u00f3 i matr\u00edcula<\/b><\/p>\n<ul style=\"list-style-type: square;\">\n<li><span style=\"font-weight: 400;\"><strong>8 de maig de 2026<\/strong>: oferta inicial de places\u00a0<\/span><\/li>\n<li><span style=\"font-weight: 400;\"><strong>De l&#8217;11 al 22 de maig de 2026<\/strong>: presentaci\u00f3 de sol\u00b7licituds telem\u00e0tiques.<\/span><\/li>\n<li><span style=\"font-weight: 400;\"><strong>29 de maig de 2026<\/strong>: llista de sol\u00b7licituds amb la puntuaci\u00f3 provisional<\/span><\/li>\n<li><span style=\"font-weight: 400;\"><strong>2 de juny de 2026<\/strong>: sorteig per resoldre les sol\u00b7licituds de preinscripci\u00f3 empatades en punts.<\/span><\/li>\n<li><span style=\"font-weight: 400;\"><strong>Del 3 al 10 de juny de 2026<\/strong>: presentaci\u00f3 de reclamacions<\/span><\/li>\n<li><span style=\"font-weight: 400;\"><strong>16 de juny de 2026<\/strong>: llista d\u2019alumnes admesos<\/span><\/li>\n<\/ul>\n<p><b>Matr\u00edcula per als alumnes preinscrits amb pla\u00e7a assignada:<\/b><span style=\"font-weight: 400;\"><span style=\"text-decoration: underline;\"> Del 19 al 26 de juny de 2026<\/span>.<\/span><\/p>\n<p><span style=\"font-weight: 400;\">\u00a0<\/span><\/p>\n<p>Clicant la imatge podeu entrar al Blog que l&#8217;alumnat de 3r IFE est\u00e0 realitzant dins del m\u00f2dul d&#8217;ofim\u00e0tica. Podreu veure moltes de les activitats que realitzen.<\/p>\n<p style=\"text-align: justify;\"><a href=\"https:\/\/ifeamietorreroja.blogspot.com\/\"><img loading=\"lazy\" decoding=\"async\" class=\"alignnone size-large wp-image-10535\" src=\"https:\/\/agora.xtec.cat\/iestorreroja\/wp-content\/uploads\/usu1423\/2024\/04\/Blog-IFE-1024x387.jpg\" alt=\"\" width=\"1024\" height=\"387\" srcset=\"https:\/\/agora.xtec.cat\/iestorreroja\/wp-content\/uploads\/usu1423\/2024\/04\/Blog-IFE-1024x387.jpg 1024w, https:\/\/agora.xtec.cat\/iestorreroja\/wp-content\/uploads\/usu1423\/2024\/04\/Blog-IFE-300x113.jpg 300w, https:\/\/agora.xtec.cat\/iestorreroja\/wp-content\/uploads\/usu1423\/2024\/04\/Blog-IFE-768x290.jpg 768w, https:\/\/agora.xtec.cat\/iestorreroja\/wp-content\/uploads\/usu1423\/2024\/04\/Blog-IFE-1536x580.jpg 1536w, https:\/\/agora.xtec.cat\/iestorreroja\/wp-content\/uploads\/usu1423\/2024\/04\/Blog-IFE.jpg 1716w\" sizes=\"auto, (max-width: 1024px) 100vw, 1024px\" \/><\/a><\/p>\n<p><span style=\"font-weight: 400;\">\u00a0<\/span><\/p>\n<p>&nbsp;<\/p>\n<p>&nbsp;<\/p>\n","protected":false},"excerpt":{"rendered":"<p>Documents informatius Informaci\u00f3 IFE_Auxiliar en manteniment en instal\u00b7lacions esportives \u00a0Fitxa de l&#8217;estudi Tr\u00edptic IFE AMIE INS TORRE ROJA CALENDARI I INFORMACIONS SOBRE LA PREINSCRIPCI\u00d3 I MATR\u00cdCULA D\u2019IFE 2025-2026 Informaci\u00f3 i sol\u00b7licitud de preinscripci\u00f3 Dates clau: Portes obertes 29 d&#8217;abril de 2026 a les 17:30h Calendari de preinscripci\u00f3 i matr\u00edcula 8 de maig de 2026: oferta [&hellip;]<\/p>\n","protected":false},"author":9,"featured_media":0,"parent":5478,"menu_order":0,"comment_status":"closed","ping_status":"closed","template":"","meta":{"_bbp_topic_count":0,"_bbp_reply_count":0,"_bbp_total_topic_count":0,"_bbp_total_reply_count":0,"_bbp_voice_count":0,"_bbp_anonymous_reply_count":0,"_bbp_topic_count_hidden":0,"_bbp_reply_count_hidden":0,"_bbp_forum_subforum_count":0,"site-sidebar-layout":"default","site-content-layout":"","ast-site-content-layout":"default","site-content-style":"default","site-sidebar-style":"default","ast-global-header-display":"","ast-banner-title-visibility":"","ast-main-header-display":"","ast-hfb-above-header-display":"","ast-hfb-below-header-display":"","ast-hfb-mobile-header-display":"","site-post-title":"","ast-breadcrumbs-content":"","ast-featured-img":"","footer-sml-layout":"","theme-transparent-header-meta":"default","adv-header-id-meta":"","stick-header-meta":"","header-above-stick-meta":"","header-main-stick-meta":"","header-below-stick-meta":"","astra-migrate-meta-layouts":"set","ast-page-background-enabled":"default","ast-page-background-meta":{"desktop":{"background-color":"var(--ast-global-color-4)","background-image":"","background-repeat":"repeat","background-position":"center center","background-size":"auto","background-attachment":"scroll","background-type":"","background-media":"","overlay-type":"","overlay-color":"","overlay-opacity":"","overlay-gradient":""},"tablet":{"background-color":"","background-image":"","background-repeat":"repeat","background-position":"center center","background-size":"auto","background-attachment":"scroll","background-type":"","background-media":"","overlay-type":"","overlay-color":"","overlay-opacity":"","overlay-gradient":""},"mobile":{"background-color":"","background-image":"","background-repeat":"repeat","background-position":"center center","background-size":"auto","background-attachment":"scroll","background-type":"","background-media":"","overlay-type":"","overlay-color":"","overlay-opacity":"","overlay-gradient":""}},"ast-content-background-meta":{"desktop":{"background-color":"var(--ast-global-color-5)","background-image":"","background-repeat":"repeat","background-position":"center center","background-size":"auto","background-attachment":"scroll","background-type":"","background-media":"","overlay-type":"","overlay-color":"","overlay-opacity":"","overlay-gradient":""},"tablet":{"background-color":"var(--ast-global-color-5)","background-image":"","background-repeat":"repeat","background-position":"center center","background-size":"auto","background-attachment":"scroll","background-type":"","background-media":"","overlay-type":"","overlay-color":"","overlay-opacity":"","overlay-gradient":""},"mobile":{"background-color":"var(--ast-global-color-5)","background-image":"","background-repeat":"repeat","background-position":"center center","background-size":"auto","background-attachment":"scroll","background-type":"","background-media":"","overlay-type":"","overlay-color":"","overlay-opacity":"","overlay-gradient":""}},"footnotes":""},"class_list":["post-10478","page","type-page","status-publish","hentry"],"post_mailing_queue_ids":[],"_links":{"self":[{"href":"https:\/\/agora.xtec.cat\/iestorreroja\/wp-json\/wp\/v2\/pages\/10478","targetHints":{"allow":["GET"]}}],"collection":[{"href":"https:\/\/agora.xtec.cat\/iestorreroja\/wp-json\/wp\/v2\/pages"}],"about":[{"href":"https:\/\/agora.xtec.cat\/iestorreroja\/wp-json\/wp\/v2\/types\/page"}],"author":[{"embeddable":true,"href":"https:\/\/agora.xtec.cat\/iestorreroja\/wp-json\/wp\/v2\/users\/9"}],"replies":[{"embeddable":true,"href":"https:\/\/agora.xtec.cat\/iestorreroja\/wp-json\/wp\/v2\/comments?post=10478"}],"version-history":[{"count":7,"href":"https:\/\/agora.xtec.cat\/iestorreroja\/wp-json\/wp\/v2\/pages\/10478\/revisions"}],"predecessor-version":[{"id":12478,"href":"https:\/\/agora.xtec.cat\/iestorreroja\/wp-json\/wp\/v2\/pages\/10478\/revisions\/12478"}],"up":[{"embeddable":true,"href":"https:\/\/agora.xtec.cat\/iestorreroja\/wp-json\/wp\/v2\/pages\/5478"}],"wp:attachment":[{"href":"https:\/\/agora.xtec.cat\/iestorreroja\/wp-json\/wp\/v2\/media?parent=10478"}],"curies":[{"name":"wp","href":"https:\/\/api.w.org\/{rel}","templated":true}]}}