{"id":63,"date":"2014-09-18T10:06:31","date_gmt":"2014-09-18T10:06:31","guid":{"rendered":"http:\/\/agora.xtec.cat\/iestorrent\/?page_id=63"},"modified":"2025-07-22T17:01:00","modified_gmt":"2025-07-22T15:01:00","slug":"serveis","status":"publish","type":"page","link":"https:\/\/agora.xtec.cat\/iestorrent\/serveis\/","title":{"rendered":"Serveis"},"content":{"rendered":"<h3 style=\"color: #444444;\">Servei de transport<\/h3>\n<p style=\"color: #444444;\">L&#8217;alumnat de 1r d&#8217;ESO disposa d&#8217;un servei de transport d&#8217;autocar per arribar a l&#8217;Institut al mat\u00ed i per tornar a casa al migdia.\u00a0L&#8217;alumnat de 2n d&#8217;ESO disposa d&#8217;aquest servei nom\u00e9s per arribar al centre al mat\u00ed.<\/p>\n<p style=\"color: #444444;\">El servei \u00e9s gratu\u00eft i el presta &#8220;Autocares Bello&#8221;. Est\u00e0 gestionat pel Consell Comarcal\u00a0que \u00e9s qui assigna les places i gestiona les vacants.<\/p>\n<p style=\"color: #444444;\">L&#8217;alumnat pot utilitzar una de les seg\u00fcents parades per pujar i baixar de l&#8217;autocar:<\/p>\n<ul>\n<li style=\"color: #444444;\">Palmeres (cantonada c\/ Sic\u00edlia i c\/ Flor\u00e8ncia): 7.45h<\/li>\n<li style=\"color: #444444;\">Fondo: 7.50h<\/li>\n<li style=\"color: #444444;\">Rambla Sant Sebasti\u00e0: 7.55h<\/li>\n<li style=\"color: #444444;\">Esgl\u00e9sia Major: 8.00h<\/li>\n<\/ul>\n<h3><\/h3>\n<h3>Cantina<\/h3>\n<p>L&#8217;Institut disposa d&#8217;un servei de cantina des de les 7.45h a les 13h.<\/p>\n<p>La cantina \u00e9s atesa per la Jessica Estudillo que ofereixen el seu servei a tota la comunitat educativa.<\/p>\n","protected":false},"excerpt":{"rendered":"<p>Servei de transport<br \/>\nL&#8217;alumnat de 1r d&#8217;ESO disposa d&#8217;un servei de transport d&#8217;autocar per arribar a l&#8217;Institut al mat\u00ed i per tornar a casa al migdia.\u00a0L&#8217;alumnat de 2n d&#8217;ESO disposa d&#8217;aquest servei nom\u00e9s per arribar al centre al mat\u00ed.<br \/>\nEl servei \u00e9s gratu\u00eft i el presta &#8220;Autocares&hellip;  <a href=\"https:\/\/agora.xtec.cat\/iestorrent\/serveis\/\" title=\"Read Serveis\">Llegeix m\u00e9s\u00bb<\/a><\/p>\n","protected":false},"author":1,"featured_media":0,"parent":0,"menu_order":0,"comment_status":"closed","ping_status":"closed","template":"page-templates\/side-menu.php","meta":{"_bbp_topic_count":0,"_bbp_reply_count":0,"_bbp_total_topic_count":0,"_bbp_total_reply_count":0,"_bbp_voice_count":0,"_bbp_anonymous_reply_count":0,"_bbp_topic_count_hidden":0,"_bbp_reply_count_hidden":0,"_bbp_forum_subforum_count":0,"footnotes":""},"class_list":["post-63","page","type-page","status-publish","hentry"],"post_mailing_queue_ids":[],"_links":{"self":[{"href":"https:\/\/agora.xtec.cat\/iestorrent\/wp-json\/wp\/v2\/pages\/63","targetHints":{"allow":["GET"]}}],"collection":[{"href":"https:\/\/agora.xtec.cat\/iestorrent\/wp-json\/wp\/v2\/pages"}],"about":[{"href":"https:\/\/agora.xtec.cat\/iestorrent\/wp-json\/wp\/v2\/types\/page"}],"author":[{"embeddable":true,"href":"https:\/\/agora.xtec.cat\/iestorrent\/wp-json\/wp\/v2\/users\/1"}],"replies":[{"embeddable":true,"href":"https:\/\/agora.xtec.cat\/iestorrent\/wp-json\/wp\/v2\/comments?post=63"}],"version-history":[{"count":3,"href":"https:\/\/agora.xtec.cat\/iestorrent\/wp-json\/wp\/v2\/pages\/63\/revisions"}],"predecessor-version":[{"id":4234,"href":"https:\/\/agora.xtec.cat\/iestorrent\/wp-json\/wp\/v2\/pages\/63\/revisions\/4234"}],"wp:attachment":[{"href":"https:\/\/agora.xtec.cat\/iestorrent\/wp-json\/wp\/v2\/media?parent=63"}],"curies":[{"name":"wp","href":"https:\/\/api.w.org\/{rel}","templated":true}]}}