{"id":46,"date":"2016-05-17T16:53:45","date_gmt":"2016-05-17T15:53:45","guid":{"rendered":"http:\/\/agora.xtec.cat\/iestorrent\/?page_id=46"},"modified":"2025-08-13T18:32:34","modified_gmt":"2025-08-13T16:32:34","slug":"organigrama","status":"publish","type":"page","link":"https:\/\/agora.xtec.cat\/iestorrent\/linstitut\/organigrama\/","title":{"rendered":"Organigrama"},"content":{"rendered":"<p>En aquesta secci\u00f3, publiquem la informaci\u00f3 relativa a la nostra organitzaci\u00f3 interna.<\/p>\n<p><a href=\"https:\/\/agora.xtec.cat\/iestorrent\/wp-content\/uploads\/usu586\/2025\/08\/Captura-de-pantalla-2017-12-02-a-las-18.57.59.png\"><img loading=\"lazy\" decoding=\"async\" class=\"aligncenter size-full wp-image-4255\" src=\"https:\/\/agora.xtec.cat\/iestorrent\/wp-content\/uploads\/usu586\/2025\/08\/Captura-de-pantalla-2017-12-02-a-las-18.57.59.png\" alt=\"\" width=\"990\" height=\"591\" srcset=\"https:\/\/agora.xtec.cat\/iestorrent\/wp-content\/uploads\/usu586\/2025\/08\/Captura-de-pantalla-2017-12-02-a-las-18.57.59.png 990w, https:\/\/agora.xtec.cat\/iestorrent\/wp-content\/uploads\/usu586\/2025\/08\/Captura-de-pantalla-2017-12-02-a-las-18.57.59-300x179.png 300w, https:\/\/agora.xtec.cat\/iestorrent\/wp-content\/uploads\/usu586\/2025\/08\/Captura-de-pantalla-2017-12-02-a-las-18.57.59-768x458.png 768w\" sizes=\"auto, (max-width: 990px) 100vw, 990px\" \/><\/a><\/p>\n","protected":false},"excerpt":{"rendered":"<p>En aquesta secci\u00f3, publiquem la informaci\u00f3 relativa a la nostra organitzaci\u00f3 interna.<br \/>\n<a href=\"https:\/\/agora.xtec.cat\/iestorrent\/wp-content\/uploads\/usu586\/2025\/08\/Captura-de-pantalla-2017-12-02-a-las-18.57.59.png\"><\/a><\/p>\n","protected":false},"author":1,"featured_media":0,"parent":19,"menu_order":3,"comment_status":"closed","ping_status":"closed","template":"page-templates\/side-menu.php","meta":{"_bbp_topic_count":0,"_bbp_reply_count":0,"_bbp_total_topic_count":0,"_bbp_total_reply_count":0,"_bbp_voice_count":0,"_bbp_anonymous_reply_count":0,"_bbp_topic_count_hidden":0,"_bbp_reply_count_hidden":0,"_bbp_forum_subforum_count":0,"footnotes":""},"class_list":["post-46","page","type-page","status-publish","hentry"],"post_mailing_queue_ids":[],"_links":{"self":[{"href":"https:\/\/agora.xtec.cat\/iestorrent\/wp-json\/wp\/v2\/pages\/46","targetHints":{"allow":["GET"]}}],"collection":[{"href":"https:\/\/agora.xtec.cat\/iestorrent\/wp-json\/wp\/v2\/pages"}],"about":[{"href":"https:\/\/agora.xtec.cat\/iestorrent\/wp-json\/wp\/v2\/types\/page"}],"author":[{"embeddable":true,"href":"https:\/\/agora.xtec.cat\/iestorrent\/wp-json\/wp\/v2\/users\/1"}],"replies":[{"embeddable":true,"href":"https:\/\/agora.xtec.cat\/iestorrent\/wp-json\/wp\/v2\/comments?post=46"}],"version-history":[{"count":6,"href":"https:\/\/agora.xtec.cat\/iestorrent\/wp-json\/wp\/v2\/pages\/46\/revisions"}],"predecessor-version":[{"id":4256,"href":"https:\/\/agora.xtec.cat\/iestorrent\/wp-json\/wp\/v2\/pages\/46\/revisions\/4256"}],"up":[{"embeddable":true,"href":"https:\/\/agora.xtec.cat\/iestorrent\/wp-json\/wp\/v2\/pages\/19"}],"wp:attachment":[{"href":"https:\/\/agora.xtec.cat\/iestorrent\/wp-json\/wp\/v2\/media?parent=46"}],"curies":[{"name":"wp","href":"https:\/\/api.w.org\/{rel}","templated":true}]}}