{"id":4366,"date":"2026-03-03T07:44:13","date_gmt":"2026-03-03T06:44:13","guid":{"rendered":"https:\/\/agora.xtec.cat\/iestorrent\/?page_id=4366"},"modified":"2026-03-03T07:49:49","modified_gmt":"2026-03-03T06:49:49","slug":"preinscripcio-26-27","status":"publish","type":"page","link":"https:\/\/agora.xtec.cat\/iestorrent\/preinscripcio-26-27\/","title":{"rendered":"Preinscripci\u00f3 26-27"},"content":{"rendered":"\n<figure class=\"wp-block-image size-full\"><a href=\"https:\/\/agora.xtec.cat\/iestorrent\/wp-content\/uploads\/usu586\/2026\/03\/Preinscripcio_baners_Web_educacio__Preinscripcio_web_educacio_832x468_SECUNDARIA1.jpg\"><img loading=\"lazy\" decoding=\"async\" width=\"800\" height=\"450\" src=\"https:\/\/agora.xtec.cat\/iestorrent\/wp-content\/uploads\/usu586\/2026\/03\/Preinscripcio_baners_Web_educacio__Preinscripcio_web_educacio_832x468_SECUNDARIA1.jpg\" alt=\"\" class=\"wp-image-4367\" srcset=\"https:\/\/agora.xtec.cat\/iestorrent\/wp-content\/uploads\/usu586\/2026\/03\/Preinscripcio_baners_Web_educacio__Preinscripcio_web_educacio_832x468_SECUNDARIA1.jpg 800w, https:\/\/agora.xtec.cat\/iestorrent\/wp-content\/uploads\/usu586\/2026\/03\/Preinscripcio_baners_Web_educacio__Preinscripcio_web_educacio_832x468_SECUNDARIA1-300x169.jpg 300w, https:\/\/agora.xtec.cat\/iestorrent\/wp-content\/uploads\/usu586\/2026\/03\/Preinscripcio_baners_Web_educacio__Preinscripcio_web_educacio_832x468_SECUNDARIA1-768x432.jpg 768w\" sizes=\"auto, (max-width: 800px) 100vw, 800px\" \/><\/a><\/figure>\n\n\n\n<p><\/p>\n\n\n\n<p>Teniu tota la informaci\u00f3 a la web del Departament [<a href=\"https:\/\/preinscripcio.gencat.cat\/ca\/inici\">enlla\u00e7<\/a>] i de l&#8217;Ajuntament de Santa Coloma [<a href=\"https:\/\/www.gramenet.cat\/ajuntament\/arees-municipals\/educacio\/preinscripcio-i-matricula-escolar\/preinscripcio-i-matricula-2026-27-a-educacio-infantil-primaria-i-secundaria\/\">enlla\u00e7<\/a>].<\/p>\n\n\n\n<p>Per qualsevol dubte, tamb\u00e9 us podeu posar en contacte amb el centre per tel\u00e8fon (934 685 885) o via correu electr\u00f2nic (<a href=\"mailto:administracio@torrentdelesbruixes.org\">administracio@torrentdelesbruixes.org<\/a>).<\/p>\n\n\n\n<p><\/p>\n","protected":false},"excerpt":{"rendered":"<p><a href=\"https:\/\/agora.xtec.cat\/iestorrent\/wp-content\/uploads\/usu586\/2026\/03\/Preinscripcio_baners_Web_educacio__Preinscripcio_web_educacio_832x468_SECUNDARIA1.jpg\"><\/a><\/p>\n<p>Teniu tota la informaci\u00f3 a la web del Departament [<a href=\"https:\/\/preinscripcio.gencat.cat\/ca\/inici\">enlla\u00e7<\/a>] i de l&#8217;Ajuntament de Santa Coloma [<a href=\"https:\/\/www.gramenet.cat\/ajuntament\/arees-municipals\/educacio\/preinscripcio-i-matricula-escolar\/preinscripcio-i-matricula-2026-27-a-educacio-infantil-primaria-i-secundaria\/\">enlla\u00e7<\/a>].<\/p>\n<p>Per qualsevol dubte, tamb\u00e9 us podeu posar en contacte amb el centre per tel\u00e8fon (934 685 885) o via correu electr\u00f2nic (<a href=\"mailto:administracio@torrentdelesbruixes.org\">administracio@torrentdelesbruixes.org<\/a>).<\/p>\n","protected":false},"author":1,"featured_media":4367,"parent":0,"menu_order":0,"comment_status":"closed","ping_status":"close","template":"","meta":{"_bbp_topic_count":0,"_bbp_reply_count":0,"_bbp_total_topic_count":0,"_bbp_total_reply_count":0,"_bbp_voice_count":0,"_bbp_anonymous_reply_count":0,"_bbp_topic_count_hidden":0,"_bbp_reply_count_hidden":0,"_bbp_forum_subforum_count":0,"footnotes":""},"class_list":["post-4366","page","type-page","status-publish","has-post-thumbnail","hentry"],"post_mailing_queue_ids":[],"_links":{"self":[{"href":"https:\/\/agora.xtec.cat\/iestorrent\/wp-json\/wp\/v2\/pages\/4366","targetHints":{"allow":["GET"]}}],"collection":[{"href":"https:\/\/agora.xtec.cat\/iestorrent\/wp-json\/wp\/v2\/pages"}],"about":[{"href":"https:\/\/agora.xtec.cat\/iestorrent\/wp-json\/wp\/v2\/types\/page"}],"author":[{"embeddable":true,"href":"https:\/\/agora.xtec.cat\/iestorrent\/wp-json\/wp\/v2\/users\/1"}],"replies":[{"embeddable":true,"href":"https:\/\/agora.xtec.cat\/iestorrent\/wp-json\/wp\/v2\/comments?post=4366"}],"version-history":[{"count":2,"href":"https:\/\/agora.xtec.cat\/iestorrent\/wp-json\/wp\/v2\/pages\/4366\/revisions"}],"predecessor-version":[{"id":4374,"href":"https:\/\/agora.xtec.cat\/iestorrent\/wp-json\/wp\/v2\/pages\/4366\/revisions\/4374"}],"wp:featuredmedia":[{"embeddable":true,"href":"https:\/\/agora.xtec.cat\/iestorrent\/wp-json\/wp\/v2\/media\/4367"}],"wp:attachment":[{"href":"https:\/\/agora.xtec.cat\/iestorrent\/wp-json\/wp\/v2\/media?parent=4366"}],"curies":[{"name":"wp","href":"https:\/\/api.w.org\/{rel}","templated":true}]}}