{"id":2794,"date":"2021-10-24T21:12:04","date_gmt":"2021-10-24T19:12:04","guid":{"rendered":"https:\/\/agora.xtec.cat\/iestorrent\/?page_id=2794"},"modified":"2025-07-22T16:48:43","modified_gmt":"2025-07-22T14:48:43","slug":"erasmus","status":"publish","type":"page","link":"https:\/\/agora.xtec.cat\/iestorrent\/erasmus\/","title":{"rendered":"Erasmus+"},"content":{"rendered":"<p><a href=\"https:\/\/agora.xtec.cat\/iestorrent\/wp-content\/uploads\/usu586\/2021\/10\/es_cofinanciado_por_la_union_europea_pos.png\"><img loading=\"lazy\" decoding=\"async\" class=\"wp-image-2798 alignright\" src=\"https:\/\/agora.xtec.cat\/iestorrent\/wp-content\/uploads\/usu586\/2021\/10\/es_cofinanciado_por_la_union_europea_pos-1024x215.png\" alt=\"\" width=\"276\" height=\"58\" srcset=\"https:\/\/agora.xtec.cat\/iestorrent\/wp-content\/uploads\/usu586\/2021\/10\/es_cofinanciado_por_la_union_europea_pos-1024x215.png 1024w, https:\/\/agora.xtec.cat\/iestorrent\/wp-content\/uploads\/usu586\/2021\/10\/es_cofinanciado_por_la_union_europea_pos-300x63.png 300w, https:\/\/agora.xtec.cat\/iestorrent\/wp-content\/uploads\/usu586\/2021\/10\/es_cofinanciado_por_la_union_europea_pos-768x161.png 768w, https:\/\/agora.xtec.cat\/iestorrent\/wp-content\/uploads\/usu586\/2021\/10\/es_cofinanciado_por_la_union_europea_pos-1536x322.png 1536w, https:\/\/agora.xtec.cat\/iestorrent\/wp-content\/uploads\/usu586\/2021\/10\/es_cofinanciado_por_la_union_europea_pos-2048x429.png 2048w\" sizes=\"auto, (max-width: 276px) 100vw, 276px\" \/><\/a><\/p>\n<p><strong><em>CETE+ \u00e9s l\u2019acr\u00f2nim del Consorci Europeu per a la Transformaci\u00f3 Educativa.<\/em><\/strong><\/p>\n<p>Aquest \u00e9s el nom de l\u2019acreditaci\u00f3 Erasmus+ KA120 del Departament d\u2019Educaci\u00f3 de Catalunya en l\u2019\u00e0mbit d\u2019Educaci\u00f3 Escolar conjuntament amb els projectes KA121 que s&#8217;aniran implementant en el per\u00edode 2021-2027.<\/p>\n<p>En el projecte CETE+ 2021 han participat 84 centres educatius d\u2019educaci\u00f3 escolar de Catalunya. A trav\u00e9s de la internacionalitzaci\u00f3 s&#8217;han millorat els projectes d&#8217;innovaci\u00f3 que es duen a terme i la col\u00b7laboraci\u00f3 intercentres.<\/p>\n<p><strong>Objectius<\/strong><\/p>\n<p>Els 8 objectius clau del projecte s\u00f3n els seg\u00fcents:<\/p>\n<ol>\n<li>Convertir el curr\u00edculum en un instrument d\u00factil i transformador, que respongui a les necessitats individuals de l\u2019alumnat i fomenti la cooperaci\u00f3.<\/li>\n<li>Estendre l\u2019educaci\u00f3 inclusiva i consolidar l\u2019atenci\u00f3 a la diversitat fomentant la personalitzaci\u00f3 de l\u2019ensenyament i l\u2019aprenentatge.<\/li>\n<li>Estendre l\u2019educaci\u00f3 digital i la dimensi\u00f3 inclusiva de la tecnologia, d\u2019acord amb el Pla d\u2019Educaci\u00f3 Digital de la UE, i refor\u00e7ant la compet\u00e8ncia digital de docents i discents.<\/li>\n<li>Fer visible la dimensi\u00f3 europea del sistema educatiu catal\u00e0, afavorint-ne la internacionalitzaci\u00f3.<\/li>\n<li>Impulsar l\u2019autonomia dels centres educatius, afavorint la consolidaci\u00f3 de l\u2019escola com a espai per a l\u2019\u00e8xit educatiu de tot l\u2019alumnat.<\/li>\n<li>Desenvolupar la compet\u00e8ncia pluriling\u00fce i pluricultural de l\u2019alumnat, per facilitar la conviv\u00e8ncia, el respecte mutu i la seva participaci\u00f3 activa i cr\u00edtica en un m\u00f3n global.<\/li>\n<li>Augmentar la capacitaci\u00f3 professional i l\u2019avaluaci\u00f3, creant la cultura del centre formador i amb un nou plantejament de la formaci\u00f3 inicial i continuada d\u2019equips docents i directius.<\/li>\n<li>Impulsar la innovaci\u00f3 com a estrat\u00e8gia de transformaci\u00f3 i millora educativa, incrementant l\u2019impacte dels programes d\u2019innovaci\u00f3 en els \u00e0mbits organitzatiu i pedag\u00f2gic, i creant comunitats d\u2019aprenentatge.<\/li>\n<\/ol>\n<p>Podeu obtenir m\u00e9s informaci\u00f3 sobre aquest projecte a la web seg\u00fcent: <a href=\"https:\/\/projectes.xtec.cat\/cete\/\">CETE+<\/a><\/p>\n<p>El curs 2021-2022 varem participar al projecte 2021-1-ES01-KA121-SCH-000018502 del <a href=\"https:\/\/projectes.xtec.cat\/centresformadors\/erasmus-prodoc\/\">micro-consorci Erasmus+ de Centres Formadors<\/a> organitzat pel Departament d\u2019Educaci\u00f3 i vam poder gaudir d\u2019estades d&#8217;aprenentage per observaci\u00f3 a centres formadors de refer\u00e8ncia europeus per tal de poder millorar la nostra pr\u00e0ctica docent i mentora en aquest \u00e0mbit.<\/p>\n<p>Les estades d\u2019observaci\u00f3 es realitzen al <a href=\"http:\/\/lyk-aei-patras.ach.sch.gr\/\">Experimental High School of University of Patras<\/a> (Gr\u00e8cia), Istituto Regina Margherita (It\u00e0lia) i el <a href=\"https:\/\/www.fosbos-sw.de\/\">Friedrich-Fischer-Schule<\/a> (Alemanya).<\/p>\n<p>Al Torrent de les Bruixes hem gaudit de diferents projectes Erasmus+:<\/p>\n<p><strong>2019 &#8211; 2021\u00a0<\/strong><\/p>\n<p>El primer va ser el projecte KA1 2019-1-ES01-KA101062596 sobre <a href=\"https:\/\/serveiseducatius.xtec.cat\/santacolomag\/el-nostre-projecte-erasmus-2019-2020\/projecte\/\">\u201c<strong>L\u2019avaluaci\u00f3 formadora com a proc\u00e9s per a la millora de l\u2019adquisici\u00f3 de les compet\u00e8ncies b\u00e0siques<\/strong>\u201c <\/a>organitzat pel <a href=\"https:\/\/serveiseducatius.xtec.cat\/santacolomag\/portada\/erasmus-santa-coloma-de-gramenet-2019-2020\/\">Centre de Recursos Pedag\u00f2gics<\/a> de Santa Coloma de Gramenet i on vam participar els centres Joan Salvat Papasseit, Tanit i el CRP.<\/p>\n<p>Per tal d&#8217;observar bones pr\u00e0ctiques a centres europeus, les nostres docents han fet estades d&#8217;observaci\u00f3 a centres a Regne Unit (<a href=\"https:\/\/www.gch.org.uk\/\">Londres<\/a>, <a href=\"https:\/\/blogs.glowscotland.org.uk\/gc\/stthomasaquinassecondaryschoolglasgow\/\">Glasgow)<\/a>, Est\u00f2nia (<a href=\"https:\/\/www.kuusalu.edu.ee\/\">Kuusalu<\/a>) i Portugal (<a href=\"https:\/\/www.ebiferreiradrummond.net\/portal2020\/\">A\u00e7ores<\/a>).<\/p>\n<p><strong>2021 &#8211; 2022<\/strong><\/p>\n<p>Participem al projecte 2021-1-ES01-KA121-SCH-000018502 del <a href=\"https:\/\/projectes.xtec.cat\/centresformadors\/erasmus-prodoc\/\">micro-consorci Erasmus+ de Centres Formadors<\/a> organitzat pel Departament d&#8217;Educaci\u00f3 i gaudirem d&#8217;estades d&#8217;observaci\u00f3 a centres formadors de refer\u00e8ncia europeus per tal de poder millorar la nostra pr\u00e0ctica docent i mentora en aquest \u00e0mbit.<\/p>\n<p>Les estades d&#8217;observaci\u00f3 es realitzen al Experimental High School of University of Patras (Gr\u00e8cia), Istituto Regina Margherita (It\u00e0lia) i el Friedrich-Fischer-Schule (Alemanya).<\/p>\n<p>Tamb\u00e9 hem acollit a diversos docents en les seves estades d&#8217;aprenentatge per observaci\u00f3 dintres dels seus projectes Erasmus o d&#8217;Hospitation dels seus governs: un docent alemany (tres setmanes), un docent austr\u00edac (dues setmanes), dues docents turques (dues setmanes i un mes), tres docents litu\u00e0nes (una setmana).<\/p>\n<p><strong>2022 &#8211; 2023\u00a0<\/strong><\/p>\n<p>L&#8217;Ag\u00e8ncia Nacional (<a href=\"http:\/\/www.sepie.es\">SEPIE<\/a>) ens otorga l&#8217;<span style=\"color: #3366ff;\"><strong>Acreditaci\u00f3 Erasmus+<\/strong> <\/span>(KA120) per al per\u00edode 2022 &#8211; 2027. Gr\u00e0cies a aix\u00f2, aquest curs engegem el nostre propi projecte Erasmus+ 2022-1-ES01-KA121-SCH-000058827. Els principals objectius d&#8217;aquest projecte de centre s\u00f3n la millora de compet\u00e8ncies digitals i ling\u00fc\u00edstiques, aix\u00ed com la implementaci\u00f3 de metodologies innovadores i bones pr\u00e0ctiques.<\/p>\n<p>Per aquest curs, a banda, d&#8217;activitats a centre relacionades amb el nostre projecte, realitzem les seg\u00fcents mobilitats:<\/p>\n<ul>\n<li>Mobilitat de grup d&#8217;una setmana amb 12 alumnes de 4t d&#8217;ESO de l&#8217;assignatura d&#8217;alemany al PG Borrom\u00e4um, Salzburg (\u00c0ustria).<\/li>\n<li>Mobilitat de grup d&#8217;una setmana amb 14 alumnes de 3r i 4t d&#8217;ESO de l&#8217;assignatura de franc\u00e8s al Lyc\u00e9e Leonard De Vinci, Montaigu (Fran\u00e7a).<\/li>\n<li>Mobilitat individual de Llarga Durada d&#8217;un mes de 2 alumnes de 1r de Batxillerat al Lyc\u00e9e Leonard De Vinci, Montaigu (Fran\u00e7a).<\/li>\n<li>9 mobilitats de docents d&#8217;aprenentatge per observaci\u00f3 a Osnovna Skola Strahoninec (Cro\u00e0cia), St\u00e4dtisches Gymnasium Rheinbach (Alemanya), Vaskivuoren Lukio-Vantaa (Finl\u00e0ndia) i Portugal.<\/li>\n<li>Mobilitat d&#8217;un docent de formaci\u00f3 a un curs estructurat sobre &#8220;Gesti\u00f3 dels projecte acreditats Erasmus+&#8221; a Reykiavik (Isl\u00e0ndia).<\/li>\n<li>Acollida al centre de docents en estades d&#8217;aprenentatge per observaci\u00f3: una docent francesa (dues setmanes), tres docents italianes (una setmana), tres docents croates (una setmana) i tres docents gregues (una setmana).<\/li>\n<\/ul>\n<p><strong>2023 &#8211; 2024\u00a0<\/strong><\/p>\n<p>Despr\u00e9s de l&#8217;experi\u00e8ncia del 1r any, aconseguim el nostre 2n projecte de l&#8217;Acreditaci\u00f3: 2023-1-ES01-KA121-SCH-000115726.<\/p>\n<p>Aquest any, continuem amb les activitats d&#8217;internacionalitzaci\u00f3 a centre que ja portem a terme des de fa un parell de cursos (Celebraci\u00f3 del Dia Europeu de les Lleng\u00fces, projectes eTwinning) a m\u00e9s de les seg\u00fcents activitats presencials a centres d&#8217;Europa:<\/p>\n<ul>\n<li>Mobilitat de grup (format intercanvi) d&#8217;una setmana amb 15 alumnes de 4t d&#8217;ESO de l&#8217;assignatura d&#8217;alemany al Gymnasium Ochsenhausen, Ochsenhausen (Alemanya).<\/li>\n<li>Mobilitat de grup d&#8217;una setmana amb 15 alumnes de 3r\u00a0 d&#8217;ESO de l&#8217;assignatura de franc\u00e8s al Coll\u00e8ge John Kennedy, Allonnes (Fran\u00e7a).<\/li>\n<li>Mobilitat de grup de 4 dies amb 7 alumnes de diversos nivells d&#8217;ESO de la Comissi\u00f3 Arcoiris a l&#8217;Escola Secund\u00e1ria de Vila Verde, Vila Verde (Portugal).<\/li>\n<li>Mobilitat individual de Llarga Durada (format intercanvi) d&#8217;un mes de 2 alumnes de 1r de Batxillerat al PG Borrom\u00e4um, Salzburg (\u00c0ustria).<\/li>\n<li>Mobilitat individual de Llarga Durada (format intercanvi) de sis setmanes de 2 alumnes de 1r de Batxillerat al Vaskivuoren Lukio, Vantaa (Finl\u00e0ndia).<\/li>\n<li>6 mobilitats de docents d&#8217;aprenentatge per observaci\u00f3 a Salzburg (\u00c0ustria), Gelsenkirchen (Alemanya), Vantaa (Finl\u00e0ndia), Vila Verde (Portugal) i H\u00e4rn\u00f6sand (Su\u00e8cia).<\/li>\n<li>Mobilitat d&#8217;un docent com a Expert Convidat al Gerhard-Rohlfs-Oberschule a Bremen (Alemanya) dintre del seu projecte Erasmus acreditat.<\/li>\n<li>Acollida d&#8217;una mobilitat de curta durada de dues setmanes de 2 alumnes de 1r de Batxillerat de l&#8217;Escola Secund\u00e1ria de Vila Verde, Vila Verde (Portugal).<\/li>\n<li>Acollida de tres docents estonianes (una setmana).<\/li>\n<\/ul>\n","protected":false},"excerpt":{"rendered":"<p><a href=\"https:\/\/agora.xtec.cat\/iestorrent\/wp-content\/uploads\/usu586\/2021\/10\/es_cofinanciado_por_la_union_europea_pos.png\"><\/a><br \/>\nCETE+ \u00e9s l\u2019acr\u00f2nim del Consorci Europeu per a la Transformaci\u00f3 Educativa.<br \/>\nAquest \u00e9s el nom de l\u2019acreditaci\u00f3 Erasmus+ KA120 del Departament d\u2019Educaci\u00f3 de Catalunya en l\u2019\u00e0mbit d\u2019Educaci\u00f3 Escolar conjuntament amb els projectes KA121 que s&#8217;aniran implementant en el per\u00edode 2021-2027.<br \/>\nEn el projecte CETE+ 2021 han&hellip;  <a href=\"https:\/\/agora.xtec.cat\/iestorrent\/erasmus\/\" title=\"Read Erasmus+\">Llegeix m\u00e9s\u00bb<\/a><\/p>\n","protected":false},"author":1,"featured_media":0,"parent":0,"menu_order":0,"comment_status":"closed","ping_status":"closed","template":"","meta":{"_bbp_topic_count":0,"_bbp_reply_count":0,"_bbp_total_topic_count":0,"_bbp_total_reply_count":0,"_bbp_voice_count":0,"_bbp_anonymous_reply_count":0,"_bbp_topic_count_hidden":0,"_bbp_reply_count_hidden":0,"_bbp_forum_subforum_count":0,"footnotes":""},"class_list":["post-2794","page","type-page","status-publish","hentry"],"post_mailing_queue_ids":[],"_links":{"self":[{"href":"https:\/\/agora.xtec.cat\/iestorrent\/wp-json\/wp\/v2\/pages\/2794","targetHints":{"allow":["GET"]}}],"collection":[{"href":"https:\/\/agora.xtec.cat\/iestorrent\/wp-json\/wp\/v2\/pages"}],"about":[{"href":"https:\/\/agora.xtec.cat\/iestorrent\/wp-json\/wp\/v2\/types\/page"}],"author":[{"embeddable":true,"href":"https:\/\/agora.xtec.cat\/iestorrent\/wp-json\/wp\/v2\/users\/1"}],"replies":[{"embeddable":true,"href":"https:\/\/agora.xtec.cat\/iestorrent\/wp-json\/wp\/v2\/comments?post=2794"}],"version-history":[{"count":4,"href":"https:\/\/agora.xtec.cat\/iestorrent\/wp-json\/wp\/v2\/pages\/2794\/revisions"}],"predecessor-version":[{"id":4227,"href":"https:\/\/agora.xtec.cat\/iestorrent\/wp-json\/wp\/v2\/pages\/2794\/revisions\/4227"}],"wp:attachment":[{"href":"https:\/\/agora.xtec.cat\/iestorrent\/wp-json\/wp\/v2\/media?parent=2794"}],"curies":[{"name":"wp","href":"https:\/\/api.w.org\/{rel}","templated":true}]}}