{"id":27,"date":"2016-06-10T16:24:03","date_gmt":"2016-06-10T15:24:03","guid":{"rendered":"http:\/\/agora.xtec.cat\/iestorrent\/?page_id=27"},"modified":"2025-07-22T16:55:28","modified_gmt":"2025-07-22T14:55:28","slug":"historia","status":"publish","type":"page","link":"https:\/\/agora.xtec.cat\/iestorrent\/linstitut\/historia\/","title":{"rendered":"Hist\u00f2ria"},"content":{"rendered":"<p>L&#8217;Institut Torrent de les Bruixes \u00e9s un centre de titularitat p\u00fablica ubicat en la ciutat de Santa Coloma de Gramenet, lim\u00edtrof amb la Serralada de Marina i el municipi de Badalona, en el barri de la Riera Alta, al districte II.<\/p>\n<p>El nostre centre neix com a Institut de Batxillerat el curs 1979-1980 amb el nom de I.B.Mixto 3 amb l\u2019objectiu de donar m\u00e9s oferta educativa d\u2019estudis postobligatoris al municipi. L\u2019any 1986 es va inaugurar el nou edifici i el \u00a01992-1993 l&#8217;alumnat va decidir per votaci\u00f3 que el seu nom seria Torrent de les Bruixes, fent refer\u00e8ncia a uns dels torrents de la Serralada Marina que n&#8217;\u00e9s molt proper.<\/p>\n<p><img loading=\"lazy\" decoding=\"async\" class=\"aligncenter size-medium wp-image-449\" src=\"http:\/\/agora.xtec.cat\/iestorrent\/wp-content\/uploads\/usu586\/2014\/09\/IMG_4208-300x300.jpg\" alt=\"\" width=\"300\" height=\"300\" srcset=\"https:\/\/agora.xtec.cat\/iestorrent\/wp-content\/uploads\/usu586\/2014\/09\/IMG_4208-300x300.jpg 300w, https:\/\/agora.xtec.cat\/iestorrent\/wp-content\/uploads\/usu586\/2014\/09\/IMG_4208-150x150.jpg 150w, https:\/\/agora.xtec.cat\/iestorrent\/wp-content\/uploads\/usu586\/2014\/09\/IMG_4208-768x768.jpg 768w, https:\/\/agora.xtec.cat\/iestorrent\/wp-content\/uploads\/usu586\/2014\/09\/IMG_4208-1024x1024.jpg 1024w\" sizes=\"auto, (max-width: 300px) 100vw, 300px\" \/><\/p>\n<p>A partir del curs 1996-1997 la implantaci\u00f3 de l\u2019ESO es va fer realitat i durant alguns cursos van conviure dos plans d\u2019estudis diferents de l&#8217;institut amb el nom d\u2019IES Torrent de les Bruixes. El curs 2007-2008 s\u2019inici\u00e0 la implantaci\u00f3 de la LOE. Des de l&#8217;entrada en vigor de la LEC, som l\u2019<strong>Institut Torrent de les Bruixes.<\/strong><\/p>\n<p>El centre recull alumnat fonamentalment dels districtes II i VI del municipi. S\u00f3n escoles adscrites l&#8217;Escola Salvat Papasseit, Escola\u00a0Rossell\u00f3\u00a0P\u00f2rcel, Escola Ausi\u00e0s March, Escola Serra de Marina, Escola Les Palmeres, Escola Beethoven, Escola Wagner i Escola Riera Alta.<\/p>\n<p>Som un centre de 4 l\u00ednies d&#8217;ESO i 2 l\u00ednies de batxillerat.<\/p>\n<p>Al centre hi treballen gaireb\u00e9 seixanta docents distribu\u00efts entre les diferents especialitats i personal no docent (quatre persones que pertanyen al cos de personal d\u2019administraci\u00f3 i serveis \u2013dues administratives i dos subalterns- dues persones que atenen la cantina i el personal de manteniment i neteja).<\/p>\n","protected":false},"excerpt":{"rendered":"<p>L&#8217;Institut Torrent de les Bruixes \u00e9s un centre de titularitat p\u00fablica ubicat en la ciutat de Santa Coloma de Gramenet, lim\u00edtrof amb la Serralada de Marina i el municipi de Badalona, en el barri de la Riera Alta, al districte II.<br \/>\nEl nostre centre neix com&hellip;  <a href=\"https:\/\/agora.xtec.cat\/iestorrent\/linstitut\/historia\/\" title=\"Read Hist\u00f2ria\">Llegeix m\u00e9s\u00bb<\/a><\/p>\n","protected":false},"author":1,"featured_media":0,"parent":19,"menu_order":2,"comment_status":"closed","ping_status":"closed","template":"page-templates\/side-menu.php","meta":{"_bbp_topic_count":0,"_bbp_reply_count":0,"_bbp_total_topic_count":0,"_bbp_total_reply_count":0,"_bbp_voice_count":0,"_bbp_anonymous_reply_count":0,"_bbp_topic_count_hidden":0,"_bbp_reply_count_hidden":0,"_bbp_forum_subforum_count":0,"footnotes":""},"class_list":["post-27","page","type-page","status-publish","hentry"],"post_mailing_queue_ids":[],"_links":{"self":[{"href":"https:\/\/agora.xtec.cat\/iestorrent\/wp-json\/wp\/v2\/pages\/27","targetHints":{"allow":["GET"]}}],"collection":[{"href":"https:\/\/agora.xtec.cat\/iestorrent\/wp-json\/wp\/v2\/pages"}],"about":[{"href":"https:\/\/agora.xtec.cat\/iestorrent\/wp-json\/wp\/v2\/types\/page"}],"author":[{"embeddable":true,"href":"https:\/\/agora.xtec.cat\/iestorrent\/wp-json\/wp\/v2\/users\/1"}],"replies":[{"embeddable":true,"href":"https:\/\/agora.xtec.cat\/iestorrent\/wp-json\/wp\/v2\/comments?post=27"}],"version-history":[{"count":4,"href":"https:\/\/agora.xtec.cat\/iestorrent\/wp-json\/wp\/v2\/pages\/27\/revisions"}],"predecessor-version":[{"id":4229,"href":"https:\/\/agora.xtec.cat\/iestorrent\/wp-json\/wp\/v2\/pages\/27\/revisions\/4229"}],"up":[{"embeddable":true,"href":"https:\/\/agora.xtec.cat\/iestorrent\/wp-json\/wp\/v2\/pages\/19"}],"wp:attachment":[{"href":"https:\/\/agora.xtec.cat\/iestorrent\/wp-json\/wp\/v2\/media?parent=27"}],"curies":[{"name":"wp","href":"https:\/\/api.w.org\/{rel}","templated":true}]}}