{"id":573,"date":"2017-09-11T19:58:46","date_gmt":"2017-09-11T17:58:46","guid":{"rendered":"http:\/\/agora.xtec.cat\/iestorredembarra\/?page_id=573"},"modified":"2025-10-24T11:12:32","modified_gmt":"2025-10-24T09:12:32","slug":"ciencies-naturals","status":"publish","type":"page","link":"https:\/\/agora.xtec.cat\/iestorredembarra\/departaments\/ciencies-naturals\/","title":{"rendered":"Ci\u00e8ncies Naturals"},"content":{"rendered":"<table style=\"border-collapse: collapse; width: 34.4346%; height: 216px;\">\n<tbody>\n<tr>\n<td style=\"width: 100%; text-align: center;\"><strong>Professorat curs 2025\/26<\/strong><\/td>\n<\/tr>\n<tr>\n<td style=\"width: 100%;\">David Mart\u00ednez Roig (Cap de Departament)<\/td>\n<\/tr>\n<tr>\n<td style=\"width: 100%;\">Cintia Alonso Carballo (Tutora de 1r ESO A)<\/td>\n<\/tr>\n<tr>\n<td style=\"width: 100%;\">Carme Aud\u00ed Mir\u00f3 (Coordinadora Pedag\u00f2gica)<\/td>\n<\/tr>\n<tr>\n<td style=\"width: 100%;\">Ricard Belmonte Zamora (Tutor de 1r ESO C)<\/td>\n<\/tr>\n<tr>\n<td style=\"width: 100%;\">Desam Company Argente(Tutora de 2n BAT A)<\/td>\n<\/tr>\n<tr>\n<td style=\"width: 100%;\">Miguel Dob\u00f3n Dolz (Tutor de 3r ESO D i CASE)<\/td>\n<\/tr>\n<tr>\n<td style=\"width: 100%;\">Teresa Fons Pascual (Coordinadora de Batxillerat)<\/td>\n<\/tr>\n<tr>\n<td style=\"width: 100%;\">Raquel Idoate Ib\u00e1\u00f1ez (Cap d&#8217;Estudis)<\/td>\n<\/tr>\n<tr>\n<td style=\"width: 100%;\">Cristina Alonso (Tutora de 1r ESO A)<\/td>\n<\/tr>\n<\/tbody>\n<\/table>\n<p>&nbsp;<\/p>\n","protected":false},"excerpt":{"rendered":"<p>Professorat curs 2025\/26<\/p>\n<p>David Mart\u00ednez Roig (Cap de Departament)<\/p>\n<p>Cintia Alonso Carballo (Tutora de 1r ESO A)<\/p>\n<p>Carme Aud\u00ed Mir\u00f3 (Coordinadora Pedag\u00f2gica)<\/p>\n<p>Ricard Belmonte Zamora (Tutor de 1r ESO C)<\/p>\n<p>Desam Company Argente(Tutora de 2n BAT A)<\/p>\n<p>Miguel Dob\u00f3n Dolz (Tutor de 3r ESO D i CASE)<\/p>\n<p>Teresa Fons Pascual (Coordinadora de&hellip;  <a href=\"https:\/\/agora.xtec.cat\/iestorredembarra\/departaments\/ciencies-naturals\/\" title=\"Read Ci\u00e8ncies Naturals\">Llegeix m\u00e9s\u00bb<\/a><\/p>\n","protected":false},"author":1,"featured_media":0,"parent":595,"menu_order":0,"comment_status":"closed","ping_status":"closed","template":"page-templates\/side-menu.php","meta":{"_bbp_topic_count":0,"_bbp_reply_count":0,"_bbp_total_topic_count":0,"_bbp_total_reply_count":0,"_bbp_voice_count":0,"_bbp_anonymous_reply_count":0,"_bbp_topic_count_hidden":0,"_bbp_reply_count_hidden":0,"_bbp_forum_subforum_count":0,"footnotes":""},"class_list":["post-573","page","type-page","status-publish","hentry"],"post_mailing_queue_ids":[],"_links":{"self":[{"href":"https:\/\/agora.xtec.cat\/iestorredembarra\/wp-json\/wp\/v2\/pages\/573","targetHints":{"allow":["GET"]}}],"collection":[{"href":"https:\/\/agora.xtec.cat\/iestorredembarra\/wp-json\/wp\/v2\/pages"}],"about":[{"href":"https:\/\/agora.xtec.cat\/iestorredembarra\/wp-json\/wp\/v2\/types\/page"}],"author":[{"embeddable":true,"href":"https:\/\/agora.xtec.cat\/iestorredembarra\/wp-json\/wp\/v2\/users\/1"}],"replies":[{"embeddable":true,"href":"https:\/\/agora.xtec.cat\/iestorredembarra\/wp-json\/wp\/v2\/comments?post=573"}],"version-history":[{"count":6,"href":"https:\/\/agora.xtec.cat\/iestorredembarra\/wp-json\/wp\/v2\/pages\/573\/revisions"}],"predecessor-version":[{"id":23040,"href":"https:\/\/agora.xtec.cat\/iestorredembarra\/wp-json\/wp\/v2\/pages\/573\/revisions\/23040"}],"up":[{"embeddable":true,"href":"https:\/\/agora.xtec.cat\/iestorredembarra\/wp-json\/wp\/v2\/pages\/595"}],"wp:attachment":[{"href":"https:\/\/agora.xtec.cat\/iestorredembarra\/wp-json\/wp\/v2\/media?parent=573"}],"curies":[{"name":"wp","href":"https:\/\/api.w.org\/{rel}","templated":true}]}}