{"id":565,"date":"2017-09-11T19:57:16","date_gmt":"2017-09-11T17:57:16","guid":{"rendered":"http:\/\/agora.xtec.cat\/iestorredembarra\/?page_id=565"},"modified":"2025-10-24T11:13:58","modified_gmt":"2025-10-24T09:13:58","slug":"llengua-castellana","status":"publish","type":"page","link":"https:\/\/agora.xtec.cat\/iestorredembarra\/departaments\/llengua-castellana\/","title":{"rendered":"Llengua castellana"},"content":{"rendered":"<table style=\"border-collapse: collapse; width: 34.4346%; height: 216px;\">\n<tbody>\n<tr>\n<td style=\"width: 100%; text-align: center;\"><strong>Professorat curs 2025\/26<\/strong><\/td>\n<\/tr>\n<tr>\n<td style=\"width: 100%;\">Raquel Camacho Madrid (Cap de departament , professora 2n.BAT i 4t.ESO D)<\/td>\n<\/tr>\n<tr>\n<td style=\"width: 100%;\">Ana Ad\u00e1n Garcia<\/td>\n<\/tr>\n<tr>\n<td style=\"width: 100%;\">F\u00e1tima Mestre Escorihuela (Tutora de 1r BAT C)<\/td>\n<\/tr>\n<tr>\n<td style=\"width: 100%;\">Joana Furi\u00f3 S\u00e1nchez (Tutora 4t.ESO)<\/td>\n<\/tr>\n<tr>\n<td style=\"width: 100%;\">Marta Serrano Cruz<\/td>\n<\/tr>\n<tr>\n<td style=\"width: 100%;\">Raquel Su\u00f1\u00e9 V\u00e1zquez ( Tutora de 4t ESO A)<\/td>\n<\/tr>\n<\/tbody>\n<\/table>\n<p>&nbsp;<\/p>\n<p><a href=\"https:\/\/castorredembarra.wixsite.com\/tener-la-palabra\" target=\"_blank\" rel=\"noopener noreferrer\">Tener la palabra<\/a><\/p>\n<p><a href=\"https:\/\/castorredembarra.wixsite.com\/tener-la-palabra\" target=\"_blank\" rel=\"noopener\"><img loading=\"lazy\" decoding=\"async\" class=\"alignnone size-full wp-image-14090\" src=\"https:\/\/agora.xtec.cat\/iestorredembarra\/wp-content\/uploads\/usu487\/2018\/10\/Tener-la-palabra.png\" alt=\"\" width=\"571\" height=\"819\" srcset=\"https:\/\/agora.xtec.cat\/iestorredembarra\/wp-content\/uploads\/usu487\/2018\/10\/Tener-la-palabra.png 571w, https:\/\/agora.xtec.cat\/iestorredembarra\/wp-content\/uploads\/usu487\/2018\/10\/Tener-la-palabra-209x300.png 209w\" sizes=\"auto, (max-width: 571px) 100vw, 571px\" \/><\/a><\/p>\n","protected":false},"excerpt":{"rendered":"<p>Professorat curs 2025\/26<\/p>\n<p>Raquel Camacho Madrid (Cap de departament , professora 2n.BAT i 4t.ESO D)<\/p>\n<p>Ana Ad\u00e1n Garcia<\/p>\n<p>F\u00e1tima Mestre Escorihuela (Tutora de 1r BAT C)<\/p>\n<p>Joana Furi\u00f3 S\u00e1nchez (Tutora 4t.ESO)<\/p>\n<p>Marta Serrano Cruz<\/p>\n<p>Raquel Su\u00f1\u00e9 V\u00e1zquez ( Tutora de 4t ESO A)<\/p>\n<p>&nbsp;<br \/>\n<a href=\"https:\/\/castorredembarra.wixsite.com\/tener-la-palabra\" target=\"_blank\" rel=\"noopener noreferrer\">Tener la palabra<\/a><br \/>\n<a href=\"https:\/\/castorredembarra.wixsite.com\/tener-la-palabra\" target=\"_blank\"&hellip;  <a href=\"https:\/\/agora.xtec.cat\/iestorredembarra\/departaments\/llengua-castellana\/\" title=\"Read Llengua castellana\">Llegeix m\u00e9s\u00bb<\/a><\/p>\n","protected":false},"author":1,"featured_media":0,"parent":595,"menu_order":40,"comment_status":"closed","ping_status":"closed","template":"page-templates\/side-menu.php","meta":{"_bbp_topic_count":0,"_bbp_reply_count":0,"_bbp_total_topic_count":0,"_bbp_total_reply_count":0,"_bbp_voice_count":0,"_bbp_anonymous_reply_count":0,"_bbp_topic_count_hidden":0,"_bbp_reply_count_hidden":0,"_bbp_forum_subforum_count":0,"footnotes":""},"class_list":["post-565","page","type-page","status-publish","hentry"],"post_mailing_queue_ids":[],"_links":{"self":[{"href":"https:\/\/agora.xtec.cat\/iestorredembarra\/wp-json\/wp\/v2\/pages\/565","targetHints":{"allow":["GET"]}}],"collection":[{"href":"https:\/\/agora.xtec.cat\/iestorredembarra\/wp-json\/wp\/v2\/pages"}],"about":[{"href":"https:\/\/agora.xtec.cat\/iestorredembarra\/wp-json\/wp\/v2\/types\/page"}],"author":[{"embeddable":true,"href":"https:\/\/agora.xtec.cat\/iestorredembarra\/wp-json\/wp\/v2\/users\/1"}],"replies":[{"embeddable":true,"href":"https:\/\/agora.xtec.cat\/iestorredembarra\/wp-json\/wp\/v2\/comments?post=565"}],"version-history":[{"count":7,"href":"https:\/\/agora.xtec.cat\/iestorredembarra\/wp-json\/wp\/v2\/pages\/565\/revisions"}],"predecessor-version":[{"id":23044,"href":"https:\/\/agora.xtec.cat\/iestorredembarra\/wp-json\/wp\/v2\/pages\/565\/revisions\/23044"}],"up":[{"embeddable":true,"href":"https:\/\/agora.xtec.cat\/iestorredembarra\/wp-json\/wp\/v2\/pages\/595"}],"wp:attachment":[{"href":"https:\/\/agora.xtec.cat\/iestorredembarra\/wp-json\/wp\/v2\/media?parent=565"}],"curies":[{"name":"wp","href":"https:\/\/api.w.org\/{rel}","templated":true}]}}