{"id":563,"date":"2017-09-11T19:56:50","date_gmt":"2017-09-11T17:56:50","guid":{"rendered":"http:\/\/agora.xtec.cat\/iestorredembarra\/?page_id=563"},"modified":"2025-10-24T11:14:32","modified_gmt":"2025-10-24T09:14:32","slug":"matematiques","status":"publish","type":"page","link":"https:\/\/agora.xtec.cat\/iestorredembarra\/departaments\/matematiques\/","title":{"rendered":"Matem\u00e0tiques"},"content":{"rendered":"<table style=\"border-collapse: collapse; width: 34.4346%; height: 216px;\">\n<tbody>\n<tr>\n<td style=\"width: 100%; text-align: center;\"><strong>Professorat curs 2025\/26<\/strong><\/td>\n<\/tr>\n<tr>\n<td style=\"width: 100%;\">Montse Vives Batet (Cap de departament)<\/td>\n<\/tr>\n<tr>\n<td style=\"width: 100%;\">Joana Giribert Rius (Tutora de 3r ESO C)<\/td>\n<\/tr>\n<tr>\n<td style=\"width: 100%;\">M\u00f2nica Orp\u00ed Ma\u00f1\u00e9<\/td>\n<\/tr>\n<tr>\n<td style=\"width: 100%;\">David Pozuelo Pitarch (Secretari)<\/td>\n<\/tr>\n<tr>\n<td style=\"width: 100%;\">Cristina Perram\u00f3n Martorell (Tutora de 1r BAT A)<\/td>\n<\/tr>\n<tr>\n<td style=\"width: 100%;\">Felipe Mart\u00edn Vallejo<\/td>\n<\/tr>\n<tr>\n<td style=\"width: 100%;\">Veronique Hillion<\/td>\n<\/tr>\n<\/tbody>\n<\/table>\n<p>&nbsp;<\/p>\n<p><a href=\"http:\/\/agora.xtec.cat\/iestorredembarra\/wp-content\/uploads\/usu487\/2017\/09\/web-mates-1.png\"><img loading=\"lazy\" decoding=\"async\" class=\"alignnone size-thumbnail wp-image-914\" src=\"http:\/\/agora.xtec.cat\/iestorredembarra\/wp-content\/uploads\/usu487\/2017\/09\/web-mates-1-150x150.png\" alt=\"\" width=\"150\" height=\"150\" \/><\/a><\/p>\n<p>Tot i que hi ha molta informaci\u00f3 que pot millorar, en aquesta web hi pots trobar tot un MAR DE MATEM\u00c0TIQUES !! Us animem a qu\u00e8 hi entreu i podreu aprendre i practicar moltes mates !!<\/p>\n<p><a href=\"http:\/\/morpi4.wixsite.com\/mar-de-matematiques-\">http:\/\/morpi4.wixsite.com\/mar-de-matematiques-<\/a><\/p>\n<p><a href=\"http:\/\/wims-deq.urv.cat\/wims\/wims.cgi?session=QY75B8A25E.11&amp;+lang=ca&amp;+module=adm%2Fclass%2Fclasses&amp;+type=participant&amp;+keywo\">Plataforma WIMS<\/a><\/p>\n<p>&nbsp;<\/p>\n","protected":false},"excerpt":{"rendered":"<p>Professorat curs 2025\/26<\/p>\n<p>Montse Vives Batet (Cap de departament)<\/p>\n<p>Joana Giribert Rius (Tutora de 3r ESO C)<\/p>\n<p>M\u00f2nica Orp\u00ed Ma\u00f1\u00e9<\/p>\n<p>David Pozuelo Pitarch (Secretari)<\/p>\n<p>Cristina Perram\u00f3n Martorell (Tutora de 1r BAT A)<\/p>\n<p>Felipe Mart\u00edn Vallejo<\/p>\n<p>Veronique Hillion<\/p>\n<p>&nbsp;<br \/>\n<a href=\"http:\/\/agora.xtec.cat\/iestorredembarra\/wp-content\/uploads\/usu487\/2017\/09\/web-mates-1.png\"><\/a><br \/>\nTot i que hi ha molta informaci\u00f3 que pot millorar, en aquesta web hi pots&hellip;  <a href=\"https:\/\/agora.xtec.cat\/iestorredembarra\/departaments\/matematiques\/\" title=\"Read Matem\u00e0tiques\">Llegeix m\u00e9s\u00bb<\/a><\/p>\n","protected":false},"author":1,"featured_media":0,"parent":595,"menu_order":60,"comment_status":"closed","ping_status":"closed","template":"page-templates\/side-menu.php","meta":{"_bbp_topic_count":0,"_bbp_reply_count":0,"_bbp_total_topic_count":0,"_bbp_total_reply_count":0,"_bbp_voice_count":0,"_bbp_anonymous_reply_count":0,"_bbp_topic_count_hidden":0,"_bbp_reply_count_hidden":0,"_bbp_forum_subforum_count":0,"footnotes":""},"class_list":["post-563","page","type-page","status-publish","hentry"],"post_mailing_queue_ids":[],"_links":{"self":[{"href":"https:\/\/agora.xtec.cat\/iestorredembarra\/wp-json\/wp\/v2\/pages\/563","targetHints":{"allow":["GET"]}}],"collection":[{"href":"https:\/\/agora.xtec.cat\/iestorredembarra\/wp-json\/wp\/v2\/pages"}],"about":[{"href":"https:\/\/agora.xtec.cat\/iestorredembarra\/wp-json\/wp\/v2\/types\/page"}],"author":[{"embeddable":true,"href":"https:\/\/agora.xtec.cat\/iestorredembarra\/wp-json\/wp\/v2\/users\/1"}],"replies":[{"embeddable":true,"href":"https:\/\/agora.xtec.cat\/iestorredembarra\/wp-json\/wp\/v2\/comments?post=563"}],"version-history":[{"count":7,"href":"https:\/\/agora.xtec.cat\/iestorredembarra\/wp-json\/wp\/v2\/pages\/563\/revisions"}],"predecessor-version":[{"id":23046,"href":"https:\/\/agora.xtec.cat\/iestorredembarra\/wp-json\/wp\/v2\/pages\/563\/revisions\/23046"}],"up":[{"embeddable":true,"href":"https:\/\/agora.xtec.cat\/iestorredembarra\/wp-json\/wp\/v2\/pages\/595"}],"wp:attachment":[{"href":"https:\/\/agora.xtec.cat\/iestorredembarra\/wp-json\/wp\/v2\/media?parent=563"}],"curies":[{"name":"wp","href":"https:\/\/api.w.org\/{rel}","templated":true}]}}