{"id":46,"date":"2014-09-17T16:53:45","date_gmt":"2014-09-17T16:53:45","guid":{"rendered":"http:\/\/agora.xtec.cat\/iestorredembarra\/?page_id=46"},"modified":"2026-03-23T10:45:17","modified_gmt":"2026-03-23T09:45:17","slug":"organigrama","status":"publish","type":"page","link":"https:\/\/agora.xtec.cat\/iestorredembarra\/linstitut\/organigrama\/","title":{"rendered":"Organigrama"},"content":{"rendered":"<p>&nbsp;<\/p>\n<table style=\"border-collapse: collapse; width: 82.9814%; height: 160px;\">\n<tbody>\n<tr>\n<td style=\"width: 100%;\" colspan=\"2\" bgcolor=\"fff090\"><span style=\"color: #0000ff;\">EQUIP DIRECTIU<\/span><\/td>\n<\/tr>\n<tr>\n<td style=\"width: 54.7648%;\">Directora<\/td>\n<td style=\"width: 45.2352%;\">Patricia Orcajo<\/td>\n<\/tr>\n<tr>\n<td style=\"width: 54.7648%;\">Cap d&#8217;Estudis<\/td>\n<td style=\"width: 45.2352%;\">Raquel Idoate<\/td>\n<\/tr>\n<tr>\n<td style=\"width: 54.7648%;\">Coordinadora Pedag\u00f2gica<\/td>\n<td style=\"width: 45.2352%;\">Carme Aud\u00ed<\/td>\n<\/tr>\n<tr>\n<td style=\"width: 54.7648%;\">Secretari<\/td>\n<td style=\"width: 45.2352%;\">David Pozuelo<\/td>\n<\/tr>\n<\/tbody>\n<\/table>\n<p>&nbsp;<\/p>\n<table style=\"border-collapse: collapse; width: 82.9814%; height: 160px;\">\n<tbody>\n<tr>\n<td style=\"width: 55.1266%;\" bgcolor=\"fff090\"><span style=\"color: #0000ff;\">COORDINACI\u00d3<\/span><\/td>\n<td style=\"width: 90.1086%;\" bgcolor=\"fff090\"><span style=\"color: #3366ff;\">RESPONSABLE<\/span><\/td>\n<\/tr>\n<tr>\n<td style=\"width: 55.1266%;\">Primer Cicle ESO<\/td>\n<td style=\"width: 90.1086%;\">Clara Domingo<\/td>\n<\/tr>\n<tr>\n<td style=\"width: 55.1266%;\">Segon Cicle ESO<\/td>\n<td style=\"width: 90.1086%;\">Isabel Quir\u00f3s<\/td>\n<\/tr>\n<tr>\n<td style=\"width: 55.1266%;\">Batxillerat<\/td>\n<td style=\"width: 90.1086%;\">Teresa Fons<\/td>\n<\/tr>\n<tr>\n<td style=\"width: 55.1266%;\">Activitats i Serveis Escolars<\/td>\n<td style=\"width: 90.1086%;\">Miguel Dob\u00f3n<\/td>\n<\/tr>\n<tr>\n<td style=\"width: 55.1266%;\">Digital<\/td>\n<td style=\"width: 90.1086%;\">Sergio Guerrero<\/td>\n<\/tr>\n<tr>\n<td style=\"width: 55.1266%;\">Ling\u00fc\u00edstica, Intercultural i Cohesi\u00f3 Social<\/td>\n<td style=\"width: 90.1086%;\">Montse Coll<\/td>\n<\/tr>\n<tr>\n<td style=\"width: 55.1266%;\">Riscos Laborals<\/td>\n<td style=\"width: 90.1086%;\">Isaac Fern\u00e1ndez<\/td>\n<\/tr>\n<tr>\n<td style=\"width: 55.1266%;\">Coeducaci\u00f3. Conviv\u00e8ncia i Benestar de l&#8217;Alumnat<\/td>\n<td style=\"width: 90.1086%;\">Clara Domingo \/ Desam Company<\/td>\n<\/tr>\n<\/tbody>\n<\/table>\n<p>&nbsp;<\/p>\n<table style=\"border-collapse: collapse; width: 82.9814%; height: 160px;\">\n<tbody>\n<tr>\n<td style=\"width: 55.1266%;\" bgcolor=\"fff090\"><span style=\"color: #0000ff;\">COORDINACI\u00d3 T\u00c8CNICA<\/span><\/td>\n<td style=\"width: 90.1086%;\" bgcolor=\"fff090\"><span style=\"color: #3366ff;\">RESPONSABLE<\/span><\/td>\n<\/tr>\n<tr>\n<td style=\"width: 55.1266%;\">Biblioteca<\/td>\n<td style=\"width: 90.1086%;\">Cedric Leiglat<\/td>\n<\/tr>\n<tr>\n<td style=\"width: 55.1266%;\">Dinantia<\/td>\n<td style=\"width: 90.1086%;\">David Pozuelo<\/td>\n<\/tr>\n<tr>\n<td style=\"width: 55.1266%;\">Erasmus<\/td>\n<td style=\"width: 90.1086%;\">Cedric Leiglat<\/td>\n<\/tr>\n<tr>\n<td style=\"width: 55.1266%;\">Pla Catal\u00e0 de l&#8217;Esport<\/td>\n<td style=\"width: 90.1086%;\">Eloi Rius<\/td>\n<\/tr>\n<tr>\n<td style=\"width: 55.1266%;\">Web<\/td>\n<td style=\"width: 90.1086%;\">Sergio Guerrero<\/td>\n<\/tr>\n<tr>\n<td style=\"width: 55.1266%;\">Esfer@<\/td>\n<td style=\"width: 90.1086%;\">David Pozuelo<\/td>\n<\/tr>\n<tr>\n<td style=\"width: 55.1266%;\">Xarxes Socials i Projecci\u00f3 de Centre<\/td>\n<td style=\"width: 90.1086%;\">Joan Pere Fortuny<\/td>\n<\/tr>\n<tr>\n<td style=\"width: 55.1266%;\">Mediaci\u00f3<\/td>\n<td style=\"width: 90.1086%;\">Paula Lorente<\/td>\n<\/tr>\n<\/tbody>\n<\/table>\n<p>&nbsp;<\/p>\n<table style=\"border-collapse: collapse; width: 82.9814%; height: 160px;\">\n<tbody>\n<tr>\n<td style=\"width: 55.1266%;\" bgcolor=\"fff090\"><span style=\"color: #0000ff;\">DEPARTAMENT<\/span><\/td>\n<td style=\"width: 90.1086%;\" bgcolor=\"fff090\"><span style=\"color: #3366ff;\">RESPONSABLE<\/span><\/td>\n<\/tr>\n<tr>\n<td style=\"width: 55.1266%;\">Ci\u00e8ncies Naturals<\/td>\n<td style=\"width: 90.1086%;\">David Mart\u00ednez<\/td>\n<\/tr>\n<tr>\n<td style=\"width: 55.1266%;\">Ci\u00e8ncies Socials<\/td>\n<td style=\"width: 90.1086%;\">Maite Tarruella<\/td>\n<\/tr>\n<tr>\n<td style=\"width: 55.1266%;\">Educaci\u00f3 F\u00edsica<\/td>\n<td style=\"width: 90.1086%;\">Eloi Rius<\/td>\n<\/tr>\n<tr>\n<td style=\"width: 55.1266%;\">Llengua Castellana i Literatura<\/td>\n<td style=\"width: 90.1086%;\">Raquel Camacho<\/td>\n<\/tr>\n<tr>\n<td style=\"width: 55.1266%;\">Llengua Catalana<\/td>\n<td style=\"width: 90.1086%;\">Jordi Alemany<\/td>\n<\/tr>\n<tr>\n<td style=\"width: 55.1266%;\">Lleng\u00fces Estrangeres<\/td>\n<td style=\"width: 90.1086%;\">Cristina Cort\u00e9s<\/td>\n<\/tr>\n<tr>\n<td style=\"width: 55.1266%;\">Matem\u00e0tiques<\/td>\n<td style=\"width: 90.1086%;\">Montse Vives<\/td>\n<\/tr>\n<tr>\n<td style=\"width: 55.1266%;\">Orientaci\u00f3<\/td>\n<td style=\"width: 90.1086%;\">Paula Lorente<\/td>\n<\/tr>\n<tr>\n<td style=\"width: 55.1266%;\">Tecnologia<\/td>\n<td style=\"width: 90.1086%;\">Isaac Fern\u00e1ndez<\/td>\n<\/tr>\n<tr>\n<td style=\"width: 55.1266%;\">Visual i Pl\u00e0stica<\/td>\n<td style=\"width: 90.1086%;\">M\u00aa Rosa Arasa<\/td>\n<\/tr>\n<\/tbody>\n<\/table>\n<p>&nbsp;<\/p>\n<table style=\"border-collapse: collapse; width: 82.9814%; height: 160px;\">\n<tbody>\n<tr>\n<td style=\"width: 100%;\" colspan=\"2\" bgcolor=\"fff090\"><span style=\"color: #0000ff;\">PAS<\/span><\/td>\n<\/tr>\n<tr>\n<td style=\"width: 54.7648%;\">Auxiliars administratives<\/td>\n<td style=\"width: 45.2352%;\">Anna Jim\u00e9nez<\/td>\n<\/tr>\n<tr>\n<td style=\"width: 54.7648%;\"><\/td>\n<td style=\"width: 45.2352%;\">Eva Colomo<\/td>\n<\/tr>\n<tr>\n<td style=\"width: 54.7648%;\">Subalterns<\/td>\n<td style=\"width: 45.2352%;\">Xavier Folch<\/td>\n<\/tr>\n<tr>\n<td style=\"width: 54.7648%;\"><\/td>\n<td style=\"width: 45.2352%;\">Sisco Vidaller<\/td>\n<\/tr>\n<\/tbody>\n<\/table>\n<p>&nbsp;<\/p>\n<table style=\"border-collapse: collapse; width: 82.9814%; height: 160px;\">\n<tbody>\n<tr>\n<td style=\"width: 100%;\" colspan=\"2\" bgcolor=\"fff090\"><span style=\"color: #0000ff;\">ORIENTADORES PEDAG\u00d2GIQUES<\/span><\/td>\n<\/tr>\n<tr>\n<td style=\"width: 54.7648%;\">Professores<\/td>\n<td style=\"width: 45.2352%;\">Paula Lorente<\/td>\n<\/tr>\n<tr>\n<td style=\"width: 54.7648%;\"><\/td>\n<td style=\"width: 45.2352%;\">Teresa Rico<\/td>\n<\/tr>\n<tr>\n<td style=\"width: 54.7648%;\"><\/td>\n<td style=\"width: 45.2352%;\">Dolors Balcells<\/td>\n<\/tr>\n<\/tbody>\n<\/table>\n<p>&nbsp;<\/p>\n<table style=\"border-collapse: collapse; width: 83.3817%; height: 70px;\">\n<tbody>\n<tr style=\"height: 35px;\">\n<td style=\"width: 100.483%; height: 35px;\" colspan=\"2\" bgcolor=\"fff090\"><span style=\"color: #0000ff;\">SERVEI SALUT I ESCOLA<\/span><\/td>\n<\/tr>\n<tr style=\"height: 35px;\">\n<td style=\"width: 54.7648%; height: 35px;\">Infermera<\/td>\n<td style=\"width: 45.7177%; height: 35px;\">Ingrid Canturri<\/td>\n<\/tr>\n<\/tbody>\n<\/table>\n<p>&nbsp;<\/p>\n","protected":false},"excerpt":{"rendered":"<p>&nbsp;<\/p>\n<p>EQUIP DIRECTIU<\/p>\n<p>Directora<br \/>\nPatricia Orcajo<\/p>\n<p>Cap d&#8217;Estudis<br \/>\nRaquel Idoate<\/p>\n<p>Coordinadora Pedag\u00f2gica<br \/>\nCarme Aud\u00ed<\/p>\n<p>Secretari<br \/>\nDavid Pozuelo<\/p>\n<p>&nbsp;<\/p>\n<p>COORDINACI\u00d3<br \/>\nRESPONSABLE<\/p>\n<p>Primer Cicle ESO<br \/>\nClara Domingo<\/p>\n<p>Segon Cicle ESO<br \/>\nIsabel Quir\u00f3s<\/p>\n<p>Batxillerat<br \/>\nTeresa Fons<\/p>\n<p>Activitats i Serveis Escolars<br \/>\nMiguel Dob\u00f3n<\/p>\n<p>Digital<br \/>\nSergio Guerrero<\/p>\n<p>Ling\u00fc\u00edstica, Intercultural i Cohesi\u00f3 Social<br \/>\nMontse Coll<\/p>\n<p>Riscos Laborals<br \/>\nIsaac Fern\u00e1ndez<\/p>\n<p>Coeducaci\u00f3. Conviv\u00e8ncia i Benestar de l&#8217;Alumnat<br \/>\nClara Domingo \/ Desam Company<\/p>\n<p>&nbsp;<\/p>\n<p>COORDINACI\u00d3 T\u00c8CNICA<br \/>\nRESPONSABLE<\/p>\n<p>Biblioteca<br \/>\nCedric Leiglat<\/p>\n<p>Dinantia<br \/>\nDavid Pozuelo<\/p>\n<p>Erasmus<br \/>\nCedric Leiglat<\/p>\n<p>Pla Catal\u00e0 de l&#8217;Esport<br \/>\nEloi Rius<\/p>\n<p>Web<br \/>\nSergio Guerrero<\/p>\n<p>Esfer@<br \/>\nDavid&hellip;  <a href=\"https:\/\/agora.xtec.cat\/iestorredembarra\/linstitut\/organigrama\/\" title=\"Read Organigrama\">Llegeix m\u00e9s\u00bb<\/a><\/p>\n","protected":false},"author":1,"featured_media":0,"parent":19,"menu_order":50,"comment_status":"closed","ping_status":"closed","template":"page-templates\/side-menu.php","meta":{"_bbp_topic_count":0,"_bbp_reply_count":0,"_bbp_total_topic_count":0,"_bbp_total_reply_count":0,"_bbp_voice_count":0,"_bbp_anonymous_reply_count":0,"_bbp_topic_count_hidden":0,"_bbp_reply_count_hidden":0,"_bbp_forum_subforum_count":0,"footnotes":""},"class_list":["post-46","page","type-page","status-publish","hentry"],"post_mailing_queue_ids":[],"_links":{"self":[{"href":"https:\/\/agora.xtec.cat\/iestorredembarra\/wp-json\/wp\/v2\/pages\/46","targetHints":{"allow":["GET"]}}],"collection":[{"href":"https:\/\/agora.xtec.cat\/iestorredembarra\/wp-json\/wp\/v2\/pages"}],"about":[{"href":"https:\/\/agora.xtec.cat\/iestorredembarra\/wp-json\/wp\/v2\/types\/page"}],"author":[{"embeddable":true,"href":"https:\/\/agora.xtec.cat\/iestorredembarra\/wp-json\/wp\/v2\/users\/1"}],"replies":[{"embeddable":true,"href":"https:\/\/agora.xtec.cat\/iestorredembarra\/wp-json\/wp\/v2\/comments?post=46"}],"version-history":[{"count":6,"href":"https:\/\/agora.xtec.cat\/iestorredembarra\/wp-json\/wp\/v2\/pages\/46\/revisions"}],"predecessor-version":[{"id":23656,"href":"https:\/\/agora.xtec.cat\/iestorredembarra\/wp-json\/wp\/v2\/pages\/46\/revisions\/23656"}],"up":[{"embeddable":true,"href":"https:\/\/agora.xtec.cat\/iestorredembarra\/wp-json\/wp\/v2\/pages\/19"}],"wp:attachment":[{"href":"https:\/\/agora.xtec.cat\/iestorredembarra\/wp-json\/wp\/v2\/media?parent=46"}],"curies":[{"name":"wp","href":"https:\/\/api.w.org\/{rel}","templated":true}]}}