{"id":43,"date":"2014-09-17T16:45:07","date_gmt":"2014-09-17T16:45:07","guid":{"rendered":"http:\/\/agora.xtec.cat\/iestorredembarra\/?page_id=43"},"modified":"2024-11-19T12:34:20","modified_gmt":"2024-11-19T11:34:20","slug":"consell-escolar","status":"publish","type":"page","link":"https:\/\/agora.xtec.cat\/iestorredembarra\/linstitut\/consell-escolar\/","title":{"rendered":"Consell escolar"},"content":{"rendered":"<p>El consell escolar del centre \u00e9s l&#8217;\u00f2rgan col\u00b7legiat de participaci\u00f3 de la comunitat escolar en el govern del centre. En el consell escolar hi ha representats tots els col\u00b7lectius que intervenen en la comunitat educativa: director o directora, professorat, alumnat, personal d&#8217;administraci\u00f3 i serveis, fam\u00edlies, AFA i representant de l\u2019Ajuntament.<br \/>\nEls membres del consell escolar s\u00f3n elegits per un per\u00edode de quatre anys i es renoven per meitats cada dos anys.<br \/>\nEls representants dels consell escolar s\u00f3n els seg\u00fcents:<\/p>\n<p>&nbsp;<\/p>\n<table style=\"border-collapse: collapse; width: 68.3636%; height: 128px;\">\n<tbody>\n<tr style=\"height: 32px;\">\n<td style=\"width: 68.3636%; height: 32px;\" colspan=\"2\"><strong>REPRESENTATS DE LA DIRECCI\u00d3<\/strong><\/td>\n<\/tr>\n<tr style=\"height: 32px;\">\n<td style=\"width: 34.3972%; height: 32px;\">Patricia Orcajo<\/td>\n<td style=\"width: 33.9664%; height: 32px;\">Directora<\/td>\n<\/tr>\n<tr style=\"height: 32px;\">\n<td style=\"width: 34.3972%; height: 32px;\">Isabel Quir\u00f3s<\/td>\n<td style=\"width: 33.9664%; height: 32px;\">Cap d&#8217;Estudis<\/td>\n<\/tr>\n<tr style=\"height: 32px;\">\n<td style=\"width: 34.3972%; height: 32px;\">Secretari<\/td>\n<td style=\"width: 33.9664%; height: 32px;\">Dami\u00e1n Gonz\u00e1lez<\/td>\n<\/tr>\n<\/tbody>\n<\/table>\n<p>&nbsp;<\/p>\n<table style=\"border-collapse: collapse; width: 68.4848%;\">\n<tbody>\n<tr>\n<td style=\"width: 100%;\"><strong><span style=\"color: #000000;\">REPRESENTATS DEL PROFESORAT<\/span><\/strong><\/td>\n<\/tr>\n<tr>\n<td style=\"width: 100%;\">Jordi Rovira Busquets<\/td>\n<\/tr>\n<tr>\n<td style=\"width: 100%;\">David Mart\u00ednez Roig<\/td>\n<\/tr>\n<tr>\n<td style=\"width: 100%;\">Gerard Torres Girol<\/td>\n<\/tr>\n<tr>\n<td style=\"width: 100%;\">Alba Miracle Figuerola<\/td>\n<\/tr>\n<tr>\n<td style=\"width: 100%;\">M\u00f2nica Orp\u00ed Ma\u00f1\u00e9<\/td>\n<\/tr>\n<tr>\n<td style=\"width: 100%;\">Joana Furi\u00f3 Sancho<\/td>\n<\/tr>\n<tr>\n<td style=\"width: 100%;\">Dolors Balcells Farran<\/td>\n<\/tr>\n<\/tbody>\n<\/table>\n<p>&nbsp;<\/p>\n<table style=\"border-collapse: collapse; width: 68.4848%;\">\n<tbody>\n<tr>\n<td style=\"width: 100%;\"><strong>REPRESENTATS DE LES FAM\u00cdLIES<\/strong><\/td>\n<\/tr>\n<tr>\n<td style=\"width: 100%;\">Raquel Fern\u00e1ndez Cardona<\/td>\n<\/tr>\n<tr>\n<td style=\"width: 100%;\">Edgar Medina Montorn\u00e9s<\/td>\n<\/tr>\n<tr>\n<td style=\"width: 100%;\">Gisela Roca Mallofr\u00e9<\/td>\n<\/tr>\n<\/tbody>\n<\/table>\n<table style=\"border-collapse: collapse; width: 68.3636%;\">\n<tbody>\n<tr>\n<td style=\"width: 100%;\"><strong>REPRESENTATS DE L&#8217;ALUMNAT<\/strong><\/td>\n<\/tr>\n<tr>\n<td style=\"width: 100%;\">Arnau Costa Abell\u00e1n<\/td>\n<\/tr>\n<tr>\n<td style=\"width: 100%;\">Paula Arias Castillo<\/td>\n<\/tr>\n<tr>\n<td style=\"width: 100%;\">Rayan Mrabet Guemraoui<\/td>\n<\/tr>\n<tr>\n<td style=\"width: 100%;\">Jordi Costa Ribes<\/td>\n<\/tr>\n<\/tbody>\n<\/table>\n<p>&nbsp;<\/p>\n<table style=\"border-collapse: collapse; width: 68.6061%; height: 64px;\">\n<tbody>\n<tr style=\"height: 32px;\">\n<td style=\"width: 100%; height: 32px;\"><strong>REPRESENTAT DEL PERSONAL D&#8217;ADMINISTRACI\u00d3 I SERVEIS<\/strong><\/td>\n<\/tr>\n<tr style=\"height: 32px;\">\n<td style=\"width: 100%; height: 32px;\">Anna Jim\u00e9nez Segarra<\/td>\n<\/tr>\n<\/tbody>\n<\/table>\n<p>&nbsp;<\/p>\n<table style=\"border-collapse: collapse; width: 68.6061%; height: 64px;\">\n<tbody>\n<tr style=\"height: 32px;\">\n<td style=\"width: 100%; height: 32px;\"><strong>REPRESENTAT DE L&#8217;AMPA<\/strong><\/td>\n<\/tr>\n<tr style=\"height: 32px;\">\n<td style=\"width: 100%; height: 32px;\">Esther Moreno Pan<\/td>\n<\/tr>\n<\/tbody>\n<\/table>\n<p>&nbsp;<\/p>\n<table style=\"border-collapse: collapse; width: 68.6061%; height: 64px;\">\n<tbody>\n<tr style=\"height: 32px;\">\n<td style=\"width: 100%; height: 32px;\"><strong>REPRESENTAT DE L&#8217;AJUNTAMENT<\/strong><\/td>\n<\/tr>\n<tr style=\"height: 32px;\">\n<td style=\"width: 100%; height: 32px;\">Jos\u00e9 Garc\u00eda Gonz\u00e1lez<\/td>\n<\/tr>\n<\/tbody>\n<\/table>\n<p>&nbsp;<\/p>\n","protected":false},"excerpt":{"rendered":"<p>El consell escolar del centre \u00e9s l&#8217;\u00f2rgan col\u00b7legiat de participaci\u00f3 de la comunitat escolar en el govern del centre. En el consell escolar hi ha representats tots els col\u00b7lectius que intervenen en la comunitat educativa: director o directora, professorat, alumnat, personal d&#8217;administraci\u00f3 i serveis, fam\u00edlies,&hellip;  <a href=\"https:\/\/agora.xtec.cat\/iestorredembarra\/linstitut\/consell-escolar\/\" title=\"Read Consell escolar\">Llegeix m\u00e9s\u00bb<\/a><\/p>\n","protected":false},"author":1,"featured_media":0,"parent":19,"menu_order":40,"comment_status":"closed","ping_status":"closed","template":"page-templates\/side-menu.php","meta":{"_bbp_topic_count":0,"_bbp_reply_count":0,"_bbp_total_topic_count":0,"_bbp_total_reply_count":0,"_bbp_voice_count":0,"_bbp_anonymous_reply_count":0,"_bbp_topic_count_hidden":0,"_bbp_reply_count_hidden":0,"_bbp_forum_subforum_count":0,"footnotes":""},"class_list":["post-43","page","type-page","status-publish","hentry"],"post_mailing_queue_ids":[],"_links":{"self":[{"href":"https:\/\/agora.xtec.cat\/iestorredembarra\/wp-json\/wp\/v2\/pages\/43","targetHints":{"allow":["GET"]}}],"collection":[{"href":"https:\/\/agora.xtec.cat\/iestorredembarra\/wp-json\/wp\/v2\/pages"}],"about":[{"href":"https:\/\/agora.xtec.cat\/iestorredembarra\/wp-json\/wp\/v2\/types\/page"}],"author":[{"embeddable":true,"href":"https:\/\/agora.xtec.cat\/iestorredembarra\/wp-json\/wp\/v2\/users\/1"}],"replies":[{"embeddable":true,"href":"https:\/\/agora.xtec.cat\/iestorredembarra\/wp-json\/wp\/v2\/comments?post=43"}],"version-history":[{"count":6,"href":"https:\/\/agora.xtec.cat\/iestorredembarra\/wp-json\/wp\/v2\/pages\/43\/revisions"}],"predecessor-version":[{"id":22344,"href":"https:\/\/agora.xtec.cat\/iestorredembarra\/wp-json\/wp\/v2\/pages\/43\/revisions\/22344"}],"up":[{"embeddable":true,"href":"https:\/\/agora.xtec.cat\/iestorredembarra\/wp-json\/wp\/v2\/pages\/19"}],"wp:attachment":[{"href":"https:\/\/agora.xtec.cat\/iestorredembarra\/wp-json\/wp\/v2\/media?parent=43"}],"curies":[{"name":"wp","href":"https:\/\/api.w.org\/{rel}","templated":true}]}}