{"id":27,"date":"2014-09-17T16:24:03","date_gmt":"2014-09-17T16:24:03","guid":{"rendered":"http:\/\/agora.xtec.cat\/iestorredembarra\/?page_id=27"},"modified":"2024-11-20T10:00:56","modified_gmt":"2024-11-20T09:00:56","slug":"historia","status":"publish","type":"page","link":"https:\/\/agora.xtec.cat\/iestorredembarra\/linstitut\/historia\/","title":{"rendered":"Hist\u00f2ria"},"content":{"rendered":"<p class=\"Style26\"><strong>BREU NOTA HIST\u00d2RICA DEL CENTRE<\/strong><\/p>\n<p class=\"Style26\">Les arrels del nostre INS de Torredembarra s&#8217;enfonsen fins l&#8217;any 1984 quan va apar\u00e8ixer el Centre Municipal de Formaci\u00f3 Professional, ubicat al n\u00famero 5 del carrer Reus compartint els locals d&#8217;una antiga f\u00e0brica i dedicat a les branques Administrativa-Comercial i Electricitat-Metall.<\/p>\n<p class=\"Style26\">El curs 1985-86 pass\u00e0 a ser Secci\u00f3 de Formaci\u00f3 Professional depenent de l&#8217;IFP &#8220;Comte de Rius&#8221; de Tarragona, i el curs 1987-88 pass\u00e0 a Institut d&#8217;Ensenyament Secundari en incorporar els estudis de BUP . El setembre de l&#8217;any 1989 l&#8217;IES es trasllad\u00e0 a una nova seu a l&#8217;Avinguda de Sant Jordi n\u00famero 1 en un edifici constru\u00eft per l&#8217;Ajuntament. L&#8217;any 1990 s&#8217;inici\u00e0 el segon grau de l&#8217;especialitat administrativa i el 1991 l&#8217;especialitat de manteniment El\u00e8ctric-Electr\u00f2nic.<\/p>\n<p class=\"Style26\">Amb el creixement demogr\u00e0fic, tant de la poblaci\u00f3 com de les rodalies, i amb la imminent aplicaci\u00f3 de la reforma educativa vigent, s&#8217;emprengu\u00e9 la construcci\u00f3 de l&#8217;actual edifici on ens trasllad\u00e0rem a finals del mes de mar\u00e7 de 1996. Els canvis no van acabar, ja que el curs 1996-97 les branques de Formaci\u00f3 Professional foren disgregades del centre per l&#8217;Administraci\u00f3 educativa per tal de ser el nucli fundador de l&#8217;altre IES de Torredembarra: el Ramon de la Torre (que a poc a poc anir\u00e0 eliminant les darreres cues de l&#8217;antiga FP i incorporant nous grups d&#8217;ESO, Batxiller LOGSE i Cicles Formatius). El mateix curs s&#8217;anticip\u00e0 la reforma educativa en el nostre IES amb set l\u00ednies de 1r d&#8217;ESO i vuit de 3r d&#8217;ESO.<\/p>\n<p class=\"Style26\">Amb la reforma educativa el nostre institut va esdevenir un centre educatiu d&#8217;\u00e0mbit comarcal ja que rebia els alumnes dels centres d&#8217;educaci\u00f3 prim\u00e0ria d&#8217;Altafulla, La Riera, La Nou, Salom\u00f3, Vespella, Creixell, Roda i La Pobla de Montorn\u00e9s, a m\u00e9s a m\u00e9s de Torredembarra. Amb la creaci\u00f3 dels nous instituts d&#8217;Altafulla i de Roda de Bar\u00e0, l&#8217;\u00e0rea d&#8217;influ\u00e8ncia de l&#8217;institut s&#8217;ha restringit a Torredembarra, Creixell i La Pobla de Montorn\u00e8s.<\/p>\n<p class=\"Style26\">Actualment tenim disset grups d&#8217;ESO i quatre grups de batxillerat<\/p>\n<p class=\"Style26\"><strong>L&#8217;EDIFICI<\/strong><\/p>\n<p class=\"Style26\">L&#8217;edifici de l&#8217;IES de Torredembarra fou inaugurat a comen\u00e7aments de l&#8217;any 1996. Es troba situat dalt d&#8217;un tur\u00f3 amb unes vistes esp\u00e8ndides en totes les direccions: cap al mar o b\u00e9 cap al paisatge suaument ondulat del Camp de Tarragona. L&#8217;edifici est\u00e0 situat sobre una superf\u00edcie en lleuger pendent cap al mar i comunicat amb Torredembarra nom\u00e9s per un dels seu l\u00edmits, l&#8217;oest. Per\u00f2 l&#8217;edifici \u00e9s visible perfectament des dels altres costats.<\/p>\n<p class=\"Style26\">L&#8217;edifici t\u00e9 una planta regular, quadrada (39&#215;39), amb tres nivells i amb un gran pati central que permet establir una bona relaci\u00f3 entre passadissos d&#8217;acc\u00e9s i espais de treball distribu\u00efts al seu voltant. El pati central \u00e9s el nucli que crea un espai interior, obert, per\u00f2, a l&#8217;aire exterior i protegit nom\u00e9s de la intensa llum mediterr\u00e0nia. Del cos central c\u00fabic de l&#8217;edifici se segrega l&#8217;edifici d&#8217;una sola planta de l&#8217;administraci\u00f3 i direcci\u00f3 de l&#8217;Institut orientat cap a l&#8217;oest per tal de rebre l&#8217;alumnat i els qui arriben del poble. Per l&#8217;est trobem el gimn\u00e0s al costat mateix de les pistes esportives que completen els serveis de l&#8217;edifici.<\/p>\n<p class=\"Style26\">La l\u00ednia horitzontal i el rectangle defineixen l&#8217;edifici, tot i que l&#8217;horitzontalitat del l\u00edmit superior est\u00e0 trencada amb la voluntat d&#8217;establir un di\u00e0leg amb el pla blau enorme del cel de les comarques tarragonines. L&#8217;edifici simula un modern castell blanc de formes c\u00fabiques a la part m\u00e9s alta de municipi de Torredembarra. Aquest, per\u00f2, \u00e9s un castell obert a la cultura universal i a la formaci\u00f3 del jovent vingut de tot arreu.<\/p>\n<p class=\"Style26\">Josep Llin\u00e0s ha combinat amb saviesa les formes racionalistes de l&#8217;arquitectura contempor\u00e0nia amb el respecte exquisit per la tradici\u00f3 mediterr\u00e0nia, respecte que es manifesta amb la capa d&#8217;arrebossat blanc que embolica per fora i per dins tot el nostre Institut de Torredembarra.<\/p>\n<p class=\"Style26\">L&#8217;edifici va obtenir el premi FAD 1997, en l&#8217;apartat Premi d&#8217;Opini\u00f3.<\/p>\n<p class=\"Style26\">L&#8217;arquitecte de l&#8217;IES de Torredembarra Josep Llin\u00e0s Carmona (Castell\u00f3, 1945) ha estat professor en diverses universitats, com l&#8217;Escola T\u00e8cnica Superior d&#8217;Arquitectura de Barcelona i la del Vall\u00e8s. Ha fet diverses publicacions de les quals en destaquen les dedicades als arquitectes Josep Maria Jujol i J. A. Coderch. Va col\u00b7laborar en diversos projectes amb l&#8217;arquitecte Alejandro de la Sota, com en la construcci\u00f3 d&#8217;un edifici de l&#8217;ambaixada d&#8217;Espanya a Par\u00eds. Ha obtingut diversos premis d&#8217;arquitectura dels quals destaquen el Premi FAD d&#8217;Interiorisme de 1976, el Premi Ciutat de Barcelona 1995 pel seu edifici de vivendes dels carrers Carme i Roig de Barcelona, Premi FAD d&#8217;Arquitectura 1996 per la restauraci\u00f3 i reforma del Teatre Metropol de Tarragona. De les seves obres en destaquem: Edifici de vivendes a Berga (1973-7), CAP de Ripollet (1985), Biblioteca municipal de Vila-seca (1986), Torre del Far de Torredembarra (2000), Biblioteca i departaments de l&#8217;Escola d&#8217;Enginyers de Camins de Barcelona (1989), Biblioteca central de Terrassa (1991-7), Edifici de la Direcci\u00f3 de la Facultat d&#8217;Inform\u00e0tica de Barcelona (1995), edifici de l&#8217;Ajuntament deVila-seca (1996) i Edifici d&#8217;aules i bar de la Facultat de dretd de la Universitat de Barcelona (1996).<\/p>\n","protected":false},"excerpt":{"rendered":"<p>BREU NOTA HIST\u00d2RICA DEL CENTRE<br \/>\nLes arrels del nostre INS de Torredembarra s&#8217;enfonsen fins l&#8217;any 1984 quan va apar\u00e8ixer el Centre Municipal de Formaci\u00f3 Professional, ubicat al n\u00famero 5 del carrer Reus compartint els locals d&#8217;una antiga f\u00e0brica i dedicat a les branques Administrativa-Comercial i Electricitat-Metall.<br \/>\nEl&hellip;  <a href=\"https:\/\/agora.xtec.cat\/iestorredembarra\/linstitut\/historia\/\" title=\"Read Hist\u00f2ria\">Llegeix m\u00e9s\u00bb<\/a><\/p>\n","protected":false},"author":1,"featured_media":0,"parent":19,"menu_order":20,"comment_status":"closed","ping_status":"closed","template":"page-templates\/side-menu.php","meta":{"_bbp_topic_count":0,"_bbp_reply_count":0,"_bbp_total_topic_count":0,"_bbp_total_reply_count":0,"_bbp_voice_count":0,"_bbp_anonymous_reply_count":0,"_bbp_topic_count_hidden":0,"_bbp_reply_count_hidden":0,"_bbp_forum_subforum_count":0,"footnotes":""},"class_list":["post-27","page","type-page","status-publish","hentry"],"post_mailing_queue_ids":[],"_links":{"self":[{"href":"https:\/\/agora.xtec.cat\/iestorredembarra\/wp-json\/wp\/v2\/pages\/27","targetHints":{"allow":["GET"]}}],"collection":[{"href":"https:\/\/agora.xtec.cat\/iestorredembarra\/wp-json\/wp\/v2\/pages"}],"about":[{"href":"https:\/\/agora.xtec.cat\/iestorredembarra\/wp-json\/wp\/v2\/types\/page"}],"author":[{"embeddable":true,"href":"https:\/\/agora.xtec.cat\/iestorredembarra\/wp-json\/wp\/v2\/users\/1"}],"replies":[{"embeddable":true,"href":"https:\/\/agora.xtec.cat\/iestorredembarra\/wp-json\/wp\/v2\/comments?post=27"}],"version-history":[{"count":4,"href":"https:\/\/agora.xtec.cat\/iestorredembarra\/wp-json\/wp\/v2\/pages\/27\/revisions"}],"predecessor-version":[{"id":22359,"href":"https:\/\/agora.xtec.cat\/iestorredembarra\/wp-json\/wp\/v2\/pages\/27\/revisions\/22359"}],"up":[{"embeddable":true,"href":"https:\/\/agora.xtec.cat\/iestorredembarra\/wp-json\/wp\/v2\/pages\/19"}],"wp:attachment":[{"href":"https:\/\/agora.xtec.cat\/iestorredembarra\/wp-json\/wp\/v2\/media?parent=27"}],"curies":[{"name":"wp","href":"https:\/\/api.w.org\/{rel}","templated":true}]}}