{"id":22391,"date":"2024-12-12T13:50:14","date_gmt":"2024-12-12T12:50:14","guid":{"rendered":"https:\/\/agora.xtec.cat\/iestorredembarra\/?page_id=22391"},"modified":"2026-01-09T09:34:05","modified_gmt":"2026-01-09T08:34:05","slug":"membres-2","status":"publish","type":"page","link":"https:\/\/agora.xtec.cat\/iestorredembarra\/linstitut\/consell-escolar\/membres-2\/","title":{"rendered":"Membres"},"content":{"rendered":"<p>El consell escolar del centre \u00e9s l&#8217;\u00f2rgan col\u00b7legiat de participaci\u00f3 de la comunitat escolar en el govern del centre. En el consell escolar hi ha representats tots els col\u00b7lectius que intervenen en la comunitat educativa: director o directora, professorat, alumnat, personal d&#8217;administraci\u00f3 i serveis, fam\u00edlies, AFA i representant de l\u2019Ajuntament. Els membres del consell escolar s\u00f3n elegits per un per\u00edode de quatre anys i es renoven per meitats cada dos anys. Els representants dels consell escolar s\u00f3n els seg\u00fcents:<\/p>\n<p>&nbsp;<\/p>\n<table style=\"height: 128px; width: 68.3636%; border-collapse: collapse;\">\n<tbody>\n<tr style=\"height: 32px;\">\n<td style=\"width: 68.3636%; height: 32px;\" colspan=\"2\"><span style=\"color: #3366ff;\"><strong>REPRESENTATS DE LA DIRECCI\u00d3<\/strong><\/span><\/td>\n<\/tr>\n<tr style=\"height: 32px;\">\n<td style=\"width: 25.3329%; height: 32px; background-color: #ffe7bf;\">Directora<\/td>\n<td style=\"width: 43.0307%; height: 32px; background-color: #ffe7bf;\">Patricia Orcajo Jim\u00e9nez<\/td>\n<\/tr>\n<tr style=\"height: 32px;\">\n<td style=\"width: 25.3329%; height: 32px; background-color: #ffe7bf;\">Cap d&#8217;Estudis<\/td>\n<td style=\"width: 43.0307%; height: 32px; background-color: #ffe7bf;\">Raquel Idoate Ib\u00e1\u00f1ez<\/td>\n<\/tr>\n<tr style=\"height: 32px;\">\n<td style=\"width: 25.3329%; height: 32px; background-color: #ffe7bf;\">Secretari<\/td>\n<td style=\"width: 43.0307%; height: 32px; background-color: #ffe7bf;\">David Pozuelo Pitarch<\/td>\n<\/tr>\n<\/tbody>\n<\/table>\n<p>&nbsp;<\/p>\n<table style=\"border-collapse: collapse; width: 68.4848%;\">\n<tbody>\n<tr>\n<td style=\"width: 100%;\"><span style=\"color: #3366ff;\"><strong>REPRESENTATS DEL PROFESORAT<\/strong><\/span><\/td>\n<\/tr>\n<tr>\n<td style=\"width: 100%; background-color: #ffe7bf;\">Jordi Rovira<\/td>\n<\/tr>\n<tr>\n<td style=\"width: 100%; background-color: #ffe7bf;\">Joana Furi\u00f3<\/td>\n<\/tr>\n<tr>\n<td style=\"width: 100%; background-color: #ffe7bf;\">Dolors Balcells<\/td>\n<\/tr>\n<tr>\n<td style=\"width: 100%; background-color: #ffe7bf;\">Clara Domingo<\/td>\n<\/tr>\n<tr>\n<td style=\"width: 100%; background-color: #ffe7bf;\">Ricard Belmonte<\/td>\n<\/tr>\n<tr>\n<td style=\"width: 100%; background-color: #ffe7bf;\">Carmen Castillo<\/td>\n<\/tr>\n<\/tbody>\n<\/table>\n<p>&nbsp;<\/p>\n<table style=\"border-collapse: collapse; width: 68.4848%;\">\n<tbody>\n<tr>\n<td style=\"width: 684.588px;\"><span style=\"color: #3366ff;\"><strong>REPRESENTATS PAE<\/strong><\/span><\/td>\n<\/tr>\n<tr>\n<td style=\"width: 684.588px; background-color: #ffe7bf;\">Rosa Marim\u00f3n Oll\u00e9<\/td>\n<\/tr>\n<\/tbody>\n<\/table>\n<p>&nbsp;<\/p>\n<table style=\"border-collapse: collapse; width: 68.4848%;\">\n<tbody>\n<tr>\n<td style=\"width: 684.588px;\"><span style=\"color: #3366ff;\"><strong>REPRESENTATS DE LES FAM\u00cdLIES<\/strong><\/span><\/td>\n<\/tr>\n<tr>\n<td style=\"width: 684.588px; background-color: #ffe7bf;\">Raquel Fern\u00e1ndez Cardona<\/td>\n<\/tr>\n<tr>\n<td style=\"width: 684.588px; background-color: #ffe7bf;\">Gisela Roca Mallofr\u00e9<\/td>\n<\/tr>\n<\/tbody>\n<\/table>\n<p>&nbsp;<\/p>\n<table style=\"border-collapse: collapse; width: 68.3636%;\">\n<tbody>\n<tr>\n<td style=\"width: 100%;\"><span style=\"color: #3366ff;\"><strong>REPRESENTATS DE L&#8217;ALUMNAT<\/strong><\/span><\/td>\n<\/tr>\n<tr>\n<td style=\"width: 100%; background-color: #ffe7bf;\">Rayan Mrabet Guemraoui<\/td>\n<\/tr>\n<tr>\n<td style=\"width: 100%; background-color: #ffe7bf;\">Joaquim Sol\u00e9 Montesinos<\/td>\n<\/tr>\n<tr>\n<td style=\"width: 100%; background-color: #ffe7bf;\">J\u00falia Segura Granados<\/td>\n<\/tr>\n<\/tbody>\n<\/table>\n<p>&nbsp;<\/p>\n<table style=\"border-collapse: collapse; width: 68.6061%; height: 64px;\">\n<tbody>\n<tr style=\"height: 32px;\">\n<td style=\"width: 100%; height: 32px;\"><span style=\"color: #3366ff;\"><strong>REPRESENTAT DEL PERSONAL D&#8217;ADMINISTRACI\u00d3 I SERVEIS<\/strong><\/span><\/td>\n<\/tr>\n<tr style=\"height: 32px;\">\n<td style=\"width: 100%; height: 32px; background-color: #ffe7bf;\">Anna Jim\u00e9nez Segarra<\/td>\n<\/tr>\n<\/tbody>\n<\/table>\n<p>&nbsp;<\/p>\n<table style=\"border-collapse: collapse; width: 68.6061%; height: 64px;\">\n<tbody>\n<tr style=\"height: 32px;\">\n<td style=\"width: 100%; height: 32px;\"><span style=\"color: #3366ff;\"><strong>REPRESENTAT DE L&#8217;AMPA<\/strong><\/span><\/td>\n<\/tr>\n<tr style=\"height: 32px;\">\n<td style=\"width: 100%; height: 32px; background-color: #ffe7bf;\">Marc Sol\u00e9 Porta<\/td>\n<\/tr>\n<\/tbody>\n<\/table>\n<p>&nbsp;<\/p>\n<table style=\"border-collapse: collapse; width: 68.6061%; height: 64px;\">\n<tbody>\n<tr style=\"height: 32px;\">\n<td style=\"width: 100%; height: 32px;\"><span style=\"color: #3366ff;\"><strong>REPRESENTAT DE L&#8217;AJUNTAMENT<\/strong><\/span><\/td>\n<\/tr>\n<tr style=\"height: 32px;\">\n<td style=\"width: 100%; height: 32px; background-color: #ffe7bf;\">Jos\u00e9 Garc\u00eda Gonz\u00e1lez<\/td>\n<\/tr>\n<\/tbody>\n<\/table>\n<p>&nbsp;<\/p>\n","protected":false},"excerpt":{"rendered":"<p>El consell escolar del centre \u00e9s l&#8217;\u00f2rgan col\u00b7legiat de participaci\u00f3 de la comunitat escolar en el govern del centre. En el consell escolar hi ha representats tots els col\u00b7lectius que intervenen en la comunitat educativa: director o directora, professorat, alumnat, personal d&#8217;administraci\u00f3 i serveis, fam\u00edlies,&hellip;  <a href=\"https:\/\/agora.xtec.cat\/iestorredembarra\/linstitut\/consell-escolar\/membres-2\/\" title=\"Read Membres\">Llegeix m\u00e9s\u00bb<\/a><\/p>\n","protected":false},"author":1,"featured_media":0,"parent":43,"menu_order":0,"comment_status":"closed","ping_status":"closed","template":"","meta":{"_bbp_topic_count":0,"_bbp_reply_count":0,"_bbp_total_topic_count":0,"_bbp_total_reply_count":0,"_bbp_voice_count":0,"_bbp_anonymous_reply_count":0,"_bbp_topic_count_hidden":0,"_bbp_reply_count_hidden":0,"_bbp_forum_subforum_count":0,"footnotes":""},"class_list":["post-22391","page","type-page","status-publish","hentry"],"post_mailing_queue_ids":[],"_links":{"self":[{"href":"https:\/\/agora.xtec.cat\/iestorredembarra\/wp-json\/wp\/v2\/pages\/22391","targetHints":{"allow":["GET"]}}],"collection":[{"href":"https:\/\/agora.xtec.cat\/iestorredembarra\/wp-json\/wp\/v2\/pages"}],"about":[{"href":"https:\/\/agora.xtec.cat\/iestorredembarra\/wp-json\/wp\/v2\/types\/page"}],"author":[{"embeddable":true,"href":"https:\/\/agora.xtec.cat\/iestorredembarra\/wp-json\/wp\/v2\/users\/1"}],"replies":[{"embeddable":true,"href":"https:\/\/agora.xtec.cat\/iestorredembarra\/wp-json\/wp\/v2\/comments?post=22391"}],"version-history":[{"count":6,"href":"https:\/\/agora.xtec.cat\/iestorredembarra\/wp-json\/wp\/v2\/pages\/22391\/revisions"}],"predecessor-version":[{"id":23216,"href":"https:\/\/agora.xtec.cat\/iestorredembarra\/wp-json\/wp\/v2\/pages\/22391\/revisions\/23216"}],"up":[{"embeddable":true,"href":"https:\/\/agora.xtec.cat\/iestorredembarra\/wp-json\/wp\/v2\/pages\/43"}],"wp:attachment":[{"href":"https:\/\/agora.xtec.cat\/iestorredembarra\/wp-json\/wp\/v2\/media?parent=22391"}],"curies":[{"name":"wp","href":"https:\/\/api.w.org\/{rel}","templated":true}]}}