{"id":18771,"date":"2022-06-08T10:08:44","date_gmt":"2022-06-08T08:08:44","guid":{"rendered":"https:\/\/agora.xtec.cat\/iestorredembarra\/?page_id=18771"},"modified":"2025-05-12T12:14:15","modified_gmt":"2025-05-12T10:14:15","slug":"objectius","status":"publish","type":"page","link":"https:\/\/agora.xtec.cat\/iestorredembarra\/projecte-educatiu\/edc\/objectius\/","title":{"rendered":"Objectius"},"content":{"rendered":"<h4><strong><span style=\"color: #993366;\">OBJETIUS RELACIONATS AMB ELS PUNTS FEBLES<\/span><\/strong><\/h4>\n<p><span data-sheets-formula-bar-text-style=\"font-size:15px;color:#000000;font-weight:normal;text-decoration:none;font-family:'docs-Inconsolata';font-style:normal;text-decoration-skip-ink:none;\">1.- Desenvolupamnet de l&#8217;estrat\u00e8gia digital del centre en col\u00b7laboraci\u00f3 amb el professorat.<\/span><\/p>\n<p><span data-sheets-formula-bar-text-style=\"font-size:15px;color:#000000;font-weight:normal;text-decoration:none;font-family:'docs-Inconsolata';font-style:normal;text-decoration-skip-ink:none;\">2.- Millorar les compet\u00e8ncies digitals del professorat.<\/span><\/p>\n<p><span data-sheets-formula-bar-text-style=\"font-size:15px;color:#000000;font-weight:normal;text-decoration:none;font-family:'docs-Inconsolata';font-style:normal;text-decoration-skip-ink:none;\">\u00a0\u00a0\u00a0\u00a0\u00a0 2.1.- Incentivar i promoure el debat sobre les necessitats de les TIC a l&#8217;aula per part del professorat.<\/span><\/p>\n<p>3.- <span data-sheets-formula-bar-text-style=\"font-size:15px;color:#000000;font-weight:normal;text-decoration:none;font-family:'docs-Inconsolata';font-style:normal;text-decoration-skip-ink:none;\">Adaptaci\u00f3 dels continguts als alumnes mitjan\u00e7ant l&#8217;\u00fas de les TIC<\/span><\/p>\n<p>4.- <span data-sheets-formula-bar-text-style=\"font-size:15px;color:#000000;font-weight:normal;text-decoration:none;font-family:'docs-Inconsolata';font-style:normal;text-decoration-skip-ink:none;\">Millorar l&#8217;avaluaci\u00f3 mitjan\u00e7ant les TIC a l&#8217;aula<\/span><\/p>\n<p>&nbsp;<\/p>\n<h4><span style=\"color: #993366;\"><strong>OBJETIUS RELACIONATS AMB ELS PUNTS FORTS<\/strong><\/span><\/h4>\n<p>5.- Revisar, mantenir i millorar l&#8217;equipament TIC del centre.<\/p>\n<p>6.- <span data-sheets-formula-bar-text-style=\"font-size:13px;color:#000000;font-weight:normal;text-decoration:none;font-family:'Arial';font-style:normal;text-decoration-skip-ink:none;\">Continuar fomentant l&#8217;\u00fas de les TIC a l&#8217;aula.<\/span><\/p>\n<p>7.- <span data-sheets-formula-bar-text-style=\"font-size:13px;color:#000000;font-weight:normal;text-decoration:none;font-family:'Arial';font-style:normal;text-decoration-skip-ink:none;\">Consolidar els h\u00e0bits responsables envers l&#8217;\u00fas de la tecnologia i seguir promovent la creaci\u00f3 i comunicaci\u00f3 de l&#8217;alumnat amb les TIC.<\/span><\/p>\n<p>8.- Impulsar el pensament computacional entre l&#8217;alumnat.<\/p>\n","protected":false},"excerpt":{"rendered":"<p>OBJETIUS RELACIONATS AMB ELS PUNTS FEBLES<br \/>\n1.- Desenvolupamnet de l&#8217;estrat\u00e8gia digital del centre en col\u00b7laboraci\u00f3 amb el professorat.<br \/>\n2.- Millorar les compet\u00e8ncies digitals del professorat.<br \/>\n\u00a0\u00a0\u00a0\u00a0\u00a0 2.1.- Incentivar i promoure el debat sobre les necessitats de les TIC a l&#8217;aula per part del professorat.<br \/>\n3.- Adaptaci\u00f3 dels continguts als&hellip;  <a href=\"https:\/\/agora.xtec.cat\/iestorredembarra\/projecte-educatiu\/edc\/objectius\/\" title=\"Read Objectius\">Llegeix m\u00e9s\u00bb<\/a><\/p>\n","protected":false},"author":1,"featured_media":0,"parent":18481,"menu_order":0,"comment_status":"closed","ping_status":"closed","template":"","meta":{"_bbp_topic_count":0,"_bbp_reply_count":0,"_bbp_total_topic_count":0,"_bbp_total_reply_count":0,"_bbp_voice_count":0,"_bbp_anonymous_reply_count":0,"_bbp_topic_count_hidden":0,"_bbp_reply_count_hidden":0,"_bbp_forum_subforum_count":0,"footnotes":""},"class_list":["post-18771","page","type-page","status-publish","hentry"],"post_mailing_queue_ids":[],"_links":{"self":[{"href":"https:\/\/agora.xtec.cat\/iestorredembarra\/wp-json\/wp\/v2\/pages\/18771","targetHints":{"allow":["GET"]}}],"collection":[{"href":"https:\/\/agora.xtec.cat\/iestorredembarra\/wp-json\/wp\/v2\/pages"}],"about":[{"href":"https:\/\/agora.xtec.cat\/iestorredembarra\/wp-json\/wp\/v2\/types\/page"}],"author":[{"embeddable":true,"href":"https:\/\/agora.xtec.cat\/iestorredembarra\/wp-json\/wp\/v2\/users\/1"}],"replies":[{"embeddable":true,"href":"https:\/\/agora.xtec.cat\/iestorredembarra\/wp-json\/wp\/v2\/comments?post=18771"}],"version-history":[{"count":4,"href":"https:\/\/agora.xtec.cat\/iestorredembarra\/wp-json\/wp\/v2\/pages\/18771\/revisions"}],"predecessor-version":[{"id":22725,"href":"https:\/\/agora.xtec.cat\/iestorredembarra\/wp-json\/wp\/v2\/pages\/18771\/revisions\/22725"}],"up":[{"embeddable":true,"href":"https:\/\/agora.xtec.cat\/iestorredembarra\/wp-json\/wp\/v2\/pages\/18481"}],"wp:attachment":[{"href":"https:\/\/agora.xtec.cat\/iestorredembarra\/wp-json\/wp\/v2\/media?parent=18771"}],"curies":[{"name":"wp","href":"https:\/\/api.w.org\/{rel}","templated":true}]}}