{"id":18481,"date":"2022-03-30T10:15:08","date_gmt":"2022-03-30T08:15:08","guid":{"rendered":"https:\/\/agora.xtec.cat\/iestorredembarra\/?page_id=18481"},"modified":"2023-11-22T13:52:27","modified_gmt":"2023-11-22T12:52:27","slug":"edc","status":"publish","type":"page","link":"https:\/\/agora.xtec.cat\/iestorredembarra\/projecte-educatiu\/edc\/","title":{"rendered":"Estrat\u00e8gia Digital de Centre"},"content":{"rendered":"<p><a href=\"https:\/\/agora.xtec.cat\/iestorredembarra\/wp-content\/uploads\/usu487\/2022\/03\/EDC_logo.jpg\"><img loading=\"lazy\" decoding=\"async\" class=\"alignnone size-full wp-image-18484\" src=\"https:\/\/agora.xtec.cat\/iestorredembarra\/wp-content\/uploads\/usu487\/2022\/03\/EDC_logo.jpg\" alt=\"\" width=\"600\" height=\"325\" srcset=\"https:\/\/agora.xtec.cat\/iestorredembarra\/wp-content\/uploads\/usu487\/2022\/03\/EDC_logo.jpg 600w, https:\/\/agora.xtec.cat\/iestorredembarra\/wp-content\/uploads\/usu487\/2022\/03\/EDC_logo-300x163.jpg 300w\" sizes=\"auto, (max-width: 600px) 100vw, 600px\" \/><\/a><\/p>\n<p><span id=\"page13R_mcid202\" class=\"markedContent\"><span dir=\"ltr\" role=\"presentation\">L\u2019EDC defineix i concreta les l\u00ednies d\u2019actuaci\u00f3 d\u2019un <\/span><\/span><span id=\"page13R_mcid203\" class=\"markedContent\"><span dir=\"ltr\" role=\"presentation\">centre que fan possible que docents, alumnat i <\/span><\/span><span id=\"page13R_mcid204\" class=\"markedContent\"><span dir=\"ltr\" role=\"presentation\">centre assoleixin la compet\u00e8ncia digital. Per acon<\/span><\/span><span id=\"page13R_mcid206\" class=\"markedContent\"><span dir=\"ltr\" role=\"presentation\">seguir aquesta compet\u00e8ncia digital, l\u2019EDC compr\u00e8n <\/span><\/span><span id=\"page13R_mcid207\" class=\"markedContent\"><span dir=\"ltr\" role=\"presentation\">tots els \u00e0mbits del centre: organitzatius, metodol\u00f2<\/span><\/span><span id=\"page13R_mcid209\" class=\"markedContent\"><span dir=\"ltr\" role=\"presentation\">gics, curriculars i comunicatius, els quals s\u2019han de <\/span><\/span><span id=\"page13R_mcid210\" class=\"markedContent\"><span dir=\"ltr\" role=\"presentation\">veure necess\u00e0riament implicats i, si escau, trans<\/span><\/span><span id=\"page13R_mcid212\" class=\"markedContent\"><span dir=\"ltr\" role=\"presentation\">formats, des d\u2019una perspectiva d\u2019innovaci\u00f3 i de mi<\/span><\/span><span id=\"page13R_mcid214\" class=\"markedContent\"><span dir=\"ltr\" role=\"presentation\">llora cont\u00ednua.<\/span><\/span><\/p>\n<ul>\n<li><a href=\"https:\/\/educacio.gencat.cat\/web\/.content\/home\/departament\/publicacions\/colleccions\/pla-educacio-digital\/estrategia-digital-centre\/estrategia-digital-centre.pdf\" target=\"_blank\" rel=\"noopener\">Document de refer\u00e8ncia del Departament d&#8217;Educaci\u00f3<\/a><\/li>\n<\/ul>\n<h5>ESTRAT\u00c8GIA<\/h5>\n<p>Per elaborar aquest pla estrat\u00e8gic s&#8217;han seguit les seg\u00fcents fases.<\/p>\n<ol>\n<li><a href=\"https:\/\/agora.xtec.cat\/iestorredembarra\/projecte-educatiu\/edc\/diagnosi\/\">Diagnosi<\/a><\/li>\n<li><a href=\"https:\/\/agora.xtec.cat\/iestorredembarra\/projecte-educatiu\/edc\/objectius\/\">Objectius<\/a><\/li>\n<li><a href=\"https:\/\/docs.google.com\/spreadsheets\/d\/1_3xd1UuzclBEtnlBQflUqyrwRmZBLKNAQ2slIh3Efik\/edit#gid=25728706\">Planificaci\u00f3<\/a><\/li>\n<li>Avaluaci\u00f3<\/li>\n<\/ol>\n","protected":false},"excerpt":{"rendered":"<p><a href=\"https:\/\/agora.xtec.cat\/iestorredembarra\/wp-content\/uploads\/usu487\/2022\/03\/EDC_logo.jpg\"><\/a><br \/>\nL\u2019EDC defineix i concreta les l\u00ednies d\u2019actuaci\u00f3 d\u2019un centre que fan possible que docents, alumnat i centre assoleixin la compet\u00e8ncia digital. Per aconseguir aquesta compet\u00e8ncia digital, l\u2019EDC compr\u00e8n tots els \u00e0mbits del centre: organitzatius, metodol\u00f2gics, curriculars i comunicatius, els quals s\u2019han de veure necess\u00e0riament&hellip;  <a href=\"https:\/\/agora.xtec.cat\/iestorredembarra\/projecte-educatiu\/edc\/\" title=\"Read Estrat\u00e8gia Digital de Centre\">Llegeix m\u00e9s\u00bb<\/a><\/p>\n","protected":false},"author":1,"featured_media":0,"parent":57,"menu_order":0,"comment_status":"closed","ping_status":"closed","template":"page-templates\/side-menu.php","meta":{"_bbp_topic_count":0,"_bbp_reply_count":0,"_bbp_total_topic_count":0,"_bbp_total_reply_count":0,"_bbp_voice_count":0,"_bbp_anonymous_reply_count":0,"_bbp_topic_count_hidden":0,"_bbp_reply_count_hidden":0,"_bbp_forum_subforum_count":0,"footnotes":""},"class_list":["post-18481","page","type-page","status-publish","hentry"],"post_mailing_queue_ids":[],"_links":{"self":[{"href":"https:\/\/agora.xtec.cat\/iestorredembarra\/wp-json\/wp\/v2\/pages\/18481","targetHints":{"allow":["GET"]}}],"collection":[{"href":"https:\/\/agora.xtec.cat\/iestorredembarra\/wp-json\/wp\/v2\/pages"}],"about":[{"href":"https:\/\/agora.xtec.cat\/iestorredembarra\/wp-json\/wp\/v2\/types\/page"}],"author":[{"embeddable":true,"href":"https:\/\/agora.xtec.cat\/iestorredembarra\/wp-json\/wp\/v2\/users\/1"}],"replies":[{"embeddable":true,"href":"https:\/\/agora.xtec.cat\/iestorredembarra\/wp-json\/wp\/v2\/comments?post=18481"}],"version-history":[{"count":5,"href":"https:\/\/agora.xtec.cat\/iestorredembarra\/wp-json\/wp\/v2\/pages\/18481\/revisions"}],"predecessor-version":[{"id":21111,"href":"https:\/\/agora.xtec.cat\/iestorredembarra\/wp-json\/wp\/v2\/pages\/18481\/revisions\/21111"}],"up":[{"embeddable":true,"href":"https:\/\/agora.xtec.cat\/iestorredembarra\/wp-json\/wp\/v2\/pages\/57"}],"wp:attachment":[{"href":"https:\/\/agora.xtec.cat\/iestorredembarra\/wp-json\/wp\/v2\/media?parent=18481"}],"curies":[{"name":"wp","href":"https:\/\/api.w.org\/{rel}","templated":true}]}}