{"id":15303,"date":"2019-11-10T20:09:04","date_gmt":"2019-11-10T19:09:04","guid":{"rendered":"http:\/\/agora.xtec.cat\/iestorredembarra\/?page_id=15303"},"modified":"2024-11-19T09:58:51","modified_gmt":"2024-11-19T08:58:51","slug":"organigrama","status":"publish","type":"page","link":"https:\/\/agora.xtec.cat\/iestorredembarra\/organigrama\/","title":{"rendered":"Organigrama"},"content":{"rendered":"<p>&nbsp;<\/p>\n<table style=\"border-collapse: collapse; width: 82.9814%; height: 160px;\">\n<tbody>\n<tr>\n<td style=\"width: 100%;\" colspan=\"2\" bgcolor=\"fff090\"><span style=\"color: #0000ff;\">EQUIP DIRECTIU<\/span><\/td>\n<\/tr>\n<tr>\n<td style=\"width: 54.7648%;\">Directora<\/td>\n<td style=\"width: 45.2352%;\">Patricia Orcajo<\/td>\n<\/tr>\n<tr>\n<td style=\"width: 54.7648%;\">Cap d&#8217;Estudis<\/td>\n<td style=\"width: 45.2352%;\">Isabel Quir\u00f3s<\/td>\n<\/tr>\n<tr>\n<td style=\"width: 54.7648%;\">Coordinadora Pedag\u00f2gica<\/td>\n<td style=\"width: 45.2352%;\">Raquel Idoate<\/td>\n<\/tr>\n<tr>\n<td style=\"width: 54.7648%;\">Secretari<\/td>\n<td style=\"width: 45.2352%;\">Dami\u00e1n Gonz\u00e1lez<\/td>\n<\/tr>\n<\/tbody>\n<\/table>\n<p>&nbsp;<\/p>\n<p>&nbsp;<\/p>\n<table style=\"border-collapse: collapse; width: 82.9814%; height: 160px;\">\n<tbody>\n<tr>\n<td style=\"width: 55.1266%;\"><span style=\"color: #0000ff;\">COORDINACI\u00d3<\/span><\/td>\n<td style=\"width: 90.1086%;\">RESPONSABLE<\/td>\n<\/tr>\n<tr>\n<td style=\"width: 55.1266%;\">Primer Cicle ESO<\/td>\n<td style=\"width: 90.1086%;\">Patricia Orcajo<\/td>\n<\/tr>\n<tr>\n<td style=\"width: 55.1266%;\">Segon Cicle ESO<\/td>\n<td style=\"width: 90.1086%;\">Isabel Quir\u00f3s<\/td>\n<\/tr>\n<tr>\n<td style=\"width: 55.1266%;\">Batxillerat<\/td>\n<td style=\"width: 90.1086%;\">Raquel Idoate<\/td>\n<\/tr>\n<tr>\n<td style=\"width: 55.1266%;\">Activitats i Serveis Escolars<\/td>\n<td style=\"width: 90.1086%;\">Dami\u00e1n Gonz\u00e1lez<\/td>\n<\/tr>\n<tr>\n<td style=\"width: 55.1266%;\">Digital<\/td>\n<td style=\"width: 90.1086%;\">Dami\u00e1n Gonz\u00e1lez<\/td>\n<\/tr>\n<tr>\n<td style=\"width: 55.1266%;\">Ling\u00fc\u00edstica, Intercultural i Cohesi\u00f3 Social<\/td>\n<td style=\"width: 90.1086%;\">Dami\u00e1n Gonz\u00e1lez<\/td>\n<\/tr>\n<tr>\n<td style=\"width: 55.1266%;\">Riscos Laborals<\/td>\n<td style=\"width: 90.1086%;\">Dami\u00e1n Gonz\u00e1lez<\/td>\n<\/tr>\n<tr>\n<td style=\"width: 55.1266%;\">Coeducaci\u00f3. Conviv\u00e8ncia i Benestar de l&#8217;Alumnat<\/td>\n<td style=\"width: 90.1086%;\">Dami\u00e1n Gonz\u00e1lez<\/td>\n<\/tr>\n<\/tbody>\n<\/table>\n<p>&nbsp;<\/p>\n<p>&nbsp;<\/p>\n<p>&nbsp;<\/p>\n","protected":false},"excerpt":{"rendered":"<p>&nbsp;<\/p>\n<p>EQUIP DIRECTIU<\/p>\n<p>Directora<br \/>\nPatricia Orcajo<\/p>\n<p>Cap d&#8217;Estudis<br \/>\nIsabel Quir\u00f3s<\/p>\n<p>Coordinadora Pedag\u00f2gica<br \/>\nRaquel Idoate<\/p>\n<p>Secretari<br \/>\nDami\u00e1n Gonz\u00e1lez<\/p>\n<p>&nbsp;<br \/>\n&nbsp;<\/p>\n<p>COORDINACI\u00d3<br \/>\nRESPONSABLE<\/p>\n<p>Primer Cicle ESO<br \/>\nPatricia Orcajo<\/p>\n<p>Segon Cicle ESO<br \/>\nIsabel Quir\u00f3s<\/p>\n<p>Batxillerat<br \/>\nRaquel Idoate<\/p>\n<p>Activitats i Serveis Escolars<br \/>\nDami\u00e1n Gonz\u00e1lez<\/p>\n<p>Digital<br \/>\nDami\u00e1n Gonz\u00e1lez<\/p>\n<p>Ling\u00fc\u00edstica, Intercultural i Cohesi\u00f3 Social<br \/>\nDami\u00e1n Gonz\u00e1lez<\/p>\n<p>Riscos Laborals<br \/>\nDami\u00e1n Gonz\u00e1lez<\/p>\n<p>Coeducaci\u00f3. Conviv\u00e8ncia i Benestar de l&#8217;Alumnat<br \/>\nDami\u00e1n Gonz\u00e1lez<\/p>\n<p>&nbsp;<br \/>\n&nbsp;<br \/>\n&nbsp;<\/p>\n","protected":false},"author":1,"featured_media":0,"parent":0,"menu_order":0,"comment_status":"closed","ping_status":"closed","template":"","meta":{"_bbp_topic_count":0,"_bbp_reply_count":0,"_bbp_total_topic_count":0,"_bbp_total_reply_count":0,"_bbp_voice_count":0,"_bbp_anonymous_reply_count":0,"_bbp_topic_count_hidden":0,"_bbp_reply_count_hidden":0,"_bbp_forum_subforum_count":0,"footnotes":""},"class_list":["post-15303","page","type-page","status-publish","hentry"],"post_mailing_queue_ids":[],"_links":{"self":[{"href":"https:\/\/agora.xtec.cat\/iestorredembarra\/wp-json\/wp\/v2\/pages\/15303","targetHints":{"allow":["GET"]}}],"collection":[{"href":"https:\/\/agora.xtec.cat\/iestorredembarra\/wp-json\/wp\/v2\/pages"}],"about":[{"href":"https:\/\/agora.xtec.cat\/iestorredembarra\/wp-json\/wp\/v2\/types\/page"}],"author":[{"embeddable":true,"href":"https:\/\/agora.xtec.cat\/iestorredembarra\/wp-json\/wp\/v2\/users\/1"}],"replies":[{"embeddable":true,"href":"https:\/\/agora.xtec.cat\/iestorredembarra\/wp-json\/wp\/v2\/comments?post=15303"}],"version-history":[{"count":6,"href":"https:\/\/agora.xtec.cat\/iestorredembarra\/wp-json\/wp\/v2\/pages\/15303\/revisions"}],"predecessor-version":[{"id":22335,"href":"https:\/\/agora.xtec.cat\/iestorredembarra\/wp-json\/wp\/v2\/pages\/15303\/revisions\/22335"}],"wp:attachment":[{"href":"https:\/\/agora.xtec.cat\/iestorredembarra\/wp-json\/wp\/v2\/media?parent=15303"}],"curies":[{"name":"wp","href":"https:\/\/api.w.org\/{rel}","templated":true}]}}