{"id":8852,"date":"2024-03-05T12:54:17","date_gmt":"2024-03-05T11:54:17","guid":{"rendered":"https:\/\/agora.xtec.cat\/iestorredelpalau\/?page_id=8852"},"modified":"2026-05-04T10:44:19","modified_gmt":"2026-05-04T08:44:19","slug":"preinscripcions-batxillerat-2024-25","status":"publish","type":"page","link":"https:\/\/agora.xtec.cat\/iestorredelpalau\/preinscripcio-eso-2025-26\/preinscripcions-batxillerat-2024-25\/","title":{"rendered":"Preinscripcions Batxillerat 2026-27"},"content":{"rendered":"<div style=\"font-family: 'Segoe UI', Roboto, sans-serif; max-width: 1000px; margin: 0 auto; color: #3b82f6; padding: 20px;\">\n<div style=\"text-align: center; margin-bottom: 40px;\">\n<h1 style=\"font-size: 28px; font-weight: 800; color: #3b82f6; text-transform: uppercase; margin-bottom: 10px; border-bottom: 3px solid #3B82F6; display: inline-block; padding-bottom: 10px;\">Documents per a la Preinscripci\u00f3 Batxillerat<\/h1>\n<\/div>\n<div style=\"display: grid; grid-template-columns: repeat(auto-fit, minmax(340px, 1fr)); gap: 25px;\">\n<div style=\"border: 2px solid #3B82F6; border-radius: 15px; overflow: hidden; background: white; display: flex; flex-direction: column;\">\n<div style=\"background: #3B82F6; color: white; padding: 15px; font-weight: bold; text-align: center; font-size: 13px; text-transform: uppercase; min-height: 45px; display: flex; align-items: center; justify-content: center;\">BATX_INFORME_OFERTA_OME_INICIAL<\/div>\n<div style=\"padding: 15px; text-align: center; background: #f0f7ff; flex-grow: 1;\"><iframe style=\"border: 1px solid #3B82F6; border-radius: 10px; width: 100%; max-width: 340px;\" src=\"https:\/\/drive.google.com\/file\/d\/1uzsoutlOl-JwedfT9f_e36TDeEqsPUWO\/preview\" height=\"280\"><\/iframe><\/div>\n<\/div>\n<div style=\"border: 2px solid #3B82F6; border-radius: 15px; overflow: hidden; background: white; display: flex; flex-direction: column;\">\n<div style=\"background: #3B82F6; color: white; padding: 15px; font-weight: bold; text-align: center; font-size: 13px; text-transform: uppercase; min-height: 45px; display: flex; align-items: center; justify-content: center;\">BATX_INFORME_OFERTA_DEFINITIVA<\/div>\n<div style=\"padding: 15px; text-align: center; background: #f0f7ff; flex-grow: 1; display: flex; align-items: center; justify-content: center; min-height: 280px;\"><span style=\"color: #3b82f6; font-style: italic; font-weight: 500;\">Pendent de publicaci\u00f3<\/span><\/div>\n<\/div>\n<div style=\"border: 2px solid #3B82F6; border-radius: 15px; overflow: hidden; background: white; display: flex; flex-direction: column;\">\n<div style=\"background: #3B82F6; color: white; padding: 15px; font-weight: bold; text-align: center; font-size: 13px; text-transform: uppercase; min-height: 45px; display: flex; align-items: center; justify-content: center;\">PREINSCRIPCI\u00d3 BATX 26-27_CALENDARI_CRITERIS I DOCUMENTACI\u00d3<\/div>\n<div style=\"padding: 15px; text-align: center; background: #f0f7ff; flex-grow: 1;\"><iframe style=\"border: 1px solid #3B82F6; border-radius: 10px; width: 100%; max-width: 340px;\" src=\"https:\/\/drive.google.com\/file\/d\/1pGy47WOtqRmxrpbJi4LbYvnBSpEgu7ff\/preview\" height=\"280\"><\/iframe><\/div>\n<\/div>\n<div style=\"border: 2px solid #3B82F6; border-radius: 15px; overflow: hidden; background: white; display: flex; flex-direction: column;\">\n<div style=\"background: #3B82F6; color: white; padding: 15px; font-weight: bold; text-align: center; font-size: 13px; text-transform: uppercase; min-height: 45px; display: flex; align-items: center; justify-content: center;\">RESOLUCI\u00d3 EDF2932026 DE 6 DE FEBRER<\/div>\n<div style=\"padding: 15px; text-align: center; background: #f0f7ff; flex-grow: 1;\"><iframe style=\"border: 1px solid #3B82F6; border-radius: 10px; width: 100%; max-width: 340px;\" src=\"https:\/\/drive.google.com\/file\/d\/1AaKSXoc1hdNLLmboSCqF2t5tE_T4dlBl\/preview\" height=\"280\"><\/iframe><\/div>\n<\/div>\n<div style=\"border: 2px solid #3B82F6; border-radius: 15px; overflow: hidden; background: white; display: flex; flex-direction: column;\">\n<div style=\"background: #3B82F6; color: white; padding: 15px; font-weight: bold; text-align: center; font-size: 13px; text-transform: uppercase; min-height: 45px; display: flex; align-items: center; justify-content: center;\">DECLARACI\u00d3 JURADA_NIF<\/div>\n<div style=\"padding: 15px; text-align: center; background: #f0f7ff; flex-grow: 1;\"><iframe style=\"border: 1px solid #3B82F6; border-radius: 10px; width: 100%; max-width: 340px;\" src=\"https:\/\/drive.google.com\/file\/d\/1TYLV0p-3yEc5w1C8DDE3RGzjD4ecdaT2\/preview\" height=\"280\"><\/iframe><\/div>\n<\/div>\n<div style=\"border: 2px solid #3B82F6; border-radius: 15px; overflow: hidden; background: white; display: flex; flex-direction: column;\">\n<div style=\"background: #3B82F6; color: white; padding: 15px; font-weight: bold; text-align: center; font-size: 13px; text-transform: uppercase; min-height: 45px; display: flex; align-items: center; justify-content: center;\">BATX_CENTRE_REFER\u00c8NCIA_ESPORT_ALT_NIVELL<\/div>\n<div style=\"padding: 15px; text-align: center; background: #f0f7ff; flex-grow: 1;\"><iframe style=\"border: 1px solid #3B82F6; border-radius: 10px; width: 100%; max-width: 340px;\" src=\"https:\/\/drive.google.com\/file\/d\/1fRJV4IMb7g8L6xg3Cso5olbCVKFsYoo4\/preview\" height=\"280\"><\/iframe><\/div>\n<\/div>\n<div style=\"border: 2px solid #3B82F6; border-radius: 15px; overflow: hidden; background: white; display: flex; flex-direction: column;\">\n<div style=\"background: #3B82F6; color: white; padding: 15px; font-weight: bold; text-align: center; font-size: 13px; text-transform: uppercase; min-height: 45px; display: flex; align-items: center; justify-content: center;\">BATX_CENTRES_REFER\u00c8NCIA_M\u00daSICA_DANSA<\/div>\n<div style=\"padding: 15px; text-align: center; background: #f0f7ff; flex-grow: 1;\"><iframe style=\"border: 1px solid #3B82F6; border-radius: 10px; width: 100%; max-width: 340px;\" src=\"https:\/\/drive.google.com\/file\/d\/1aC4MmkGiWbbrWFAjIKMiurZYP2sbQyWU\/preview\" height=\"280\"><\/iframe><\/div>\n<\/div>\n<div style=\"border: 2px solid #3B82F6; border-radius: 15px; overflow: hidden; background: white; display: flex; flex-direction: column;\">\n<div style=\"background: #3B82F6; color: white; padding: 15px; font-weight: bold; text-align: center; font-size: 13px; text-transform: uppercase; min-height: 45px; display: flex; align-items: center; justify-content: center;\">BATXILLERAT ART\u00cdSTIC_BATXLOE_1000_CA<\/div>\n<div style=\"padding: 15px; text-align: center; background: #f0f7ff; flex-grow: 1;\"><iframe style=\"border: 1px solid #3B82F6; border-radius: 10px; width: 100%; max-width: 340px;\" src=\"https:\/\/drive.google.com\/file\/d\/12gDf9V4RWXSSxZHVgEUKdm10btr2qSr5\/preview\" height=\"280\"><\/iframe><\/div>\n<\/div>\n<div style=\"border: 2px solid #3B82F6; border-radius: 15px; overflow: hidden; background: white; display: flex; flex-direction: column;\">\n<div style=\"background: #3B82F6; color: white; padding: 15px; font-weight: bold; text-align: center; font-size: 13px; text-transform: uppercase; min-height: 45px; display: flex; align-items: center; justify-content: center;\">BATXILLERAT CIENT\u00cdFIC_TECNOL\u00d2GIC_BATXLOE_2000_CA<\/div>\n<div style=\"padding: 15px; text-align: center; background: #f0f7ff; flex-grow: 1;\"><iframe style=\"border: 1px solid #3B82F6; border-radius: 10px; width: 100%; max-width: 340px;\" src=\"https:\/\/drive.google.com\/file\/d\/1wPfPtSuA34oS2FvMOR8B4CdzTj2QDpZ6\/preview\" height=\"280\"><\/iframe><\/div>\n<\/div>\n<div style=\"border: 2px solid #3B82F6; border-radius: 15px; overflow: hidden; background: white; display: flex; flex-direction: column;\">\n<div style=\"background: #3B82F6; color: white; padding: 15px; font-weight: bold; text-align: center; font-size: 13px; text-transform: uppercase; min-height: 45px; display: flex; align-items: center; justify-content: center;\">BATXILLERAT HUMAN\u00cdSTIC_SOCIAL_BATXLOE_3000_CA<\/div>\n<div style=\"padding: 15px; text-align: center; background: #f0f7ff; flex-grow: 1;\"><iframe style=\"border: 1px solid #3B82F6; border-radius: 10px; width: 100%; max-width: 340px;\" src=\"https:\/\/drive.google.com\/file\/d\/1drokV8See3leDFXQpo8yklVHqYFVEbkK\/preview\" height=\"280\"><\/iframe><\/div>\n<\/div>\n<div style=\"border: 2px solid #3B82F6; border-radius: 15px; overflow: hidden; background: white; display: flex; flex-direction: column;\">\n<div style=\"background: #3B82F6; color: white; padding: 15px; font-weight: bold; text-align: center; font-size: 13px; text-transform: uppercase; min-height: 45px; display: flex; align-items: center; justify-content: center;\">DECLARACI\u00d3 JURADA_M\u00daSICA_ACC\u00c9S A 1r GP<\/div>\n<div style=\"padding: 15px; text-align: center; background: #f0f7ff; flex-grow: 1;\"><iframe style=\"border: 1px solid #3B82F6; border-radius: 10px; width: 100%; max-width: 340px;\" src=\"https:\/\/drive.google.com\/file\/d\/110DZT0DdCpyjcOsuligO4FWjA3Nfah1X\/preview\" height=\"280\"><\/iframe><\/div>\n<\/div>\n<div style=\"border: 2px solid #3B82F6; border-radius: 15px; overflow: hidden; background: white; display: flex; flex-direction: column;\">\n<div style=\"background: #3B82F6; color: white; padding: 15px; font-weight: bold; text-align: center; font-size: 13px; text-transform: uppercase; min-height: 45px; display: flex; align-items: center; justify-content: center;\">DECLARACI\u00d3 JURADA_M\u00daSICA_CURSANT GP<\/div>\n<div style=\"padding: 15px; text-align: center; background: #f0f7ff; flex-grow: 1;\"><iframe style=\"border: 1px solid #3B82F6; border-radius: 10px; width: 100%; max-width: 340px;\" src=\"https:\/\/drive.google.com\/file\/d\/1SW3kKLe6HQIN9RIGRTe1oeWIEdrKw0li\/preview\" height=\"280\"><\/iframe><\/div>\n<\/div>\n<div style=\"border: 2px solid #3B82F6; border-radius: 15px; overflow: hidden; background: white; display: flex; flex-direction: column;\">\n<div style=\"background: #3B82F6; color: white; padding: 15px; font-weight: bold; text-align: center; font-size: 13px; text-transform: uppercase; min-height: 45px; display: flex; align-items: center; justify-content: center;\">DUBTES I ERRORS FREQ\u00dcENTS<\/div>\n<div style=\"padding: 15px; text-align: center; background: #f0f7ff; flex-grow: 1;\"><iframe style=\"border: 1px solid #3B82F6; border-radius: 10px; width: 100%; max-width: 340px;\" src=\"https:\/\/drive.google.com\/file\/d\/1NlWgVUCPMF3p6YQvSpxnLFNJJH_LBszj\/preview\" height=\"280\"><\/iframe><\/div>\n<\/div>\n<\/div>\n<div style=\"text-align: center; padding: 40px 0;\"><a style=\"font-size: 14px; color: #3b82f6; text-decoration: none; font-weight: bold;\" href=\"#\">\u2191 TORNAR A L&#8217;INICI<\/a><\/div>\n<\/div>\n","protected":false},"excerpt":{"rendered":"<p>Documents per a la Preinscripci\u00f3 Batxillerat BATX_INFORME_OFERTA_OME_INICIAL BATX_INFORME_OFERTA_DEFINITIVA Pendent de publicaci\u00f3 PREINSCRIPCI\u00d3 BATX 26-27_CALENDARI_CRITERIS I DOCUMENTACI\u00d3 RESOLUCI\u00d3 EDF2932026 DE 6 DE FEBRER DECLARACI\u00d3 JURADA_NIF BATX_CENTRE_REFER\u00c8NCIA_ESPORT_ALT_NIVELL BATX_CENTRES_REFER\u00c8NCIA_M\u00daSICA_DANSA BATXILLERAT ART\u00cdSTIC_BATXLOE_1000_CA BATXILLERAT CIENT\u00cdFIC_TECNOL\u00d2GIC_BATXLOE_2000_CA BATXILLERAT HUMAN\u00cdSTIC_SOCIAL_BATXLOE_3000_CA DECLARACI\u00d3 JURADA_M\u00daSICA_ACC\u00c9S A 1r GP DECLARACI\u00d3 JURADA_M\u00daSICA_CURSANT GP DUBTES I ERRORS FREQ\u00dcENTS \u2191 TORNAR A L&#8217;INICI<\/p>\n","protected":false},"author":1,"featured_media":0,"parent":8844,"menu_order":0,"comment_status":"closed","ping_status":"closed","template":"","meta":{"_bbp_topic_count":0,"_bbp_reply_count":0,"_bbp_total_topic_count":0,"_bbp_total_reply_count":0,"_bbp_voice_count":0,"_bbp_anonymous_reply_count":0,"_bbp_topic_count_hidden":0,"_bbp_reply_count_hidden":0,"_bbp_forum_subforum_count":0,"site-sidebar-layout":"default","site-content-layout":"","ast-site-content-layout":"default","site-content-style":"default","site-sidebar-style":"default","ast-global-header-display":"","ast-banner-title-visibility":"","ast-main-header-display":"","ast-hfb-above-header-display":"","ast-hfb-below-header-display":"","ast-hfb-mobile-header-display":"","site-post-title":"disabled","ast-breadcrumbs-content":"","ast-featured-img":"","footer-sml-layout":"","theme-transparent-header-meta":"default","adv-header-id-meta":"","stick-header-meta":"","header-above-stick-meta":"","header-main-stick-meta":"","header-below-stick-meta":"","astra-migrate-meta-layouts":"set","ast-page-background-enabled":"default","ast-page-background-meta":{"desktop":{"background-color":"var(--ast-global-color-4)","background-image":"","background-repeat":"repeat","background-position":"center center","background-size":"auto","background-attachment":"scroll","background-type":"","background-media":"","overlay-type":"","overlay-color":"","overlay-opacity":"","overlay-gradient":""},"tablet":{"background-color":"","background-image":"","background-repeat":"repeat","background-position":"center center","background-size":"auto","background-attachment":"scroll","background-type":"","background-media":"","overlay-type":"","overlay-color":"","overlay-opacity":"","overlay-gradient":""},"mobile":{"background-color":"","background-image":"","background-repeat":"repeat","background-position":"center center","background-size":"auto","background-attachment":"scroll","background-type":"","background-media":"","overlay-type":"","overlay-color":"","overlay-opacity":"","overlay-gradient":""}},"ast-content-background-meta":{"desktop":{"background-color":"var(--ast-global-color-5)","background-image":"","background-repeat":"repeat","background-position":"center center","background-size":"auto","background-attachment":"scroll","background-type":"","background-media":"","overlay-type":"","overlay-color":"","overlay-opacity":"","overlay-gradient":""},"tablet":{"background-color":"var(--ast-global-color-5)","background-image":"","background-repeat":"repeat","background-position":"center center","background-size":"auto","background-attachment":"scroll","background-type":"","background-media":"","overlay-type":"","overlay-color":"","overlay-opacity":"","overlay-gradient":""},"mobile":{"background-color":"var(--ast-global-color-5)","background-image":"","background-repeat":"repeat","background-position":"center center","background-size":"auto","background-attachment":"scroll","background-type":"","background-media":"","overlay-type":"","overlay-color":"","overlay-opacity":"","overlay-gradient":""}},"footnotes":""},"class_list":["post-8852","page","type-page","status-publish","hentry"],"post_mailing_queue_ids":[],"_links":{"self":[{"href":"https:\/\/agora.xtec.cat\/iestorredelpalau\/wp-json\/wp\/v2\/pages\/8852","targetHints":{"allow":["GET"]}}],"collection":[{"href":"https:\/\/agora.xtec.cat\/iestorredelpalau\/wp-json\/wp\/v2\/pages"}],"about":[{"href":"https:\/\/agora.xtec.cat\/iestorredelpalau\/wp-json\/wp\/v2\/types\/page"}],"author":[{"embeddable":true,"href":"https:\/\/agora.xtec.cat\/iestorredelpalau\/wp-json\/wp\/v2\/users\/1"}],"replies":[{"embeddable":true,"href":"https:\/\/agora.xtec.cat\/iestorredelpalau\/wp-json\/wp\/v2\/comments?post=8852"}],"version-history":[{"count":6,"href":"https:\/\/agora.xtec.cat\/iestorredelpalau\/wp-json\/wp\/v2\/pages\/8852\/revisions"}],"predecessor-version":[{"id":11414,"href":"https:\/\/agora.xtec.cat\/iestorredelpalau\/wp-json\/wp\/v2\/pages\/8852\/revisions\/11414"}],"up":[{"embeddable":true,"href":"https:\/\/agora.xtec.cat\/iestorredelpalau\/wp-json\/wp\/v2\/pages\/8844"}],"wp:attachment":[{"href":"https:\/\/agora.xtec.cat\/iestorredelpalau\/wp-json\/wp\/v2\/media?parent=8852"}],"curies":[{"name":"wp","href":"https:\/\/api.w.org\/{rel}","templated":true}]}}