{"id":526,"date":"2016-09-10T23:43:59","date_gmt":"2016-09-10T21:43:59","guid":{"rendered":"http:\/\/agora.xtec.cat\/iestorredelpalau\/?page_id=526"},"modified":"2026-03-27T09:04:24","modified_gmt":"2026-03-27T08:04:24","slug":"eso-1","status":"publish","type":"page","link":"https:\/\/agora.xtec.cat\/iestorredelpalau\/estudis\/eso-1\/","title":{"rendered":"CALENDARIS D&#8217;ACTIVITATS ESO (CURS 2025-26)"},"content":{"rendered":"\t\t\t\t\t\t<style>\r\n\t\t\t\t\r\n\t\t\t\t\t#tab_container_3871 {\r\n\toverflow:hidden;\r\n\tdisplay:block;\r\n\twidth:100%;\r\n\tborder:0px solid #ddd;\r\n\tmargin-bottom:30px;\r\n\t}\r\n\r\n#tab_container_3871 .tab-content{\r\n\tpadding:20px;\r\n\tborder: 1px solid #e6e6e6 !important;\r\n\tmargin-top: 0px;\r\n\tbackground-color:#ffffff !important;\r\n\tcolor: #000000 !important;\r\n\tfont-size:16px !important;\r\n\tfont-family: Arial !important;\r\n\t\r\n\t\t\tborder: 0px solid #e6e6e6 !important;\r\n\t\t\r\n\t}\r\n#tab_container_3871 .wpsm_nav-tabs {\r\n    border-bottom: 0px solid #ddd;\r\n}\r\n#tab_container_3871 .wpsm_nav-tabs > li.active > a, #tab_container_3871 .wpsm_nav-tabs > li.active > a:hover, #tab_container_3871 .wpsm_nav-tabs > li.active > a:focus {\r\n\tcolor: #000000 !important;\r\n\tcursor: default;\r\n\tbackground-color: #ffffff !important;\r\n\tborder: 1px solid #e6e6e6 !important;\r\n}\r\n\r\n#tab_container_3871 .wpsm_nav-tabs > li > a {\r\n    margin-right: 0px !important; \r\n    line-height: 1.42857143 !important;\r\n    border: 1px solid #6f11d0 !important;\r\n    border-radius: 0px 0px 0 0 !important; \r\n\tbackground-color: #8224e3 !important;\r\n\tcolor: #000000 !important;\r\n\tpadding: 15px 18px 15px 18px !important;\r\n\ttext-decoration: none !important;\r\n\tfont-size: 14px !important;\r\n\ttext-align:center !important;\r\n\tfont-family: Arial !important;\r\n}\r\n#tab_container_3871 .wpsm_nav-tabs > li > a:focus {\r\noutline: 0px !important;\r\n}\r\n\r\n#tab_container_3871 .wpsm_nav-tabs > li > a:before {\r\n\tdisplay:none !important;\r\n}\r\n#tab_container_3871 .wpsm_nav-tabs > li > a:after {\r\n\tdisplay:none !important ;\r\n}\r\n#tab_container_3871 .wpsm_nav-tabs > li{\r\npadding:0px !important ;\r\nmargin:0px;\r\n}\r\n\r\n#tab_container_3871 .wpsm_nav-tabs > li > a:hover , #tab_container_3871 .wpsm_nav-tabs > li > a:focus {\r\n    color: #000000 !important;\r\n    background-color: #8224e3 !important;\r\n\tborder: 1px solid #6f11d0 !important;\r\n\t\r\n}\r\n#tab_container_3871 .wpsm_nav-tabs > li > a .fa{\r\n\r\nmargin-right:5px !important;\r\n\r\nmargin-left:5px !important;\r\n\r\n\r\n}\r\n\r\n\t\t#tab_container_3871 .wpsm_nav-tabs a{\r\n\t\t\tbackground-image: url(https:\/\/agora.xtec.cat\/iestorredelpalau\/wp-content\/plugins\/tabs-responsive\/assets\/images\/style-soft.png);\r\n\t\t\tbackground-position: 0 0;\r\n\t\t\tbackground-repeat: repeat-x;\r\n\t\t}\r\n\t\t\t\r\n\r\n\r\n#tab_container_3871 .wpsm_nav-tabs > li {\r\n    float: left;\r\n    margin-bottom: -1px !important;\r\n\tmargin-right:0px !important; \r\n}\r\n\r\n\r\n#tab_container_3871 .tab-content{\r\noverflow:hidden !important;\r\n}\r\n\r\n\r\n@media (min-width: 769px) {\r\n\r\n\t#tab_container_3871 .wpsm_nav-tabs > li{\r\n\t\tfloat:left !important ;\r\n\t\t\t\tmargin-right:-1px !important;\r\n\t\t\t\t\t}\r\n\t#tab_container_3871 .wpsm_nav-tabs{\r\n\t\tfloat:none !important;\r\n\t\tmargin:0px !important;\r\n\t}\r\n\r\n\t#tab_container_3871 .wpsm_nav-tabs > li {\r\n\t\t\t\t\t\t\t\t\tmargin-right: 8px !important;\r\n\t\t\t\t\r\n\t\t\t\t\r\n\t\t\t\t\r\n\t}\r\n\t#tab_container_3871 .wpsm_nav{\r\n\t\t\t\tmargin-bottom: 8px !important;\r\n\t\t\t}\r\n\r\n}\r\n\r\n\r\n\r\n@media (max-width: 768px) {\r\n\t#tab_container_3871 .wpsm_nav-tabs > li {\r\n\t\t\t\tmargin-bottom: 8px !important;\r\n\t\tmargin-right:0px !important;\r\n\t\tmargin-left:0px !important;\r\n\t\t\t\t\r\n\t}\r\n\t#tab_container_3871 .wpsm_nav{\r\n\t\t\t\tmargin-bottom: 8px !important;\r\n\t\tmargin-right:0px !important;\r\n\t\tmargin-left:0px !important;\r\n\t\t\t}\r\n}\r\n\r\n\r\n\t.wpsm_nav-tabs li:before{\r\n\t\tdisplay:none !important;\r\n\t}\r\n\r\n\t@media (max-width: 768px) {\r\n\t\t\t\t\r\n\t\t\t\t.wpsm_nav-tabs{\r\n\t\t\tmargin-left:0px !important;\r\n\t\t\tmargin-right:0px !important; \r\n\t\t\t\r\n\t\t}\r\n\t\t\t\t#tab_container_3871 .wpsm_nav-tabs > li{\r\n\t\t\tfloat:none !important;\r\n\t\t}\r\n\t\t\t\r\n\t}\t\t\t\t<\/style>\r\n\t\t\t\t<div id=\"tab_container_3871\" >\r\n\t \r\n\t\t\t\t\t<ul class=\"wpsm_nav wpsm_nav-tabs\" role=\"tablist\" id=\"myTab_3871\">\r\n\t\t\t\t\t\t\t\r\n\t\t\t\t\t\t\t<li role=\"presentation\"  class=\"active\"  onclick=\"do_resize()\">\r\n\r\n\t\t\t\t\t\t\t\t<!-- XTEC ************ MODIFICAT - Disable scrolling on tab change. Fixes error in option \"Tabs Description Animation\" -->\r\n\t\t\t\t\t\t\t\t<!-- 2021.12.01 @aginard -->\r\n\t\t\t\t\t\t\t\t<a href=\"javascript:void(0);\" aria-controls=\"tabs_desc_3871_1\" role=\"tab\" data-toggle=\"tab\" data-target=\"#tabs_desc_3871_1\">\r\n\t\t\t\t\t\t\t\t<!-- ORIGINAL\r\n\t\t\t\t\t\t\t\t<a href=\"#tabs_desc_3871_1\" aria-controls=\"tabs_desc_3871_1\" role=\"tab\" data-toggle=\"tab\">\r\n\t\t\t\t\t\t\t\t-->\r\n\t\t\t\t\t\t\t\t<!-- ************ FI -->\r\n\t\t\t\t\t\t\t\t\t\r\n\t\t\t\t\t\t\t\t\t\t\t\t\t\t\t\t\t\t\t\t\t\t\t\t\t\t\t\t\t\t\t<i class=\"fa fa-laptop\"><\/i> \t\t\t\t\t\t\t\t\t\t\t\t\t\t\t\t\t\t\t\r\n\t\t\t\t\t\t\t\t\t\t\t\t\t\t\t\t\t\t\r\n\t\t\t\t\t\t\t\t\t<span>Calendaris WEB Grup-Classe<\/span>\r\n\t\t\t\t\t\t\t\t\t\r\n\t\t\t\t\t\t\t\t\t\t\t\t\t\t\t\t\t\t\r\n\t\t\t\t\t\t\t\t\t\t\t\t\t\t\t\t\t\t\t\t\r\n\t\t\t\t\t\t\t\t\t\r\n\t\t\t\t\t\t\t\t<\/a>\r\n\t\t\t\t\t\t\t<\/li>\r\n\t\t\t\t\t\t\t\t\t\t\t <\/ul>\r\n\r\n\t\t\t\t\t  <!-- Tab panes -->\r\n\t\t\t\t\t  <div class=\"tab-content\" id=\"tab-content_3871\">\r\n\t\t\t\t\t\t\t\t\t\t\t\t <div role=\"tabpanel\" class=\"tab-pane  in active \" id=\"tabs_desc_3871_1\">\r\n\t\t\t\t\t\t\t\t<div style=\"background-color: #ffffff;padding: 20px;max-width: 1000px;margin: 0 auto;color: #000080\">\n<div style=\"border: 2px solid #000080;border-radius: 12px;padding: 20px;margin-bottom: 30px;background-color: #f0f9ff\">\n<h2 style=\"margin-top: 0;color: #000080;text-transform: uppercase;font-size: 20px;border-bottom: 2px solid #000080;padding-bottom: 10px\">\ud83d\uddd3\ufe0f Calendaris de Grup (ESO)<\/h2>\n<p style=\"font-size: 15px;line-height: 1.6\">Calendaris <strong>realitzats per alumnes<\/strong> de tots els grups d'ESO, on s'especifiquen els ex\u00e0mens i deures m\u00e9s importants.<br \/>\nAquests calendaris s\u00f3n orientatius i <span style=\"color: #d32f2f;font-weight: bold\">no comporten l'oficialitat<\/span> d'un esdeveniment.<br \/>\nS\u00f3n una eina de suport al desenvolupament aut\u00f2nom del grup classe.<\/p>\n<\/div>\n<table style=\"width: 100%;border-collapse: collapse;border: none\">\n<tbody>\n<tr>\n<td style=\"width: 25%;padding: 8px;vertical-align: top\">\n<div style=\"border: 2px solid #000080;border-radius: 10px;overflow: hidden\">\n<div style=\"background-color: #e0f2fe;padding: 10px;text-align: center;font-weight: bold;border-bottom: 2px solid #000080\">1r ESO<\/div>\n<div style=\"padding: 10px;text-align: center;line-height: 2.5\"><a style=\"color: #000080;text-decoration: none;font-weight: bold;border-bottom: 1px solid #e0f2fe\" href=\"http:\/\/agora.xtec.cat\/iestorredelpalau\/estudis\/eso-1\/eso-1a\/\">ESO 1A<\/a><br \/>\n<a style=\"color: #000080;text-decoration: none;font-weight: bold;border-bottom: 1px solid #e0f2fe\" href=\"http:\/\/agora.xtec.cat\/iestorredelpalau\/estudis\/eso-1\/eso-1b\/\">ESO 1B<\/a><br \/>\n<a style=\"color: #000080;text-decoration: none;font-weight: bold;border-bottom: 1px solid #e0f2fe\" href=\"http:\/\/agora.xtec.cat\/iestorredelpalau\/estudis\/eso-1\/eso-1c\/\">ESO 1C<\/a><br \/>\n<a style=\"color: #000080;text-decoration: none;font-weight: bold;border-bottom: 1px solid #e0f2fe\" href=\"http:\/\/agora.xtec.cat\/iestorredelpalau\/estudis\/eso-1\/eso-1d\/\">ESO 1D<\/a><br \/>\n<a style=\"color: #000080;text-decoration: none;font-weight: bold\" href=\"http:\/\/agora.xtec.cat\/iestorredelpalau\/estudis\/eso-1\/eso-1e\/\">ESO 1E<\/a><\/div>\n<\/div>\n<\/td>\n<td style=\"width: 25%;padding: 8px;vertical-align: top\">\n<div style=\"border: 2px solid #000080;border-radius: 10px;overflow: hidden\">\n<div style=\"background-color: #e0f2fe;padding: 10px;text-align: center;font-weight: bold;border-bottom: 2px solid #000080\">2n ESO<\/div>\n<div style=\"padding: 10px;text-align: center;line-height: 2.5\"><a style=\"color: #000080;text-decoration: none;font-weight: bold;border-bottom: 1px solid #e0f2fe\" href=\"http:\/\/agora.xtec.cat\/iestorredelpalau\/estudis\/eso-2\/eso-2a\/\">ESO 2A<\/a><br \/>\n<a style=\"color: #000080;text-decoration: none;font-weight: bold;border-bottom: 1px solid #e0f2fe\" href=\"http:\/\/agora.xtec.cat\/iestorredelpalau\/estudis\/eso-2\/eso-2b\/\">ESO 2B<\/a><br \/>\n<a style=\"color: #000080;text-decoration: none;font-weight: bold;border-bottom: 1px solid #e0f2fe\" href=\"http:\/\/agora.xtec.cat\/iestorredelpalau\/estudis\/eso-2\/eso-2c\/\">ESO 2C<\/a><br \/>\n<a style=\"color: #000080;text-decoration: none;font-weight: bold;border-bottom: 1px solid #e0f2fe\" href=\"http:\/\/agora.xtec.cat\/iestorredelpalau\/estudis\/eso-2\/eso-2d\/\">ESO 2D<\/a><br \/>\n<a style=\"color: #000080;text-decoration: none;font-weight: bold\" href=\"http:\/\/agora.xtec.cat\/iestorredelpalau\/estudis\/eso-2\/eso-2e\/\">ESO 2E<\/a><\/div>\n<\/div>\n<\/td>\n<td style=\"width: 25%;padding: 8px;vertical-align: top\">\n<div style=\"border: 2px solid #000080;border-radius: 10px;overflow: hidden\">\n<div style=\"background-color: #e0f2fe;padding: 10px;text-align: center;font-weight: bold;border-bottom: 2px solid #000080\">3r ESO<\/div>\n<div style=\"padding: 10px;text-align: center;line-height: 2.5\"><a style=\"color: #000080;text-decoration: none;font-weight: bold;border-bottom: 1px solid #e0f2fe\" href=\"http:\/\/agora.xtec.cat\/iestorredelpalau\/estudis\/eso-1\/eso-3a\/\">ESO 3A<\/a><br \/>\n<a style=\"color: #000080;text-decoration: none;font-weight: bold;border-bottom: 1px solid #e0f2fe\" href=\"http:\/\/agora.xtec.cat\/iestorredelpalau\/estudis\/eso-1\/eso-3b\/\">ESO 3B<\/a><br \/>\n<a style=\"color: #000080;text-decoration: none;font-weight: bold;border-bottom: 1px solid #e0f2fe\" href=\"http:\/\/agora.xtec.cat\/iestorredelpalau\/estudis\/eso-1\/eso-3c\/\">ESO 3C<\/a><br \/>\n<a style=\"color: #000080;text-decoration: none;font-weight: bold;border-bottom: 1px solid #e0f2fe\" href=\"http:\/\/agora.xtec.cat\/iestorredelpalau\/estudis\/eso-1\/eso-3d\/\">ESO 3D<\/a><br \/>\n<a style=\"color: #000080;text-decoration: none;font-weight: bold\" href=\"https:\/\/agora.xtec.cat\/iestorredelpalau\/estudis\/eso-1\/eso-3e\/\">ESO 3E<\/a><\/div>\n<\/div>\n<\/td>\n<td style=\"width: 25%;padding: 8px;vertical-align: top\">\n<div style=\"border: 2px solid #000080;border-radius: 10px;overflow: hidden\">\n<div style=\"background-color: #e0f2fe;padding: 10px;text-align: center;font-weight: bold;border-bottom: 2px solid #000080\">4t ESO<\/div>\n<div style=\"padding: 10px;text-align: center;line-height: 2.5\"><a style=\"color: #000080;text-decoration: none;font-weight: bold;border-bottom: 1px solid #e0f2fe\" href=\"http:\/\/agora.xtec.cat\/iestorredelpalau\/estudis\/eso-1\/eso-4a\/\">ESO 4A<\/a><br \/>\n<a style=\"color: #000080;text-decoration: none;font-weight: bold;border-bottom: 1px solid #e0f2fe\" href=\"http:\/\/agora.xtec.cat\/iestorredelpalau\/estudis\/eso-1\/eso-4b\/\">ESO 4B<\/a><br \/>\n<a style=\"color: #000080;text-decoration: none;font-weight: bold;border-bottom: 1px solid #e0f2fe\" href=\"http:\/\/agora.xtec.cat\/iestorredelpalau\/estudis\/eso-1\/eso-4c\/\">ESO 4C<\/a><br \/>\n<a style=\"color: #000080;text-decoration: none;font-weight: bold;border-bottom: 1px solid #e0f2fe\" href=\"http:\/\/agora.xtec.cat\/iestorredelpalau\/estudis\/eso-1\/eso-4d\/\">ESO 4D<\/a><br \/>\n<a style=\"color: #000080;text-decoration: none;font-weight: bold\" href=\"https:\/\/agora.xtec.cat\/iestorredelpalau\/estudis\/eso-1\/eso-4e\/\">ESO 4E<\/a><\/div>\n<\/div>\n<\/td>\n<\/tr>\n<\/tbody>\n<\/table>\n<\/div>\n\t\t\t\t\t\t <\/div>\r\n\t\t\t\t\t\t\t\r\n\t\t\t\t\t <\/div>\r\n\t\t\t\t\t \r\n\t\t\t\t <\/div>\r\n <script>\r\n\t\tjQuery(function () {\r\n\t\t\tjQuery('#myTab_3871 a:first').tab('show')\r\n\t\t});\r\n\t\t\r\n\t\t\t\tjQuery(function(){\r\n\t\t\tvar b=\"fadeIn\";\r\n\t\t\tvar c;\r\n\t\t\tvar a;\r\n\t\t\td(jQuery(\"#myTab_3871 a\"),jQuery(\"#tab-content_3871\"));function d(e,f,g){\r\n\t\t\t\te.click(function(i){\r\n\t\t\t\t\ti.preventDefault();\r\n\t\t\t\t\tjQuery(this).tab(\"show\");\r\n\t\t\t\t\tvar h=jQuery(this).data(\"easein\");\r\n\t\t\t\t\tif(c){c.removeClass(a);}\r\n\t\t\t\t\tif(h){f.find(\"div.active\").addClass(\"animated \"+h);a=h;}\r\n\t\t\t\t\telse{if(g){f.find(\"div.active\").addClass(\"animated \"+g);a=g;}else{f.find(\"div.active\").addClass(\"animated \"+b);a=b;}}c=f.find(\"div.active\");\r\n\t\t\t\t});\r\n\t\t\t}\r\n\t\t});\r\n\t\t\r\n\r\n\t\tfunction do_resize(){\r\n\r\n\t\t\tvar width=jQuery( '.tab-content .tab-pane iframe' ).width();\r\n\t\t\tvar height=jQuery( '.tab-content .tab-pane iframe' ).height();\r\n\r\n\t\t\tvar toggleSize = true;\r\n\t\t\tjQuery('iframe').animate({\r\n\t\t\t    width: toggleSize ? width : 640,\r\n\t\t\t    height: toggleSize ? height : 360\r\n\t\t\t  }, 250);\r\n\r\n\t\t\t  toggleSize = !toggleSize;\r\n\t\t}\r\n\r\n\r\n\t<\/script>\r\n\t\t\t\t\r\n\t\t\t\n<p><span style=\"font-size: 14px;\">Calendaris <span style=\"color: #0000ff;\"><strong>realitzats per alumnes<\/strong><\/span> de tots els grups d&#8217;ESO, en els que s&#8217;especifica els esdeveniments d&#8217;examens i deures m\u00e9s importants del curs. Aquests calendaris s\u00f3n orientatius i <strong><span style=\"color: #0000ff;\">no comporten l&#8217;oficilialitat \u00a0d&#8217;un esdeveniment<\/span><\/strong>.\u00a0\u00danicament representen una eina m\u00e9s en el desenvolupament aut\u00f2nom d&#8217;un grup classe i recolzament a aquells alumnes que per diferents motius no hagin apuntat a la seva agenda els anomenats esdeveniments.<\/span><\/p>\n<p style=\"text-align: center;\"><a href=\"https:\/\/drive.google.com\/file\/d\/1HHMkbIlQum91bnz_lDo_S6ifFMX1x7L2\/view?usp=sharing\">Tutorial de Funcionament<\/a><\/p>\n<p>&nbsp;<\/p>\n<table class=\" aligncenter\" style=\"height: 341px; border-color: #000000; background-color: #ffffff; width: 48.8382%;\">\n<tbody>\n<tr style=\"height: 31px;\">\n<td style=\"height: 31px; text-align: center; width: 46.5116%;\"><a href=\"http:\/\/agora.xtec.cat\/iestorredelpalau\/estudis\/eso-1\/eso-1a\/\">ESO 1A<\/a><\/td>\n<td style=\"height: 31px; text-align: center; width: 46.9767%;\"><a href=\"http:\/\/agora.xtec.cat\/iestorredelpalau\/estudis\/eso-2\/eso-2a\/\">ESO 2A<\/a><\/td>\n<td style=\"height: 341px; text-align: center; width: 34.4186%;\" colspan=\"2\" rowspan=\"11\"><\/td>\n<\/tr>\n<tr style=\"height: 31px;\">\n<td style=\"height: 31px; text-align: center; width: 46.5116%;\"><a href=\"http:\/\/agora.xtec.cat\/iestorredelpalau\/estudis\/eso-1\/eso-1b\/\">ESO 1B<\/a><\/td>\n<td style=\"height: 31px; text-align: center; width: 46.9767%;\"><a href=\"http:\/\/agora.xtec.cat\/iestorredelpalau\/estudis\/eso-2\/eso-2b\/\">ESO 2B<\/a><\/td>\n<\/tr>\n<tr style=\"height: 31px;\">\n<td style=\"height: 31px; text-align: center; width: 46.5116%;\"><a href=\"http:\/\/agora.xtec.cat\/iestorredelpalau\/estudis\/eso-1\/eso-1c\/\">ESO 1C<\/a><\/td>\n<td style=\"height: 31px; text-align: center; width: 46.9767%;\"><a href=\"http:\/\/agora.xtec.cat\/iestorredelpalau\/estudis\/eso-2\/eso-2c\/\">ESO 2C<\/a><\/td>\n<\/tr>\n<tr style=\"height: 31px;\">\n<td style=\"height: 31px; text-align: center; width: 46.5116%;\"><a href=\"http:\/\/agora.xtec.cat\/iestorredelpalau\/estudis\/eso-1\/eso-1d\/\">ESO 1D<\/a><\/td>\n<td style=\"height: 31px; text-align: center; width: 46.9767%;\"><a href=\"http:\/\/agora.xtec.cat\/iestorredelpalau\/estudis\/eso-2\/eso-2d\/\">ESO 2D<\/a><\/td>\n<\/tr>\n<tr style=\"height: 31px;\">\n<td style=\"height: 31px; text-align: center; width: 46.5116%;\"><a href=\"http:\/\/agora.xtec.cat\/iestorredelpalau\/estudis\/eso-1\/eso-1e\/\">ESO 1E<\/a><\/td>\n<td style=\"height: 31px; text-align: center; width: 46.9767%;\"><a href=\"http:\/\/agora.xtec.cat\/iestorredelpalau\/estudis\/eso-2\/eso-2e\/\">ESO 2E<\/a><\/td>\n<\/tr>\n<tr style=\"height: 31px;\">\n<td style=\"height: 31px; text-align: center; width: 46.5116%;\"><\/td>\n<td style=\"height: 31px; text-align: center; width: 46.9767%;\"><\/td>\n<\/tr>\n<tr style=\"height: 31px;\">\n<td style=\"height: 31px; text-align: center; width: 46.5116%;\"><a href=\"http:\/\/agora.xtec.cat\/iestorredelpalau\/estudis\/eso-1\/eso-3a\/\">ESO 3A<\/a><\/td>\n<td style=\"height: 31px; text-align: center; width: 46.9767%;\"><a href=\"http:\/\/agora.xtec.cat\/iestorredelpalau\/estudis\/eso-1\/eso-4a\/\">ESO 4A<\/a><\/td>\n<\/tr>\n<tr style=\"height: 31px;\">\n<td style=\"height: 31px; text-align: center; width: 46.5116%;\"><a href=\"http:\/\/agora.xtec.cat\/iestorredelpalau\/estudis\/eso-1\/eso-3b\/\">ESO 3B<\/a><\/td>\n<td style=\"height: 31px; text-align: center; width: 46.9767%;\"><a href=\"http:\/\/agora.xtec.cat\/iestorredelpalau\/estudis\/eso-1\/eso-4b\/\">ESO 4B<\/a><\/td>\n<\/tr>\n<tr style=\"height: 31px;\">\n<td style=\"height: 31px; text-align: center; width: 46.5116%;\"><a href=\"http:\/\/agora.xtec.cat\/iestorredelpalau\/estudis\/eso-1\/eso-3c\/\">ESO 3C<\/a><\/td>\n<td style=\"height: 31px; text-align: center; width: 46.9767%;\"><a href=\"http:\/\/agora.xtec.cat\/iestorredelpalau\/estudis\/eso-1\/eso-4c\/\">ESO 4C<\/a><\/td>\n<\/tr>\n<tr style=\"height: 31px;\">\n<td style=\"height: 31px; text-align: center; width: 46.5116%;\"><a href=\"http:\/\/agora.xtec.cat\/iestorredelpalau\/estudis\/eso-1\/eso-3d\/\">ESO 3D<\/a><\/td>\n<td style=\"height: 31px; text-align: center; width: 46.9767%;\"><a href=\"http:\/\/agora.xtec.cat\/iestorredelpalau\/estudis\/eso-1\/eso-4d\/\">ESO 4D<\/a><\/td>\n<\/tr>\n<tr style=\"height: 31px;\">\n<td style=\"height: 31px; text-align: center; width: 46.5116%;\">ESO 3E<\/td>\n<td style=\"height: 31px; text-align: center; width: 46.9767%;\">ESO 4E<\/td>\n<\/tr>\n<\/tbody>\n<\/table>\n<p>&nbsp;<\/p>\n","protected":false},"excerpt":{"rendered":"<p>Calendaris realitzats per alumnes de tots els grups d&#8217;ESO, en els que s&#8217;especifica els esdeveniments d&#8217;examens i deures m\u00e9s importants del curs. Aquests calendaris s\u00f3n orientatius i no comporten l&#8217;oficilialitat \u00a0d&#8217;un esdeveniment.\u00a0\u00danicament representen una eina m\u00e9s en el desenvolupament aut\u00f2nom d&#8217;un grup classe i recolzament a aquells alumnes que per diferents motius no hagin apuntat [&hellip;]<\/p>\n","protected":false},"author":1,"featured_media":0,"parent":524,"menu_order":0,"comment_status":"closed","ping_status":"closed","template":"","meta":{"_bbp_topic_count":0,"_bbp_reply_count":0,"_bbp_total_topic_count":0,"_bbp_total_reply_count":0,"_bbp_voice_count":0,"_bbp_anonymous_reply_count":0,"_bbp_topic_count_hidden":0,"_bbp_reply_count_hidden":0,"_bbp_forum_subforum_count":0,"site-sidebar-layout":"default","site-content-layout":"","ast-site-content-layout":"","site-content-style":"default","site-sidebar-style":"default","ast-global-header-display":"","ast-banner-title-visibility":"","ast-main-header-display":"","ast-hfb-above-header-display":"","ast-hfb-below-header-display":"","ast-hfb-mobile-header-display":"","site-post-title":"","ast-breadcrumbs-content":"","ast-featured-img":"","footer-sml-layout":"","theme-transparent-header-meta":"","adv-header-id-meta":"","stick-header-meta":"","header-above-stick-meta":"","header-main-stick-meta":"","header-below-stick-meta":"","astra-migrate-meta-layouts":"default","ast-page-background-enabled":"default","ast-page-background-meta":{"desktop":{"background-color":"var(--ast-global-color-4)","background-image":"","background-repeat":"repeat","background-position":"center center","background-size":"auto","background-attachment":"scroll","background-type":"","background-media":"","overlay-type":"","overlay-color":"","overlay-opacity":"","overlay-gradient":""},"tablet":{"background-color":"","background-image":"","background-repeat":"repeat","background-position":"center center","background-size":"auto","background-attachment":"scroll","background-type":"","background-media":"","overlay-type":"","overlay-color":"","overlay-opacity":"","overlay-gradient":""},"mobile":{"background-color":"","background-image":"","background-repeat":"repeat","background-position":"center center","background-size":"auto","background-attachment":"scroll","background-type":"","background-media":"","overlay-type":"","overlay-color":"","overlay-opacity":"","overlay-gradient":""}},"ast-content-background-meta":{"desktop":{"background-color":"var(--ast-global-color-5)","background-image":"","background-repeat":"repeat","background-position":"center center","background-size":"auto","background-attachment":"scroll","background-type":"","background-media":"","overlay-type":"","overlay-color":"","overlay-opacity":"","overlay-gradient":""},"tablet":{"background-color":"var(--ast-global-color-5)","background-image":"","background-repeat":"repeat","background-position":"center center","background-size":"auto","background-attachment":"scroll","background-type":"","background-media":"","overlay-type":"","overlay-color":"","overlay-opacity":"","overlay-gradient":""},"mobile":{"background-color":"var(--ast-global-color-5)","background-image":"","background-repeat":"repeat","background-position":"center center","background-size":"auto","background-attachment":"scroll","background-type":"","background-media":"","overlay-type":"","overlay-color":"","overlay-opacity":"","overlay-gradient":""}},"footnotes":""},"class_list":["post-526","page","type-page","status-publish","hentry"],"post_mailing_queue_ids":[],"_links":{"self":[{"href":"https:\/\/agora.xtec.cat\/iestorredelpalau\/wp-json\/wp\/v2\/pages\/526","targetHints":{"allow":["GET"]}}],"collection":[{"href":"https:\/\/agora.xtec.cat\/iestorredelpalau\/wp-json\/wp\/v2\/pages"}],"about":[{"href":"https:\/\/agora.xtec.cat\/iestorredelpalau\/wp-json\/wp\/v2\/types\/page"}],"author":[{"embeddable":true,"href":"https:\/\/agora.xtec.cat\/iestorredelpalau\/wp-json\/wp\/v2\/users\/1"}],"replies":[{"embeddable":true,"href":"https:\/\/agora.xtec.cat\/iestorredelpalau\/wp-json\/wp\/v2\/comments?post=526"}],"version-history":[{"count":7,"href":"https:\/\/agora.xtec.cat\/iestorredelpalau\/wp-json\/wp\/v2\/pages\/526\/revisions"}],"predecessor-version":[{"id":11046,"href":"https:\/\/agora.xtec.cat\/iestorredelpalau\/wp-json\/wp\/v2\/pages\/526\/revisions\/11046"}],"up":[{"embeddable":true,"href":"https:\/\/agora.xtec.cat\/iestorredelpalau\/wp-json\/wp\/v2\/pages\/524"}],"wp:attachment":[{"href":"https:\/\/agora.xtec.cat\/iestorredelpalau\/wp-json\/wp\/v2\/media?parent=526"}],"curies":[{"name":"wp","href":"https:\/\/api.w.org\/{rel}","templated":true}]}}