{"id":49,"date":"2014-09-17T16:55:55","date_gmt":"2014-09-17T16:55:55","guid":{"rendered":"http:\/\/agora.xtec.cat\/iestorredelpalau\/?page_id=49"},"modified":"2016-11-17T23:02:59","modified_gmt":"2016-11-17T22:02:59","slug":"consells-visuals-amb-lordinador","status":"publish","type":"page","link":"https:\/\/agora.xtec.cat\/iestorredelpalau\/identitats\/consells-visuals-amb-lordinador\/","title":{"rendered":"Consells visuals amb l\u2019ordinador"},"content":{"rendered":"<p style=\"text-align: justify;\">L\u2019\u00fas dels ordinadors a les aules forma part de la metodologia de l\u2019institut des de fa anys. \u00c9s un fet diferencial del centre que recull el Projecte Educatiu del Centre (PEC).<br \/>\nLa\u00a0utilitzaci\u00f3 de la\u00a0tecnologia t\u00e9 grans avantatges per\u00f2 tamb\u00e9 s\u2019ha d\u2019usar de forma responsable i vigilar els\u00a0seus efectes.<\/p>\n<p style=\"text-align: justify;\">Un evident \u00e9s com afecta a la vista el fet d\u2019estar algunes hores davant la pantalla d\u2019un ordinador port\u00e0til, i m\u00e9s si aquesta t\u00e9 una mida redu\u00efda.<\/p>\n<p style=\"text-align: justify;\">Fa un temps l\u2019institut va convidar al professor Jos\u00e9 Luis \u00c1lvarez Mu\u00f1oz, del Departament d\u2019\u00d2ptica i Optometria de la Universitat Polit\u00e8cnica de Catalunya, al campus de Terrassa. Va impartir una xerrada titulada \u201d El sentit de la vista davant l\u2019\u00fas continuat dels ordinadors a classe i a casa: consells\u201d. Ens va deixar la seva presentaci\u00f3, la qual t\u00e9 vig\u00e8ncia ara. Us convidem a consultar-la en el seg\u00fcent enlla\u00e7:<\/p>\n<p style=\"text-align: justify;\"><a href=\"https:\/\/www.slideshare.net\/iestorredelpalau\/consells-visuals-davant-els-ordinadors\">Consells visuals davant els ordinadors<\/a>\u00a0from\u00a0<a style=\"font-weight: inherit; font-style: inherit;\" href=\"http:\/\/www.slideshare.net\/iestorredelpalau\">Institut Torre del Palau<\/a><\/p>\n<p style=\"text-align: justify;\">Xerrada de Jos\u00e9 Luis \u00c1lvarez<\/p>\n","protected":false},"excerpt":{"rendered":"<p>L\u2019\u00fas dels ordinadors a les aules forma part de la metodologia de l\u2019institut des de fa anys. \u00c9s un fet diferencial del centre que recull el Projecte Educatiu del Centre (PEC).<br \/>\nLa\u00a0utilitzaci\u00f3 de la\u00a0tecnologia t\u00e9 grans avantatges per\u00f2 tamb\u00e9 s\u2019ha d\u2019usar de forma responsable i vigilar&hellip;  <a href=\"https:\/\/agora.xtec.cat\/iestorredelpalau\/identitats\/consells-visuals-amb-lordinador\/\" title=\"Read Consells visuals amb l\u2019ordinador\">Llegeix m\u00e9s\u00bb<\/a><\/p>\n","protected":false},"author":1,"featured_media":0,"parent":499,"menu_order":60,"comment_status":"closed","ping_status":"closed","template":"page-templates\/side-menu.php","meta":{"_bbp_topic_count":0,"_bbp_reply_count":0,"_bbp_total_topic_count":0,"_bbp_total_reply_count":0,"_bbp_voice_count":0,"_bbp_anonymous_reply_count":0,"_bbp_topic_count_hidden":0,"_bbp_reply_count_hidden":0,"_bbp_forum_subforum_count":0,"footnotes":""},"class_list":["post-49","page","type-page","status-publish","hentry"],"post_mailing_queue_ids":[],"_links":{"self":[{"href":"https:\/\/agora.xtec.cat\/iestorredelpalau\/wp-json\/wp\/v2\/pages\/49","targetHints":{"allow":["GET"]}}],"collection":[{"href":"https:\/\/agora.xtec.cat\/iestorredelpalau\/wp-json\/wp\/v2\/pages"}],"about":[{"href":"https:\/\/agora.xtec.cat\/iestorredelpalau\/wp-json\/wp\/v2\/types\/page"}],"author":[{"embeddable":true,"href":"https:\/\/agora.xtec.cat\/iestorredelpalau\/wp-json\/wp\/v2\/users\/1"}],"replies":[{"embeddable":true,"href":"https:\/\/agora.xtec.cat\/iestorredelpalau\/wp-json\/wp\/v2\/comments?post=49"}],"version-history":[{"count":3,"href":"https:\/\/agora.xtec.cat\/iestorredelpalau\/wp-json\/wp\/v2\/pages\/49\/revisions"}],"predecessor-version":[{"id":498,"href":"https:\/\/agora.xtec.cat\/iestorredelpalau\/wp-json\/wp\/v2\/pages\/49\/revisions\/498"}],"up":[{"embeddable":true,"href":"https:\/\/agora.xtec.cat\/iestorredelpalau\/wp-json\/wp\/v2\/pages\/499"}],"wp:attachment":[{"href":"https:\/\/agora.xtec.cat\/iestorredelpalau\/wp-json\/wp\/v2\/media?parent=49"}],"curies":[{"name":"wp","href":"https:\/\/api.w.org\/{rel}","templated":true}]}}