{"id":46,"date":"2014-09-17T16:53:45","date_gmt":"2014-09-17T16:53:45","guid":{"rendered":"http:\/\/agora.xtec.cat\/iestorredelpalau\/?page_id=46"},"modified":"2018-01-29T15:04:19","modified_gmt":"2018-01-29T14:04:19","slug":"blogsdelinstitut","status":"publish","type":"page","link":"https:\/\/agora.xtec.cat\/iestorredelpalau\/identitats\/blogsdelinstitut\/","title":{"rendered":"Blogs de L\u2019Institut"},"content":{"rendered":"<p style=\"text-align: justify;\">Els blogs s\u00f3n una eina digital, comunicativa i gratu\u00efta que, aplicada al m\u00f3n de l\u2019ensenyament, permeten donar a con\u00e8ixer el que es fa de forma r\u00e0pida.<br \/>\nDes de fa uns quants anys, els blogs han format part del treball d\u2019algunes assignatures de l\u2019 institut. Potser ja s`han creat m\u00e9s de 2.000 blogs en aquests darrers cursos, tot i que aquesta eina cal seguir alimentant-la amb continguts.<\/p>\n<p style=\"text-align: justify;\">De cara al futur, pot servir com un espai on queden reflectits treballs, creacions, enlla\u00e7os i recursos que es relacionen amb la vida personal i professional de cadasc\u00fa. Sovint s\u00f3n una part fonamental d`all\u00f2 que ara s\u2019anomena \u201cPersonalitat digital\u201d, juntament amb la pres\u00e8ncia a xarxes socials com Facebook, Twitter, Youtube, etc. Podem dir que el qu\u00e8 escrivim, seleccionem i publiquem en la xarxa \u00e9s una manifestaci\u00f3 de la forma de ser de tots nosaltres. Ens pot donar prestigi per\u00f2 tamb\u00e9 pot aconseguir l\u2019efecte contrari. El millor \u00e9s ser responsables tamb\u00e9 digitalment parlant. I saber que fer un click a \u201cpublicar\u201d o \u201cenviar\u201d \u00e9s una decisi\u00f3 amb efectes (positius o negatius).<br \/>\nUna forma d\u2019educar \u00e9s crear, fer i donar a con\u00e8ixer. Per exemple, el contingut d\u2019aquests blocs de l\u2019institut.<\/p>\n<p style=\"font-weight: inherit; font-style: inherit; text-align: justify;\">A\u00a0continuaci\u00f3 podeu veure blogs de l\u2019institut i de molts alumnes de la ESO. Ara hi ha publicats 275 blocs. Per\u00f2 encara falten els d\u2019alguns alumnes. Podeu clicar al seg\u00fcent enlla\u00e7:<\/p>\n<p style=\"font-weight: inherit; font-style: inherit; text-align: justify;\"><a style=\"font-weight: inherit; font-style: inherit;\" href=\"http:\/\/www.scribd.com\/doc\/189860739\/Blocs-Institut-Torre-Del-Palau-2013-2014\">Blogs Institut Torre del Palau curs 2013-2014<\/a><\/p>\n<p style=\"text-align: justify;\"><a style=\"font-weight: inherit; font-style: inherit;\" href=\"https:\/\/www.scribd.com\/doc\/247162668\/Llista-Blogs-ESO-2014-2015\">Blogs Institut Torre del Palau curs 2014-2015<\/a><\/p>\n<p style=\"text-align: justify;\"><a href=\"http:\/\/agora.xtec.cat\/iestorredelpalau\/estudis\/blogs-dalumnes-institut-torre-del-palau\/\">Blogs Institut Torre del Palau curs 2017-2018<\/a><\/p>\n","protected":false},"excerpt":{"rendered":"<p>Els blogs s\u00f3n una eina digital, comunicativa i gratu\u00efta que, aplicada al m\u00f3n de l\u2019ensenyament, permeten donar a con\u00e8ixer el que es fa de forma r\u00e0pida.<br \/>\nDes de fa uns quants anys, els blogs han format part del treball d\u2019algunes assignatures de l\u2019 institut. Potser ja&hellip;  <a href=\"https:\/\/agora.xtec.cat\/iestorredelpalau\/identitats\/blogsdelinstitut\/\" title=\"Read Blogs de L\u2019Institut\">Llegeix m\u00e9s\u00bb<\/a><\/p>\n","protected":false},"author":1,"featured_media":0,"parent":499,"menu_order":50,"comment_status":"closed","ping_status":"closed","template":"page-templates\/side-menu.php","meta":{"_bbp_topic_count":0,"_bbp_reply_count":0,"_bbp_total_topic_count":0,"_bbp_total_reply_count":0,"_bbp_voice_count":0,"_bbp_anonymous_reply_count":0,"_bbp_topic_count_hidden":0,"_bbp_reply_count_hidden":0,"_bbp_forum_subforum_count":0,"footnotes":""},"class_list":["post-46","page","type-page","status-publish","hentry"],"post_mailing_queue_ids":[],"_links":{"self":[{"href":"https:\/\/agora.xtec.cat\/iestorredelpalau\/wp-json\/wp\/v2\/pages\/46","targetHints":{"allow":["GET"]}}],"collection":[{"href":"https:\/\/agora.xtec.cat\/iestorredelpalau\/wp-json\/wp\/v2\/pages"}],"about":[{"href":"https:\/\/agora.xtec.cat\/iestorredelpalau\/wp-json\/wp\/v2\/types\/page"}],"author":[{"embeddable":true,"href":"https:\/\/agora.xtec.cat\/iestorredelpalau\/wp-json\/wp\/v2\/users\/1"}],"replies":[{"embeddable":true,"href":"https:\/\/agora.xtec.cat\/iestorredelpalau\/wp-json\/wp\/v2\/comments?post=46"}],"version-history":[{"count":3,"href":"https:\/\/agora.xtec.cat\/iestorredelpalau\/wp-json\/wp\/v2\/pages\/46\/revisions"}],"predecessor-version":[{"id":1889,"href":"https:\/\/agora.xtec.cat\/iestorredelpalau\/wp-json\/wp\/v2\/pages\/46\/revisions\/1889"}],"up":[{"embeddable":true,"href":"https:\/\/agora.xtec.cat\/iestorredelpalau\/wp-json\/wp\/v2\/pages\/499"}],"wp:attachment":[{"href":"https:\/\/agora.xtec.cat\/iestorredelpalau\/wp-json\/wp\/v2\/media?parent=46"}],"curies":[{"name":"wp","href":"https:\/\/api.w.org\/{rel}","templated":true}]}}