{"id":43,"date":"2014-09-17T16:45:07","date_gmt":"2014-09-17T16:45:07","guid":{"rendered":"http:\/\/agora.xtec.cat\/iestorredelpalau\/?page_id=43"},"modified":"2026-02-05T08:41:30","modified_gmt":"2026-02-05T07:41:30","slug":"identitat-digital","status":"publish","type":"page","link":"https:\/\/agora.xtec.cat\/iestorredelpalau\/identitats\/identitat-digital\/","title":{"rendered":"Identitat Digital"},"content":{"rendered":"<p id=\"yui_3_13_0_3_1441651284063_265\" style=\"text-align: justify;\">L\u2019institut est\u00e0 present a Internet des de fa m\u00e9s de 20 anys. Actualment el cercador Google localitza m\u00e9s de 300.000 resultats amb els noms \u201cIES Torre del Palau\u201d o b\u00e9 \u201cINS Torre del Palau\u201d. La consulta d\u2019aquestes webs demostra que les activitats educatives surten fora del centre i estan present en tot arreu en format digital. Des de fa m\u00e9s de 15 anys els projectes espec\u00edfics amb les Tecnologies de la Informaci\u00f3 i la Comunicaci\u00f3 (TIC) han fet augmentar la pres\u00e8ncia a la xarxa.<\/p>\n<p style=\"text-align: justify;\">La pol\u00edtica comunicativa t\u00e9 sempre en compte que els drets i la privacitat de les persones s\u2019han de prioritzar. L\u2019institut publica fotos, textos i creacions de l\u2019alumnat perqu\u00e8 al principi de curs les seves fam\u00edlies signen un document on estan d\u2019acord amb la seva difusi\u00f3. En tot cas, el centre evitar\u00e0 donar a con\u00e8ixer qualsevol informaci\u00f3 que vagi en contra de cap persona de la comunitat educativa.<\/p>\n<p style=\"text-align: justify;\">Alguns exemples de la pres\u00e8ncia digital de l\u2019institut Torre del Palau a Internet:<\/p>\n<p style=\"text-align: justify;\"><a href=\"http:\/\/www.facebook.com\/pages\/Institut-Torre-del-Palau\/208491829181348\"><span lang=\"ca-ES\">Facebook<\/span><\/a><\/p>\n<p style=\"text-align: justify;\"><a href=\"https:\/\/X.com\/Torredelpalau\"><span lang=\"ca-ES\">Xarxa X <\/span><\/a>(possibilitat de veure ver els darrers tuits publicats)<\/p>\n<p style=\"text-align: justify;\" align=\"LEFT\"><a href=\"http:\/\/www.youtube.com\/user\/iestorredelpalau2\"><span lang=\"ca-ES\">Youtube<\/span><\/a><\/p>\n<p lang=\"ca-ES\" style=\"text-align: justify;\" align=\"LEFT\"><a href=\"http:\/\/www.iestorredelpalau.cat\/centre\/revista\/revista.php\">QU\u00c8 PASSA!<\/a><span lang=\"ca-ES\">, (revista digital fins juny 2013)<\/span><\/p>\n<p lang=\"ca-ES\" align=\"LEFT\"><a href=\"https:\/\/heyzine.com\/flip-book\/922f4b01df.html\">SOM TORRE 6<\/a> (revista digital de centre)<\/p>\n<p style=\"text-align: justify;\" align=\"LEFT\"><a href=\"http:\/\/www.youtube.com\/watch?v=OWmA92Oprbk&amp;list=UUX04ra9AvEgd1ss18OiCNYw&amp;index=11\"><span lang=\"ca-ES\">Lipdub definitu <\/span><\/a><span lang=\"ca-ES\">(amb motiu del 25\u00e8 aniversari, curs 2012-2013)<\/span><\/p>\n","protected":false},"excerpt":{"rendered":"<p>L\u2019institut est\u00e0 present a Internet des de fa m\u00e9s de 20 anys. Actualment el cercador Google localitza m\u00e9s de 300.000 resultats amb els noms \u201cIES Torre del Palau\u201d o b\u00e9 \u201cINS Torre del Palau\u201d. La consulta d\u2019aquestes webs demostra que les activitats educatives surten fora&hellip;  <a href=\"https:\/\/agora.xtec.cat\/iestorredelpalau\/identitats\/identitat-digital\/\" title=\"Read Identitat Digital\">Llegeix m\u00e9s\u00bb<\/a><\/p>\n","protected":false},"author":1,"featured_media":0,"parent":499,"menu_order":40,"comment_status":"closed","ping_status":"closed","template":"page-templates\/side-menu.php","meta":{"_bbp_topic_count":0,"_bbp_reply_count":0,"_bbp_total_topic_count":0,"_bbp_total_reply_count":0,"_bbp_voice_count":0,"_bbp_anonymous_reply_count":0,"_bbp_topic_count_hidden":0,"_bbp_reply_count_hidden":0,"_bbp_forum_subforum_count":0,"footnotes":""},"class_list":["post-43","page","type-page","status-publish","hentry"],"post_mailing_queue_ids":[],"_links":{"self":[{"href":"https:\/\/agora.xtec.cat\/iestorredelpalau\/wp-json\/wp\/v2\/pages\/43","targetHints":{"allow":["GET"]}}],"collection":[{"href":"https:\/\/agora.xtec.cat\/iestorredelpalau\/wp-json\/wp\/v2\/pages"}],"about":[{"href":"https:\/\/agora.xtec.cat\/iestorredelpalau\/wp-json\/wp\/v2\/types\/page"}],"author":[{"embeddable":true,"href":"https:\/\/agora.xtec.cat\/iestorredelpalau\/wp-json\/wp\/v2\/users\/1"}],"replies":[{"embeddable":true,"href":"https:\/\/agora.xtec.cat\/iestorredelpalau\/wp-json\/wp\/v2\/comments?post=43"}],"version-history":[{"count":4,"href":"https:\/\/agora.xtec.cat\/iestorredelpalau\/wp-json\/wp\/v2\/pages\/43\/revisions"}],"predecessor-version":[{"id":10985,"href":"https:\/\/agora.xtec.cat\/iestorredelpalau\/wp-json\/wp\/v2\/pages\/43\/revisions\/10985"}],"up":[{"embeddable":true,"href":"https:\/\/agora.xtec.cat\/iestorredelpalau\/wp-json\/wp\/v2\/pages\/499"}],"wp:attachment":[{"href":"https:\/\/agora.xtec.cat\/iestorredelpalau\/wp-json\/wp\/v2\/media?parent=43"}],"curies":[{"name":"wp","href":"https:\/\/api.w.org\/{rel}","templated":true}]}}