{"id":39,"date":"2014-09-17T16:36:44","date_gmt":"2014-09-17T16:36:44","guid":{"rendered":"http:\/\/agora.xtec.cat\/iestorredelpalau\/?page_id=39"},"modified":"2026-02-05T08:25:16","modified_gmt":"2026-02-05T07:25:16","slug":"instal%c2%b7lacions","status":"publish","type":"page","link":"https:\/\/agora.xtec.cat\/iestorredelpalau\/identitats\/instal%c2%b7lacions\/","title":{"rendered":"Col\u00b7laboracions exteriors"},"content":{"rendered":"<p style=\"text-align: justify;\">L\u2019institut ha estat sempre un centre obert a l\u2019exterior, amb contactes continus amb entitats, institucions, universitats i experts, tant de forma presencial com a trav\u00e9s d\u2019Internet.<\/p>\n<p style=\"text-align: justify;\">El reconeixement p\u00fablic que t\u00e9 es deriva de la qualitat del treball que s\u2019intenta fer dia rere dia a les aules i de les col\u00b7laboracions externes. Avui les institucions educatives necessiten que la societat conegui el que es fa a dintre de cada edifici escolar, establir vincles externs, estar oberts a noves formes de fer i de treballar i aprendre dels judicis i investigacions que experts de diferents \u00e0mbits poden aportar.<\/p>\n<p style=\"text-align: justify;\">Enumerar aqu\u00ed totes, despr\u00e9s de tants anys, \u00e9s dif\u00edcil. No voldr\u00edem oblidar-nos de cap i, si ho fem, \u00e9s de manera involunt\u00e0ria:<\/p>\n<ul style=\"text-align: justify;\">\n<li style=\"font-weight: inherit; font-style: inherit;\">Departament d\u2019Ensenyament de la Generalitat de Catalunya.<\/li>\n<li style=\"font-weight: inherit; font-style: inherit;\">Ajuntament de Terrassa.\n<ul>\n<li style=\"font-weight: inherit; font-style: inherit;\">Educaci\u00f3.<\/li>\n<li style=\"font-weight: inherit; font-style: inherit;\">\u00c0rea d\u2019Innovaci\u00f3.<\/li>\n<li style=\"font-weight: inherit; font-style: inherit;\">\u00c0rea de Sistemes Inform\u00e0tics.<\/li>\n<li style=\"font-weight: inherit; font-style: inherit;\">Cultura (conveni amb ajuntament i Diputaci\u00f3 sobre teatre).<\/li>\n<li style=\"font-weight: inherit; font-style: inherit;\">Parc Audiovisual de Terrassa.<\/li>\n<\/ul>\n<\/li>\n<li style=\"font-weight: inherit; font-style: inherit;\">Club Nataci\u00f3 Terrassa.<\/li>\n<li style=\"font-weight: inherit; font-style: inherit;\">Club Ciclista ca n\u2019Anglada.<\/li>\n<li style=\"font-weight: inherit; font-style: inherit;\">Museu de la Ci\u00e8ncia i la T\u00e8cnica de Catalunya a Terrassa.<\/li>\n<li style=\"font-weight: inherit; font-style: inherit;\">Universitat Aut\u00f2noma de Barcelona:\n<ul>\n<li style=\"font-weight: inherit; font-style: inherit;\">Facultat de Ci\u00e8ncies de la Comunicaci\u00f3.<\/li>\n<li style=\"font-weight: inherit; font-style: inherit;\">Gabinete de Comunicaci\u00f3n y Educaci\u00f3n<\/li>\n<li style=\"font-weight: inherit; font-style: inherit;\">Grupo Did\u00e1ctica, Innovaci\u00f3n y Multimedia (DIM)<\/li>\n<\/ul>\n<\/li>\n<li style=\"font-weight: inherit; font-style: inherit;\">Universitat Polit\u00e8cnica de Catalunya a Terrassa.\n<ul style=\"text-align: justify;\">\n<li>Hackaton 2026<\/li>\n<\/ul>\n<\/li>\n<li style=\"font-weight: inherit; font-style: inherit;\">Universitat Pompeu Fabra.\n<ul>\n<li style=\"font-weight: inherit; font-style: inherit;\">Grup de Recerca de Daniel Cassany.<\/li>\n<\/ul>\n<\/li>\n<li style=\"font-weight: inherit; font-style: inherit;\">Universidad del Norte de Barranquilla, Col\u00f2mbia.<\/li>\n<li style=\"font-weight: inherit; font-style: inherit;\">Observatorio de Educaci\u00f3n del Caribe Colombiano.<\/li>\n<li style=\"font-weight: inherit; font-style: inherit;\">Diferents editorials de materials educatius.<\/li>\n<\/ul>\n<p style=\"text-align: justify;\">L\u2019institut agraeix tamb\u00e9 el treball dels professionals de la informaci\u00f3 que han donat a con\u00e8ixer el que es fa al centre i han ajudat a que la imatge de l\u2019institut a l\u2019exterior coincideixi amb la realitat interna del qu\u00e8 es fa a les aules.<\/p>\n<p style=\"text-align: justify;\">Autor: la direcci\u00f3 de l\u2019institut<\/p>\n","protected":false},"excerpt":{"rendered":"<p>L\u2019institut ha estat sempre un centre obert a l\u2019exterior, amb contactes continus amb entitats, institucions, universitats i experts, tant de forma presencial com a trav\u00e9s d\u2019Internet.<br \/>\nEl reconeixement p\u00fablic que t\u00e9 es deriva de la qualitat del treball que s\u2019intenta fer dia rere dia a les&hellip;  <a href=\"https:\/\/agora.xtec.cat\/iestorredelpalau\/identitats\/instal%c2%b7lacions\/\" title=\"Read Col\u00b7laboracions exteriors\">Llegeix m\u00e9s\u00bb<\/a><\/p>\n","protected":false},"author":1,"featured_media":0,"parent":499,"menu_order":30,"comment_status":"closed","ping_status":"closed","template":"page-templates\/side-menu.php","meta":{"_bbp_topic_count":0,"_bbp_reply_count":0,"_bbp_total_topic_count":0,"_bbp_total_reply_count":0,"_bbp_voice_count":0,"_bbp_anonymous_reply_count":0,"_bbp_topic_count_hidden":0,"_bbp_reply_count_hidden":0,"_bbp_forum_subforum_count":0,"footnotes":""},"class_list":["post-39","page","type-page","status-publish","hentry"],"post_mailing_queue_ids":[],"_links":{"self":[{"href":"https:\/\/agora.xtec.cat\/iestorredelpalau\/wp-json\/wp\/v2\/pages\/39","targetHints":{"allow":["GET"]}}],"collection":[{"href":"https:\/\/agora.xtec.cat\/iestorredelpalau\/wp-json\/wp\/v2\/pages"}],"about":[{"href":"https:\/\/agora.xtec.cat\/iestorredelpalau\/wp-json\/wp\/v2\/types\/page"}],"author":[{"embeddable":true,"href":"https:\/\/agora.xtec.cat\/iestorredelpalau\/wp-json\/wp\/v2\/users\/1"}],"replies":[{"embeddable":true,"href":"https:\/\/agora.xtec.cat\/iestorredelpalau\/wp-json\/wp\/v2\/comments?post=39"}],"version-history":[{"count":5,"href":"https:\/\/agora.xtec.cat\/iestorredelpalau\/wp-json\/wp\/v2\/pages\/39\/revisions"}],"predecessor-version":[{"id":10984,"href":"https:\/\/agora.xtec.cat\/iestorredelpalau\/wp-json\/wp\/v2\/pages\/39\/revisions\/10984"}],"up":[{"embeddable":true,"href":"https:\/\/agora.xtec.cat\/iestorredelpalau\/wp-json\/wp\/v2\/pages\/499"}],"wp:attachment":[{"href":"https:\/\/agora.xtec.cat\/iestorredelpalau\/wp-json\/wp\/v2\/media?parent=39"}],"curies":[{"name":"wp","href":"https:\/\/api.w.org\/{rel}","templated":true}]}}