{"id":11106,"date":"2026-04-14T11:35:13","date_gmt":"2026-04-14T09:35:13","guid":{"rendered":"https:\/\/agora.xtec.cat\/iestorredelpalau\/?page_id=11106"},"modified":"2026-04-14T12:05:04","modified_gmt":"2026-04-14T10:05:04","slug":"organigrama","status":"publish","type":"page","link":"https:\/\/agora.xtec.cat\/iestorredelpalau\/organigrama\/","title":{"rendered":"Organigrama"},"content":{"rendered":"<div style=\"max-width: 800px; margin: 0 auto;\">\n<div style=\"text-align: center; margin-bottom: 40px;\">\n<h1 style=\"color: #000000; margin-bottom: 10px;\"><\/h1>\n<\/div>\n<p><!-- SECCI\u00d3 DIRECCI\u00d3 --><\/p>\n<div style=\"margin-bottom: 30px;\">\n<h2 style=\"background-color: #2563eb; color: #ffffff; padding: 10px; border-radius: 5px; font-size: 1.2rem;\">Equip Directiu<\/h2>\n<table style=\"border-collapse: collapse;\" width=\"100%\" cellspacing=\"0\" cellpadding=\"10\">\n<tbody>\n<tr>\n<td style=\"border: 1px solid #dddddd; vertical-align: top; background-color: #f9f9f9;\" width=\"25%\"><strong style=\"font-size: 0.75rem; color: #2563eb; text-transform: uppercase;\">Directora<\/strong><br \/>\n<span style=\"font-weight: bold; font-size: 1.1rem;\">Blanca Jimenez<\/span><\/td>\n<td style=\"border: 1px solid #dddddd; vertical-align: top; background-color: #f9f9f9;\" width=\"25%\"><strong style=\"font-size: 0.75rem; color: #2563eb; text-transform: uppercase;\">Coord. Pedag\u00f2gica<\/strong><br \/>\n<span style=\"font-weight: bold; font-size: 1.1rem;\">Judith For\u00e9s<\/span><\/td>\n<td style=\"border: 1px solid #dddddd; vertical-align: top; background-color: #f9f9f9;\" width=\"25%\"><strong style=\"font-size: 0.75rem; color: #2563eb; text-transform: uppercase;\">Secretari<\/strong><br \/>\n<span style=\"font-weight: bold; font-size: 1.1rem;\">Fernando Hernandez<\/span><\/td>\n<td style=\"border: 1px solid #dddddd; vertical-align: top; background-color: #f9f9f9;\" width=\"25%\"><strong style=\"font-size: 0.75rem; color: #2563eb; text-transform: uppercase;\">Cap d&#8217;Estudis<\/strong><br \/>\n<span style=\"font-weight: bold;\">Conxita Belart<\/span><\/td>\n<\/tr>\n<\/tbody>\n<\/table>\n<\/div>\n<p><!-- COORDINACIONS GENERALS --><\/p>\n<div style=\"margin-bottom: 30px;\">\n<h2 style=\"background-color: #10b981; color: #ffffff; padding: 10px; border-radius: 5px; font-size: 1.2rem;\">Coordinacions Generals<\/h2>\n<table style=\"border-collapse: collapse; margin-bottom: 15px;\" width=\"100%\" cellspacing=\"0\" cellpadding=\"10\">\n<tbody>\n<tr>\n<td style=\"border: 1px solid #dddddd; vertical-align: top;\" width=\"33%\"><strong style=\"font-size: 0.7rem; color: #10b981; text-transform: uppercase;\">Prevenci\u00f3 de Riscos<\/strong><br \/>\nJos\u00e9 Manuel Alvarez<\/td>\n<td style=\"border: 1px solid #dddddd; vertical-align: top;\" width=\"33%\"><strong style=\"font-size: 0.7rem; color: #10b981; text-transform: uppercase;\">Disciplina<\/strong><br \/>\nMarina Villar<\/td>\n<\/tr>\n<tr>\n<td style=\"border: 1px solid #dddddd; vertical-align: top;\" width=\"33%\"><strong style=\"font-size: 0.5rem; color: #10b981; text-transform: uppercase;\">Sortides<\/strong><br \/>\nConxita Belart<br \/>\nManel Dom\u00ednguez<br \/>\nFernando Hernandez<\/td>\n<td style=\"border: 1px solid #dddddd; vertical-align: top;\" width=\"33%\"><strong style=\"font-size: 0.5rem; color: #10b981; text-transform: uppercase;\">Coordinador TAC<\/strong><br \/>\n<strong>Inform\u00e0tic:<\/strong> Josep Dalmau<\/td>\n<td style=\"border: 1px solid #dddddd; vertical-align: top;\" width=\"33%\"><strong style=\"font-size: 0.5rem; color: #10b981; text-transform: uppercase;\">Coordinador LIC<\/strong><br \/>\n<strong>LIC:<\/strong> Juan Antonio Poley<\/td>\n<\/tr>\n<\/tbody>\n<\/table>\n<h3 style=\"color: #666666; font-size: 0.9rem; text-transform: uppercase; border-bottom: 1px solid #eeeeee; padding-bottom: 5px;\">Coordinacions per Cursos<\/h3>\n<table width=\"100%\" cellspacing=\"5\" cellpadding=\"8\">\n<tbody>\n<tr>\n<td style=\"background-color: #ecfdf5; border: 1px solid #d1fae5; border-radius: 5px;\"><strong style=\"font-size: 0.7rem; color: #047857;\">1r ESO<\/strong><br \/>\nMaruxa Lopez<\/td>\n<td style=\"background-color: #ecfdf5; border: 1px solid #d1fae5; border-radius: 5px;\"><strong style=\"font-size: 0.7rem; color: #047857;\">2n ESO<\/strong><br \/>\nMontserrat Exp\u00f3sito<\/td>\n<td style=\"background-color: #ecfdf5; border: 1px solid #d1fae5; border-radius: 5px;\"><strong style=\"font-size: 0.7rem; color: #047857;\">3r ESO<\/strong><br \/>\nMarina Vill\u00e0<\/td>\n<\/tr>\n<tr>\n<td style=\"background-color: #ecfdf5; border: 1px solid #d1fae5; border-radius: 5px;\"><strong style=\"font-size: 0.7rem; color: #047857;\">4t ESO<\/strong><br \/>\nLuc\u00eda Nerv\u00f3n<\/td>\n<td style=\"background-color: #f0fdf4; border: 1px solid #dcfce7; border-radius: 5px;\"><strong style=\"font-size: 0.7rem; color: #166534;\">1r Batxillerat<\/strong><br \/>\nMaria Victoria Leal<\/td>\n<td style=\"background-color: #f0fdf4; border: 1px solid #dcfce7; border-radius: 5px;\"><strong style=\"font-size: 0.7rem; color: #166534;\">2n Batxillerat<\/strong><br \/>\nAlexandra Bonet<\/td>\n<\/tr>\n<\/tbody>\n<\/table>\n<\/div>\n<p><!-- CAPS DE DEPARTAMENT --><\/p>\n<div style=\"margin-bottom: 30px;\">\n<h2 style=\"background-color: #f59e0b; color: #ffffff; padding: 10px; border-radius: 5px; font-size: 1.2rem;\">Caps de Departament<\/h2>\n<div style=\"padding: 10px; border: 1px solid #fde68a; border-radius: 5px; line-height: 2;\"><span style=\"background: #fffbeb; padding: 4px 8px; border-radius: 4px; margin: 2px; border: 1px solid #fef3c7; display: inline-block;\">Conxita Belart<\/span><br \/>\n<span style=\"background: #fffbeb; padding: 4px 8px; border-radius: 4px; margin: 2px; border: 1px solid #fef3c7; display: inline-block;\">Elena Deitg<\/span><br \/>\n<span style=\"background: #fffbeb; padding: 4px 8px; border-radius: 4px; margin: 2px; border: 1px solid #fef3c7; display: inline-block;\">Maria Elvira Deitg<\/span><br \/>\n<span style=\"background: #fffbeb; padding: 4px 8px; border-radius: 4px; margin: 2px; border: 1px solid #fef3c7; display: inline-block;\">Maria Elena Gallart<\/span><br \/>\n<span style=\"background: #fffbeb; padding: 4px 8px; border-radius: 4px; margin: 2px; border: 1px solid #fef3c7; display: inline-block;\">Fernando Hernandez<\/span><br \/>\n<span style=\"background: #fffbeb; padding: 4px 8px; border-radius: 4px; margin: 2px; border: 1px solid #fef3c7; display: inline-block;\">S\u00edlvia Lopez<\/span><br \/>\n<span style=\"background: #fffbeb; padding: 4px 8px; border-radius: 4px; margin: 2px; border: 1px solid #fef3c7; display: inline-block;\">Anna Maria L\u00f3pez<\/span><br \/>\n<span style=\"background: #fffbeb; padding: 4px 8px; border-radius: 4px; margin: 2px; border: 1px solid #fef3c7; display: inline-block;\">Juana Manrubia<\/span><br \/>\n<span style=\"background: #fffbeb; padding: 4px 8px; border-radius: 4px; margin: 2px; border: 1px solid #fef3c7; display: inline-block;\">Rosa Maria Ponsarnau<\/span><br \/>\n<span style=\"background: #fffbeb; padding: 4px 8px; border-radius: 4px; margin: 2px; border: 1px solid #fef3c7; display: inline-block;\">Jose Manuel Ramirez<\/span><br \/>\n<span style=\"background: #fffbeb; padding: 4px 8px; border-radius: 4px; margin: 2px; border: 1px solid #fef3c7; display: inline-block;\">Yolanda Redondo<\/span><br \/>\n<span style=\"background: #fffbeb; padding: 4px 8px; border-radius: 4px; margin: 2px; border: 1px solid #fef3c7; display: inline-block;\">Francisca Rodriguez<\/span><\/div>\n<\/div>\n<p><!-- TUTORIES --><\/p>\n<div>\n<h2 style=\"background-color: #8b5cf6; color: #ffffff; padding: 10px; border-radius: 5px; font-size: 1.2rem;\">Equip de Tutors i Tutores<\/h2>\n<div style=\"padding: 20px; border: 1px solid #ddd6fe; border-radius: 10px; background-color: #ffffff;\">\n<table style=\"font-size: 0.85rem; color: #4b5563;\" width=\"100%\" cellpadding=\"5\">\n<tbody>\n<tr>\n<td style=\"border-left: 2px solid #ddd6fe;\">Ana Isabel Alonso<\/td>\n<td style=\"border-left: 2px solid #ddd6fe;\">Marc Barreras<\/td>\n<td style=\"border-left: 2px solid #ddd6fe;\">Alexandra Bonet<\/td>\n<\/tr>\n<tr>\n<td style=\"border-left: 2px solid #ddd6fe;\">Abel Brao<\/td>\n<td style=\"border-left: 2px solid #ddd6fe;\">Rosa Maria del Castillo<\/td>\n<td style=\"border-left: 2px solid #ddd6fe;\">Manel Dom\u00ednguez<\/td>\n<\/tr>\n<tr>\n<td style=\"border-left: 2px solid #ddd6fe;\">Sonia Dominguez<\/td>\n<td style=\"border-left: 2px solid #ddd6fe;\">Ana Esteve<\/td>\n<td style=\"border-left: 2px solid #ddd6fe;\">Susana Exposito<\/td>\n<\/tr>\n<tr>\n<td style=\"border-left: 2px solid #ddd6fe;\">Montserrat Exp\u00f3sito<\/td>\n<td style=\"border-left: 2px solid #ddd6fe;\">S\u00edlvia Fern\u00e1ndez<\/td>\n<td style=\"border-left: 2px solid #ddd6fe;\">Iolanda Garcia<\/td>\n<\/tr>\n<tr>\n<td style=\"border-left: 2px solid #ddd6fe;\">Pilar G\u00e1rgoles<\/td>\n<td style=\"border-left: 2px solid #ddd6fe;\">Sergi Gim\u00e9nez<\/td>\n<td style=\"border-left: 2px solid #ddd6fe;\">Laura Maria Gutierrez<\/td>\n<\/tr>\n<tr>\n<td style=\"border-left: 2px solid #ddd6fe;\">Salvador Jim\u00e9nez<\/td>\n<td style=\"border-left: 2px solid #ddd6fe;\">Marta Juli\u00e0<\/td>\n<td style=\"border-left: 2px solid #ddd6fe;\">Montserrat Laguarda<\/td>\n<\/tr>\n<tr>\n<td style=\"border-left: 2px solid #ddd6fe;\">Maria Victoria Leal<\/td>\n<td style=\"border-left: 2px solid #ddd6fe;\">Maruxa Lopez<\/td>\n<td style=\"border-left: 2px solid #ddd6fe;\">S\u00edlvia Lopez<\/td>\n<\/tr>\n<tr>\n<td style=\"border-left: 2px solid #ddd6fe;\">Domingo Javier Luengo<\/td>\n<td style=\"border-left: 2px solid #ddd6fe;\">Juana Manrubia<\/td>\n<td style=\"border-left: 2px solid #ddd6fe;\">Mireia Marzal<\/td>\n<\/tr>\n<tr>\n<td style=\"border-left: 2px solid #ddd6fe;\">Raquel Molina<\/td>\n<td style=\"border-left: 2px solid #ddd6fe;\">Marta Montes<\/td>\n<td style=\"border-left: 2px solid #ddd6fe;\">Luc\u00eda Nerv\u00f3n<\/td>\n<\/tr>\n<tr>\n<td style=\"border-left: 2px solid #ddd6fe;\">Juan Carlos Otero<\/td>\n<td style=\"border-left: 2px solid #ddd6fe;\">Juan Antonio Poley<\/td>\n<td style=\"border-left: 2px solid #ddd6fe;\">Ester Ram\u00f3n<\/td>\n<\/tr>\n<tr>\n<td style=\"border-left: 2px solid #ddd6fe;\">Laura Reinado<\/td>\n<td style=\"border-left: 2px solid #ddd6fe;\">Maria Inmaculada Ruiz<\/td>\n<td style=\"border-left: 2px solid #ddd6fe;\">Yenai Sanchez<\/td>\n<\/tr>\n<tr>\n<td style=\"border-left: 2px solid #ddd6fe;\">Maria Sans<\/td>\n<td style=\"border-left: 2px solid #ddd6fe;\">D\u00e8nia Serrano<\/td>\n<td style=\"border-left: 2px solid #ddd6fe;\">Diana Cosmina Stanciu<\/td>\n<\/tr>\n<tr>\n<td style=\"border-left: 2px solid #ddd6fe;\">N\u00e9stor \u00dabeda<\/td>\n<td style=\"border-left: 2px solid #ddd6fe;\">Anna Vidal<\/td>\n<td style=\"border-left: 2px solid #ddd6fe;\">Marina Vill\u00e0<\/td>\n<\/tr>\n<tr>\n<td style=\"border-left: 2px solid #ddd6fe;\">A\u00efda Vinyals<\/td>\n<td><\/td>\n<td><\/td>\n<\/tr>\n<\/tbody>\n<\/table>\n<\/div>\n<\/div>\n<\/div>\n<p>&nbsp;<\/p>\n","protected":false},"excerpt":{"rendered":"<p>Equip Directiu Directora Blanca Jimenez Coord. Pedag\u00f2gica Judith For\u00e9s Secretari Fernando Hernandez Cap d&#8217;Estudis Conxita Belart Coordinacions Generals Prevenci\u00f3 de Riscos Jos\u00e9 Manuel Alvarez Disciplina Marina Villar Sortides Conxita Belart Manel Dom\u00ednguez Fernando Hernandez Coordinador TAC Inform\u00e0tic: Josep Dalmau Coordinador LIC LIC: Juan Antonio Poley Coordinacions per Cursos 1r ESO Maruxa Lopez 2n ESO Montserrat [&hellip;]<\/p>\n","protected":false},"author":1,"featured_media":0,"parent":0,"menu_order":0,"comment_status":"closed","ping_status":"closed","template":"","meta":{"_bbp_topic_count":0,"_bbp_reply_count":0,"_bbp_total_topic_count":0,"_bbp_total_reply_count":0,"_bbp_voice_count":0,"_bbp_anonymous_reply_count":0,"_bbp_topic_count_hidden":0,"_bbp_reply_count_hidden":0,"_bbp_forum_subforum_count":0,"site-sidebar-layout":"default","site-content-layout":"","ast-site-content-layout":"default","site-content-style":"default","site-sidebar-style":"default","ast-global-header-display":"","ast-banner-title-visibility":"","ast-main-header-display":"","ast-hfb-above-header-display":"","ast-hfb-below-header-display":"","ast-hfb-mobile-header-display":"","site-post-title":"","ast-breadcrumbs-content":"","ast-featured-img":"","footer-sml-layout":"","theme-transparent-header-meta":"default","adv-header-id-meta":"","stick-header-meta":"","header-above-stick-meta":"","header-main-stick-meta":"","header-below-stick-meta":"","astra-migrate-meta-layouts":"set","ast-page-background-enabled":"default","ast-page-background-meta":{"desktop":{"background-color":"var(--ast-global-color-4)","background-image":"","background-repeat":"repeat","background-position":"center center","background-size":"auto","background-attachment":"scroll","background-type":"","background-media":"","overlay-type":"","overlay-color":"","overlay-opacity":"","overlay-gradient":""},"tablet":{"background-color":"","background-image":"","background-repeat":"repeat","background-position":"center center","background-size":"auto","background-attachment":"scroll","background-type":"","background-media":"","overlay-type":"","overlay-color":"","overlay-opacity":"","overlay-gradient":""},"mobile":{"background-color":"","background-image":"","background-repeat":"repeat","background-position":"center center","background-size":"auto","background-attachment":"scroll","background-type":"","background-media":"","overlay-type":"","overlay-color":"","overlay-opacity":"","overlay-gradient":""}},"ast-content-background-meta":{"desktop":{"background-color":"var(--ast-global-color-5)","background-image":"","background-repeat":"repeat","background-position":"center center","background-size":"auto","background-attachment":"scroll","background-type":"","background-media":"","overlay-type":"","overlay-color":"","overlay-opacity":"","overlay-gradient":""},"tablet":{"background-color":"var(--ast-global-color-5)","background-image":"","background-repeat":"repeat","background-position":"center center","background-size":"auto","background-attachment":"scroll","background-type":"","background-media":"","overlay-type":"","overlay-color":"","overlay-opacity":"","overlay-gradient":""},"mobile":{"background-color":"var(--ast-global-color-5)","background-image":"","background-repeat":"repeat","background-position":"center center","background-size":"auto","background-attachment":"scroll","background-type":"","background-media":"","overlay-type":"","overlay-color":"","overlay-opacity":"","overlay-gradient":""}},"footnotes":""},"class_list":["post-11106","page","type-page","status-publish","hentry"],"post_mailing_queue_ids":[],"_links":{"self":[{"href":"https:\/\/agora.xtec.cat\/iestorredelpalau\/wp-json\/wp\/v2\/pages\/11106","targetHints":{"allow":["GET"]}}],"collection":[{"href":"https:\/\/agora.xtec.cat\/iestorredelpalau\/wp-json\/wp\/v2\/pages"}],"about":[{"href":"https:\/\/agora.xtec.cat\/iestorredelpalau\/wp-json\/wp\/v2\/types\/page"}],"author":[{"embeddable":true,"href":"https:\/\/agora.xtec.cat\/iestorredelpalau\/wp-json\/wp\/v2\/users\/1"}],"replies":[{"embeddable":true,"href":"https:\/\/agora.xtec.cat\/iestorredelpalau\/wp-json\/wp\/v2\/comments?post=11106"}],"version-history":[{"count":6,"href":"https:\/\/agora.xtec.cat\/iestorredelpalau\/wp-json\/wp\/v2\/pages\/11106\/revisions"}],"predecessor-version":[{"id":11114,"href":"https:\/\/agora.xtec.cat\/iestorredelpalau\/wp-json\/wp\/v2\/pages\/11106\/revisions\/11114"}],"wp:attachment":[{"href":"https:\/\/agora.xtec.cat\/iestorredelpalau\/wp-json\/wp\/v2\/media?parent=11106"}],"curies":[{"name":"wp","href":"https:\/\/api.w.org\/{rel}","templated":true}]}}