{"id":10427,"date":"2025-05-13T08:01:07","date_gmt":"2025-05-13T06:01:07","guid":{"rendered":"https:\/\/agora.xtec.cat\/iestorredelpalau\/?page_id=10427"},"modified":"2025-07-18T12:42:15","modified_gmt":"2025-07-18T10:42:15","slug":"zona-afa","status":"publish","type":"page","link":"https:\/\/agora.xtec.cat\/iestorredelpalau\/zona-afa\/","title":{"rendered":"Zona AFA"},"content":{"rendered":"<p><em><strong>Recollida de dades de socis i s\u00f2cies de l&#8217;AFA &#8211; Curs 2025-26<\/strong><\/em><\/p>\n<p data-sourcepos=\"5:1-5:21\">Benvolgudes fam\u00edlies,<\/p>\n<p style=\"text-align: justify;\" data-sourcepos=\"7:1-7:181\">Des de l&#8217;Associaci\u00f3 de Fam\u00edlies d&#8217;Alumnes (AFA) de l&#8217;Institut Torre del Palau, volem actualitzar la nostra base de dades de socis i s\u00f2cies.<\/p>\n<p data-sourcepos=\"9:1-9:72\">Per aquest motiu, us demanem que empleneu el seg\u00fcent formulari en l\u00ednia:<\/p>\n<p><a href=\"https:\/\/forms.gle\/kpj8yLUv1ptdpPD88\">https:\/\/forms.gle\/kpj8yLUv1ptdpPD88<\/a><\/p>\n<p style=\"text-align: justify;\" data-sourcepos=\"13:1-13:246\">A trav\u00e9s d&#8217;aquest senzill formulari, podreu proporcionar-nos les vostres dades actualitzades, la qual cosa ens permetr\u00e0 mantenir-vos informats de totes les activitats, novetats i serveis que l&#8217;AFA organitza per a les nostres fam\u00edlies i alumnes.<\/p>\n<p style=\"text-align: justify;\" data-sourcepos=\"15:1-15:297\">Us recordem que la quota anual de soci\/s\u00f2cia per fam\u00edlia per al curs 2025-26 \u00e9s de <strong>20 euros<\/strong>. Per tal de formalitzar la vostra inscripci\u00f3 o renovaci\u00f3 com a soci\/s\u00f2cia, us demanem que <strong>adjunteu al final del formulari el document acreditatiu del pagament<\/strong> (transfer\u00e8ncia banc\u00e0ria, rebut, etc.).<\/p>\n<p style=\"text-align: justify;\" data-sourcepos=\"15:1-15:297\">Moltes gr\u00e0cies per la vostra col\u00b7laboraci\u00f3!<\/p>\n<p data-sourcepos=\"15:1-15:297\">Per qualsevol dubte us podeu posar en contacte amb nosaltres a trav\u00e9s del correu electr\u00f2nic: <em><a href=\"mailto:ampatorredelpalau@gmail.com\">ampatorredelpalau@gmail.com<\/a><\/em><\/p>\n<p>&nbsp;<\/p>\n","protected":false},"excerpt":{"rendered":"<p>Recollida de dades de socis i s\u00f2cies de l&#8217;AFA &#8211; Curs 2025-26 Benvolgudes fam\u00edlies, Des de l&#8217;Associaci\u00f3 de Fam\u00edlies d&#8217;Alumnes (AFA) de l&#8217;Institut Torre del Palau, volem actualitzar la nostra base de dades de socis i s\u00f2cies. Per aquest motiu, us demanem que empleneu el seg\u00fcent formulari en l\u00ednia: https:\/\/forms.gle\/kpj8yLUv1ptdpPD88 A trav\u00e9s d&#8217;aquest senzill formulari, [&hellip;]<\/p>\n","protected":false},"author":1,"featured_media":0,"parent":0,"menu_order":0,"comment_status":"closed","ping_status":"closed","template":"","meta":{"_bbp_topic_count":0,"_bbp_reply_count":0,"_bbp_total_topic_count":0,"_bbp_total_reply_count":0,"_bbp_voice_count":0,"_bbp_anonymous_reply_count":0,"_bbp_topic_count_hidden":0,"_bbp_reply_count_hidden":0,"_bbp_forum_subforum_count":0,"site-sidebar-layout":"default","site-content-layout":"","ast-site-content-layout":"","site-content-style":"default","site-sidebar-style":"default","ast-global-header-display":"","ast-banner-title-visibility":"","ast-main-header-display":"","ast-hfb-above-header-display":"","ast-hfb-below-header-display":"","ast-hfb-mobile-header-display":"","site-post-title":"","ast-breadcrumbs-content":"","ast-featured-img":"","footer-sml-layout":"","theme-transparent-header-meta":"","adv-header-id-meta":"","stick-header-meta":"","header-above-stick-meta":"","header-main-stick-meta":"","header-below-stick-meta":"","astra-migrate-meta-layouts":"default","ast-page-background-enabled":"default","ast-page-background-meta":{"desktop":{"background-color":"var(--ast-global-color-4)","background-image":"","background-repeat":"repeat","background-position":"center center","background-size":"auto","background-attachment":"scroll","background-type":"","background-media":"","overlay-type":"","overlay-color":"","overlay-opacity":"","overlay-gradient":""},"tablet":{"background-color":"","background-image":"","background-repeat":"repeat","background-position":"center center","background-size":"auto","background-attachment":"scroll","background-type":"","background-media":"","overlay-type":"","overlay-color":"","overlay-opacity":"","overlay-gradient":""},"mobile":{"background-color":"","background-image":"","background-repeat":"repeat","background-position":"center center","background-size":"auto","background-attachment":"scroll","background-type":"","background-media":"","overlay-type":"","overlay-color":"","overlay-opacity":"","overlay-gradient":""}},"ast-content-background-meta":{"desktop":{"background-color":"var(--ast-global-color-5)","background-image":"","background-repeat":"repeat","background-position":"center center","background-size":"auto","background-attachment":"scroll","background-type":"","background-media":"","overlay-type":"","overlay-color":"","overlay-opacity":"","overlay-gradient":""},"tablet":{"background-color":"var(--ast-global-color-5)","background-image":"","background-repeat":"repeat","background-position":"center center","background-size":"auto","background-attachment":"scroll","background-type":"","background-media":"","overlay-type":"","overlay-color":"","overlay-opacity":"","overlay-gradient":""},"mobile":{"background-color":"var(--ast-global-color-5)","background-image":"","background-repeat":"repeat","background-position":"center center","background-size":"auto","background-attachment":"scroll","background-type":"","background-media":"","overlay-type":"","overlay-color":"","overlay-opacity":"","overlay-gradient":""}},"footnotes":""},"class_list":["post-10427","page","type-page","status-publish","hentry"],"post_mailing_queue_ids":[],"_links":{"self":[{"href":"https:\/\/agora.xtec.cat\/iestorredelpalau\/wp-json\/wp\/v2\/pages\/10427","targetHints":{"allow":["GET"]}}],"collection":[{"href":"https:\/\/agora.xtec.cat\/iestorredelpalau\/wp-json\/wp\/v2\/pages"}],"about":[{"href":"https:\/\/agora.xtec.cat\/iestorredelpalau\/wp-json\/wp\/v2\/types\/page"}],"author":[{"embeddable":true,"href":"https:\/\/agora.xtec.cat\/iestorredelpalau\/wp-json\/wp\/v2\/users\/1"}],"replies":[{"embeddable":true,"href":"https:\/\/agora.xtec.cat\/iestorredelpalau\/wp-json\/wp\/v2\/comments?post=10427"}],"version-history":[{"count":3,"href":"https:\/\/agora.xtec.cat\/iestorredelpalau\/wp-json\/wp\/v2\/pages\/10427\/revisions"}],"predecessor-version":[{"id":10696,"href":"https:\/\/agora.xtec.cat\/iestorredelpalau\/wp-json\/wp\/v2\/pages\/10427\/revisions\/10696"}],"wp:attachment":[{"href":"https:\/\/agora.xtec.cat\/iestorredelpalau\/wp-json\/wp\/v2\/media?parent=10427"}],"curies":[{"name":"wp","href":"https:\/\/api.w.org\/{rel}","templated":true}]}}