{"id":817,"date":"2020-05-30T10:50:01","date_gmt":"2020-05-30T08:50:01","guid":{"rendered":"https:\/\/agora.xtec.cat\/iestona\/?page_id=817"},"modified":"2020-05-30T10:50:01","modified_gmt":"2020-05-30T08:50:01","slug":"serveis","status":"publish","type":"page","link":"https:\/\/agora.xtec.cat\/iestona\/serveis\/","title":{"rendered":"Serveis"},"content":{"rendered":"<p>Secci\u00f3 que ha d\u2019informar a les fam\u00edlies dels serveis que ofereix el centre. La missi\u00f3 educativa no es limita a l\u2019eix curricular, per aix\u00f2 \u00e9s imprescindible que aquest apartat del web estigui en un primer nivell de navegaci\u00f3. \u00c9s recomanable que s\u2019introdueixi informaci\u00f3 relacionada amb:<\/p>\n<ul>\n<li>serveis digitals (en cas que el centre\u00a0compti amb\u00a0serveis digitals en l\u00ednia com ara Moodle, blogs, tutoria o gesti\u00f3 acad\u00e8mica, aplicacions m\u00f2bils\u2026)<\/li>\n<li>el transport escolar<\/li>\n<li>el casal d\u2019estiu<\/li>\n<li>les activitats extraescolars<\/li>\n<\/ul>\n","protected":false},"excerpt":{"rendered":"<p>Secci\u00f3 que ha d\u2019informar a les fam\u00edlies dels serveis que ofereix el centre. La missi\u00f3 educativa no es limita a l\u2019eix curricular, per aix\u00f2 \u00e9s imprescindible que aquest apartat del web estigui en un primer nivell de navegaci\u00f3. \u00c9s recomanable que s\u2019introdueixi informaci\u00f3 relacionada amb:<\/p>\n<ul>\n<li>serveis&hellip;  <a href=\"https:\/\/agora.xtec.cat\/iestona\/serveis\/\" title=\"Read Serveis\">Llegeix m\u00e9s\u00bb<\/a><br \/>\n","protected":false},"author":1,"featured_media":0,"parent":0,"menu_order":0,"comment_status":"closed","ping_status":"closed","template":"page-templates\/side-menu.php","meta":{"_bbp_topic_count":0,"_bbp_reply_count":0,"_bbp_total_topic_count":0,"_bbp_total_reply_count":0,"_bbp_voice_count":0,"_bbp_anonymous_reply_count":0,"_bbp_topic_count_hidden":0,"_bbp_reply_count_hidden":0,"_bbp_forum_subforum_count":0,"footnotes":""},"class_list":["post-817","page","type-page","status-publish","hentry"],"post_mailing_queue_ids":[],"_links":{"self":[{"href":"https:\/\/agora.xtec.cat\/iestona\/wp-json\/wp\/v2\/pages\/817","targetHints":{"allow":["GET"]}}],"collection":[{"href":"https:\/\/agora.xtec.cat\/iestona\/wp-json\/wp\/v2\/pages"}],"about":[{"href":"https:\/\/agora.xtec.cat\/iestona\/wp-json\/wp\/v2\/types\/page"}],"author":[{"embeddable":true,"href":"https:\/\/agora.xtec.cat\/iestona\/wp-json\/wp\/v2\/users\/1"}],"replies":[{"embeddable":true,"href":"https:\/\/agora.xtec.cat\/iestona\/wp-json\/wp\/v2\/comments?post=817"}],"version-history":[{"count":1,"href":"https:\/\/agora.xtec.cat\/iestona\/wp-json\/wp\/v2\/pages\/817\/revisions"}],"predecessor-version":[{"id":818,"href":"https:\/\/agora.xtec.cat\/iestona\/wp-json\/wp\/v2\/pages\/817\/revisions\/818"}],"wp:attachment":[{"href":"https:\/\/agora.xtec.cat\/iestona\/wp-json\/wp\/v2\/media?parent=817"}],"curies":[{"name":"wp","href":"https:\/\/api.w.org\/{rel}","templated":true}]}}